
{"id":2542,"date":"2018-04-05T15:31:27","date_gmt":"2018-04-05T15:31:27","guid":{"rendered":"http:\/\/www.baque.com\/?page_id=2542"},"modified":"2018-04-05T15:32:00","modified_gmt":"2018-04-05T15:32:00","slug":"contact","status":"publish","type":"page","link":"https:\/\/www.baque.com\/en\/contact\/","title":{"rendered":"Contact"},"content":{"rendered":"<section  id='contacto' class='multicol'><div class='container'><br \/>\n\t<div class='col1'><img src='\/wp-content\/themes\/baque\/img\/images\/contacto-baque.jpg' class='bg withoutbgresp' alt='' \/><\/div><br \/>\n\t<div class='col4'><\/p>\n<h2>Contact us<\/h2>\n<p class=\"entradilla\">Should you have any query, please do not hesitate to write to us.<\/p>\n<p>\t\t\n\t<div id='form-loading' class='loading-hidden'><img src='https:\/\/www.baque.com\/wp-content\/themes\/baque\/img\/loading.gif'><\/div>\n\n\t<form method='post' id='formcontacto' class='formcontacto' action='#formcontacto'>\n        <input type=\"hidden\" name=\"recaptcha_response\" id=\"recaptchaResponse\">\n        <input class='form-text' type='text' id='nombre' name='firstname' placeholder='Name*' required\/>\n        \n        <input id='apellidos' class='form-text' type='text' name='lastname' placeholder='Lastname*' required\/>\n        \n        <input id='email' class='form-text' type='email' name='email' placeholder='E-mail*' required\/>\n        \n        <input id='telefono' class='form-text' type='tel' name='phone' placeholder='Telephone*' minlength='9' required\/>\n        \n        <input id='empresa' class='form-text' type='text' name='company' placeholder='Company'\/>\n        \n        <input id='ciudad' class='form-text' type='text' name='city' placeholder='City'\/><div class='form-select' id='consulta'>\n            <select name='subject'>\n                <option value='' disabled selected>Reason for the query<\/option>\n                <option value='Caf\u00e9'>Coffee<\/option>\n                <option value='Hosteler\u00eda'>Catering industry<\/option>\n                <option value='Empresa'>Company<\/option>\n                <option value='Compra online'>Buy online<\/option>\n                <option value='Patrocinio'>Sponsorship<\/option>\n\t\t\t\t<option value='Incidencia'>Incident<\/option>\n\t\t\t\t<option value='Promociones'>Promotions<\/option>\n            <\/select>\n        <\/div>\n        \n        <input id='local' class='form-text' type='text' name='localname' placeholder='Property name'\/>\n        \n        <textarea id='mensaje' class='form-area' name='comments' placeholder='How can we help you?' required><\/textarea>\n        \n        <div class='form-check'>\n            <input type='checkbox' id='aviso' name='legal' value='1' required>\n            <label for='aviso'>\n                <div><div><\/div><\/div>\n                <p>I read and I agree to the <a href='https:\/\/www.baque.com\/es\/aviso-legal\/' target='_blank'>legal terms<\/a>.<\/p>\n            <\/label>\n        <\/div>\n\n        <input type='hidden' name='form' value='contacto' \/>\n        \n        <input class='form-enviar' type='submit' id='sendform' name='sendform' value='Send' \/>\n        \n        <\/form>\n\n        <script>\n\t\t\tlet form = document.querySelector('#formcontacto');\n\t\t\tlet loading = document.querySelector('#form-loading');\n\n\t\t\tform.addEventListener('submit', function() {\n\t\t\t  form.classList.add('form-enviado');\n\t\t\t  loading.classList.add('form-loading');\n\t\t\t});\n\t\t<\/script>\n        <br \/>\n\t<\/div><br \/>\n<\/div><\/section>\n","protected":false},"excerpt":{"rendered":"","protected":false},"author":1,"featured_media":0,"parent":0,"menu_order":1020,"comment_status":"closed","ping_status":"closed","template":"","meta":{"_acf_changed":false,"footnotes":""},"class_list":["post-2542","page","type-page","status-publish","hentry"],"acf":[],"yoast_head":"<!-- This site is optimized with the Yoast SEO plugin v27.3 - https:\/\/yoast.com\/product\/yoast-seo-wordpress\/ -->\n<title>Contact details | Coffee distributor in Spain | Caf\u00e9s Baqu\u00e9<\/title>\n<meta name=\"description\" content=\"Write to us with any queries you may have. We are here to help you and offer you the best coffee and tea products on the market. We are producers and distributors of coffee in Spain.\" \/>\n<meta name=\"robots\" content=\"index, follow, max-snippet:-1, max-image-preview:large, max-video-preview:-1\" \/>\n<meta property=\"og:locale\" content=\"en_US\" \/>\n<meta property=\"og:type\" content=\"article\" \/>\n<meta property=\"og:title\" content=\"Contact details | Coffee distributor in Spain | Caf\u00e9s Baqu\u00e9\" \/>\n<meta property=\"og:description\" content=\"Write to us with any queries you may have. We are here to help you and offer you the best coffee and tea products on the market. We are producers and distributors of coffee in Spain.\" \/>\n<meta property=\"og:url\" content=\"https:\/\/www.baque.com\/en\/contact\/\" \/>\n<meta property=\"og:site_name\" content=\"Caf\u00e9s Baqu\u00e9\" \/>\n<meta property=\"article:modified_time\" content=\"2018-04-05T15:32:00+00:00\" \/>\n<meta name=\"twitter:card\" content=\"summary_large_image\" \/>\n<script type=\"application\/ld+json\" class=\"yoast-schema-graph\">{\"@context\":\"https:\\\/\\\/schema.org\",\"@graph\":[{\"@type\":\"WebPage\",\"@id\":\"https:\\\/\\\/www.baque.com\\\/en\\\/contact\\\/\",\"url\":\"https:\\\/\\\/www.baque.com\\\/en\\\/contact\\\/\",\"name\":\"Contact details | Coffee distributor in Spain | Caf\u00e9s Baqu\u00e9\",\"isPartOf\":{\"@id\":\"https:\\\/\\\/www.baque.com\\\/es\\\/#website\"},\"datePublished\":\"2018-04-05T15:31:27+00:00\",\"dateModified\":\"2018-04-05T15:32:00+00:00\",\"description\":\"Write to us with any queries you may have. We are here to help you and offer you the best coffee and tea products on the market. We are producers and distributors of coffee in Spain.\",\"breadcrumb\":{\"@id\":\"https:\\\/\\\/www.baque.com\\\/en\\\/contact\\\/#breadcrumb\"},\"inLanguage\":\"en-US\",\"potentialAction\":[{\"@type\":\"ReadAction\",\"target\":[\"https:\\\/\\\/www.baque.com\\\/en\\\/contact\\\/\"]}]},{\"@type\":\"BreadcrumbList\",\"@id\":\"https:\\\/\\\/www.baque.com\\\/en\\\/contact\\\/#breadcrumb\",\"itemListElement\":[{\"@type\":\"ListItem\",\"position\":1,\"name\":\"Portada\",\"item\":\"https:\\\/\\\/www.baque.com\\\/en\\\/\"},{\"@type\":\"ListItem\",\"position\":2,\"name\":\"Contact\"}]},{\"@type\":\"WebSite\",\"@id\":\"https:\\\/\\\/www.baque.com\\\/es\\\/#website\",\"url\":\"https:\\\/\\\/www.baque.com\\\/es\\\/\",\"name\":\"Caf\u00e9s Baqu\u00e9\",\"description\":\"Somos l\u00edderes en hosteler\u00eda en Pa\u00eds Vasco y La Rioja y una de las marcas m\u00e1s reconocidas en el mercado nacional. Somos una empresa familiar en constante innovaci\u00f3n en el producto. Tostamos y distribuimos caf\u00e9 molido, en grano y c\u00e1psulas para disfrutar en casa, en el bar y en la oficina.\",\"potentialAction\":[{\"@type\":\"SearchAction\",\"target\":{\"@type\":\"EntryPoint\",\"urlTemplate\":\"https:\\\/\\\/www.baque.com\\\/es\\\/?s={search_term_string}\"},\"query-input\":{\"@type\":\"PropertyValueSpecification\",\"valueRequired\":true,\"valueName\":\"search_term_string\"}}],\"inLanguage\":\"en-US\"}]}<\/script>\n<!-- \/ Yoast SEO plugin. -->","yoast_head_json":{"title":"Contact details | Coffee distributor in Spain | Caf\u00e9s Baqu\u00e9","description":"Write to us with any queries you may have. We are here to help you and offer you the best coffee and tea products on the market. We are producers and distributors of coffee in Spain.","robots":{"index":"index","follow":"follow","max-snippet":"max-snippet:-1","max-image-preview":"max-image-preview:large","max-video-preview":"max-video-preview:-1"},"og_locale":"en_US","og_type":"article","og_title":"Contact details | Coffee distributor in Spain | Caf\u00e9s Baqu\u00e9","og_description":"Write to us with any queries you may have. We are here to help you and offer you the best coffee and tea products on the market. We are producers and distributors of coffee in Spain.","og_url":"https:\/\/www.baque.com\/en\/contact\/","og_site_name":"Caf\u00e9s Baqu\u00e9","article_modified_time":"2018-04-05T15:32:00+00:00","twitter_card":"summary_large_image","schema":{"@context":"https:\/\/schema.org","@graph":[{"@type":"WebPage","@id":"https:\/\/www.baque.com\/en\/contact\/","url":"https:\/\/www.baque.com\/en\/contact\/","name":"Contact details | Coffee distributor in Spain | Caf\u00e9s Baqu\u00e9","isPartOf":{"@id":"https:\/\/www.baque.com\/es\/#website"},"datePublished":"2018-04-05T15:31:27+00:00","dateModified":"2018-04-05T15:32:00+00:00","description":"Write to us with any queries you may have. We are here to help you and offer you the best coffee and tea products on the market. We are producers and distributors of coffee in Spain.","breadcrumb":{"@id":"https:\/\/www.baque.com\/en\/contact\/#breadcrumb"},"inLanguage":"en-US","potentialAction":[{"@type":"ReadAction","target":["https:\/\/www.baque.com\/en\/contact\/"]}]},{"@type":"BreadcrumbList","@id":"https:\/\/www.baque.com\/en\/contact\/#breadcrumb","itemListElement":[{"@type":"ListItem","position":1,"name":"Portada","item":"https:\/\/www.baque.com\/en\/"},{"@type":"ListItem","position":2,"name":"Contact"}]},{"@type":"WebSite","@id":"https:\/\/www.baque.com\/es\/#website","url":"https:\/\/www.baque.com\/es\/","name":"Caf\u00e9s Baqu\u00e9","description":"Somos l\u00edderes en hosteler\u00eda en Pa\u00eds Vasco y La Rioja y una de las marcas m\u00e1s reconocidas en el mercado nacional. Somos una empresa familiar en constante innovaci\u00f3n en el producto. Tostamos y distribuimos caf\u00e9 molido, en grano y c\u00e1psulas para disfrutar en casa, en el bar y en la oficina.","potentialAction":[{"@type":"SearchAction","target":{"@type":"EntryPoint","urlTemplate":"https:\/\/www.baque.com\/es\/?s={search_term_string}"},"query-input":{"@type":"PropertyValueSpecification","valueRequired":true,"valueName":"search_term_string"}}],"inLanguage":"en-US"}]}},"_links":{"self":[{"href":"https:\/\/www.baque.com\/en\/wp-json\/wp\/v2\/pages\/2542","targetHints":{"allow":["GET"]}}],"collection":[{"href":"https:\/\/www.baque.com\/en\/wp-json\/wp\/v2\/pages"}],"about":[{"href":"https:\/\/www.baque.com\/en\/wp-json\/wp\/v2\/types\/page"}],"author":[{"embeddable":true,"href":"https:\/\/www.baque.com\/en\/wp-json\/wp\/v2\/users\/1"}],"replies":[{"embeddable":true,"href":"https:\/\/www.baque.com\/en\/wp-json\/wp\/v2\/comments?post=2542"}],"version-history":[{"count":0,"href":"https:\/\/www.baque.com\/en\/wp-json\/wp\/v2\/pages\/2542\/revisions"}],"wp:attachment":[{"href":"https:\/\/www.baque.com\/en\/wp-json\/wp\/v2\/media?parent=2542"}],"curies":[{"name":"wp","href":"https:\/\/api.w.org\/{rel}","templated":true}]}}