
{"id":2551,"date":"2018-04-05T15:55:43","date_gmt":"2018-04-05T15:55:43","guid":{"rendered":"http:\/\/www.baque.com\/?page_id=2551"},"modified":"2025-05-16T10:52:57","modified_gmt":"2025-05-16T08:52:57","slug":"nuestra-historia","status":"publish","type":"page","link":"https:\/\/www.baque.com\/en\/about-us\/nuestra-historia\/","title":{"rendered":"Our history"},"content":{"rendered":"<p><section  id='nuestra-historia' class='multicol'><div class='container'><br \/>\n<div class='col1'><img src='\/wp-content\/themes\/baque\/img\/images\/nuestra-historia.jpg' class='bg withoutbgresp' alt='' \/><\/div><\/p>\n<h2>A history full of flavour and day-to-day work.<\/h2>\n<p><div class='col2'>\n\t\t<p class='text-left'>145 people help deliver the quality of our coffee to more than 5,000 satisfied customers.<\/p>\n\t\t<img src='\/wp-content\/themes\/baque\/img\/images\/nuestra-historia-cafe.jpg' class='bg withoutbgresp' alt='' \/>\n\t<\/div><br \/>\n<div class='col3'><\/p>\n<h3>FROM THE BEGINNINGS IN BILBAO<\/h3>\n<p class=\"text-left\">At the beginning of the 20th century, Juan Baqu\u00e9 Fargas had a warehouse for colonial goods in the centre of Bilbao. At that time, they allowed him to manage and sell coffee.<\/p>\n<p class=\"text-left\">And from that moment onwards, the Baqu\u00e9 family began to establish a close relationship with coffee. Later, two of Juan Baqu\u00e9&#8217;s sons, Emilio and Francisco, became the managers of the business, creating the Juan Baqu\u00e9 Widow and Sons company.<\/p>\n<h3>TO THE OLD TOWN OF DURANGO<\/h3>\n<p class=\"text-left\">In the mid-20th century, the family moved the company to Durango, an up-and-coming town in Biscay that was undergoing rapid growth.<\/p>\n<p class=\"text-left\">In Pinondo, close to the current Gran Hotel Durango, they founded a files and rasps business, as well as a small <strong>plant for roasting and packaging chicory in Barrencalle<\/strong>.<\/p>\n<p class=\"text-left\">It was 1968 and Caf\u00e9s Baqu\u00e9 began to become a <strong>well-known brand in the coffee world<\/strong>.<\/p>\n<h3>TO THE OUTSKIRTS OF THE TOWN<\/h3>\n<p class=\"text-left\">In 1976, the biggest move of the company occurred when they moved to the site of where <strong>its <a href='https:\/\/www.baque.com\/en\/about-us\/where-to-find-us\/'>headquarters<\/a> are currently located<\/strong>. Caf\u00e9s Baqu\u00e9 would later be very well-connected thanks to the subsequent construction of the motorway between Bilbao and Behobia.<\/p>\n<h3>WE CONTINUED TO GROW<\/h3>\n<p class=\"text-left\">In 2005, Caf\u00e9s Baqu\u00e9 acquired the leading catering brand from La Rioja, Caf\u00e9s Greiba. Over the following years, the company continued to grow, incorporating <strong>new packaging and roasting machines<\/strong>, as well as new green coffee bean silos with greater capacity, opting for renewal and investment in order to continue growing.<\/p>\n<h3>&#8230;UNTIL TODAY<\/h3>\n<p class=\"text-left\">Today, Caf\u00e9s Baqu\u00e9 is a family-owned company that is professionally run and has a <strong>team of 145 people<\/strong>, who make it possible to reach the more than 5,000 customers.<\/p>\n<p><\/div><br \/>\n<\/div><\/section><br \/>\n<section  id='nuestra-historia-1' class='squares videophoto cols3 borderwhite borderwhitefooter'><br \/>\n<div  class='square nocontainer'>\n\t\t\t<img src='\/wp-content\/themes\/baque\/img\/images\/nuestra-historia-1.jpg' class='bg withoutbgresp' alt='' \/>\n\t\t\t\n\t\t\t<div class='container'>\n\t\t\t\t\n\t\t\t<\/div>\n\t\t<\/div><br \/>\n<div  class='square nocontainer'>\n\t\t\t<img src='\/wp-content\/themes\/baque\/img\/images\/nuestra-historia-2.jpg' class='bg withoutbgresp' alt='' \/>\n\t\t\t\n\t\t\t<div class='container'>\n\t\t\t\t\n\t\t\t<\/div>\n\t\t<\/div><br \/>\n<div  class='square nocontainer'>\n\t\t\t<img src='\/wp-content\/themes\/baque\/img\/images\/nuestra-historia-3.jpg' class='bg withoutbgresp' alt='' \/>\n\t\t\t\n\t\t\t<div class='container'>\n\t\t\t\t\n\t\t\t<\/div>\n\t\t<\/div><br \/>\n<div  class='square nocontainer'>\n\t\t\t<img src='\/wp-content\/themes\/baque\/img\/images\/nuestra-historia-4.jpg' class='bg withoutbgresp' alt='' \/>\n\t\t\t\n\t\t\t<div class='container'>\n\t\t\t\t\n\t\t\t<\/div>\n\t\t<\/div><br \/>\n<div  class='square nocontainer'>\n\t\t\t<img src='\/wp-content\/themes\/baque\/img\/images\/nuestra-historia-5.jpg' class='bg withoutbgresp' alt='' \/>\n\t\t\t\n\t\t\t<div class='container'>\n\t\t\t\t\n\t\t\t<\/div>\n\t\t<\/div><br \/>\n<div  class='square nocontainer'>\n\t\t\t<img src='\/wp-content\/themes\/baque\/img\/images\/nuestra-historia-6.jpg' class='bg withoutbgresp' alt='' \/>\n\t\t\t\n\t\t\t<div class='container'>\n\t\t\t\t\n\t\t\t<\/div>\n\t\t<\/div><br \/>\n<\/section><\/p>\n","protected":false},"excerpt":{"rendered":"","protected":false},"author":1,"featured_media":0,"parent":2545,"menu_order":10,"comment_status":"closed","ping_status":"closed","template":"","meta":{"_acf_changed":false,"footnotes":""},"class_list":["post-2551","page","type-page","status-publish","hentry"],"acf":[],"yoast_head":"<!-- This site is optimized with the Yoast SEO plugin v27.3 - https:\/\/yoast.com\/product\/yoast-seo-wordpress\/ -->\n<title>The history of Caf\u00e9s Baqu\u00e9 | Coffee distributors | Caf\u00e9s Baqu\u00e9<\/title>\n<meta name=\"description\" content=\"Find out about the history of Caf\u00e9s Baqu\u00e9. Working from the beginning of the 20th century to offer the best coffee. Today, 120 people help deliver the quality of our coffee to more than 5,000 satisfied customers.\" \/>\n<meta name=\"robots\" content=\"index, follow, max-snippet:-1, max-image-preview:large, max-video-preview:-1\" \/>\n<meta property=\"og:locale\" content=\"en_US\" \/>\n<meta property=\"og:type\" content=\"article\" \/>\n<meta property=\"og:title\" content=\"The history of Caf\u00e9s Baqu\u00e9 | Coffee distributors | Caf\u00e9s Baqu\u00e9\" \/>\n<meta property=\"og:description\" content=\"Find out about the history of Caf\u00e9s Baqu\u00e9. Working from the beginning of the 20th century to offer the best coffee. Today, 120 people help deliver the quality of our coffee to more than 5,000 satisfied customers.\" \/>\n<meta property=\"og:url\" content=\"https:\/\/www.baque.com\/en\/about-us\/nuestra-historia\/\" \/>\n<meta property=\"og:site_name\" content=\"Caf\u00e9s Baqu\u00e9\" \/>\n<meta property=\"article:modified_time\" content=\"2025-05-16T08:52:57+00:00\" \/>\n<meta name=\"twitter:card\" content=\"summary_large_image\" \/>\n<meta name=\"twitter:label1\" content=\"Est. reading time\" \/>\n\t<meta name=\"twitter:data1\" content=\"2 minutes\" \/>\n<script type=\"application\/ld+json\" class=\"yoast-schema-graph\">{\"@context\":\"https:\\\/\\\/schema.org\",\"@graph\":[{\"@type\":\"WebPage\",\"@id\":\"https:\\\/\\\/www.baque.com\\\/en\\\/about-us\\\/nuestra-historia\\\/\",\"url\":\"https:\\\/\\\/www.baque.com\\\/en\\\/about-us\\\/nuestra-historia\\\/\",\"name\":\"The history of Caf\u00e9s Baqu\u00e9 | Coffee distributors | Caf\u00e9s Baqu\u00e9\",\"isPartOf\":{\"@id\":\"https:\\\/\\\/www.baque.com\\\/es\\\/#website\"},\"datePublished\":\"2018-04-05T15:55:43+00:00\",\"dateModified\":\"2025-05-16T08:52:57+00:00\",\"description\":\"Find out about the history of Caf\u00e9s Baqu\u00e9. Working from the beginning of the 20th century to offer the best coffee. Today, 120 people help deliver the quality of our coffee to more than 5,000 satisfied customers.\",\"breadcrumb\":{\"@id\":\"https:\\\/\\\/www.baque.com\\\/en\\\/about-us\\\/nuestra-historia\\\/#breadcrumb\"},\"inLanguage\":\"en-US\",\"potentialAction\":[{\"@type\":\"ReadAction\",\"target\":[\"https:\\\/\\\/www.baque.com\\\/en\\\/about-us\\\/nuestra-historia\\\/\"]}]},{\"@type\":\"BreadcrumbList\",\"@id\":\"https:\\\/\\\/www.baque.com\\\/en\\\/about-us\\\/nuestra-historia\\\/#breadcrumb\",\"itemListElement\":[{\"@type\":\"ListItem\",\"position\":1,\"name\":\"Portada\",\"item\":\"https:\\\/\\\/www.baque.com\\\/en\\\/\"},{\"@type\":\"ListItem\",\"position\":2,\"name\":\"About us\",\"item\":\"https:\\\/\\\/www.baque.com\\\/en\\\/about-us\\\/\"},{\"@type\":\"ListItem\",\"position\":3,\"name\":\"Our history\"}]},{\"@type\":\"WebSite\",\"@id\":\"https:\\\/\\\/www.baque.com\\\/es\\\/#website\",\"url\":\"https:\\\/\\\/www.baque.com\\\/es\\\/\",\"name\":\"Caf\u00e9s Baqu\u00e9\",\"description\":\"Somos l\u00edderes en hosteler\u00eda en Pa\u00eds Vasco y La Rioja y una de las marcas m\u00e1s reconocidas en el mercado nacional. Somos una empresa familiar en constante innovaci\u00f3n en el producto. Tostamos y distribuimos caf\u00e9 molido, en grano y c\u00e1psulas para disfrutar en casa, en el bar y en la oficina.\",\"potentialAction\":[{\"@type\":\"SearchAction\",\"target\":{\"@type\":\"EntryPoint\",\"urlTemplate\":\"https:\\\/\\\/www.baque.com\\\/es\\\/?s={search_term_string}\"},\"query-input\":{\"@type\":\"PropertyValueSpecification\",\"valueRequired\":true,\"valueName\":\"search_term_string\"}}],\"inLanguage\":\"en-US\"}]}<\/script>\n<!-- \/ Yoast SEO plugin. -->","yoast_head_json":{"title":"The history of Caf\u00e9s Baqu\u00e9 | Coffee distributors | Caf\u00e9s Baqu\u00e9","description":"Find out about the history of Caf\u00e9s Baqu\u00e9. Working from the beginning of the 20th century to offer the best coffee. Today, 120 people help deliver the quality of our coffee to more than 5,000 satisfied customers.","robots":{"index":"index","follow":"follow","max-snippet":"max-snippet:-1","max-image-preview":"max-image-preview:large","max-video-preview":"max-video-preview:-1"},"og_locale":"en_US","og_type":"article","og_title":"The history of Caf\u00e9s Baqu\u00e9 | Coffee distributors | Caf\u00e9s Baqu\u00e9","og_description":"Find out about the history of Caf\u00e9s Baqu\u00e9. Working from the beginning of the 20th century to offer the best coffee. Today, 120 people help deliver the quality of our coffee to more than 5,000 satisfied customers.","og_url":"https:\/\/www.baque.com\/en\/about-us\/nuestra-historia\/","og_site_name":"Caf\u00e9s Baqu\u00e9","article_modified_time":"2025-05-16T08:52:57+00:00","twitter_card":"summary_large_image","twitter_misc":{"Est. reading time":"2 minutes"},"schema":{"@context":"https:\/\/schema.org","@graph":[{"@type":"WebPage","@id":"https:\/\/www.baque.com\/en\/about-us\/nuestra-historia\/","url":"https:\/\/www.baque.com\/en\/about-us\/nuestra-historia\/","name":"The history of Caf\u00e9s Baqu\u00e9 | Coffee distributors | Caf\u00e9s Baqu\u00e9","isPartOf":{"@id":"https:\/\/www.baque.com\/es\/#website"},"datePublished":"2018-04-05T15:55:43+00:00","dateModified":"2025-05-16T08:52:57+00:00","description":"Find out about the history of Caf\u00e9s Baqu\u00e9. Working from the beginning of the 20th century to offer the best coffee. Today, 120 people help deliver the quality of our coffee to more than 5,000 satisfied customers.","breadcrumb":{"@id":"https:\/\/www.baque.com\/en\/about-us\/nuestra-historia\/#breadcrumb"},"inLanguage":"en-US","potentialAction":[{"@type":"ReadAction","target":["https:\/\/www.baque.com\/en\/about-us\/nuestra-historia\/"]}]},{"@type":"BreadcrumbList","@id":"https:\/\/www.baque.com\/en\/about-us\/nuestra-historia\/#breadcrumb","itemListElement":[{"@type":"ListItem","position":1,"name":"Portada","item":"https:\/\/www.baque.com\/en\/"},{"@type":"ListItem","position":2,"name":"About us","item":"https:\/\/www.baque.com\/en\/about-us\/"},{"@type":"ListItem","position":3,"name":"Our history"}]},{"@type":"WebSite","@id":"https:\/\/www.baque.com\/es\/#website","url":"https:\/\/www.baque.com\/es\/","name":"Caf\u00e9s Baqu\u00e9","description":"Somos l\u00edderes en hosteler\u00eda en Pa\u00eds Vasco y La Rioja y una de las marcas m\u00e1s reconocidas en el mercado nacional. Somos una empresa familiar en constante innovaci\u00f3n en el producto. Tostamos y distribuimos caf\u00e9 molido, en grano y c\u00e1psulas para disfrutar en casa, en el bar y en la oficina.","potentialAction":[{"@type":"SearchAction","target":{"@type":"EntryPoint","urlTemplate":"https:\/\/www.baque.com\/es\/?s={search_term_string}"},"query-input":{"@type":"PropertyValueSpecification","valueRequired":true,"valueName":"search_term_string"}}],"inLanguage":"en-US"}]}},"_links":{"self":[{"href":"https:\/\/www.baque.com\/en\/wp-json\/wp\/v2\/pages\/2551","targetHints":{"allow":["GET"]}}],"collection":[{"href":"https:\/\/www.baque.com\/en\/wp-json\/wp\/v2\/pages"}],"about":[{"href":"https:\/\/www.baque.com\/en\/wp-json\/wp\/v2\/types\/page"}],"author":[{"embeddable":true,"href":"https:\/\/www.baque.com\/en\/wp-json\/wp\/v2\/users\/1"}],"replies":[{"embeddable":true,"href":"https:\/\/www.baque.com\/en\/wp-json\/wp\/v2\/comments?post=2551"}],"version-history":[{"count":2,"href":"https:\/\/www.baque.com\/en\/wp-json\/wp\/v2\/pages\/2551\/revisions"}],"predecessor-version":[{"id":3172777,"href":"https:\/\/www.baque.com\/en\/wp-json\/wp\/v2\/pages\/2551\/revisions\/3172777"}],"up":[{"embeddable":true,"href":"https:\/\/www.baque.com\/en\/wp-json\/wp\/v2\/pages\/2545"}],"wp:attachment":[{"href":"https:\/\/www.baque.com\/en\/wp-json\/wp\/v2\/media?parent=2551"}],"curies":[{"name":"wp","href":"https:\/\/api.w.org\/{rel}","templated":true}]}}