
{"id":2559,"date":"2018-04-05T16:19:37","date_gmt":"2018-04-05T16:19:37","guid":{"rendered":"http:\/\/www.baque.com\/?page_id=2559"},"modified":"2024-10-31T12:50:15","modified_gmt":"2024-10-31T11:50:15","slug":"sustainable-quality","status":"publish","type":"page","link":"https:\/\/www.baque.com\/en\/about-us\/sustainable-quality\/","title":{"rendered":"Sustainable quality"},"content":{"rendered":"<p><section  id='calidad-sostenible' class='multicol'><div class='container'><br \/>\n<div class='col1'><img src='\/wp-content\/themes\/baque\/img\/images\/calidad-sostenible-baque.jpg' class='bg withoutbgresp' alt='' \/><\/div><\/p>\n<h2>Working on promoting a culture of sustainability<\/h2>\n<p class=\"entradilla\">At Caf\u00e9s Baqu\u00e9, with the aim of improving our overall performance and establishing sustainable development actions, we have taken the strategic decision to implement an Integrated Management System that pursues the following objectives:<\/p>\n<div class='col4'>\n<ul>\n<li><strong>Promoting quality and food safety at Caf\u00e9s Baqu\u00e9<\/strong> through the implementation, maintenance and improvement of the food safety system, meeting society&#8217;s expectations in terms of product and service quality, transparency and responsibility.<\/li>\n<li><strong>Achieving continuous environmental improvement<\/strong>, going beyond environmental legislation, is one of our challenges for which, on an annual basis, we will define and review environmental objectives, goals and programmes to reduce the main aspects. To do so, we will conduct our activity from a perspective of <strong>environmental protection<\/strong>, promoting a culture of sustainability among our staff and trying to encourage our suppliers to use resources properly and prevent any type of contamination or impairment of ecosystems.<\/li>\n<li>With the aim of continuing to guarantee our customers&#8217; satisfaction in the future, and of taking responsibility in terms of our surroundings, we are looking to create a fair and sustained economic development, thus generating <strong>development opportunities in the community<\/strong>.<\/li>\n<\/ul>\n<p class=\"text-left\">In pursuing these objectives and, in particular, since gaining the certification in ISO 9001 systems in 2001 and the certification in the ISO 14001 system in 2011, significant improvement has been achieved in a number of areas:<\/p>\n<p><\/div><br \/>\n<\/div><\/section><br \/>\n<div class='separator height50' ><\/div><br \/>\n<section  id='calidad-sostenible-1-1' class='multicol'><div class='container'><\/p>\n<div class=\"col1\">\n<div><img decoding=\"async\" src=\"\/wp-content\/themes\/baque\/img\/images\/calidad-sostenible-a.jpg\" alt=\"\" \/><\/div>\n<div><img decoding=\"async\" src=\"\/wp-content\/themes\/baque\/img\/images\/calidad-sostenible-b.jpg\" alt=\"\" \/><\/div>\n<\/div>\n<div class='col4'>\n<ul class=\"boxes bar\">\n<li>Continuous improvement of our processes and products.<\/li>\n<li>Automation of many of our processes.<\/li>\n<li>Reduction in fuel consumption of our fleet.<\/li>\n<\/ul>\n<ul class=\"boxes\">\n<li>Reduction in packaging materials per ton of production.<\/li>\n<li>Reduction in energy consumption at our facilities.<\/li>\n<li>Recovery of more than 80% of our waste.<\/li>\n<\/ul>\n<p><\/div><br \/>\n<\/div><\/section><br \/>\n<section  id='calidad-sostenible-1' class='multicol'><div class='container'><br \/>\n<div class='separator height100' ><\/div><br \/>\n<div class='separator height50 bar' ><\/div><br \/>\n<div class='col5'><\/p>\n<h2>FIND OUT MORE ABOUT OUR QUALITY AND ENVIRONMENTAL POLICIES:<\/h2>\n<p class=\"text-left\">Pursuant to the needs of an increasingly competitive market and an ever more vulnerable environment, CAF\u00c9S BAQU\u00c9, S.L.U. has put in place a Quality and Environmental Management System that complies with the requirements of the ISO 9001 and ISO 14001 International Standards. The aim of the implementation, maintenance and enhancement of our food safety system is to ensure the utmost hygiene and cleanliness of the operations undertaken by CAF\u00c9S BAQU\u00c9 S.L.U.<\/p>\n<p class=\"text-left\">The Company\u2019s General Management expressly states its fundamental pledge to nurture Quality, the protection of the Environment and food safety at CAF\u00c9S BAQU\u00c9 S.L.U. (through the implementation, observance and monitoring of Hazard Analysis and Critical Control Points \u2013 HACCP, and ISO 9001 and 14001), with a view to complying with the following policy:<\/p>\n<p class=\"text-left\">The overriding aim is the Satisfaction of stakeholders and the provision of a quality product that is safe for both consumers and the environment.<\/p>\n<p class=\"text-left\">Management undertakes to protect the environment, including the prevention of pollution and the sustainable use of resources throughout our products\u2019 life cycles.<\/p>\n<p class=\"text-left\">Management will foster the necessary improvements for meeting these goals and will promote both the application of this approach to processes and a risk-based perspective.<\/p>\n<p class=\"text-left\">Quality, food safety and environmental protection can only be understood in terms of full and ongoing compliance with requirements, including those of a legal and regulatory nature, and other specific commitments according to each context.<\/p>\n<p class=\"text-left\">Quality, food safety, and environmental management are susceptible to continuous improvement. Faults should be used to learn, removing their sources or the circumstances causing them.<\/p>\n<p class=\"text-left\">The entire workforce should embrace the commitment to improve Quality, food safety and environmental performance within the scope of their duties.<\/p>\n<p><\/div><br \/>\n<div class='col5'><\/p>\n<div><img decoding=\"async\" class=\"bg withoutbgresp\" src=\"\/wp-content\/themes\/baque\/img\/images\/calidad-sostenible-politicas.jpg\" alt=\"\" \/><\/div>\n<div class='separator height25' ><\/div>\n<p class=\"text-left\">General Management pledges to ensure its Policy on Quality and the Environment is disclosed to and accepted by the entire workforce, guaranteeing the efficiency and suitability of the Company\u2019s Integrated Management System by holding internal audits.<\/p>\n<div class='separator height25 bar' ><\/div>\n<p class=\"text-left\">\n<p><\/div><br \/>\n<\/div><\/section><br \/>\n<section  id='calidad-sostenible-1' class='squares videophoto cols3 borderwhite borderwhitefooter'><br \/>\n<div  class='square nocontainer'>\n\t\t\t<img src='\/wp-content\/themes\/baque\/img\/images\/calidad-sostenible-1.jpg' class='bg withoutbgresp' alt='' \/>\n\t\t\t\n\t\t\t<div class='container'>\n\t\t\t\t\n\t\t\t<\/div>\n\t\t<\/div><br \/>\n<div  class='square nocontainer'>\n\t\t\t<img src='\/wp-content\/themes\/baque\/img\/images\/calidad-sostenible-2.jpg' class='bg withoutbgresp' alt='' \/>\n\t\t\t\n\t\t\t<div class='container'>\n\t\t\t\t\n\t\t\t<\/div>\n\t\t<\/div><br \/>\n<div  class='square nocontainer'>\n\t\t\t<img src='\/wp-content\/themes\/baque\/img\/images\/calidad-sostenible-3.jpg' class='bg withoutbgresp' alt='' \/>\n\t\t\t\n\t\t\t<div class='container'>\n\t\t\t\t\n\t\t\t<\/div>\n\t\t<\/div><br \/>\n<\/section><\/p>\n","protected":false},"excerpt":{"rendered":"","protected":false},"author":1,"featured_media":0,"parent":2545,"menu_order":40,"comment_status":"closed","ping_status":"closed","template":"","meta":{"_acf_changed":false,"footnotes":""},"class_list":["post-2559","page","type-page","status-publish","hentry"],"acf":[],"yoast_head":"<!-- This site is optimized with the Yoast SEO plugin v27.3 - https:\/\/yoast.com\/product\/yoast-seo-wordpress\/ -->\n<title>Sustainable quality | About us | Caf\u00e9s Baqu\u00e9<\/title>\n<meta name=\"description\" content=\"At Caf\u00e9s Baqu\u00e9, with the aim of improving our overall performance and establishing sustainable development actions, we have taken the strategic decision to implement an Integrated Management System to promote a culture of sustainability.\" \/>\n<meta name=\"robots\" content=\"index, follow, max-snippet:-1, max-image-preview:large, max-video-preview:-1\" \/>\n<meta property=\"og:locale\" content=\"en_US\" \/>\n<meta property=\"og:type\" content=\"article\" \/>\n<meta property=\"og:title\" content=\"Sustainable quality | About us | Caf\u00e9s Baqu\u00e9\" \/>\n<meta property=\"og:description\" content=\"At Caf\u00e9s Baqu\u00e9, with the aim of improving our overall performance and establishing sustainable development actions, we have taken the strategic decision to implement an Integrated Management System to promote a culture of sustainability.\" \/>\n<meta property=\"og:url\" content=\"https:\/\/www.baque.com\/en\/about-us\/sustainable-quality\/\" \/>\n<meta property=\"og:site_name\" content=\"Caf\u00e9s Baqu\u00e9\" \/>\n<meta property=\"article:modified_time\" content=\"2024-10-31T11:50:15+00:00\" \/>\n<meta name=\"twitter:card\" content=\"summary_large_image\" \/>\n<meta name=\"twitter:label1\" content=\"Est. reading time\" \/>\n\t<meta name=\"twitter:data1\" content=\"4 minutes\" \/>\n<script type=\"application\/ld+json\" class=\"yoast-schema-graph\">{\"@context\":\"https:\\\/\\\/schema.org\",\"@graph\":[{\"@type\":\"WebPage\",\"@id\":\"https:\\\/\\\/www.baque.com\\\/en\\\/about-us\\\/sustainable-quality\\\/\",\"url\":\"https:\\\/\\\/www.baque.com\\\/en\\\/about-us\\\/sustainable-quality\\\/\",\"name\":\"Sustainable quality | About us | Caf\u00e9s Baqu\u00e9\",\"isPartOf\":{\"@id\":\"https:\\\/\\\/www.baque.com\\\/es\\\/#website\"},\"datePublished\":\"2018-04-05T16:19:37+00:00\",\"dateModified\":\"2024-10-31T11:50:15+00:00\",\"description\":\"At Caf\u00e9s Baqu\u00e9, with the aim of improving our overall performance and establishing sustainable development actions, we have taken the strategic decision to implement an Integrated Management System to promote a culture of sustainability.\",\"breadcrumb\":{\"@id\":\"https:\\\/\\\/www.baque.com\\\/en\\\/about-us\\\/sustainable-quality\\\/#breadcrumb\"},\"inLanguage\":\"en-US\",\"potentialAction\":[{\"@type\":\"ReadAction\",\"target\":[\"https:\\\/\\\/www.baque.com\\\/en\\\/about-us\\\/sustainable-quality\\\/\"]}]},{\"@type\":\"BreadcrumbList\",\"@id\":\"https:\\\/\\\/www.baque.com\\\/en\\\/about-us\\\/sustainable-quality\\\/#breadcrumb\",\"itemListElement\":[{\"@type\":\"ListItem\",\"position\":1,\"name\":\"Portada\",\"item\":\"https:\\\/\\\/www.baque.com\\\/en\\\/\"},{\"@type\":\"ListItem\",\"position\":2,\"name\":\"About us\",\"item\":\"https:\\\/\\\/www.baque.com\\\/en\\\/about-us\\\/\"},{\"@type\":\"ListItem\",\"position\":3,\"name\":\"Sustainable quality\"}]},{\"@type\":\"WebSite\",\"@id\":\"https:\\\/\\\/www.baque.com\\\/es\\\/#website\",\"url\":\"https:\\\/\\\/www.baque.com\\\/es\\\/\",\"name\":\"Caf\u00e9s Baqu\u00e9\",\"description\":\"Somos l\u00edderes en hosteler\u00eda en Pa\u00eds Vasco y La Rioja y una de las marcas m\u00e1s reconocidas en el mercado nacional. Somos una empresa familiar en constante innovaci\u00f3n en el producto. Tostamos y distribuimos caf\u00e9 molido, en grano y c\u00e1psulas para disfrutar en casa, en el bar y en la oficina.\",\"potentialAction\":[{\"@type\":\"SearchAction\",\"target\":{\"@type\":\"EntryPoint\",\"urlTemplate\":\"https:\\\/\\\/www.baque.com\\\/es\\\/?s={search_term_string}\"},\"query-input\":{\"@type\":\"PropertyValueSpecification\",\"valueRequired\":true,\"valueName\":\"search_term_string\"}}],\"inLanguage\":\"en-US\"}]}<\/script>\n<!-- \/ Yoast SEO plugin. -->","yoast_head_json":{"title":"Sustainable quality | About us | Caf\u00e9s Baqu\u00e9","description":"At Caf\u00e9s Baqu\u00e9, with the aim of improving our overall performance and establishing sustainable development actions, we have taken the strategic decision to implement an Integrated Management System to promote a culture of sustainability.","robots":{"index":"index","follow":"follow","max-snippet":"max-snippet:-1","max-image-preview":"max-image-preview:large","max-video-preview":"max-video-preview:-1"},"og_locale":"en_US","og_type":"article","og_title":"Sustainable quality | About us | Caf\u00e9s Baqu\u00e9","og_description":"At Caf\u00e9s Baqu\u00e9, with the aim of improving our overall performance and establishing sustainable development actions, we have taken the strategic decision to implement an Integrated Management System to promote a culture of sustainability.","og_url":"https:\/\/www.baque.com\/en\/about-us\/sustainable-quality\/","og_site_name":"Caf\u00e9s Baqu\u00e9","article_modified_time":"2024-10-31T11:50:15+00:00","twitter_card":"summary_large_image","twitter_misc":{"Est. reading time":"4 minutes"},"schema":{"@context":"https:\/\/schema.org","@graph":[{"@type":"WebPage","@id":"https:\/\/www.baque.com\/en\/about-us\/sustainable-quality\/","url":"https:\/\/www.baque.com\/en\/about-us\/sustainable-quality\/","name":"Sustainable quality | About us | Caf\u00e9s Baqu\u00e9","isPartOf":{"@id":"https:\/\/www.baque.com\/es\/#website"},"datePublished":"2018-04-05T16:19:37+00:00","dateModified":"2024-10-31T11:50:15+00:00","description":"At Caf\u00e9s Baqu\u00e9, with the aim of improving our overall performance and establishing sustainable development actions, we have taken the strategic decision to implement an Integrated Management System to promote a culture of sustainability.","breadcrumb":{"@id":"https:\/\/www.baque.com\/en\/about-us\/sustainable-quality\/#breadcrumb"},"inLanguage":"en-US","potentialAction":[{"@type":"ReadAction","target":["https:\/\/www.baque.com\/en\/about-us\/sustainable-quality\/"]}]},{"@type":"BreadcrumbList","@id":"https:\/\/www.baque.com\/en\/about-us\/sustainable-quality\/#breadcrumb","itemListElement":[{"@type":"ListItem","position":1,"name":"Portada","item":"https:\/\/www.baque.com\/en\/"},{"@type":"ListItem","position":2,"name":"About us","item":"https:\/\/www.baque.com\/en\/about-us\/"},{"@type":"ListItem","position":3,"name":"Sustainable quality"}]},{"@type":"WebSite","@id":"https:\/\/www.baque.com\/es\/#website","url":"https:\/\/www.baque.com\/es\/","name":"Caf\u00e9s Baqu\u00e9","description":"Somos l\u00edderes en hosteler\u00eda en Pa\u00eds Vasco y La Rioja y una de las marcas m\u00e1s reconocidas en el mercado nacional. Somos una empresa familiar en constante innovaci\u00f3n en el producto. Tostamos y distribuimos caf\u00e9 molido, en grano y c\u00e1psulas para disfrutar en casa, en el bar y en la oficina.","potentialAction":[{"@type":"SearchAction","target":{"@type":"EntryPoint","urlTemplate":"https:\/\/www.baque.com\/es\/?s={search_term_string}"},"query-input":{"@type":"PropertyValueSpecification","valueRequired":true,"valueName":"search_term_string"}}],"inLanguage":"en-US"}]}},"_links":{"self":[{"href":"https:\/\/www.baque.com\/en\/wp-json\/wp\/v2\/pages\/2559","targetHints":{"allow":["GET"]}}],"collection":[{"href":"https:\/\/www.baque.com\/en\/wp-json\/wp\/v2\/pages"}],"about":[{"href":"https:\/\/www.baque.com\/en\/wp-json\/wp\/v2\/types\/page"}],"author":[{"embeddable":true,"href":"https:\/\/www.baque.com\/en\/wp-json\/wp\/v2\/users\/1"}],"replies":[{"embeddable":true,"href":"https:\/\/www.baque.com\/en\/wp-json\/wp\/v2\/comments?post=2559"}],"version-history":[{"count":3,"href":"https:\/\/www.baque.com\/en\/wp-json\/wp\/v2\/pages\/2559\/revisions"}],"predecessor-version":[{"id":2641611,"href":"https:\/\/www.baque.com\/en\/wp-json\/wp\/v2\/pages\/2559\/revisions\/2641611"}],"up":[{"embeddable":true,"href":"https:\/\/www.baque.com\/en\/wp-json\/wp\/v2\/pages\/2545"}],"wp:attachment":[{"href":"https:\/\/www.baque.com\/en\/wp-json\/wp\/v2\/media?parent=2559"}],"curies":[{"name":"wp","href":"https:\/\/api.w.org\/{rel}","templated":true}]}}