
{"id":2564,"date":"2018-04-05T16:28:09","date_gmt":"2018-04-05T16:28:09","guid":{"rendered":"http:\/\/www.baque.com\/?page_id=2564"},"modified":"2018-04-05T16:28:09","modified_gmt":"2018-04-05T16:28:09","slug":"coffee-experts","status":"publish","type":"page","link":"https:\/\/www.baque.com\/en\/coffee-experts\/","title":{"rendered":"Coffee experts"},"content":{"rendered":"<section  id='especialistas-en-cafe' class='introtext'><div class='container'>\n<h2>We are experts at making good coffee.<\/h2>\n<p class=\"text-center\">We select it, take care of it, roast it and deliver it to our customers.<\/p>\n<p><\/div><\/section><br \/>\n<section  id='especialistas-en-cafe-1' class='videophoto expand'><img src='\/wp-content\/themes\/baque\/img\/images\/expertos-cafeteros.jpg' class='bg' alt='' \/><img src='\/wp-content\/themes\/baque\/img\/images\/expertos-cafeteros_resp.jpg' class='bgresp' alt='' \/><div class='shadow bg-brown'><\/div><div class='container'><h2 class='likeh1'>EXPERT COFFEE<br\/>PRODUCERS<\/h2><h3 class='likeh2'>A PASSION THAT IS<BR\/>RENEWED EVERY DAY.<\/h3><a href='https:\/\/www.baque.com\/en\/coffee-experts\/expert-coffee-producers\/' class='button  white'>FIND OUT MORE<\/a><\/div><\/section><section  id='especialistas-en-cafe-2' class='videophoto expand'><img src='\/wp-content\/themes\/baque\/img\/images\/especialistas-escuela-de-cafe.jpg' class='bg' alt='' \/><img src='\/wp-content\/themes\/baque\/img\/images\/especialistas-escuela-de-cafe_resp.jpg' class='bgresp' alt='' \/><div class='shadow bg-brown'><\/div><div class='container'><h2 class='likeh1'>COFFEE<br\/>SCHOOL<\/h2><h3 class='likeh2'>OUR COMMITMENT<br\/>TO PROMOTING THE<br\/>CULTURE OF COFFEE.<\/h3><a href='https:\/\/www.baque.com\/en\/coffee-experts\/coffee-school\/' class='button  white'>ABOUT OUR SCHOOL<\/a><\/div><\/section><section  id='' class='videophoto expand'><img src='\/wp-content\/uploads\/2019\/08\/baque-experience-portada.jpg' class='bg' alt='' \/><img src='\/wp-content\/uploads\/2019\/08\/baque-experience-portada-resp.jpg' class='bgresp' alt='' \/><div class='shadow bg-grey'><\/div><div class='container'><h2 class='likeh1'>BAQU\u00c9<br\/>EXPERIENCE<\/h2><h3 class='likeh2'>Hold your events in Madrid<br\/>in a venue that is truly one of a kind.<\/h3><a href='https:\/\/www.baque.com\/en\/coffee-experts\/baque-experience\/' class='button  white'>MORE INFORMATION<\/a><\/div><\/section><\/p>\n","protected":false},"excerpt":{"rendered":"","protected":false},"author":1,"featured_media":0,"parent":0,"menu_order":20,"comment_status":"closed","ping_status":"closed","template":"","meta":{"_acf_changed":false,"footnotes":""},"class_list":["post-2564","page","type-page","status-publish","hentry"],"acf":[],"yoast_head":"<!-- This site is optimized with the Yoast SEO plugin v27.3 - https:\/\/yoast.com\/product\/yoast-seo-wordpress\/ -->\n<title>Coffee experts in Spain | Caf\u00e9s Baqu\u00e9<\/title>\n<meta name=\"description\" content=\"At Caf\u00e9s Baqu\u00e9, we are coffee experts. We select it, take care of it, roast it and deliver it to our customers to provide the best experience.\" \/>\n<meta name=\"robots\" content=\"index, follow, max-snippet:-1, max-image-preview:large, max-video-preview:-1\" \/>\n<meta property=\"og:locale\" content=\"en_US\" \/>\n<meta property=\"og:type\" content=\"article\" \/>\n<meta property=\"og:title\" content=\"Coffee experts in Spain | Caf\u00e9s Baqu\u00e9\" \/>\n<meta property=\"og:description\" content=\"At Caf\u00e9s Baqu\u00e9, we are coffee experts. We select it, take care of it, roast it and deliver it to our customers to provide the best experience.\" \/>\n<meta property=\"og:url\" content=\"https:\/\/www.baque.com\/en\/coffee-experts\/\" \/>\n<meta property=\"og:site_name\" content=\"Caf\u00e9s Baqu\u00e9\" \/>\n<meta name=\"twitter:card\" content=\"summary_large_image\" \/>\n<script type=\"application\/ld+json\" class=\"yoast-schema-graph\">{\"@context\":\"https:\\\/\\\/schema.org\",\"@graph\":[{\"@type\":\"WebPage\",\"@id\":\"https:\\\/\\\/www.baque.com\\\/en\\\/coffee-experts\\\/\",\"url\":\"https:\\\/\\\/www.baque.com\\\/en\\\/coffee-experts\\\/\",\"name\":\"Coffee experts in Spain | Caf\u00e9s Baqu\u00e9\",\"isPartOf\":{\"@id\":\"https:\\\/\\\/www.baque.com\\\/es\\\/#website\"},\"datePublished\":\"2018-04-05T16:28:09+00:00\",\"description\":\"At Caf\u00e9s Baqu\u00e9, we are coffee experts. We select it, take care of it, roast it and deliver it to our customers to provide the best experience.\",\"breadcrumb\":{\"@id\":\"https:\\\/\\\/www.baque.com\\\/en\\\/coffee-experts\\\/#breadcrumb\"},\"inLanguage\":\"en-US\",\"potentialAction\":[{\"@type\":\"ReadAction\",\"target\":[\"https:\\\/\\\/www.baque.com\\\/en\\\/coffee-experts\\\/\"]}]},{\"@type\":\"BreadcrumbList\",\"@id\":\"https:\\\/\\\/www.baque.com\\\/en\\\/coffee-experts\\\/#breadcrumb\",\"itemListElement\":[{\"@type\":\"ListItem\",\"position\":1,\"name\":\"Portada\",\"item\":\"https:\\\/\\\/www.baque.com\\\/en\\\/\"},{\"@type\":\"ListItem\",\"position\":2,\"name\":\"Coffee experts\"}]},{\"@type\":\"WebSite\",\"@id\":\"https:\\\/\\\/www.baque.com\\\/es\\\/#website\",\"url\":\"https:\\\/\\\/www.baque.com\\\/es\\\/\",\"name\":\"Caf\u00e9s Baqu\u00e9\",\"description\":\"Somos l\u00edderes en hosteler\u00eda en Pa\u00eds Vasco y La Rioja y una de las marcas m\u00e1s reconocidas en el mercado nacional. Somos una empresa familiar en constante innovaci\u00f3n en el producto. Tostamos y distribuimos caf\u00e9 molido, en grano y c\u00e1psulas para disfrutar en casa, en el bar y en la oficina.\",\"potentialAction\":[{\"@type\":\"SearchAction\",\"target\":{\"@type\":\"EntryPoint\",\"urlTemplate\":\"https:\\\/\\\/www.baque.com\\\/es\\\/?s={search_term_string}\"},\"query-input\":{\"@type\":\"PropertyValueSpecification\",\"valueRequired\":true,\"valueName\":\"search_term_string\"}}],\"inLanguage\":\"en-US\"}]}<\/script>\n<!-- \/ Yoast SEO plugin. -->","yoast_head_json":{"title":"Coffee experts in Spain | Caf\u00e9s Baqu\u00e9","description":"At Caf\u00e9s Baqu\u00e9, we are coffee experts. We select it, take care of it, roast it and deliver it to our customers to provide the best experience.","robots":{"index":"index","follow":"follow","max-snippet":"max-snippet:-1","max-image-preview":"max-image-preview:large","max-video-preview":"max-video-preview:-1"},"og_locale":"en_US","og_type":"article","og_title":"Coffee experts in Spain | Caf\u00e9s Baqu\u00e9","og_description":"At Caf\u00e9s Baqu\u00e9, we are coffee experts. We select it, take care of it, roast it and deliver it to our customers to provide the best experience.","og_url":"https:\/\/www.baque.com\/en\/coffee-experts\/","og_site_name":"Caf\u00e9s Baqu\u00e9","twitter_card":"summary_large_image","schema":{"@context":"https:\/\/schema.org","@graph":[{"@type":"WebPage","@id":"https:\/\/www.baque.com\/en\/coffee-experts\/","url":"https:\/\/www.baque.com\/en\/coffee-experts\/","name":"Coffee experts in Spain | Caf\u00e9s Baqu\u00e9","isPartOf":{"@id":"https:\/\/www.baque.com\/es\/#website"},"datePublished":"2018-04-05T16:28:09+00:00","description":"At Caf\u00e9s Baqu\u00e9, we are coffee experts. We select it, take care of it, roast it and deliver it to our customers to provide the best experience.","breadcrumb":{"@id":"https:\/\/www.baque.com\/en\/coffee-experts\/#breadcrumb"},"inLanguage":"en-US","potentialAction":[{"@type":"ReadAction","target":["https:\/\/www.baque.com\/en\/coffee-experts\/"]}]},{"@type":"BreadcrumbList","@id":"https:\/\/www.baque.com\/en\/coffee-experts\/#breadcrumb","itemListElement":[{"@type":"ListItem","position":1,"name":"Portada","item":"https:\/\/www.baque.com\/en\/"},{"@type":"ListItem","position":2,"name":"Coffee experts"}]},{"@type":"WebSite","@id":"https:\/\/www.baque.com\/es\/#website","url":"https:\/\/www.baque.com\/es\/","name":"Caf\u00e9s Baqu\u00e9","description":"Somos l\u00edderes en hosteler\u00eda en Pa\u00eds Vasco y La Rioja y una de las marcas m\u00e1s reconocidas en el mercado nacional. Somos una empresa familiar en constante innovaci\u00f3n en el producto. Tostamos y distribuimos caf\u00e9 molido, en grano y c\u00e1psulas para disfrutar en casa, en el bar y en la oficina.","potentialAction":[{"@type":"SearchAction","target":{"@type":"EntryPoint","urlTemplate":"https:\/\/www.baque.com\/es\/?s={search_term_string}"},"query-input":{"@type":"PropertyValueSpecification","valueRequired":true,"valueName":"search_term_string"}}],"inLanguage":"en-US"}]}},"_links":{"self":[{"href":"https:\/\/www.baque.com\/en\/wp-json\/wp\/v2\/pages\/2564","targetHints":{"allow":["GET"]}}],"collection":[{"href":"https:\/\/www.baque.com\/en\/wp-json\/wp\/v2\/pages"}],"about":[{"href":"https:\/\/www.baque.com\/en\/wp-json\/wp\/v2\/types\/page"}],"author":[{"embeddable":true,"href":"https:\/\/www.baque.com\/en\/wp-json\/wp\/v2\/users\/1"}],"replies":[{"embeddable":true,"href":"https:\/\/www.baque.com\/en\/wp-json\/wp\/v2\/comments?post=2564"}],"version-history":[{"count":0,"href":"https:\/\/www.baque.com\/en\/wp-json\/wp\/v2\/pages\/2564\/revisions"}],"wp:attachment":[{"href":"https:\/\/www.baque.com\/en\/wp-json\/wp\/v2\/media?parent=2564"}],"curies":[{"name":"wp","href":"https:\/\/api.w.org\/{rel}","templated":true}]}}