
{"id":2581,"date":"2018-04-06T07:44:52","date_gmt":"2018-04-06T07:44:52","guid":{"rendered":"http:\/\/www.baque.com\/?page_id=2581"},"modified":"2018-04-27T11:17:12","modified_gmt":"2018-04-27T09:17:12","slug":"sharing-life-with-you","status":"publish","type":"page","link":"https:\/\/www.baque.com\/en\/coffee-experts\/sharing-life-with-you\/","title":{"rendered":"Sharing life with you"},"content":{"rendered":"<p><section  id='compartiendo' class='multicol'><div class='container'><br \/>\n\t<div class='col1'><img src='\/wp-content\/themes\/baque\/img\/images\/compartiendo-la-vida_resp.jpg' class='bg withoutbgresp' alt='' \/><\/div><br \/>\n\t<div class='col4'><\/p>\n<h2>A campaign that touches on emotions<\/h2>\n<p class='entradilla'>At Caf\u00e9s Baqu\u00e9, we have been working for more than half a century on producing the best coffee, importing it from the best sources and roasting it according to the taste preferences here. However, the thing we are most proud of is having been a part of our customers&#8217; lives.<\/p>\n<p class=\"text-left\">Celebrating a birthday, catching up with an old flame, enjoying a good book, your favourite song, dreaming, laughing, crying&#8230;We have experienced so much over a cup of Caf\u00e9s Baqu\u00e9 coffee. That is why we want 2018 to be an homage to the things we have shared. Big and small. Important or trivial. Those stories which, here at Caf\u00e9s Baqu\u00e9, we have been lucky enough to share in. <\/p>\n<p><\/div><br \/>\n<\/div><\/section><br \/>\n<div class='separator height100' ><\/div><br \/>\n<section  id='compartiendo-1' class='videophoto expand'><img src='\/wp-content\/themes\/baque\/img\/images\/alrededor-de-una-taza-de-cafe.jpg' class='bg' alt='' \/><img src='\/wp-content\/themes\/baque\/img\/images\/alrededor-de-una-taza-de-cafe_resp.jpg' class='bgresp' alt='' \/><span class='videoplay' data-openvideo='video-8UKzOWdgNXo'><\/span><div class='container'><\/p>\n<h2 class=\"likeh1\">HOW MANY THINGS<br \/>HAVE YOU EXPERIENCED<br \/>DRINKING A CUP OF COFFEE?<\/h2>\n<h2 class=\"nobotton\">SHALL WE HAVE A COFFEE?<\/h2>\n<p><\/div><\/section><div class='popupvideo' id='video-8UKzOWdgNXo'><span class='videostop' data-closevideo='video-8UKzOWdgNXo'>&#10005;<\/span><iframe src='https:\/\/www.youtube.com\/embed\/8UKzOWdgNXo?rel=0&controls=0&showinfo=0&enablejsapi=1&widgetid=1'><\/iframe><\/div><br \/>\n<section  id='compartiendo-2' class='squares videophoto cols3 borderwhite borderwhitefooter'><br \/>\n\t<div  class='square nocontainer'>\n\t\t\t<img src='\/wp-content\/themes\/baque\/img\/images\/compartiendo-la-vida-1.jpg' class='bg withoutbgresp' alt='' \/>\n\t\t\t\n\t\t\t<div class='container'>\n\t\t\t\t\n\t\t\t<\/div>\n\t\t<\/div><br \/>\n\t<div  class='square nocontainer'>\n\t\t\t<img src='\/wp-content\/themes\/baque\/img\/images\/compartiendo-la-vida-2.jpg' class='bg withoutbgresp' alt='' \/>\n\t\t\t\n\t\t\t<div class='container'>\n\t\t\t\t\n\t\t\t<\/div>\n\t\t<\/div><br \/>\n\t<div  class='square nocontainer'>\n\t\t\t<img src='\/wp-content\/themes\/baque\/img\/images\/compartiendo-la-vida-3.jpg' class='bg withoutbgresp' alt='' \/>\n\t\t\t\n\t\t\t<div class='container'>\n\t\t\t\t\n\t\t\t<\/div>\n\t\t<\/div><br \/>\n<\/section><\/p>\n","protected":false},"excerpt":{"rendered":"","protected":false},"author":1,"featured_media":0,"parent":2564,"menu_order":40,"comment_status":"closed","ping_status":"closed","template":"","meta":{"_acf_changed":false,"footnotes":""},"class_list":["post-2581","page","type-page","status-publish","hentry"],"acf":[],"yoast_head":"<!-- This site is optimized with the Yoast SEO plugin v27.3 - https:\/\/yoast.com\/product\/yoast-seo-wordpress\/ -->\n<title>Sharing life with you - Caf\u00e9s Baqu\u00e9<\/title>\n<meta name=\"robots\" content=\"index, follow, max-snippet:-1, max-image-preview:large, max-video-preview:-1\" \/>\n<meta property=\"og:locale\" content=\"en_US\" \/>\n<meta property=\"og:type\" content=\"article\" \/>\n<meta property=\"og:title\" content=\"Sharing life with you - Caf\u00e9s Baqu\u00e9\" \/>\n<meta property=\"og:url\" content=\"https:\/\/www.baque.com\/en\/coffee-experts\/sharing-life-with-you\/\" \/>\n<meta property=\"og:site_name\" content=\"Caf\u00e9s Baqu\u00e9\" \/>\n<meta property=\"article:modified_time\" content=\"2018-04-27T09:17:12+00:00\" \/>\n<meta name=\"twitter:card\" content=\"summary_large_image\" \/>\n<meta name=\"twitter:label1\" content=\"Est. reading time\" \/>\n\t<meta name=\"twitter:data1\" content=\"1 minute\" \/>\n<script type=\"application\/ld+json\" class=\"yoast-schema-graph\">{\"@context\":\"https:\\\/\\\/schema.org\",\"@graph\":[{\"@type\":\"WebPage\",\"@id\":\"https:\\\/\\\/www.baque.com\\\/en\\\/coffee-experts\\\/sharing-life-with-you\\\/\",\"url\":\"https:\\\/\\\/www.baque.com\\\/en\\\/coffee-experts\\\/sharing-life-with-you\\\/\",\"name\":\"Sharing life with you - Caf\u00e9s Baqu\u00e9\",\"isPartOf\":{\"@id\":\"https:\\\/\\\/www.baque.com\\\/es\\\/#website\"},\"datePublished\":\"2018-04-06T07:44:52+00:00\",\"dateModified\":\"2018-04-27T09:17:12+00:00\",\"breadcrumb\":{\"@id\":\"https:\\\/\\\/www.baque.com\\\/en\\\/coffee-experts\\\/sharing-life-with-you\\\/#breadcrumb\"},\"inLanguage\":\"en-US\",\"potentialAction\":[{\"@type\":\"ReadAction\",\"target\":[\"https:\\\/\\\/www.baque.com\\\/en\\\/coffee-experts\\\/sharing-life-with-you\\\/\"]}]},{\"@type\":\"BreadcrumbList\",\"@id\":\"https:\\\/\\\/www.baque.com\\\/en\\\/coffee-experts\\\/sharing-life-with-you\\\/#breadcrumb\",\"itemListElement\":[{\"@type\":\"ListItem\",\"position\":1,\"name\":\"Portada\",\"item\":\"https:\\\/\\\/www.baque.com\\\/en\\\/\"},{\"@type\":\"ListItem\",\"position\":2,\"name\":\"Coffee experts\",\"item\":\"https:\\\/\\\/www.baque.com\\\/en\\\/coffee-experts\\\/\"},{\"@type\":\"ListItem\",\"position\":3,\"name\":\"Sharing life with you\"}]},{\"@type\":\"WebSite\",\"@id\":\"https:\\\/\\\/www.baque.com\\\/es\\\/#website\",\"url\":\"https:\\\/\\\/www.baque.com\\\/es\\\/\",\"name\":\"Caf\u00e9s Baqu\u00e9\",\"description\":\"Somos l\u00edderes en hosteler\u00eda en Pa\u00eds Vasco y La Rioja y una de las marcas m\u00e1s reconocidas en el mercado nacional. Somos una empresa familiar en constante innovaci\u00f3n en el producto. Tostamos y distribuimos caf\u00e9 molido, en grano y c\u00e1psulas para disfrutar en casa, en el bar y en la oficina.\",\"potentialAction\":[{\"@type\":\"SearchAction\",\"target\":{\"@type\":\"EntryPoint\",\"urlTemplate\":\"https:\\\/\\\/www.baque.com\\\/es\\\/?s={search_term_string}\"},\"query-input\":{\"@type\":\"PropertyValueSpecification\",\"valueRequired\":true,\"valueName\":\"search_term_string\"}}],\"inLanguage\":\"en-US\"}]}<\/script>\n<!-- \/ Yoast SEO plugin. -->","yoast_head_json":{"title":"Sharing life with you - Caf\u00e9s Baqu\u00e9","robots":{"index":"index","follow":"follow","max-snippet":"max-snippet:-1","max-image-preview":"max-image-preview:large","max-video-preview":"max-video-preview:-1"},"og_locale":"en_US","og_type":"article","og_title":"Sharing life with you - Caf\u00e9s Baqu\u00e9","og_url":"https:\/\/www.baque.com\/en\/coffee-experts\/sharing-life-with-you\/","og_site_name":"Caf\u00e9s Baqu\u00e9","article_modified_time":"2018-04-27T09:17:12+00:00","twitter_card":"summary_large_image","twitter_misc":{"Est. reading time":"1 minute"},"schema":{"@context":"https:\/\/schema.org","@graph":[{"@type":"WebPage","@id":"https:\/\/www.baque.com\/en\/coffee-experts\/sharing-life-with-you\/","url":"https:\/\/www.baque.com\/en\/coffee-experts\/sharing-life-with-you\/","name":"Sharing life with you - Caf\u00e9s Baqu\u00e9","isPartOf":{"@id":"https:\/\/www.baque.com\/es\/#website"},"datePublished":"2018-04-06T07:44:52+00:00","dateModified":"2018-04-27T09:17:12+00:00","breadcrumb":{"@id":"https:\/\/www.baque.com\/en\/coffee-experts\/sharing-life-with-you\/#breadcrumb"},"inLanguage":"en-US","potentialAction":[{"@type":"ReadAction","target":["https:\/\/www.baque.com\/en\/coffee-experts\/sharing-life-with-you\/"]}]},{"@type":"BreadcrumbList","@id":"https:\/\/www.baque.com\/en\/coffee-experts\/sharing-life-with-you\/#breadcrumb","itemListElement":[{"@type":"ListItem","position":1,"name":"Portada","item":"https:\/\/www.baque.com\/en\/"},{"@type":"ListItem","position":2,"name":"Coffee experts","item":"https:\/\/www.baque.com\/en\/coffee-experts\/"},{"@type":"ListItem","position":3,"name":"Sharing life with you"}]},{"@type":"WebSite","@id":"https:\/\/www.baque.com\/es\/#website","url":"https:\/\/www.baque.com\/es\/","name":"Caf\u00e9s Baqu\u00e9","description":"Somos l\u00edderes en hosteler\u00eda en Pa\u00eds Vasco y La Rioja y una de las marcas m\u00e1s reconocidas en el mercado nacional. Somos una empresa familiar en constante innovaci\u00f3n en el producto. Tostamos y distribuimos caf\u00e9 molido, en grano y c\u00e1psulas para disfrutar en casa, en el bar y en la oficina.","potentialAction":[{"@type":"SearchAction","target":{"@type":"EntryPoint","urlTemplate":"https:\/\/www.baque.com\/es\/?s={search_term_string}"},"query-input":{"@type":"PropertyValueSpecification","valueRequired":true,"valueName":"search_term_string"}}],"inLanguage":"en-US"}]}},"_links":{"self":[{"href":"https:\/\/www.baque.com\/en\/wp-json\/wp\/v2\/pages\/2581","targetHints":{"allow":["GET"]}}],"collection":[{"href":"https:\/\/www.baque.com\/en\/wp-json\/wp\/v2\/pages"}],"about":[{"href":"https:\/\/www.baque.com\/en\/wp-json\/wp\/v2\/types\/page"}],"author":[{"embeddable":true,"href":"https:\/\/www.baque.com\/en\/wp-json\/wp\/v2\/users\/1"}],"replies":[{"embeddable":true,"href":"https:\/\/www.baque.com\/en\/wp-json\/wp\/v2\/comments?post=2581"}],"version-history":[{"count":1,"href":"https:\/\/www.baque.com\/en\/wp-json\/wp\/v2\/pages\/2581\/revisions"}],"predecessor-version":[{"id":2976,"href":"https:\/\/www.baque.com\/en\/wp-json\/wp\/v2\/pages\/2581\/revisions\/2976"}],"up":[{"embeddable":true,"href":"https:\/\/www.baque.com\/en\/wp-json\/wp\/v2\/pages\/2564"}],"wp:attachment":[{"href":"https:\/\/www.baque.com\/en\/wp-json\/wp\/v2\/media?parent=2581"}],"curies":[{"name":"wp","href":"https:\/\/api.w.org\/{rel}","templated":true}]}}