
{"id":2614,"date":"2018-04-06T09:51:41","date_gmt":"2018-04-06T09:51:41","guid":{"rendered":"http:\/\/www.baque.com\/?page_id=2614"},"modified":"2025-01-27T16:11:41","modified_gmt":"2025-01-27T15:11:41","slug":"at-home","status":"publish","type":"page","link":"https:\/\/www.baque.com\/en\/at-home\/","title":{"rendered":"At home"},"content":{"rendered":"<section  id='cafe-para-casa' class='introtext'><div class='container'>\n<h2>Experts in accompanying you every day at home.<\/h2>\n<p class=\"text-center\">Try our range of coffees, teas and infusions and immerse yourself in a world of sensations at<br \/>\n    home or at work.<\/p>\n<p><\/div><\/section><br \/>\n<section  id='cafe-para-casa-1' class='videophoto expand'><div class='container'><\/p>\n<h2 class=\"likeh1\">OUR<br \/>\n    COFFEE<\/h2>\n<h3 class=\"likeh2\">A UNIQUE COFFEE FOR<br \/>\n    THE MOST DISCERNING<br \/>\n    PALATES.<\/h3>\n<p><a href='https:\/\/www.baque.com\/en\/at-home\/coffee\/' class='button  white'>SEE COFFEE <\/a><br \/>\n<\/div><\/section><br \/>\n<section  id='cafe-para-casa-3' class='squares videophoto expand cols3'><br \/>\n<div  class='square'>\n\t\t\t<img src='\/wp-content\/themes\/baque\/img\/images\/para-casa-dulces.jpg' class='bg withoutbgresp' alt='' \/>\n\t\t\t\n\t\t\t<div class='container'>\n\t\t\t\t<\/p>\n<h2 class=\"likeh1\">SWEET TREATS<\/h2>\n<h3 class=\"likeh2\">HOT CHOCOLATES,<br \/>\n    AMENITIES, SWEETENERS AND<br \/>\n    ACCESSORIES<\/h3>\n<p><a href='https:\/\/www.baque.com\/en\/at-home\/sweet-treats\/' class='button  white'>SEE SWEET TREATS <\/a><br \/>\n\n\t\t\t<\/div>\n\t\t<\/div><br \/>\n<div  class='square'>\n\t\t\t<img src='\/wp-content\/themes\/baque\/img\/images\/para-casa-oficinas.jpg' class='bg withoutbgresp' alt='' \/>\n\t\t\t\n\t\t\t<div class='container'>\n\t\t\t\t<\/p>\n<h2 class=\"likeh1\">FOR OFFICES<\/h2>\n<h3 class=\"likeh2\">DISCOVER THE<br \/>\n    BAQU\u00c9 SOLUTION FOR<br \/>\n    OUR OFFICE.<\/h3>\n<p><a href='https:\/\/www.baque.com\/en\/at-home\/coffees-office\/' class='button  white'>SEE SOLUTIONS<\/a><br \/>\n\n\t\t\t<\/div>\n\t\t<\/div><br \/>\n<div  class='square'>\n\t\t\t<img src='\/wp-content\/themes\/baque\/img\/images\/para-casa-tes-infusiones.jpg' class='bg withoutbgresp' alt='' \/>\n\t\t\t\n\t\t\t<div class='container'>\n\t\t\t\t<\/p>\n<h2 class=\"likeh1\">TEAS &amp; INFUSIONS<\/h2>\n<h3 class=\"likeh2\">THE PERFECT INFUSION,<br \/>\n    ADAPTED TO ALL<br \/>\n    TASTES AND FORMATS.<\/h3>\n<p><a href='https:\/\/www.baque.com\/en\/at-home\/teas-infusions\/' class='button  white'>SEE TEAS &amp; INFUSIONS <\/a><br \/>\n\n\t\t\t<\/div>\n\t\t<\/div><br \/>\n<\/section><\/p>\n","protected":false},"excerpt":{"rendered":"","protected":false},"author":1,"featured_media":0,"parent":0,"menu_order":30,"comment_status":"closed","ping_status":"closed","template":"","meta":{"_acf_changed":false,"footnotes":""},"class_list":["post-2614","page","type-page","status-publish","hentry"],"acf":[],"yoast_head":"<!-- This site is optimized with the Yoast SEO plugin v27.3 - https:\/\/yoast.com\/product\/yoast-seo-wordpress\/ -->\n<title>Coffee at home | The best coffee at home | Caf\u00e9s Baqu\u00e9<\/title>\n<meta name=\"description\" content=\"At Caf\u00e9s Baqu\u00e9, we are experts at accompanying you every day in your home. Try our range of coffees, teas and infusions and immerse yourself in a world of sensations at home or at work.\" \/>\n<meta name=\"robots\" content=\"index, follow, max-snippet:-1, max-image-preview:large, max-video-preview:-1\" \/>\n<meta property=\"og:locale\" content=\"en_US\" \/>\n<meta property=\"og:type\" content=\"article\" \/>\n<meta property=\"og:title\" content=\"Coffee at home | The best coffee at home | Caf\u00e9s Baqu\u00e9\" \/>\n<meta property=\"og:description\" content=\"At Caf\u00e9s Baqu\u00e9, we are experts at accompanying you every day in your home. Try our range of coffees, teas and infusions and immerse yourself in a world of sensations at home or at work.\" \/>\n<meta property=\"og:url\" content=\"https:\/\/www.baque.com\/en\/at-home\/\" \/>\n<meta property=\"og:site_name\" content=\"Caf\u00e9s Baqu\u00e9\" \/>\n<meta property=\"article:modified_time\" content=\"2025-01-27T15:11:41+00:00\" \/>\n<meta name=\"twitter:card\" content=\"summary_large_image\" \/>\n<meta name=\"twitter:label1\" content=\"Est. reading time\" \/>\n\t<meta name=\"twitter:data1\" content=\"1 minute\" \/>\n<script type=\"application\/ld+json\" class=\"yoast-schema-graph\">{\"@context\":\"https:\\\/\\\/schema.org\",\"@graph\":[{\"@type\":\"WebPage\",\"@id\":\"https:\\\/\\\/www.baque.com\\\/en\\\/at-home\\\/\",\"url\":\"https:\\\/\\\/www.baque.com\\\/en\\\/at-home\\\/\",\"name\":\"Coffee at home | The best coffee at home | Caf\u00e9s Baqu\u00e9\",\"isPartOf\":{\"@id\":\"https:\\\/\\\/www.baque.com\\\/es\\\/#website\"},\"datePublished\":\"2018-04-06T09:51:41+00:00\",\"dateModified\":\"2025-01-27T15:11:41+00:00\",\"description\":\"At Caf\u00e9s Baqu\u00e9, we are experts at accompanying you every day in your home. Try our range of coffees, teas and infusions and immerse yourself in a world of sensations at home or at work.\",\"breadcrumb\":{\"@id\":\"https:\\\/\\\/www.baque.com\\\/en\\\/at-home\\\/#breadcrumb\"},\"inLanguage\":\"en-US\",\"potentialAction\":[{\"@type\":\"ReadAction\",\"target\":[\"https:\\\/\\\/www.baque.com\\\/en\\\/at-home\\\/\"]}]},{\"@type\":\"BreadcrumbList\",\"@id\":\"https:\\\/\\\/www.baque.com\\\/en\\\/at-home\\\/#breadcrumb\",\"itemListElement\":[{\"@type\":\"ListItem\",\"position\":1,\"name\":\"Portada\",\"item\":\"https:\\\/\\\/www.baque.com\\\/en\\\/\"},{\"@type\":\"ListItem\",\"position\":2,\"name\":\"At home\"}]},{\"@type\":\"WebSite\",\"@id\":\"https:\\\/\\\/www.baque.com\\\/es\\\/#website\",\"url\":\"https:\\\/\\\/www.baque.com\\\/es\\\/\",\"name\":\"Caf\u00e9s Baqu\u00e9\",\"description\":\"Somos l\u00edderes en hosteler\u00eda en Pa\u00eds Vasco y La Rioja y una de las marcas m\u00e1s reconocidas en el mercado nacional. Somos una empresa familiar en constante innovaci\u00f3n en el producto. Tostamos y distribuimos caf\u00e9 molido, en grano y c\u00e1psulas para disfrutar en casa, en el bar y en la oficina.\",\"potentialAction\":[{\"@type\":\"SearchAction\",\"target\":{\"@type\":\"EntryPoint\",\"urlTemplate\":\"https:\\\/\\\/www.baque.com\\\/es\\\/?s={search_term_string}\"},\"query-input\":{\"@type\":\"PropertyValueSpecification\",\"valueRequired\":true,\"valueName\":\"search_term_string\"}}],\"inLanguage\":\"en-US\"}]}<\/script>\n<!-- \/ Yoast SEO plugin. -->","yoast_head_json":{"title":"Coffee at home | The best coffee at home | Caf\u00e9s Baqu\u00e9","description":"At Caf\u00e9s Baqu\u00e9, we are experts at accompanying you every day in your home. Try our range of coffees, teas and infusions and immerse yourself in a world of sensations at home or at work.","robots":{"index":"index","follow":"follow","max-snippet":"max-snippet:-1","max-image-preview":"max-image-preview:large","max-video-preview":"max-video-preview:-1"},"og_locale":"en_US","og_type":"article","og_title":"Coffee at home | The best coffee at home | Caf\u00e9s Baqu\u00e9","og_description":"At Caf\u00e9s Baqu\u00e9, we are experts at accompanying you every day in your home. Try our range of coffees, teas and infusions and immerse yourself in a world of sensations at home or at work.","og_url":"https:\/\/www.baque.com\/en\/at-home\/","og_site_name":"Caf\u00e9s Baqu\u00e9","article_modified_time":"2025-01-27T15:11:41+00:00","twitter_card":"summary_large_image","twitter_misc":{"Est. reading time":"1 minute"},"schema":{"@context":"https:\/\/schema.org","@graph":[{"@type":"WebPage","@id":"https:\/\/www.baque.com\/en\/at-home\/","url":"https:\/\/www.baque.com\/en\/at-home\/","name":"Coffee at home | The best coffee at home | Caf\u00e9s Baqu\u00e9","isPartOf":{"@id":"https:\/\/www.baque.com\/es\/#website"},"datePublished":"2018-04-06T09:51:41+00:00","dateModified":"2025-01-27T15:11:41+00:00","description":"At Caf\u00e9s Baqu\u00e9, we are experts at accompanying you every day in your home. Try our range of coffees, teas and infusions and immerse yourself in a world of sensations at home or at work.","breadcrumb":{"@id":"https:\/\/www.baque.com\/en\/at-home\/#breadcrumb"},"inLanguage":"en-US","potentialAction":[{"@type":"ReadAction","target":["https:\/\/www.baque.com\/en\/at-home\/"]}]},{"@type":"BreadcrumbList","@id":"https:\/\/www.baque.com\/en\/at-home\/#breadcrumb","itemListElement":[{"@type":"ListItem","position":1,"name":"Portada","item":"https:\/\/www.baque.com\/en\/"},{"@type":"ListItem","position":2,"name":"At home"}]},{"@type":"WebSite","@id":"https:\/\/www.baque.com\/es\/#website","url":"https:\/\/www.baque.com\/es\/","name":"Caf\u00e9s Baqu\u00e9","description":"Somos l\u00edderes en hosteler\u00eda en Pa\u00eds Vasco y La Rioja y una de las marcas m\u00e1s reconocidas en el mercado nacional. Somos una empresa familiar en constante innovaci\u00f3n en el producto. Tostamos y distribuimos caf\u00e9 molido, en grano y c\u00e1psulas para disfrutar en casa, en el bar y en la oficina.","potentialAction":[{"@type":"SearchAction","target":{"@type":"EntryPoint","urlTemplate":"https:\/\/www.baque.com\/es\/?s={search_term_string}"},"query-input":{"@type":"PropertyValueSpecification","valueRequired":true,"valueName":"search_term_string"}}],"inLanguage":"en-US"}]}},"_links":{"self":[{"href":"https:\/\/www.baque.com\/en\/wp-json\/wp\/v2\/pages\/2614","targetHints":{"allow":["GET"]}}],"collection":[{"href":"https:\/\/www.baque.com\/en\/wp-json\/wp\/v2\/pages"}],"about":[{"href":"https:\/\/www.baque.com\/en\/wp-json\/wp\/v2\/types\/page"}],"author":[{"embeddable":true,"href":"https:\/\/www.baque.com\/en\/wp-json\/wp\/v2\/users\/1"}],"replies":[{"embeddable":true,"href":"https:\/\/www.baque.com\/en\/wp-json\/wp\/v2\/comments?post=2614"}],"version-history":[{"count":7,"href":"https:\/\/www.baque.com\/en\/wp-json\/wp\/v2\/pages\/2614\/revisions"}],"predecessor-version":[{"id":2874240,"href":"https:\/\/www.baque.com\/en\/wp-json\/wp\/v2\/pages\/2614\/revisions\/2874240"}],"wp:attachment":[{"href":"https:\/\/www.baque.com\/en\/wp-json\/wp\/v2\/media?parent=2614"}],"curies":[{"name":"wp","href":"https:\/\/api.w.org\/{rel}","templated":true}]}}