
{"id":2624,"date":"2018-04-06T10:01:27","date_gmt":"2018-04-06T10:01:27","guid":{"rendered":"http:\/\/www.baque.com\/?page_id=2624"},"modified":"2025-01-21T15:45:15","modified_gmt":"2025-01-21T14:45:15","slug":"coffee-capsules","status":"publish","type":"page","link":"https:\/\/www.baque.com\/en\/at-home\/coffee\/coffee-capsules\/","title":{"rendered":"Coffee capsules"},"content":{"rendered":"\r\n<section  id='capsulas-cafe' class='introtext'><div class='container'>\r\n<h2>There is always a coffee<br>compatible with you.<\/h2>\r\n<p class=\"text-center\">Coffee capsules for your coffee machine with the best flavour.<\/p>\r\n<p><\/div><\/section><br><section  id='capsulas-cafe-1' class='videophoto expand nocontainer'><img src='\/wp-content\/themes\/baque\/img\/images\/capsulas-de-cafe.jpg' class='bg' alt='' \/><img src='\/wp-content\/themes\/baque\/img\/images\/capsulas-de-cafe_resp.jpg' class='bgresp' alt='' \/><div class='container'><\/div><\/section><\/p>\r\n\r\n<section  id='capsulas-cafe-2' class='products expand products2'><div class='container'>\r\n\r\n<div class='product' itemscope itemtype='http:\/\/schema.org\/Product'>\n\t\t\t<div><img itemprop='image' src='\/wp-content\/uploads\/2023\/11\/capsulas-compatibles-nescafe-dolce-gusto-baque-front-vs2-2.png' alt='CAPSULES THAT ARE COMPATIBLE WITH NESCAF\u00c9<sup>\u00ae<\/sup> DOLCE GUSTO<sup>\u00ae<\/sup>* COFFEE MACHINES' \/><\/div>\n\t\t\t<h3 itemprop='name'>CAPSULES THAT ARE COMPATIBLE WITH NESCAF\u00c9<sup>\u00ae<\/sup> DOLCE GUSTO<sup>\u00ae<\/sup>* COFFEE MACHINES<\/h3><p itemprop='description'>Enjoy all the characteristics of a good cup of Baqu\u00e9 coffee from your\r\nDolce Gusto<sup>\u00ae<\/sup>* coffee machine.<\/p>\t<a href='\/es\/comprar\/cafe-capsulas\/dolce-gusto\/' class='button'>BUY NOW<\/a><\/div>\r\n\r\n<div class='product' itemscope itemtype='http:\/\/schema.org\/Product'>\n\t\t\t<div><img itemprop='image' src='\/wp-content\/uploads\/2023\/11\/capsulas-aluminio-compatibles-nespresso-baque-3.png' alt='NESPRESSO<sup>\u00ae<\/sup>* COFFEE MACHINE COMPATIBLE ALUMINUM CAPSULES' \/><\/div>\n\t\t\t<h3 itemprop='name'>NESPRESSO<sup>\u00ae<\/sup>* COFFEE MACHINE COMPATIBLE ALUMINUM CAPSULES<\/h3><p itemprop='description'>The Aluminum capsules guarantee a perfect\r\nextraction and they also are infinitely recyclable.<\/p>\t<a href='\/es\/comprar\/cafe-capsulas\/capsulas-aluminio-compatibles-con-nespresso\/' class='button'>BUY NOW<\/a><\/div>\r\n\r\n\r\n<div class=\"clear\"> <\/div>\r\n\r\n<p class=\"text-center small\">*Company brands that are not related to Caf\u00e9s Baqu\u00e9 S.L.U. Recognition and brands with a\r\n    commercial logo.<\/p>\r\n\r\n<\/div><\/section>\r\n\r\n<section  id='capsulas-cafe-3' class='squares videophoto cols3 borderwhite borderwhitefooter'><div  class='square nocontainer'>\n\t\t\t<img src='\/wp-content\/themes\/baque\/img\/images\/capsulas-de-cafe-1.jpg' class='bg withoutbgresp' alt='' \/>\n\t\t\t\n\t\t\t<div class='container'>\n\t\t\t\t\n\t\t\t<\/div>\n\t\t<\/div><div  class='square nocontainer'>\n\t\t\t<img src='\/wp-content\/themes\/baque\/img\/images\/capsulas-de-cafe-2.jpg' class='bg withoutbgresp' alt='' \/>\n\t\t\t\n\t\t\t<div class='container'>\n\t\t\t\t\n\t\t\t<\/div>\n\t\t<\/div><div  class='square nocontainer'>\n\t\t\t<img src='\/wp-content\/themes\/baque\/img\/images\/capsulas-de-cafe-3.jpg' class='bg withoutbgresp' alt='' \/>\n\t\t\t\n\t\t\t<div class='container'>\n\t\t\t\t\n\t\t\t<\/div>\n\t\t<\/div><\/section>\r\n","protected":false},"excerpt":{"rendered":"","protected":false},"author":1,"featured_media":0,"parent":2616,"menu_order":10,"comment_status":"closed","ping_status":"closed","template":"","meta":{"_acf_changed":false,"footnotes":""},"class_list":["post-2624","page","type-page","status-publish","hentry"],"acf":[],"yoast_head":"<!-- This site is optimized with the Yoast SEO plugin v27.3 - https:\/\/yoast.com\/product\/yoast-seo-wordpress\/ -->\n<title>Buy coffee capsules | Coffee for at home | Caf\u00e9s Baqu\u00e9<\/title>\n<meta name=\"description\" content=\"Coffee in capsules to enjoy at home, compatible with Nespresso and Nescaf\u00e9 Dolce Gusto coffee machines. Capsules with the best flavour for each palate. Choose the one you like the most.\" \/>\n<meta name=\"robots\" content=\"index, follow, max-snippet:-1, max-image-preview:large, max-video-preview:-1\" \/>\n<meta property=\"og:locale\" content=\"en_US\" \/>\n<meta property=\"og:type\" content=\"article\" \/>\n<meta property=\"og:title\" content=\"Buy coffee capsules | Coffee for at home | Caf\u00e9s Baqu\u00e9\" \/>\n<meta property=\"og:description\" content=\"Coffee in capsules to enjoy at home, compatible with Nespresso and Nescaf\u00e9 Dolce Gusto coffee machines. Capsules with the best flavour for each palate. Choose the one you like the most.\" \/>\n<meta property=\"og:url\" content=\"https:\/\/www.baque.com\/en\/at-home\/coffee\/coffee-capsules\/\" \/>\n<meta property=\"og:site_name\" content=\"Caf\u00e9s Baqu\u00e9\" \/>\n<meta property=\"article:modified_time\" content=\"2025-01-21T14:45:15+00:00\" \/>\n<meta name=\"twitter:card\" content=\"summary_large_image\" \/>\n<meta name=\"twitter:label1\" content=\"Est. reading time\" \/>\n\t<meta name=\"twitter:data1\" content=\"1 minute\" \/>\n<script type=\"application\/ld+json\" class=\"yoast-schema-graph\">{\"@context\":\"https:\\\/\\\/schema.org\",\"@graph\":[{\"@type\":\"WebPage\",\"@id\":\"https:\\\/\\\/www.baque.com\\\/en\\\/at-home\\\/coffee\\\/coffee-capsules\\\/\",\"url\":\"https:\\\/\\\/www.baque.com\\\/en\\\/at-home\\\/coffee\\\/coffee-capsules\\\/\",\"name\":\"Buy coffee capsules | Coffee for at home | Caf\u00e9s Baqu\u00e9\",\"isPartOf\":{\"@id\":\"https:\\\/\\\/www.baque.com\\\/es\\\/#website\"},\"datePublished\":\"2018-04-06T10:01:27+00:00\",\"dateModified\":\"2025-01-21T14:45:15+00:00\",\"description\":\"Coffee in capsules to enjoy at home, compatible with Nespresso and Nescaf\u00e9 Dolce Gusto coffee machines. Capsules with the best flavour for each palate. Choose the one you like the most.\",\"breadcrumb\":{\"@id\":\"https:\\\/\\\/www.baque.com\\\/en\\\/at-home\\\/coffee\\\/coffee-capsules\\\/#breadcrumb\"},\"inLanguage\":\"en-US\",\"potentialAction\":[{\"@type\":\"ReadAction\",\"target\":[\"https:\\\/\\\/www.baque.com\\\/en\\\/at-home\\\/coffee\\\/coffee-capsules\\\/\"]}]},{\"@type\":\"BreadcrumbList\",\"@id\":\"https:\\\/\\\/www.baque.com\\\/en\\\/at-home\\\/coffee\\\/coffee-capsules\\\/#breadcrumb\",\"itemListElement\":[{\"@type\":\"ListItem\",\"position\":1,\"name\":\"Portada\",\"item\":\"https:\\\/\\\/www.baque.com\\\/en\\\/\"},{\"@type\":\"ListItem\",\"position\":2,\"name\":\"At home\",\"item\":\"https:\\\/\\\/www.baque.com\\\/en\\\/at-home\\\/\"},{\"@type\":\"ListItem\",\"position\":3,\"name\":\"Coffee\",\"item\":\"https:\\\/\\\/www.baque.com\\\/en\\\/at-home\\\/coffee\\\/\"},{\"@type\":\"ListItem\",\"position\":4,\"name\":\"Coffee capsules\"}]},{\"@type\":\"WebSite\",\"@id\":\"https:\\\/\\\/www.baque.com\\\/es\\\/#website\",\"url\":\"https:\\\/\\\/www.baque.com\\\/es\\\/\",\"name\":\"Caf\u00e9s Baqu\u00e9\",\"description\":\"Somos l\u00edderes en hosteler\u00eda en Pa\u00eds Vasco y La Rioja y una de las marcas m\u00e1s reconocidas en el mercado nacional. Somos una empresa familiar en constante innovaci\u00f3n en el producto. Tostamos y distribuimos caf\u00e9 molido, en grano y c\u00e1psulas para disfrutar en casa, en el bar y en la oficina.\",\"potentialAction\":[{\"@type\":\"SearchAction\",\"target\":{\"@type\":\"EntryPoint\",\"urlTemplate\":\"https:\\\/\\\/www.baque.com\\\/es\\\/?s={search_term_string}\"},\"query-input\":{\"@type\":\"PropertyValueSpecification\",\"valueRequired\":true,\"valueName\":\"search_term_string\"}}],\"inLanguage\":\"en-US\"}]}<\/script>\n<!-- \/ Yoast SEO plugin. -->","yoast_head_json":{"title":"Buy coffee capsules | Coffee for at home | Caf\u00e9s Baqu\u00e9","description":"Coffee in capsules to enjoy at home, compatible with Nespresso and Nescaf\u00e9 Dolce Gusto coffee machines. Capsules with the best flavour for each palate. Choose the one you like the most.","robots":{"index":"index","follow":"follow","max-snippet":"max-snippet:-1","max-image-preview":"max-image-preview:large","max-video-preview":"max-video-preview:-1"},"og_locale":"en_US","og_type":"article","og_title":"Buy coffee capsules | Coffee for at home | Caf\u00e9s Baqu\u00e9","og_description":"Coffee in capsules to enjoy at home, compatible with Nespresso and Nescaf\u00e9 Dolce Gusto coffee machines. Capsules with the best flavour for each palate. Choose the one you like the most.","og_url":"https:\/\/www.baque.com\/en\/at-home\/coffee\/coffee-capsules\/","og_site_name":"Caf\u00e9s Baqu\u00e9","article_modified_time":"2025-01-21T14:45:15+00:00","twitter_card":"summary_large_image","twitter_misc":{"Est. reading time":"1 minute"},"schema":{"@context":"https:\/\/schema.org","@graph":[{"@type":"WebPage","@id":"https:\/\/www.baque.com\/en\/at-home\/coffee\/coffee-capsules\/","url":"https:\/\/www.baque.com\/en\/at-home\/coffee\/coffee-capsules\/","name":"Buy coffee capsules | Coffee for at home | Caf\u00e9s Baqu\u00e9","isPartOf":{"@id":"https:\/\/www.baque.com\/es\/#website"},"datePublished":"2018-04-06T10:01:27+00:00","dateModified":"2025-01-21T14:45:15+00:00","description":"Coffee in capsules to enjoy at home, compatible with Nespresso and Nescaf\u00e9 Dolce Gusto coffee machines. Capsules with the best flavour for each palate. Choose the one you like the most.","breadcrumb":{"@id":"https:\/\/www.baque.com\/en\/at-home\/coffee\/coffee-capsules\/#breadcrumb"},"inLanguage":"en-US","potentialAction":[{"@type":"ReadAction","target":["https:\/\/www.baque.com\/en\/at-home\/coffee\/coffee-capsules\/"]}]},{"@type":"BreadcrumbList","@id":"https:\/\/www.baque.com\/en\/at-home\/coffee\/coffee-capsules\/#breadcrumb","itemListElement":[{"@type":"ListItem","position":1,"name":"Portada","item":"https:\/\/www.baque.com\/en\/"},{"@type":"ListItem","position":2,"name":"At home","item":"https:\/\/www.baque.com\/en\/at-home\/"},{"@type":"ListItem","position":3,"name":"Coffee","item":"https:\/\/www.baque.com\/en\/at-home\/coffee\/"},{"@type":"ListItem","position":4,"name":"Coffee capsules"}]},{"@type":"WebSite","@id":"https:\/\/www.baque.com\/es\/#website","url":"https:\/\/www.baque.com\/es\/","name":"Caf\u00e9s Baqu\u00e9","description":"Somos l\u00edderes en hosteler\u00eda en Pa\u00eds Vasco y La Rioja y una de las marcas m\u00e1s reconocidas en el mercado nacional. Somos una empresa familiar en constante innovaci\u00f3n en el producto. Tostamos y distribuimos caf\u00e9 molido, en grano y c\u00e1psulas para disfrutar en casa, en el bar y en la oficina.","potentialAction":[{"@type":"SearchAction","target":{"@type":"EntryPoint","urlTemplate":"https:\/\/www.baque.com\/es\/?s={search_term_string}"},"query-input":{"@type":"PropertyValueSpecification","valueRequired":true,"valueName":"search_term_string"}}],"inLanguage":"en-US"}]}},"_links":{"self":[{"href":"https:\/\/www.baque.com\/en\/wp-json\/wp\/v2\/pages\/2624","targetHints":{"allow":["GET"]}}],"collection":[{"href":"https:\/\/www.baque.com\/en\/wp-json\/wp\/v2\/pages"}],"about":[{"href":"https:\/\/www.baque.com\/en\/wp-json\/wp\/v2\/types\/page"}],"author":[{"embeddable":true,"href":"https:\/\/www.baque.com\/en\/wp-json\/wp\/v2\/users\/1"}],"replies":[{"embeddable":true,"href":"https:\/\/www.baque.com\/en\/wp-json\/wp\/v2\/comments?post=2624"}],"version-history":[{"count":19,"href":"https:\/\/www.baque.com\/en\/wp-json\/wp\/v2\/pages\/2624\/revisions"}],"predecessor-version":[{"id":2862087,"href":"https:\/\/www.baque.com\/en\/wp-json\/wp\/v2\/pages\/2624\/revisions\/2862087"}],"up":[{"embeddable":true,"href":"https:\/\/www.baque.com\/en\/wp-json\/wp\/v2\/pages\/2616"}],"wp:attachment":[{"href":"https:\/\/www.baque.com\/en\/wp-json\/wp\/v2\/media?parent=2624"}],"curies":[{"name":"wp","href":"https:\/\/api.w.org\/{rel}","templated":true}]}}