
{"id":2638,"date":"2018-04-06T10:18:55","date_gmt":"2018-04-06T10:18:55","guid":{"rendered":"http:\/\/www.baque.com\/?page_id=2638"},"modified":"2020-04-16T16:56:01","modified_gmt":"2020-04-16T14:56:01","slug":"summer-drinks","status":"publish","type":"page","link":"https:\/\/www.baque.com\/en\/for-the-catering-industry\/summer-drinks\/","title":{"rendered":"Summer drinks"},"content":{"rendered":"<section  id='bebidas-verano-negocio' class='introtext'><div class='container'>\n<h2>The freshest summer flavours.<\/h2>\n<p class=\"text-center\">Caf\u00e9s Baqu\u00e9 has developed a summer range made up of refreshing drinks with intense and natural flavours, ideal for drinking at any time of the day.<\/p>\n<p class=\"text-center\">Options that are full of colour and sweet and fruity flavours, presented in three different formats:<\/p>\n<p><\/div><\/section><br \/>\n<section  id='tes-infusiones-1' class='videophoto expand nocontainer'><img src='\/wp-content\/themes\/baque\/img\/images\/bebidas-de-verano-negocio.jpg' class='bg' alt='' \/><img src='\/wp-content\/themes\/baque\/img\/images\/bebidas-de-verano-negocio_resp.jpg' class='bgresp' alt='' \/><div class='container'><\/div><\/section><br \/>\n<div class='separator height25' ><\/div><br \/>\n<section  class='productsquares'><div class='container'><br \/>\n<div class='productsquare mainimage' itemscope itemtype='http:\/\/schema.org\/Product'><div class='productsquareimg' ><img src='\/wp-content\/uploads\/2019\/08\/bodegon-ice-teas-02-01-01.jpg' itemprop='image' alt='ICE TEA' \/><\/div><div class='productsquaretext'><h3 itemprop='name'>ICE TEA<\/h3><span itemprop='description'><\/p>\n<p class=\"text-left\">Let our range of iced teas surprise you. A refreshing drink with an intense flavour, with a range of unique flavours: Lemon, Mango, Berry Fruits and Apple.<\/p>\n<table>\n<tbody>\n<tr>\n<th colspan=\"2\"><strong>Technical details:<\/strong><\/th>\n<\/tr>\n<tr>\n<th valign=\"top\">Presentation<\/th>\n<td valign=\"top\">Box with 20 units.<\/td>\n<\/tr>\n<tr>\n<th valign=\"top\">Format<\/th>\n<td valign=\"top\">60 gr. each unit.<\/td>\n<\/tr>\n<\/tbody>\n<\/table>\n<p><span style=\"font-size: inherit;\"><\/p>\n<\/span><\/div><\/div><br \/>\n<\/div><\/section><br \/>\n<div class='separator height50' ><\/div><br \/>\n<section  id='mas-informacion'><div class='container'><br \/>\n<\/span><\/p>\n<h3>REQUEST MORE INFORMATION NOW, WITHOUT ANY OBLIGATION.<\/h3>\n<p><a href='https:\/\/www.baque.com\/en\/contact\/' class='button '>MORE INFORMATION<\/a><br \/>\n<\/div><\/section><\/p>\n","protected":false},"excerpt":{"rendered":"","protected":false},"author":1,"featured_media":0,"parent":2597,"menu_order":50,"comment_status":"closed","ping_status":"closed","template":"","meta":{"_acf_changed":false,"footnotes":""},"class_list":["post-2638","page","type-page","status-publish","hentry"],"acf":[],"yoast_head":"<!-- This site is optimized with the Yoast SEO plugin v27.3 - https:\/\/yoast.com\/product\/yoast-seo-wordpress\/ -->\n<title>Summer drinks for the catering industry, bars and restaurants | Caf\u00e9s Baqu\u00e9<\/title>\n<meta name=\"description\" content=\"Caf\u00e9s Baqu\u00e9 has developed a summer range made up of refreshing drinks with intense and natural flavours, ideal for drinking at any time of the day. Cold or iced versions ranging from teas and citrus infusions to smoothies made from the most delicious fruit and the creamiest frapp\u00e9s.\" \/>\n<meta name=\"robots\" content=\"index, follow, max-snippet:-1, max-image-preview:large, max-video-preview:-1\" \/>\n<meta property=\"og:locale\" content=\"en_US\" \/>\n<meta property=\"og:type\" content=\"article\" \/>\n<meta property=\"og:title\" content=\"Summer drinks for the catering industry, bars and restaurants | Caf\u00e9s Baqu\u00e9\" \/>\n<meta property=\"og:description\" content=\"Caf\u00e9s Baqu\u00e9 has developed a summer range made up of refreshing drinks with intense and natural flavours, ideal for drinking at any time of the day. Cold or iced versions ranging from teas and citrus infusions to smoothies made from the most delicious fruit and the creamiest frapp\u00e9s.\" \/>\n<meta property=\"og:url\" content=\"https:\/\/www.baque.com\/en\/for-the-catering-industry\/summer-drinks\/\" \/>\n<meta property=\"og:site_name\" content=\"Caf\u00e9s Baqu\u00e9\" \/>\n<meta property=\"article:modified_time\" content=\"2020-04-16T14:56:01+00:00\" \/>\n<meta name=\"twitter:card\" content=\"summary_large_image\" \/>\n<meta name=\"twitter:label1\" content=\"Est. reading time\" \/>\n\t<meta name=\"twitter:data1\" content=\"1 minute\" \/>\n<script type=\"application\/ld+json\" class=\"yoast-schema-graph\">{\"@context\":\"https:\\\/\\\/schema.org\",\"@graph\":[{\"@type\":\"WebPage\",\"@id\":\"https:\\\/\\\/www.baque.com\\\/en\\\/for-the-catering-industry\\\/summer-drinks\\\/\",\"url\":\"https:\\\/\\\/www.baque.com\\\/en\\\/for-the-catering-industry\\\/summer-drinks\\\/\",\"name\":\"Summer drinks for the catering industry, bars and restaurants | Caf\u00e9s Baqu\u00e9\",\"isPartOf\":{\"@id\":\"https:\\\/\\\/www.baque.com\\\/es\\\/#website\"},\"datePublished\":\"2018-04-06T10:18:55+00:00\",\"dateModified\":\"2020-04-16T14:56:01+00:00\",\"description\":\"Caf\u00e9s Baqu\u00e9 has developed a summer range made up of refreshing drinks with intense and natural flavours, ideal for drinking at any time of the day. Cold or iced versions ranging from teas and citrus infusions to smoothies made from the most delicious fruit and the creamiest frapp\u00e9s.\",\"breadcrumb\":{\"@id\":\"https:\\\/\\\/www.baque.com\\\/en\\\/for-the-catering-industry\\\/summer-drinks\\\/#breadcrumb\"},\"inLanguage\":\"en-US\",\"potentialAction\":[{\"@type\":\"ReadAction\",\"target\":[\"https:\\\/\\\/www.baque.com\\\/en\\\/for-the-catering-industry\\\/summer-drinks\\\/\"]}]},{\"@type\":\"BreadcrumbList\",\"@id\":\"https:\\\/\\\/www.baque.com\\\/en\\\/for-the-catering-industry\\\/summer-drinks\\\/#breadcrumb\",\"itemListElement\":[{\"@type\":\"ListItem\",\"position\":1,\"name\":\"Portada\",\"item\":\"https:\\\/\\\/www.baque.com\\\/en\\\/\"},{\"@type\":\"ListItem\",\"position\":2,\"name\":\"Solutions for your business\",\"item\":\"https:\\\/\\\/www.baque.com\\\/en\\\/for-the-catering-industry\\\/\"},{\"@type\":\"ListItem\",\"position\":3,\"name\":\"Summer drinks\"}]},{\"@type\":\"WebSite\",\"@id\":\"https:\\\/\\\/www.baque.com\\\/es\\\/#website\",\"url\":\"https:\\\/\\\/www.baque.com\\\/es\\\/\",\"name\":\"Caf\u00e9s Baqu\u00e9\",\"description\":\"Somos l\u00edderes en hosteler\u00eda en Pa\u00eds Vasco y La Rioja y una de las marcas m\u00e1s reconocidas en el mercado nacional. Somos una empresa familiar en constante innovaci\u00f3n en el producto. Tostamos y distribuimos caf\u00e9 molido, en grano y c\u00e1psulas para disfrutar en casa, en el bar y en la oficina.\",\"potentialAction\":[{\"@type\":\"SearchAction\",\"target\":{\"@type\":\"EntryPoint\",\"urlTemplate\":\"https:\\\/\\\/www.baque.com\\\/es\\\/?s={search_term_string}\"},\"query-input\":{\"@type\":\"PropertyValueSpecification\",\"valueRequired\":true,\"valueName\":\"search_term_string\"}}],\"inLanguage\":\"en-US\"}]}<\/script>\n<!-- \/ Yoast SEO plugin. -->","yoast_head_json":{"title":"Summer drinks for the catering industry, bars and restaurants | Caf\u00e9s Baqu\u00e9","description":"Caf\u00e9s Baqu\u00e9 has developed a summer range made up of refreshing drinks with intense and natural flavours, ideal for drinking at any time of the day. Cold or iced versions ranging from teas and citrus infusions to smoothies made from the most delicious fruit and the creamiest frapp\u00e9s.","robots":{"index":"index","follow":"follow","max-snippet":"max-snippet:-1","max-image-preview":"max-image-preview:large","max-video-preview":"max-video-preview:-1"},"og_locale":"en_US","og_type":"article","og_title":"Summer drinks for the catering industry, bars and restaurants | Caf\u00e9s Baqu\u00e9","og_description":"Caf\u00e9s Baqu\u00e9 has developed a summer range made up of refreshing drinks with intense and natural flavours, ideal for drinking at any time of the day. Cold or iced versions ranging from teas and citrus infusions to smoothies made from the most delicious fruit and the creamiest frapp\u00e9s.","og_url":"https:\/\/www.baque.com\/en\/for-the-catering-industry\/summer-drinks\/","og_site_name":"Caf\u00e9s Baqu\u00e9","article_modified_time":"2020-04-16T14:56:01+00:00","twitter_card":"summary_large_image","twitter_misc":{"Est. reading time":"1 minute"},"schema":{"@context":"https:\/\/schema.org","@graph":[{"@type":"WebPage","@id":"https:\/\/www.baque.com\/en\/for-the-catering-industry\/summer-drinks\/","url":"https:\/\/www.baque.com\/en\/for-the-catering-industry\/summer-drinks\/","name":"Summer drinks for the catering industry, bars and restaurants | Caf\u00e9s Baqu\u00e9","isPartOf":{"@id":"https:\/\/www.baque.com\/es\/#website"},"datePublished":"2018-04-06T10:18:55+00:00","dateModified":"2020-04-16T14:56:01+00:00","description":"Caf\u00e9s Baqu\u00e9 has developed a summer range made up of refreshing drinks with intense and natural flavours, ideal for drinking at any time of the day. Cold or iced versions ranging from teas and citrus infusions to smoothies made from the most delicious fruit and the creamiest frapp\u00e9s.","breadcrumb":{"@id":"https:\/\/www.baque.com\/en\/for-the-catering-industry\/summer-drinks\/#breadcrumb"},"inLanguage":"en-US","potentialAction":[{"@type":"ReadAction","target":["https:\/\/www.baque.com\/en\/for-the-catering-industry\/summer-drinks\/"]}]},{"@type":"BreadcrumbList","@id":"https:\/\/www.baque.com\/en\/for-the-catering-industry\/summer-drinks\/#breadcrumb","itemListElement":[{"@type":"ListItem","position":1,"name":"Portada","item":"https:\/\/www.baque.com\/en\/"},{"@type":"ListItem","position":2,"name":"Solutions for your business","item":"https:\/\/www.baque.com\/en\/for-the-catering-industry\/"},{"@type":"ListItem","position":3,"name":"Summer drinks"}]},{"@type":"WebSite","@id":"https:\/\/www.baque.com\/es\/#website","url":"https:\/\/www.baque.com\/es\/","name":"Caf\u00e9s Baqu\u00e9","description":"Somos l\u00edderes en hosteler\u00eda en Pa\u00eds Vasco y La Rioja y una de las marcas m\u00e1s reconocidas en el mercado nacional. Somos una empresa familiar en constante innovaci\u00f3n en el producto. Tostamos y distribuimos caf\u00e9 molido, en grano y c\u00e1psulas para disfrutar en casa, en el bar y en la oficina.","potentialAction":[{"@type":"SearchAction","target":{"@type":"EntryPoint","urlTemplate":"https:\/\/www.baque.com\/es\/?s={search_term_string}"},"query-input":{"@type":"PropertyValueSpecification","valueRequired":true,"valueName":"search_term_string"}}],"inLanguage":"en-US"}]}},"_links":{"self":[{"href":"https:\/\/www.baque.com\/en\/wp-json\/wp\/v2\/pages\/2638","targetHints":{"allow":["GET"]}}],"collection":[{"href":"https:\/\/www.baque.com\/en\/wp-json\/wp\/v2\/pages"}],"about":[{"href":"https:\/\/www.baque.com\/en\/wp-json\/wp\/v2\/types\/page"}],"author":[{"embeddable":true,"href":"https:\/\/www.baque.com\/en\/wp-json\/wp\/v2\/users\/1"}],"replies":[{"embeddable":true,"href":"https:\/\/www.baque.com\/en\/wp-json\/wp\/v2\/comments?post=2638"}],"version-history":[{"count":5,"href":"https:\/\/www.baque.com\/en\/wp-json\/wp\/v2\/pages\/2638\/revisions"}],"predecessor-version":[{"id":18774,"href":"https:\/\/www.baque.com\/en\/wp-json\/wp\/v2\/pages\/2638\/revisions\/18774"}],"up":[{"embeddable":true,"href":"https:\/\/www.baque.com\/en\/wp-json\/wp\/v2\/pages\/2597"}],"wp:attachment":[{"href":"https:\/\/www.baque.com\/en\/wp-json\/wp\/v2\/media?parent=2638"}],"curies":[{"name":"wp","href":"https:\/\/api.w.org\/{rel}","templated":true}]}}