
{"id":2646,"date":"2018-04-06T10:23:15","date_gmt":"2018-04-06T10:23:15","guid":{"rendered":"http:\/\/www.baque.com\/?page_id=2646"},"modified":"2026-02-23T16:26:03","modified_gmt":"2026-02-23T15:26:03","slug":"sweeteners","status":"publish","type":"page","link":"https:\/\/www.baque.com\/en\/for-the-catering-industry\/sweeteners\/","title":{"rendered":"Sweeteners for the catering industry"},"content":{"rendered":"<section  id='endulzantes-negocio' class='introtext'><div class='container'>\r\n<h2>For those that wish to add a hint of sweetness to their drinks.<\/h2>\r\n<p class=\"text-center\">We offer a complete range of sweeteners that cover all the needs of the market, so that you can offer your customers the option of adding a hint of sweetness to their drinks.<\/p>\r\n<p class=\"text-center\">A wide assortment that adapts to the different needs of consumers today, ranging from traditional sugar to the new 100% natural stevia. In addition, the whole range is presented in individual packaging that guarantees hygiene and the perfect preservation of the product.<\/p>\r\n<p><\/div><\/section> <section  id='endulzantes-negocio-1' class='videophoto expand nocontainer'><img src='\/wp-content\/themes\/baque\/img\/images\/endulzantes-negocio.jpg' class='bg' alt='' \/><img src='\/wp-content\/themes\/baque\/img\/images\/endulzantes-negocio_resp.jpg' class='bgresp' alt='' \/><div class='container'><\/div><\/section><br \/><div class='separator height25' ><\/div> <section  class='productsquares'><div class='container'> <div class='productsquare' itemscope itemtype='http:\/\/schema.org\/Product'><div class='productsquareimg' ><img src='\/wp-content\/uploads\/2026\/02\/azucar_reciclable_2026-scaled.jpg' itemprop='image' alt='WHITE SUGAR in 100% RECYCLABLE PAPER' \/><\/div><div class='productsquaretext'><h3 itemprop='name'>WHITE SUGAR in 100% RECYCLABLE PAPER<\/h3><span itemprop='description'><\/p>\r\n<p class=\"text-left\">Sugar in eco-friendly paper sachets.<\/p>\r\n<table>\r\n<tbody>\r\n<tr>\r\n<th colspan=\"2\"><strong>Technical details:<\/strong><\/th>\r\n<\/tr>\r\n<tr>\r\n<th valign=\"top\">Presentation<\/th>\r\n<td valign=\"top\">Cardboard box.<\/td>\r\n<\/tr>\r\n<tr>\r\n<th valign=\"top\">Format<\/th>\r\n<td valign=\"top\">3, 5 and 7 g.<\/td>\r\n<\/tr>\r\n<\/tbody>\r\n<\/table>\r\n<p><\/span><\/div><\/div> <div class='productsquare' itemscope itemtype='http:\/\/schema.org\/Product'><div class='productsquareimg' ><img src='\/wp-content\/uploads\/2026\/02\/sobre_edulcorante_2026.png' itemprop='image' alt='ARTIFICIAL SWEETENER' \/><\/div><div class='productsquaretext'><h3 itemprop='name'>ARTIFICIAL SWEETENER<\/h3><span itemprop='description'><\/p>\n<p class=\"text-left\">With less calories and suitable for diabetics. Our artificial sweetener is perceived by consumers as one of the best on the market in terms of quality.<\/p>\n<table>\n<tbody>\n<tr>\n<th colspan=\"2\"><strong>Technical details:<\/strong><\/th>\n<\/tr>\n<tr>\n<th valign=\"top\">Presentation<\/th>\n<td valign=\"top\">Cardboard dispenser box.<\/td>\n<\/tr>\n<tr>\n<th valign=\"top\">Format<\/th>\n<td valign=\"top\">500 units per box.<\/td>\n<\/tr>\n<\/tbody>\n<\/table>\n<p>\n<\/span><\/div><\/div> <\/div><\/section> <section  class='productsquares'><div class='container'> <div class='productsquare' itemscope itemtype='http:\/\/schema.org\/Product'><div class='productsquareimg' ><img src='\/wp-content\/uploads\/2025\/10\/Azucar-Moreno-Back-CAST.jpg' itemprop='image' alt='BROWN SUGAR' \/><\/div><div class='productsquaretext'><h3 itemprop='name'>BROWN SUGAR<\/h3><span itemprop='description'><\/p>\n<p class=\"text-left\">With less calories than white sugar, it is ideal for maintaining a balanced diet.<\/p>\n<table>\n<tbody>\n<tr>\n<th colspan=\"2\"><strong>Technical details:<\/strong><\/th>\n<\/tr>\n<tr>\n<th valign=\"top\">Presentation<\/th>\n<td valign=\"top\">Cardboard box.<\/td>\n<\/tr>\n<tr>\n<th valign=\"top\">Format<\/th>\n<td valign=\"top\">400 sachets of 8 g.<\/td>\n<\/tr>\n<\/tbody>\n<\/table>\n<p>\n<\/span><\/div><\/div> <div class='productsquare' itemscope itemtype='http:\/\/schema.org\/Product'><div class='productsquareimg' ><img src='\/wp-content\/uploads\/2026\/02\/sobre_stevia_2026.png' itemprop='image' alt='STEVIA' \/><\/div><div class='productsquaretext'><h3 itemprop='name'>STEVIA<\/h3><span itemprop='description'><\/p>\n<p class=\"text-left\">100% natural sweetener with 0 calories. Suitable for diabetics and ideal for those who wish to follow a balanced diet without giving up sweet things.<\/p>\n<table>\n<tbody>\n<tr>\n<th colspan=\"2\"><strong>Technical details:<\/strong><\/th>\n<\/tr>\n<tr>\n<th valign=\"top\">Presentation<\/th>\n<td valign=\"top\">Cardboard box.<\/td>\n<\/tr>\n<tr>\n<th valign=\"top\">Format<\/th>\n<td valign=\"top\">40 units per box.<\/td>\n<\/tr>\n<\/tbody>\n<\/table>\n<p>\n<\/span><\/div><\/div> <\/div><\/section> <section  class='productsquares'><div class='container'> <div class='productsquare' itemscope itemtype='http:\/\/schema.org\/Product'><div class='productsquareimg' ><img src='\/wp-content\/uploads\/2021\/12\/Sobre-panela-fondo-blanco-1.jpg' itemprop='image' alt='PANELA' \/><\/div><div class='productsquaretext'><h3 itemprop='name'>PANELA<\/h3><span itemprop='description'><\/p>\n<p class=\"text-left\">Panela is a more natural sweetener than white or brown sugar, as it has not been refined and still retains its nutrients, which is why it is considered a healthier and more nutritious alternative.<\/p>\n<table>\n<tbody>\n<tr>\n<th colspan=\"2\"><strong>Technical details:<\/strong><\/th>\n<\/tr>\n<tr>\n<th valign=\"top\">Presentation<\/th>\n<td valign=\"top\">Cardboard box.<\/td>\n<\/tr>\n<tr>\n<th valign=\"top\">Format5<\/th>\n<td valign=\"top\">500 sachets of 5 g.<\/td>\n<\/tr>\n<\/tbody>\n<\/table>\n<p>\n<\/span><\/div><\/div> <div class='productsquare' itemscope itemtype='http:\/\/schema.org\/Product'><div class='productsquareimg' ><img src='\/wp-content\/uploads\/2026\/02\/sobre_canela_2026.jpg' itemprop='image' alt='CINNAMON' \/><\/div><div class='productsquaretext'><h3 itemprop='name'>CINNAMON<\/h3><span itemprop='description'><\/p>\n<p class=\"text-left\">It provides a subtle sweetness that allows for a reduction in the use of sugar or sweeteners in coffee. Our Ceylon-origin cinnamon stands out for its superior organoleptic profile.<\/p>\n<table>\n<tbody>\n<tr>\n<th colspan=\"2\"><strong>Technical details:<\/strong><\/th>\n<\/tr>\n<tr>\n<th valign=\"top\">Presentation<\/th>\n<td valign=\"top\">Cardboard dispenser box.<\/td>\n<\/tr>\n<tr>\n<th valign=\"top\">Format<\/th>\n<td valign=\"top\">500 units per box.<\/td>\n<\/tr>\n<\/tbody>\n<\/table>\n<p>\n<\/span><\/div><\/div> <\/div><\/section> <section  class='productsquares'><div class='container'> <div class='productsquare' itemscope itemtype='http:\/\/schema.org\/Product'><div class='productsquareimg' ><img src='\/wp-content\/uploads\/2020\/09\/azucar-con-paletina-334x402-1.jpg' itemprop='image' alt='SUGAR SACHET AND COFFE STIRRER' \/><\/div><div class='productsquaretext'><h3 itemprop='name'>SUGAR SACHET AND COFFE STIRRER<\/h3><span itemprop='description'><\/p>\n<p>The sachets are made from polypropylene to guarantee the sugar is fresher and lasts longer. And, to top it all off, they are environmentally friendly.<\/p>\n<table>\n<tbody>\n<tr>\n<th colspan=\"2\"><strong>Technical details:<\/strong><\/th>\n<\/tr>\n<tr>\n<th valign=\"top\">Presentation<\/th>\n<td valign=\"top\">Cardboard box.<\/td>\n<\/tr>\n<tr>\n<th valign=\"top\">Format<\/th>\n<td valign=\"top\">500 units per box.<\/td>\n<\/tr>\n<\/tbody>\n<\/table>\n<p>\n<\/span><\/div><\/div> <div class='productsquare' itemscope itemtype='http:\/\/schema.org\/Product'><div class='productsquareimg' ><img src='\/wp-content\/uploads\/2018\/10\/azucar-ecologico.jpg' itemprop='image' alt='ORGANIC SUGAR' \/><\/div><div class='productsquaretext'><h3 itemprop='name'>ORGANIC SUGAR<\/h3><span itemprop='description'><\/p>\n<p>Organic cane sugar. Ideal to sweeten the morning coffe.\u00a0<\/p>\n<table>\n<tbody>\n<tr>\n<th colspan=\"2\"><strong>Technical details:<\/strong><\/th>\n<\/tr>\n<tr>\n<th valign=\"top\">Presentation<\/th>\n<td valign=\"top\">Cardboard box.<\/td>\n<\/tr>\n<tr>\n<th valign=\"top\">Format<\/th>\n<td valign=\"top\">750 sachets of 5 g.<\/td>\n<\/tr>\n<\/tbody>\n<\/table>\n<p>\n<\/span><\/div><\/div> <\/div><\/section> <div class='separator height50' ><\/div> <section  id='mas-informacion'><div class='container'><\/p>\r\n<h3>REQUEST MORE INFORMATION NOW, WITHOUT ANY OBLIGATION.<\/h3>\r\n<p><a href='https:\/\/www.baque.com\/en\/contact\/' class='button '>MORE INFORMATION<\/a><br \/><\/div><\/section><\/p>\r\n\r\n<p>&nbsp;<\/p>\r\n","protected":false},"excerpt":{"rendered":"<p>&nbsp;<\/p>\n","protected":false},"author":1,"featured_media":0,"parent":2597,"menu_order":60,"comment_status":"closed","ping_status":"closed","template":"","meta":{"_acf_changed":false,"footnotes":""},"class_list":["post-2646","page","type-page","status-publish","hentry"],"acf":[],"yoast_head":"<!-- This site is optimized with the Yoast SEO plugin v27.3 - https:\/\/yoast.com\/product\/yoast-seo-wordpress\/ -->\n<title>Sweeteners for the catering industry, bars and restaurants | Caf\u00e9s Baqu\u00e9<\/title>\n<meta name=\"description\" content=\"At Caf\u00e9s Baqu\u00e9, we offer a complete range of sweeteners that cover all the needs of the market, so that you can offer your customers the option of adding a hint of sweetness to their drinks.\" \/>\n<meta name=\"robots\" content=\"index, follow, max-snippet:-1, max-image-preview:large, max-video-preview:-1\" \/>\n<meta property=\"og:locale\" content=\"en_US\" \/>\n<meta property=\"og:type\" content=\"article\" \/>\n<meta property=\"og:title\" content=\"Sweeteners for the catering industry, bars and restaurants | Caf\u00e9s Baqu\u00e9\" \/>\n<meta property=\"og:description\" content=\"At Caf\u00e9s Baqu\u00e9, we offer a complete range of sweeteners that cover all the needs of the market, so that you can offer your customers the option of adding a hint of sweetness to their drinks.\" \/>\n<meta property=\"og:url\" content=\"https:\/\/www.baque.com\/en\/for-the-catering-industry\/sweeteners\/\" \/>\n<meta property=\"og:site_name\" content=\"Caf\u00e9s Baqu\u00e9\" \/>\n<meta property=\"article:modified_time\" content=\"2026-02-23T15:26:03+00:00\" \/>\n<meta name=\"twitter:card\" content=\"summary_large_image\" \/>\n<meta name=\"twitter:label1\" content=\"Est. reading time\" \/>\n\t<meta name=\"twitter:data1\" content=\"2 minutes\" \/>\n<script type=\"application\/ld+json\" class=\"yoast-schema-graph\">{\"@context\":\"https:\\\/\\\/schema.org\",\"@graph\":[{\"@type\":\"WebPage\",\"@id\":\"https:\\\/\\\/www.baque.com\\\/en\\\/for-the-catering-industry\\\/sweeteners\\\/\",\"url\":\"https:\\\/\\\/www.baque.com\\\/en\\\/for-the-catering-industry\\\/sweeteners\\\/\",\"name\":\"Sweeteners for the catering industry, bars and restaurants | Caf\u00e9s Baqu\u00e9\",\"isPartOf\":{\"@id\":\"https:\\\/\\\/www.baque.com\\\/es\\\/#website\"},\"datePublished\":\"2018-04-06T10:23:15+00:00\",\"dateModified\":\"2026-02-23T15:26:03+00:00\",\"description\":\"At Caf\u00e9s Baqu\u00e9, we offer a complete range of sweeteners that cover all the needs of the market, so that you can offer your customers the option of adding a hint of sweetness to their drinks.\",\"breadcrumb\":{\"@id\":\"https:\\\/\\\/www.baque.com\\\/en\\\/for-the-catering-industry\\\/sweeteners\\\/#breadcrumb\"},\"inLanguage\":\"en-US\",\"potentialAction\":[{\"@type\":\"ReadAction\",\"target\":[\"https:\\\/\\\/www.baque.com\\\/en\\\/for-the-catering-industry\\\/sweeteners\\\/\"]}]},{\"@type\":\"BreadcrumbList\",\"@id\":\"https:\\\/\\\/www.baque.com\\\/en\\\/for-the-catering-industry\\\/sweeteners\\\/#breadcrumb\",\"itemListElement\":[{\"@type\":\"ListItem\",\"position\":1,\"name\":\"Portada\",\"item\":\"https:\\\/\\\/www.baque.com\\\/en\\\/\"},{\"@type\":\"ListItem\",\"position\":2,\"name\":\"Solutions for your business\",\"item\":\"https:\\\/\\\/www.baque.com\\\/en\\\/for-the-catering-industry\\\/\"},{\"@type\":\"ListItem\",\"position\":3,\"name\":\"Sweeteners for the catering industry\"}]},{\"@type\":\"WebSite\",\"@id\":\"https:\\\/\\\/www.baque.com\\\/es\\\/#website\",\"url\":\"https:\\\/\\\/www.baque.com\\\/es\\\/\",\"name\":\"Caf\u00e9s Baqu\u00e9\",\"description\":\"Somos l\u00edderes en hosteler\u00eda en Pa\u00eds Vasco y La Rioja y una de las marcas m\u00e1s reconocidas en el mercado nacional. Somos una empresa familiar en constante innovaci\u00f3n en el producto. Tostamos y distribuimos caf\u00e9 molido, en grano y c\u00e1psulas para disfrutar en casa, en el bar y en la oficina.\",\"potentialAction\":[{\"@type\":\"SearchAction\",\"target\":{\"@type\":\"EntryPoint\",\"urlTemplate\":\"https:\\\/\\\/www.baque.com\\\/es\\\/?s={search_term_string}\"},\"query-input\":{\"@type\":\"PropertyValueSpecification\",\"valueRequired\":true,\"valueName\":\"search_term_string\"}}],\"inLanguage\":\"en-US\"}]}<\/script>\n<!-- \/ Yoast SEO plugin. -->","yoast_head_json":{"title":"Sweeteners for the catering industry, bars and restaurants | Caf\u00e9s Baqu\u00e9","description":"At Caf\u00e9s Baqu\u00e9, we offer a complete range of sweeteners that cover all the needs of the market, so that you can offer your customers the option of adding a hint of sweetness to their drinks.","robots":{"index":"index","follow":"follow","max-snippet":"max-snippet:-1","max-image-preview":"max-image-preview:large","max-video-preview":"max-video-preview:-1"},"og_locale":"en_US","og_type":"article","og_title":"Sweeteners for the catering industry, bars and restaurants | Caf\u00e9s Baqu\u00e9","og_description":"At Caf\u00e9s Baqu\u00e9, we offer a complete range of sweeteners that cover all the needs of the market, so that you can offer your customers the option of adding a hint of sweetness to their drinks.","og_url":"https:\/\/www.baque.com\/en\/for-the-catering-industry\/sweeteners\/","og_site_name":"Caf\u00e9s Baqu\u00e9","article_modified_time":"2026-02-23T15:26:03+00:00","twitter_card":"summary_large_image","twitter_misc":{"Est. reading time":"2 minutes"},"schema":{"@context":"https:\/\/schema.org","@graph":[{"@type":"WebPage","@id":"https:\/\/www.baque.com\/en\/for-the-catering-industry\/sweeteners\/","url":"https:\/\/www.baque.com\/en\/for-the-catering-industry\/sweeteners\/","name":"Sweeteners for the catering industry, bars and restaurants | Caf\u00e9s Baqu\u00e9","isPartOf":{"@id":"https:\/\/www.baque.com\/es\/#website"},"datePublished":"2018-04-06T10:23:15+00:00","dateModified":"2026-02-23T15:26:03+00:00","description":"At Caf\u00e9s Baqu\u00e9, we offer a complete range of sweeteners that cover all the needs of the market, so that you can offer your customers the option of adding a hint of sweetness to their drinks.","breadcrumb":{"@id":"https:\/\/www.baque.com\/en\/for-the-catering-industry\/sweeteners\/#breadcrumb"},"inLanguage":"en-US","potentialAction":[{"@type":"ReadAction","target":["https:\/\/www.baque.com\/en\/for-the-catering-industry\/sweeteners\/"]}]},{"@type":"BreadcrumbList","@id":"https:\/\/www.baque.com\/en\/for-the-catering-industry\/sweeteners\/#breadcrumb","itemListElement":[{"@type":"ListItem","position":1,"name":"Portada","item":"https:\/\/www.baque.com\/en\/"},{"@type":"ListItem","position":2,"name":"Solutions for your business","item":"https:\/\/www.baque.com\/en\/for-the-catering-industry\/"},{"@type":"ListItem","position":3,"name":"Sweeteners for the catering industry"}]},{"@type":"WebSite","@id":"https:\/\/www.baque.com\/es\/#website","url":"https:\/\/www.baque.com\/es\/","name":"Caf\u00e9s Baqu\u00e9","description":"Somos l\u00edderes en hosteler\u00eda en Pa\u00eds Vasco y La Rioja y una de las marcas m\u00e1s reconocidas en el mercado nacional. Somos una empresa familiar en constante innovaci\u00f3n en el producto. Tostamos y distribuimos caf\u00e9 molido, en grano y c\u00e1psulas para disfrutar en casa, en el bar y en la oficina.","potentialAction":[{"@type":"SearchAction","target":{"@type":"EntryPoint","urlTemplate":"https:\/\/www.baque.com\/es\/?s={search_term_string}"},"query-input":{"@type":"PropertyValueSpecification","valueRequired":true,"valueName":"search_term_string"}}],"inLanguage":"en-US"}]}},"_links":{"self":[{"href":"https:\/\/www.baque.com\/en\/wp-json\/wp\/v2\/pages\/2646","targetHints":{"allow":["GET"]}}],"collection":[{"href":"https:\/\/www.baque.com\/en\/wp-json\/wp\/v2\/pages"}],"about":[{"href":"https:\/\/www.baque.com\/en\/wp-json\/wp\/v2\/types\/page"}],"author":[{"embeddable":true,"href":"https:\/\/www.baque.com\/en\/wp-json\/wp\/v2\/users\/1"}],"replies":[{"embeddable":true,"href":"https:\/\/www.baque.com\/en\/wp-json\/wp\/v2\/comments?post=2646"}],"version-history":[{"count":18,"href":"https:\/\/www.baque.com\/en\/wp-json\/wp\/v2\/pages\/2646\/revisions"}],"predecessor-version":[{"id":3961987,"href":"https:\/\/www.baque.com\/en\/wp-json\/wp\/v2\/pages\/2646\/revisions\/3961987"}],"up":[{"embeddable":true,"href":"https:\/\/www.baque.com\/en\/wp-json\/wp\/v2\/pages\/2597"}],"wp:attachment":[{"href":"https:\/\/www.baque.com\/en\/wp-json\/wp\/v2\/media?parent=2646"}],"curies":[{"name":"wp","href":"https:\/\/api.w.org\/{rel}","templated":true}]}}