
{"id":2652,"date":"2018-04-06T10:24:52","date_gmt":"2018-04-06T10:24:52","guid":{"rendered":"http:\/\/www.baque.com\/?page_id=2652"},"modified":"2018-07-09T10:14:54","modified_gmt":"2018-07-09T08:14:54","slug":"basic","status":"publish","type":"page","link":"https:\/\/www.baque.com\/en\/at-home\/teas-infusions\/basic\/","title":{"rendered":"Basic"},"content":{"rendered":"<section  id='basicas' class='introtext'><div class='container'>\n<h2>The flavour for enjoying key moments.<\/h2>\n<p class=\"text-center\">Traditional teas and infusions of the highest quality.<\/p>\n<p class=\"text-center\"><strong>Infusions that are ideal for lovers of all things natural.<\/strong> They are presented in individual tea bags that are hermetically sealed, guaranteeing a perfect preservation of their aromas and improved freshness.<\/p>\n<p><\/div><\/section><br \/>\n<section  id='basicas-1' class='videophoto expand nocontainer'><img src='\/wp-content\/themes\/baque\/img\/images\/basicas.jpg' class='bg' alt='' \/><img src='\/wp-content\/themes\/baque\/img\/images\/basicas_resp.jpg' class='bgresp' alt='' \/><div class='container'><\/div><\/section><br \/>\n<section  id='basicas-2' class='products expand products1'><div class='container'><br \/>\n\t<div class='product' itemscope itemtype='http:\/\/schema.org\/Product'>\n\t\t\t<div><img itemprop='image' src='\/wp-content\/themes\/baque\/img\/productos\/basicas-baque.png' alt='BASIC' \/><\/div>\n\t\t\t<h3 itemprop='name'>BASIC<\/h3>\t<a href='\/es\/comprar\/tes-infusiones\/basicas\/' class='button'>BUY NOW<\/a><\/div><br \/>\n<\/div><\/section><br \/>\n<section  id='basicas-3' class='squares videophoto cols3 borderwhite borderwhitefooter'><br \/>\n\t<div  class='square nocontainer'>\n\t\t\t<img src='\/wp-content\/themes\/baque\/img\/images\/basicas-1.jpg' class='bg withoutbgresp' alt='' \/>\n\t\t\t\n\t\t\t<div class='container'>\n\t\t\t\t\n\t\t\t<\/div>\n\t\t<\/div><br \/>\n\t<div  class='square nocontainer'>\n\t\t\t<img src='\/wp-content\/themes\/baque\/img\/images\/basicas-2.jpg' class='bg withoutbgresp' alt='' \/>\n\t\t\t\n\t\t\t<div class='container'>\n\t\t\t\t\n\t\t\t<\/div>\n\t\t<\/div><br \/>\n\t<div  class='square nocontainer'>\n\t\t\t<img src='\/wp-content\/themes\/baque\/img\/images\/basicas-3.jpg' class='bg withoutbgresp' alt='' \/>\n\t\t\t\n\t\t\t<div class='container'>\n\t\t\t\t\n\t\t\t<\/div>\n\t\t<\/div><br \/>\n<\/section><\/p>\n","protected":false},"excerpt":{"rendered":"","protected":false},"author":1,"featured_media":0,"parent":2643,"menu_order":20,"comment_status":"closed","ping_status":"closed","template":"","meta":{"_acf_changed":false,"footnotes":""},"class_list":["post-2652","page","type-page","status-publish","hentry"],"acf":[],"yoast_head":"<!-- This site is optimized with the Yoast SEO plugin v27.3 - https:\/\/yoast.com\/product\/yoast-seo-wordpress\/ -->\n<title>Infusions full of flavour | Buy infusions for at home | Caf\u00e9s Baqu\u00e9<\/title>\n<meta name=\"description\" content=\"Infusions that are ideal for lovers of all things natural. They are presented in individual tea bags that are hermetically sealed, guaranteeing a perfect preservation of their aromas and improved freshness.\" \/>\n<meta name=\"robots\" content=\"index, follow, max-snippet:-1, max-image-preview:large, max-video-preview:-1\" \/>\n<meta property=\"og:locale\" content=\"en_US\" \/>\n<meta property=\"og:type\" content=\"article\" \/>\n<meta property=\"og:title\" content=\"Infusions full of flavour | Buy infusions for at home | Caf\u00e9s Baqu\u00e9\" \/>\n<meta property=\"og:description\" content=\"Infusions that are ideal for lovers of all things natural. They are presented in individual tea bags that are hermetically sealed, guaranteeing a perfect preservation of their aromas and improved freshness.\" \/>\n<meta property=\"og:url\" content=\"https:\/\/www.baque.com\/en\/at-home\/teas-infusions\/basic\/\" \/>\n<meta property=\"og:site_name\" content=\"Caf\u00e9s Baqu\u00e9\" \/>\n<meta property=\"article:modified_time\" content=\"2018-07-09T08:14:54+00:00\" \/>\n<meta name=\"twitter:card\" content=\"summary_large_image\" \/>\n<meta name=\"twitter:label1\" content=\"Est. reading time\" \/>\n\t<meta name=\"twitter:data1\" content=\"1 minute\" \/>\n<script type=\"application\/ld+json\" class=\"yoast-schema-graph\">{\"@context\":\"https:\\\/\\\/schema.org\",\"@graph\":[{\"@type\":\"WebPage\",\"@id\":\"https:\\\/\\\/www.baque.com\\\/en\\\/at-home\\\/teas-infusions\\\/basic\\\/\",\"url\":\"https:\\\/\\\/www.baque.com\\\/en\\\/at-home\\\/teas-infusions\\\/basic\\\/\",\"name\":\"Infusions full of flavour | Buy infusions for at home | Caf\u00e9s Baqu\u00e9\",\"isPartOf\":{\"@id\":\"https:\\\/\\\/www.baque.com\\\/es\\\/#website\"},\"datePublished\":\"2018-04-06T10:24:52+00:00\",\"dateModified\":\"2018-07-09T08:14:54+00:00\",\"description\":\"Infusions that are ideal for lovers of all things natural. They are presented in individual tea bags that are hermetically sealed, guaranteeing a perfect preservation of their aromas and improved freshness.\",\"breadcrumb\":{\"@id\":\"https:\\\/\\\/www.baque.com\\\/en\\\/at-home\\\/teas-infusions\\\/basic\\\/#breadcrumb\"},\"inLanguage\":\"en-US\",\"potentialAction\":[{\"@type\":\"ReadAction\",\"target\":[\"https:\\\/\\\/www.baque.com\\\/en\\\/at-home\\\/teas-infusions\\\/basic\\\/\"]}]},{\"@type\":\"BreadcrumbList\",\"@id\":\"https:\\\/\\\/www.baque.com\\\/en\\\/at-home\\\/teas-infusions\\\/basic\\\/#breadcrumb\",\"itemListElement\":[{\"@type\":\"ListItem\",\"position\":1,\"name\":\"Portada\",\"item\":\"https:\\\/\\\/www.baque.com\\\/en\\\/\"},{\"@type\":\"ListItem\",\"position\":2,\"name\":\"At home\",\"item\":\"https:\\\/\\\/www.baque.com\\\/en\\\/at-home\\\/\"},{\"@type\":\"ListItem\",\"position\":3,\"name\":\"Teas | Teas to enjoy at home | Caf\u00e9s Baqu\u00e9\",\"item\":\"https:\\\/\\\/www.baque.com\\\/en\\\/at-home\\\/teas-infusions\\\/\"},{\"@type\":\"ListItem\",\"position\":4,\"name\":\"Basic\"}]},{\"@type\":\"WebSite\",\"@id\":\"https:\\\/\\\/www.baque.com\\\/es\\\/#website\",\"url\":\"https:\\\/\\\/www.baque.com\\\/es\\\/\",\"name\":\"Caf\u00e9s Baqu\u00e9\",\"description\":\"Somos l\u00edderes en hosteler\u00eda en Pa\u00eds Vasco y La Rioja y una de las marcas m\u00e1s reconocidas en el mercado nacional. Somos una empresa familiar en constante innovaci\u00f3n en el producto. Tostamos y distribuimos caf\u00e9 molido, en grano y c\u00e1psulas para disfrutar en casa, en el bar y en la oficina.\",\"potentialAction\":[{\"@type\":\"SearchAction\",\"target\":{\"@type\":\"EntryPoint\",\"urlTemplate\":\"https:\\\/\\\/www.baque.com\\\/es\\\/?s={search_term_string}\"},\"query-input\":{\"@type\":\"PropertyValueSpecification\",\"valueRequired\":true,\"valueName\":\"search_term_string\"}}],\"inLanguage\":\"en-US\"}]}<\/script>\n<!-- \/ Yoast SEO plugin. -->","yoast_head_json":{"title":"Infusions full of flavour | Buy infusions for at home | Caf\u00e9s Baqu\u00e9","description":"Infusions that are ideal for lovers of all things natural. They are presented in individual tea bags that are hermetically sealed, guaranteeing a perfect preservation of their aromas and improved freshness.","robots":{"index":"index","follow":"follow","max-snippet":"max-snippet:-1","max-image-preview":"max-image-preview:large","max-video-preview":"max-video-preview:-1"},"og_locale":"en_US","og_type":"article","og_title":"Infusions full of flavour | Buy infusions for at home | Caf\u00e9s Baqu\u00e9","og_description":"Infusions that are ideal for lovers of all things natural. They are presented in individual tea bags that are hermetically sealed, guaranteeing a perfect preservation of their aromas and improved freshness.","og_url":"https:\/\/www.baque.com\/en\/at-home\/teas-infusions\/basic\/","og_site_name":"Caf\u00e9s Baqu\u00e9","article_modified_time":"2018-07-09T08:14:54+00:00","twitter_card":"summary_large_image","twitter_misc":{"Est. reading time":"1 minute"},"schema":{"@context":"https:\/\/schema.org","@graph":[{"@type":"WebPage","@id":"https:\/\/www.baque.com\/en\/at-home\/teas-infusions\/basic\/","url":"https:\/\/www.baque.com\/en\/at-home\/teas-infusions\/basic\/","name":"Infusions full of flavour | Buy infusions for at home | Caf\u00e9s Baqu\u00e9","isPartOf":{"@id":"https:\/\/www.baque.com\/es\/#website"},"datePublished":"2018-04-06T10:24:52+00:00","dateModified":"2018-07-09T08:14:54+00:00","description":"Infusions that are ideal for lovers of all things natural. They are presented in individual tea bags that are hermetically sealed, guaranteeing a perfect preservation of their aromas and improved freshness.","breadcrumb":{"@id":"https:\/\/www.baque.com\/en\/at-home\/teas-infusions\/basic\/#breadcrumb"},"inLanguage":"en-US","potentialAction":[{"@type":"ReadAction","target":["https:\/\/www.baque.com\/en\/at-home\/teas-infusions\/basic\/"]}]},{"@type":"BreadcrumbList","@id":"https:\/\/www.baque.com\/en\/at-home\/teas-infusions\/basic\/#breadcrumb","itemListElement":[{"@type":"ListItem","position":1,"name":"Portada","item":"https:\/\/www.baque.com\/en\/"},{"@type":"ListItem","position":2,"name":"At home","item":"https:\/\/www.baque.com\/en\/at-home\/"},{"@type":"ListItem","position":3,"name":"Teas | Teas to enjoy at home | Caf\u00e9s Baqu\u00e9","item":"https:\/\/www.baque.com\/en\/at-home\/teas-infusions\/"},{"@type":"ListItem","position":4,"name":"Basic"}]},{"@type":"WebSite","@id":"https:\/\/www.baque.com\/es\/#website","url":"https:\/\/www.baque.com\/es\/","name":"Caf\u00e9s Baqu\u00e9","description":"Somos l\u00edderes en hosteler\u00eda en Pa\u00eds Vasco y La Rioja y una de las marcas m\u00e1s reconocidas en el mercado nacional. Somos una empresa familiar en constante innovaci\u00f3n en el producto. Tostamos y distribuimos caf\u00e9 molido, en grano y c\u00e1psulas para disfrutar en casa, en el bar y en la oficina.","potentialAction":[{"@type":"SearchAction","target":{"@type":"EntryPoint","urlTemplate":"https:\/\/www.baque.com\/es\/?s={search_term_string}"},"query-input":{"@type":"PropertyValueSpecification","valueRequired":true,"valueName":"search_term_string"}}],"inLanguage":"en-US"}]}},"_links":{"self":[{"href":"https:\/\/www.baque.com\/en\/wp-json\/wp\/v2\/pages\/2652","targetHints":{"allow":["GET"]}}],"collection":[{"href":"https:\/\/www.baque.com\/en\/wp-json\/wp\/v2\/pages"}],"about":[{"href":"https:\/\/www.baque.com\/en\/wp-json\/wp\/v2\/types\/page"}],"author":[{"embeddable":true,"href":"https:\/\/www.baque.com\/en\/wp-json\/wp\/v2\/users\/1"}],"replies":[{"embeddable":true,"href":"https:\/\/www.baque.com\/en\/wp-json\/wp\/v2\/comments?post=2652"}],"version-history":[{"count":2,"href":"https:\/\/www.baque.com\/en\/wp-json\/wp\/v2\/pages\/2652\/revisions"}],"predecessor-version":[{"id":4168,"href":"https:\/\/www.baque.com\/en\/wp-json\/wp\/v2\/pages\/2652\/revisions\/4168"}],"up":[{"embeddable":true,"href":"https:\/\/www.baque.com\/en\/wp-json\/wp\/v2\/pages\/2643"}],"wp:attachment":[{"href":"https:\/\/www.baque.com\/en\/wp-json\/wp\/v2\/media?parent=2652"}],"curies":[{"name":"wp","href":"https:\/\/api.w.org\/{rel}","templated":true}]}}