
{"id":2653,"date":"2018-04-06T10:34:36","date_gmt":"2018-04-06T10:34:36","guid":{"rendered":"http:\/\/www.baque.com\/?page_id=2653"},"modified":"2024-05-17T12:14:57","modified_gmt":"2024-05-17T10:14:57","slug":"sweet-treats","status":"publish","type":"page","link":"https:\/\/www.baque.com\/en\/for-the-catering-industry\/sweet-treats\/","title":{"rendered":"Sweet treats for the catering industry"},"content":{"rendered":"<section  id='dulces-negocio' class='introtext'><div class='container'>\n<h2>Make them feel unique<\/h2>\n<p class=\"text-center\">A wide range of complementary products that will make your customers feel unique and special. The small detail that accompanies each cup is the thing that makes us stand out when offering a comprehensive service, one that will make your customers come back time and again.<\/p>\n<p class=\"text-center\">With this in mind, Caf\u00e9s Baqu\u00e9 presents a varied assortment of <strong>delicious and high-quality accompaniments<\/strong>, which are presented in convenient individual packaging, guaranteeing the perfect preservation of the product until the moment of consumption. A small nod to your customers with the guarantee of Caf\u00e9s Baqu\u00e9.<\/p>\n<p><\/div><\/section><br \/>\n<section  id='accesorios-negocio-1' class='videophoto expand nocontainer'><img src='\/wp-content\/themes\/baque\/img\/images\/dulces-negocio.jpg' class='bg' alt='' \/><img src='\/wp-content\/themes\/baque\/img\/images\/dulces-negocio_resp.jpg' class='bgresp' alt='' \/><div class='container'><\/div><\/section><br \/>\n<div class='separator height25' ><\/div><br \/>\n<section  class='productsquares'><div class='container'><br \/>\n<div class='productsquare' itemscope itemtype='http:\/\/schema.org\/Product'><div class='productsquareimg' ><img src='\/wp-content\/uploads\/2020\/04\/Finitas-horizontal-1.jpg' itemprop='image' alt='CINNAMON BISCUITS' \/><\/div><div class='productsquaretext'><h3 itemprop='name'>CINNAMON BISCUITS<\/h3><span itemprop='description'><\/p>\n<p class=\"text-left\">An excellent accompaniment that makes you stand out to your customers. Its cinnamon flavour combines very well with coffee, a delicious accompaniment.<\/p>\n<table>\n<tbody>\n<tr>\n<th colspan=\"2\"><strong>Technical details:<\/strong><\/th>\n<\/tr>\n<tr>\n<th valign=\"top\">Presentation<\/th>\n<td valign=\"top\">Cardboard box.<\/td>\n<\/tr>\n<tr>\n<th valign=\"top\">Format<\/th>\n<td valign=\"top\">300 units per box.<\/td>\n<\/tr>\n<\/tbody>\n<\/table>\n<p>\n<\/span><\/div><\/div><br \/>\n<div class='productsquare' itemscope itemtype='http:\/\/schema.org\/Product'><div class='productsquareimg' ><img src='\/wp-content\/uploads\/2019\/10\/MIX-BOLITAS.jpg' itemprop='image' alt='SELECTION OF MINI CEREAL BALLS' \/><\/div><div class='productsquaretext'><h3 itemprop='name'>SELECTION OF MINI CEREAL BALLS<\/h3><span itemprop='description'><\/p>\n<p class=\"text-left\">A blend of three different crunchy cereal flavours: praline, mocha and Speculoos.<\/p>\n<table>\n<tbody>\n<tr>\n<th colspan=\"2\"><strong>Technical details:<\/strong><\/th>\n<\/tr>\n<tr>\n<th valign=\"top\">Presentation<\/th>\n<td valign=\"top\">Cardboard box.<\/td>\n<\/tr>\n<tr>\n<th valign=\"top\">Format<\/th>\n<td valign=\"top\">200 units per box.<\/td>\n<\/tr>\n<\/tbody>\n<\/table>\n<p>\n<\/span><\/div><\/div><br \/>\n<\/div><\/section><br \/>\n<section  class='productsquares'><div class='container'><br \/>\n<div class='productsquare' itemscope itemtype='http:\/\/schema.org\/Product'><div class='productsquareimg' ><img src='\/wp-content\/uploads\/2022\/10\/24501305_Mini-palmerita-de-hojaldre-scaled.jpg' itemprop='image' alt='MINI PALMIERS' \/><\/div><div class='productsquaretext'><h3 itemprop='name'>MINI PALMIERS<\/h3><span itemprop='description'><\/p>\n<p class=\"text-left\">100% vegetal delicious palmiers, made with puff pastry and individually wrapped; a packaging system that is more convenient, cleaner, quicker and more hygienic, as well as preserving the product perfectly until the moment of consumption. The perfect quality accompaniment to your coffee.<\/p>\n<table>\n<tbody>\n<tr>\n<th colspan=\"2\"><strong>Technical details:<\/strong><\/th>\n<\/tr>\n<tr>\n<th valign=\"top\">Presentation<\/th>\n<td valign=\"top\">Cardboard box.<\/td>\n<\/tr>\n<tr>\n<th valign=\"top\">Format<\/th>\n<td valign=\"top\">235 units per box.<\/td>\n<\/tr>\n<\/tbody>\n<\/table>\n<p>\n<\/span><\/div><\/div><br \/>\n<div class='productsquare' itemscope itemtype='http:\/\/schema.org\/Product'><div class='productsquareimg' ><img src='\/wp-content\/themes\/baque\/img\/productos\/mini-magdalenas-baque.jpg' itemprop='image' alt='MINI MUFFINS' \/><\/div><div class='productsquaretext'><h3 itemprop='name'>MINI MUFFINS<\/h3><span itemprop='description'><\/p>\n<p class=\"text-left\">The best ingredients and accurate baking make these mini muffins tasty, moist and subtle in flavour. Individually wrapped.<\/p>\n<table>\n<tbody>\n<tr>\n<th colspan=\"2\"><strong>Technical details:<\/strong><\/th>\n<\/tr>\n<tr>\n<th valign=\"top\">Presentation<\/th>\n<td valign=\"top\">Cardboard box.<\/td>\n<\/tr>\n<tr>\n<th valign=\"top\">Format<\/th>\n<td valign=\"top\">120 units per box.<\/td>\n<\/tr>\n<\/tbody>\n<\/table>\n<p>\n<\/span><\/div><\/div><br \/>\n<\/div><\/section><br \/>\n<section  class='productsquares'><div class='container'><br \/>\n<div class='productsquare' itemscope itemtype='http:\/\/schema.org\/Product'><div class='productsquareimg' ><img src='\/wp-content\/themes\/baque\/img\/productos\/mix-cookies-baque.jpg' itemprop='image' alt='MIXED BISCUITS' \/><\/div><div class='productsquaretext'><h3 itemprop='name'>MIXED BISCUITS<\/h3><span itemprop='description'><\/p>\n<p class=\"text-left\">A range of quality mini biscuits with three different flavours (lemon, butter and chocolate) that when eaten with your coffee will make for a relaxing and pleasurable experience.<\/p>\n<table>\n<tbody>\n<tr>\n<th colspan=\"2\"><strong>Technical details:<\/strong><\/th>\n<\/tr>\n<tr>\n<th valign=\"top\">Presentation<\/th>\n<td valign=\"top\">Cardboard box.<\/td>\n<\/tr>\n<tr>\n<th valign=\"top\">Format<\/th>\n<td valign=\"top\">200 units per box.<\/td>\n<\/tr>\n<\/tbody>\n<\/table>\n<p>\n<\/span><\/div><\/div><br \/>\n<div class='productsquare' itemscope itemtype='http:\/\/schema.org\/Product'><div class='productsquareimg' ><img src='\/wp-content\/uploads\/2018\/10\/Cookie.org_.-300x300.jpg' itemprop='image' alt='ORGANIC BISCUITS' \/><\/div><div class='productsquaretext'><h3 itemprop='name'>ORGANIC BISCUITS<\/h3><span itemprop='description'><\/p>\n<p class=\"text-left\">Organic vanilla-flavoures biscuits that have been made with ingredients from verified organic sources.<\/p>\n<table>\n<tbody>\n<tr>\n<th colspan=\"2\"><strong>Technical details:<\/strong><\/th>\n<\/tr>\n<tr>\n<th valign=\"top\">Presentation<\/th>\n<td valign=\"top\">Cardboard box.<\/td>\n<\/tr>\n<tr>\n<th valign=\"top\">Format<\/th>\n<td valign=\"top\">200 units per box.<\/td>\n<\/tr>\n<\/tbody>\n<\/table>\n<p>\n<\/span><\/div><\/div><br \/>\n<\/div><\/section><br \/>\n<div class='separator height50' ><\/div><br \/>\n<section  id='mas-informacion'><div class='container'><\/p>\n<h3>REQUEST MORE INFORMATION NOW, WITHOUT ANY OBLIGATION.<\/h3>\n<p><a href='https:\/\/www.baque.com\/en\/contact\/' class='button '>MORE INFORMATION<\/a><br \/>\n<\/div><\/section><\/p>\n","protected":false},"excerpt":{"rendered":"","protected":false},"author":1,"featured_media":0,"parent":2597,"menu_order":70,"comment_status":"closed","ping_status":"closed","template":"","meta":{"_acf_changed":false,"footnotes":""},"class_list":["post-2653","page","type-page","status-publish","hentry"],"acf":[],"yoast_head":"<!-- This site is optimized with the Yoast SEO plugin v27.3 - https:\/\/yoast.com\/product\/yoast-seo-wordpress\/ -->\n<title>Sweet treats for the catering industry | Sweet treats for bars and restaurants | Caf\u00e9s Baqu\u00e9<\/title>\n<meta name=\"description\" content=\"A wide range of complementary products from Caf\u00e9s Baqu\u00e9 that will make your customers feel unique and special. The small detail that accompanies each cup is the thing that makes us stand out when offering a comprehensive service, one that will make your customers come back time and again.\" \/>\n<meta name=\"robots\" content=\"index, follow, max-snippet:-1, max-image-preview:large, max-video-preview:-1\" \/>\n<meta property=\"og:locale\" content=\"en_US\" \/>\n<meta property=\"og:type\" content=\"article\" \/>\n<meta property=\"og:title\" content=\"Sweet treats for the catering industry | Sweet treats for bars and restaurants | Caf\u00e9s Baqu\u00e9\" \/>\n<meta property=\"og:description\" content=\"A wide range of complementary products from Caf\u00e9s Baqu\u00e9 that will make your customers feel unique and special. The small detail that accompanies each cup is the thing that makes us stand out when offering a comprehensive service, one that will make your customers come back time and again.\" \/>\n<meta property=\"og:url\" content=\"https:\/\/www.baque.com\/en\/for-the-catering-industry\/sweet-treats\/\" \/>\n<meta property=\"og:site_name\" content=\"Caf\u00e9s Baqu\u00e9\" \/>\n<meta property=\"article:modified_time\" content=\"2024-05-17T10:14:57+00:00\" \/>\n<meta name=\"twitter:card\" content=\"summary_large_image\" \/>\n<meta name=\"twitter:label1\" content=\"Est. reading time\" \/>\n\t<meta name=\"twitter:data1\" content=\"2 minutes\" \/>\n<script type=\"application\/ld+json\" class=\"yoast-schema-graph\">{\"@context\":\"https:\\\/\\\/schema.org\",\"@graph\":[{\"@type\":\"WebPage\",\"@id\":\"https:\\\/\\\/www.baque.com\\\/en\\\/for-the-catering-industry\\\/sweet-treats\\\/\",\"url\":\"https:\\\/\\\/www.baque.com\\\/en\\\/for-the-catering-industry\\\/sweet-treats\\\/\",\"name\":\"Sweet treats for the catering industry | Sweet treats for bars and restaurants | Caf\u00e9s Baqu\u00e9\",\"isPartOf\":{\"@id\":\"https:\\\/\\\/www.baque.com\\\/es\\\/#website\"},\"datePublished\":\"2018-04-06T10:34:36+00:00\",\"dateModified\":\"2024-05-17T10:14:57+00:00\",\"description\":\"A wide range of complementary products from Caf\u00e9s Baqu\u00e9 that will make your customers feel unique and special. The small detail that accompanies each cup is the thing that makes us stand out when offering a comprehensive service, one that will make your customers come back time and again.\",\"breadcrumb\":{\"@id\":\"https:\\\/\\\/www.baque.com\\\/en\\\/for-the-catering-industry\\\/sweet-treats\\\/#breadcrumb\"},\"inLanguage\":\"en-US\",\"potentialAction\":[{\"@type\":\"ReadAction\",\"target\":[\"https:\\\/\\\/www.baque.com\\\/en\\\/for-the-catering-industry\\\/sweet-treats\\\/\"]}]},{\"@type\":\"BreadcrumbList\",\"@id\":\"https:\\\/\\\/www.baque.com\\\/en\\\/for-the-catering-industry\\\/sweet-treats\\\/#breadcrumb\",\"itemListElement\":[{\"@type\":\"ListItem\",\"position\":1,\"name\":\"Portada\",\"item\":\"https:\\\/\\\/www.baque.com\\\/en\\\/\"},{\"@type\":\"ListItem\",\"position\":2,\"name\":\"Solutions for your business\",\"item\":\"https:\\\/\\\/www.baque.com\\\/en\\\/for-the-catering-industry\\\/\"},{\"@type\":\"ListItem\",\"position\":3,\"name\":\"Sweet treats for the catering industry\"}]},{\"@type\":\"WebSite\",\"@id\":\"https:\\\/\\\/www.baque.com\\\/es\\\/#website\",\"url\":\"https:\\\/\\\/www.baque.com\\\/es\\\/\",\"name\":\"Caf\u00e9s Baqu\u00e9\",\"description\":\"Somos l\u00edderes en hosteler\u00eda en Pa\u00eds Vasco y La Rioja y una de las marcas m\u00e1s reconocidas en el mercado nacional. Somos una empresa familiar en constante innovaci\u00f3n en el producto. Tostamos y distribuimos caf\u00e9 molido, en grano y c\u00e1psulas para disfrutar en casa, en el bar y en la oficina.\",\"potentialAction\":[{\"@type\":\"SearchAction\",\"target\":{\"@type\":\"EntryPoint\",\"urlTemplate\":\"https:\\\/\\\/www.baque.com\\\/es\\\/?s={search_term_string}\"},\"query-input\":{\"@type\":\"PropertyValueSpecification\",\"valueRequired\":true,\"valueName\":\"search_term_string\"}}],\"inLanguage\":\"en-US\"}]}<\/script>\n<!-- \/ Yoast SEO plugin. -->","yoast_head_json":{"title":"Sweet treats for the catering industry | Sweet treats for bars and restaurants | Caf\u00e9s Baqu\u00e9","description":"A wide range of complementary products from Caf\u00e9s Baqu\u00e9 that will make your customers feel unique and special. The small detail that accompanies each cup is the thing that makes us stand out when offering a comprehensive service, one that will make your customers come back time and again.","robots":{"index":"index","follow":"follow","max-snippet":"max-snippet:-1","max-image-preview":"max-image-preview:large","max-video-preview":"max-video-preview:-1"},"og_locale":"en_US","og_type":"article","og_title":"Sweet treats for the catering industry | Sweet treats for bars and restaurants | Caf\u00e9s Baqu\u00e9","og_description":"A wide range of complementary products from Caf\u00e9s Baqu\u00e9 that will make your customers feel unique and special. The small detail that accompanies each cup is the thing that makes us stand out when offering a comprehensive service, one that will make your customers come back time and again.","og_url":"https:\/\/www.baque.com\/en\/for-the-catering-industry\/sweet-treats\/","og_site_name":"Caf\u00e9s Baqu\u00e9","article_modified_time":"2024-05-17T10:14:57+00:00","twitter_card":"summary_large_image","twitter_misc":{"Est. reading time":"2 minutes"},"schema":{"@context":"https:\/\/schema.org","@graph":[{"@type":"WebPage","@id":"https:\/\/www.baque.com\/en\/for-the-catering-industry\/sweet-treats\/","url":"https:\/\/www.baque.com\/en\/for-the-catering-industry\/sweet-treats\/","name":"Sweet treats for the catering industry | Sweet treats for bars and restaurants | Caf\u00e9s Baqu\u00e9","isPartOf":{"@id":"https:\/\/www.baque.com\/es\/#website"},"datePublished":"2018-04-06T10:34:36+00:00","dateModified":"2024-05-17T10:14:57+00:00","description":"A wide range of complementary products from Caf\u00e9s Baqu\u00e9 that will make your customers feel unique and special. The small detail that accompanies each cup is the thing that makes us stand out when offering a comprehensive service, one that will make your customers come back time and again.","breadcrumb":{"@id":"https:\/\/www.baque.com\/en\/for-the-catering-industry\/sweet-treats\/#breadcrumb"},"inLanguage":"en-US","potentialAction":[{"@type":"ReadAction","target":["https:\/\/www.baque.com\/en\/for-the-catering-industry\/sweet-treats\/"]}]},{"@type":"BreadcrumbList","@id":"https:\/\/www.baque.com\/en\/for-the-catering-industry\/sweet-treats\/#breadcrumb","itemListElement":[{"@type":"ListItem","position":1,"name":"Portada","item":"https:\/\/www.baque.com\/en\/"},{"@type":"ListItem","position":2,"name":"Solutions for your business","item":"https:\/\/www.baque.com\/en\/for-the-catering-industry\/"},{"@type":"ListItem","position":3,"name":"Sweet treats for the catering industry"}]},{"@type":"WebSite","@id":"https:\/\/www.baque.com\/es\/#website","url":"https:\/\/www.baque.com\/es\/","name":"Caf\u00e9s Baqu\u00e9","description":"Somos l\u00edderes en hosteler\u00eda en Pa\u00eds Vasco y La Rioja y una de las marcas m\u00e1s reconocidas en el mercado nacional. Somos una empresa familiar en constante innovaci\u00f3n en el producto. Tostamos y distribuimos caf\u00e9 molido, en grano y c\u00e1psulas para disfrutar en casa, en el bar y en la oficina.","potentialAction":[{"@type":"SearchAction","target":{"@type":"EntryPoint","urlTemplate":"https:\/\/www.baque.com\/es\/?s={search_term_string}"},"query-input":{"@type":"PropertyValueSpecification","valueRequired":true,"valueName":"search_term_string"}}],"inLanguage":"en-US"}]}},"_links":{"self":[{"href":"https:\/\/www.baque.com\/en\/wp-json\/wp\/v2\/pages\/2653","targetHints":{"allow":["GET"]}}],"collection":[{"href":"https:\/\/www.baque.com\/en\/wp-json\/wp\/v2\/pages"}],"about":[{"href":"https:\/\/www.baque.com\/en\/wp-json\/wp\/v2\/types\/page"}],"author":[{"embeddable":true,"href":"https:\/\/www.baque.com\/en\/wp-json\/wp\/v2\/users\/1"}],"replies":[{"embeddable":true,"href":"https:\/\/www.baque.com\/en\/wp-json\/wp\/v2\/comments?post=2653"}],"version-history":[{"count":10,"href":"https:\/\/www.baque.com\/en\/wp-json\/wp\/v2\/pages\/2653\/revisions"}],"predecessor-version":[{"id":2271828,"href":"https:\/\/www.baque.com\/en\/wp-json\/wp\/v2\/pages\/2653\/revisions\/2271828"}],"up":[{"embeddable":true,"href":"https:\/\/www.baque.com\/en\/wp-json\/wp\/v2\/pages\/2597"}],"wp:attachment":[{"href":"https:\/\/www.baque.com\/en\/wp-json\/wp\/v2\/media?parent=2653"}],"curies":[{"name":"wp","href":"https:\/\/api.w.org\/{rel}","templated":true}]}}