
{"id":2658,"date":"2018-04-06T10:38:08","date_gmt":"2018-04-06T10:38:08","guid":{"rendered":"http:\/\/www.baque.com\/?page_id=2658"},"modified":"2023-01-10T10:25:34","modified_gmt":"2023-01-10T09:25:34","slug":"accessories","status":"publish","type":"page","link":"https:\/\/www.baque.com\/en\/for-the-catering-industry\/accessories\/","title":{"rendered":"Accessories"},"content":{"rendered":"<section  id='accesorios-negocio' class='introtext'><div class='container'>\n<h2>Complements and accessories in order to enjoy your \u201cBaqu\u00e9 Moment\u201d.<\/h2>\n<p class=\"text-center\">We offer you the best accessories for making your coffee and other drinks. At Caf\u00e9s Baqu\u00e9, we accompany you throughout the entire process of creating your favourite drinks.<\/p>\n<p><\/div><\/section><br \/>\n<section  id='accesorios-negocio-1' class='videophoto expand nocontainer'><img src='\/wp-content\/themes\/baque\/img\/images\/accesorios-negocio.jpg' class='bg' alt='' \/><img src='\/wp-content\/themes\/baque\/img\/images\/accesorios-negocio_resp.jpg' class='bgresp' alt='' \/><div class='container'><\/div><\/section><br \/>\n<div class='separator height25' ><\/div><br \/>\n<section  class='productsquares'><div class='container'><\/p>\n<p><\/div><\/section><br \/>\n<section  class='productsquares'><div class='container'><br \/>\n<div class='productsquare' itemscope itemtype='http:\/\/schema.org\/Product'><div class='productsquareimg' ><img src='\/wp-content\/uploads\/2018\/10\/tapas-baque-compostable.jpg' itemprop='image' alt='COMPOSTABLE LIDS' \/><\/div><div class='productsquaretext'><h3 itemprop='name'>COMPOSTABLE LIDS<\/h3><span itemprop='description'><\/p>\n<p class=\"text-left\">Compostable lids for 8, 7,5 and 4 oz cups. Strip of 100 units.<\/p>\n<p>\n<\/span><\/div><\/div><br \/>\n<div class='productsquare' itemscope itemtype='http:\/\/schema.org\/Product'><div class='productsquareimg' ><img src='\/wp-content\/uploads\/2022\/01\/4R0A9947-1.jpg' itemprop='image' alt='COMPOSTABLE AND REPULPABLE CUPS' \/><\/div><div class='productsquaretext'><h3 itemprop='name'>COMPOSTABLE AND REPULPABLE CUPS<\/h3><span itemprop='description'><\/p>\n<p class=\"text-left\">8 oz (strip of 50 units) 7,5 and 4 oz compostable cups (strip of 100 units).<\/p>\n<p>\n<\/span><\/div><\/div><br \/>\n<\/div><\/section><br \/>\n<section  class='productsquares'><div class='container'><br \/>\n<div class='productsquare' itemscope itemtype='http:\/\/schema.org\/Product'><div class='productsquareimg' ><img src='\/wp-content\/themes\/baque\/img\/productos\/paletinas-baque.jpg' itemprop='image' alt='STIRRER' \/><\/div><div class='productsquaretext'><h3 itemprop='name'>STIRRER<\/h3><span itemprop='description'><\/p>\n<p class=\"text-left\">Convenient stirrers, 100 units.<\/p>\n<p>\n<\/span><\/div><\/div><br \/>\n<div class='productsquare' itemscope itemtype='http:\/\/schema.org\/Product'><div class='productsquareimg' ><img src='\/wp-content\/uploads\/2019\/09\/palillos.jpg' itemprop='image' alt='BIODEGRADABLE COFFEE STIRRERS' \/><\/div><div class='productsquaretext'><h3 itemprop='name'>BIODEGRADABLE COFFEE STIRRERS<\/h3><span itemprop='description'><\/p>\n<p class=\"text-left\">Easy-to-use biodegradable coffee stirrers, 100 per pack.<\/p>\n<p>\n<\/span><\/div><\/div><br \/>\n<\/div><\/section><br \/>\n<section  class='productsquares'><div class='container'><br \/>\n<div class='productsquare' itemscope itemtype='http:\/\/schema.org\/Product'><div class='productsquareimg' ><img src='\/wp-content\/uploads\/2020\/09\/paletinas-papel-334x402-2.jpg' itemprop='image' alt='BIODEGRADABLE COFFEE STIRRERS PAPER-WRAPPED' \/><\/div><div class='productsquaretext'><h3 itemprop='name'>BIODEGRADABLE COFFEE STIRRERS PAPER-WRAPPED<\/h3><span itemprop='description'><\/p>\n<p class=\"text-left\">Easy-to-use biodegradable coffee stirrers paper-wrapped, 500 per pack.<\/p>\n<p>\n<\/span><\/div><\/div><br \/>\n<div class='productsquare' itemscope itemtype='http:\/\/schema.org\/Product'><div class='productsquareimg' ><img src='\/wp-content\/uploads\/2019\/09\/vasos.jpg' itemprop='image' alt='GLASS CUPS' \/><\/div><div class='productsquaretext'><h3 itemprop='name'>GLASS CUPS<\/h3><span itemprop='description'><\/p>\n<p class=\"text-left\">6 high-quality glass cups that are perfect for enjoying a Baqu\u00e9 tea.<\/p>\n<p>\n<\/span><\/div><\/div><br \/>\n<\/div><\/section><br \/>\n<div class='separator height50' ><\/div><br \/>\n<section  id='mas-informacion'><div class='container'><\/p>\n<h3>REQUEST MORE INFORMATION NOW, WITHOUT ANY OBLIGATION.<\/h3>\n<p><a href='https:\/\/www.baque.com\/en\/contact\/' class='button '>MORE INFORMATION<\/a><br \/>\n<\/div><\/section><br \/>\n<section  id='accesorios-negocio-3' class='squares videophoto cols3 borderwhite borderwhitefooter'><br \/>\n<div  class='square nocontainer'>\n\t\t\t<img src='\/wp-content\/themes\/baque\/img\/images\/accesorios-negocio-1.jpg' class='bg withoutbgresp' alt='' \/>\n\t\t\t\n\t\t\t<div class='container'>\n\t\t\t\t\n\t\t\t<\/div>\n\t\t<\/div><br \/>\n<div  class='square nocontainer'>\n\t\t\t<img src='\/wp-content\/themes\/baque\/img\/images\/accesorios-negocio-2.jpg' class='bg withoutbgresp' alt='' \/>\n\t\t\t\n\t\t\t<div class='container'>\n\t\t\t\t\n\t\t\t<\/div>\n\t\t<\/div><br \/>\n<div  class='square nocontainer'>\n\t\t\t<img src='\/wp-content\/themes\/baque\/img\/images\/accesorios-negocio-3.jpg' class='bg withoutbgresp' alt='' \/>\n\t\t\t\n\t\t\t<div class='container'>\n\t\t\t\t\n\t\t\t<\/div>\n\t\t<\/div><br \/>\n<\/section><\/p>\n","protected":false},"excerpt":{"rendered":"","protected":false},"author":1,"featured_media":0,"parent":2597,"menu_order":80,"comment_status":"closed","ping_status":"closed","template":"","meta":{"_acf_changed":false,"footnotes":""},"class_list":["post-2658","page","type-page","status-publish","hentry"],"acf":[],"yoast_head":"<!-- This site is optimized with the Yoast SEO plugin v27.3 - https:\/\/yoast.com\/product\/yoast-seo-wordpress\/ -->\n<title>Coffee accessories for the catering industry, bars and restaurants | Caf\u00e9s Baqu\u00e9<\/title>\n<meta name=\"description\" content=\"At Caf\u00e9s Baqu\u00e9, we offer you the best accessories for making your coffee and other drinks. At Caf\u00e9s Baqu\u00e9, we accompany you throughout the entire process of creating your favourite drinks.\" \/>\n<meta name=\"robots\" content=\"index, follow, max-snippet:-1, max-image-preview:large, max-video-preview:-1\" \/>\n<meta property=\"og:locale\" content=\"en_US\" \/>\n<meta property=\"og:type\" content=\"article\" \/>\n<meta property=\"og:title\" content=\"Coffee accessories for the catering industry, bars and restaurants | Caf\u00e9s Baqu\u00e9\" \/>\n<meta property=\"og:description\" content=\"At Caf\u00e9s Baqu\u00e9, we offer you the best accessories for making your coffee and other drinks. At Caf\u00e9s Baqu\u00e9, we accompany you throughout the entire process of creating your favourite drinks.\" \/>\n<meta property=\"og:url\" content=\"https:\/\/www.baque.com\/en\/for-the-catering-industry\/accessories\/\" \/>\n<meta property=\"og:site_name\" content=\"Caf\u00e9s Baqu\u00e9\" \/>\n<meta property=\"article:modified_time\" content=\"2023-01-10T09:25:34+00:00\" \/>\n<meta name=\"twitter:card\" content=\"summary_large_image\" \/>\n<meta name=\"twitter:label1\" content=\"Est. reading time\" \/>\n\t<meta name=\"twitter:data1\" content=\"1 minute\" \/>\n<script type=\"application\/ld+json\" class=\"yoast-schema-graph\">{\"@context\":\"https:\\\/\\\/schema.org\",\"@graph\":[{\"@type\":\"WebPage\",\"@id\":\"https:\\\/\\\/www.baque.com\\\/en\\\/for-the-catering-industry\\\/accessories\\\/\",\"url\":\"https:\\\/\\\/www.baque.com\\\/en\\\/for-the-catering-industry\\\/accessories\\\/\",\"name\":\"Coffee accessories for the catering industry, bars and restaurants | Caf\u00e9s Baqu\u00e9\",\"isPartOf\":{\"@id\":\"https:\\\/\\\/www.baque.com\\\/es\\\/#website\"},\"datePublished\":\"2018-04-06T10:38:08+00:00\",\"dateModified\":\"2023-01-10T09:25:34+00:00\",\"description\":\"At Caf\u00e9s Baqu\u00e9, we offer you the best accessories for making your coffee and other drinks. At Caf\u00e9s Baqu\u00e9, we accompany you throughout the entire process of creating your favourite drinks.\",\"breadcrumb\":{\"@id\":\"https:\\\/\\\/www.baque.com\\\/en\\\/for-the-catering-industry\\\/accessories\\\/#breadcrumb\"},\"inLanguage\":\"en-US\",\"potentialAction\":[{\"@type\":\"ReadAction\",\"target\":[\"https:\\\/\\\/www.baque.com\\\/en\\\/for-the-catering-industry\\\/accessories\\\/\"]}]},{\"@type\":\"BreadcrumbList\",\"@id\":\"https:\\\/\\\/www.baque.com\\\/en\\\/for-the-catering-industry\\\/accessories\\\/#breadcrumb\",\"itemListElement\":[{\"@type\":\"ListItem\",\"position\":1,\"name\":\"Portada\",\"item\":\"https:\\\/\\\/www.baque.com\\\/en\\\/\"},{\"@type\":\"ListItem\",\"position\":2,\"name\":\"Solutions for your business\",\"item\":\"https:\\\/\\\/www.baque.com\\\/en\\\/for-the-catering-industry\\\/\"},{\"@type\":\"ListItem\",\"position\":3,\"name\":\"Accessories\"}]},{\"@type\":\"WebSite\",\"@id\":\"https:\\\/\\\/www.baque.com\\\/es\\\/#website\",\"url\":\"https:\\\/\\\/www.baque.com\\\/es\\\/\",\"name\":\"Caf\u00e9s Baqu\u00e9\",\"description\":\"Somos l\u00edderes en hosteler\u00eda en Pa\u00eds Vasco y La Rioja y una de las marcas m\u00e1s reconocidas en el mercado nacional. Somos una empresa familiar en constante innovaci\u00f3n en el producto. Tostamos y distribuimos caf\u00e9 molido, en grano y c\u00e1psulas para disfrutar en casa, en el bar y en la oficina.\",\"potentialAction\":[{\"@type\":\"SearchAction\",\"target\":{\"@type\":\"EntryPoint\",\"urlTemplate\":\"https:\\\/\\\/www.baque.com\\\/es\\\/?s={search_term_string}\"},\"query-input\":{\"@type\":\"PropertyValueSpecification\",\"valueRequired\":true,\"valueName\":\"search_term_string\"}}],\"inLanguage\":\"en-US\"}]}<\/script>\n<!-- \/ Yoast SEO plugin. -->","yoast_head_json":{"title":"Coffee accessories for the catering industry, bars and restaurants | Caf\u00e9s Baqu\u00e9","description":"At Caf\u00e9s Baqu\u00e9, we offer you the best accessories for making your coffee and other drinks. At Caf\u00e9s Baqu\u00e9, we accompany you throughout the entire process of creating your favourite drinks.","robots":{"index":"index","follow":"follow","max-snippet":"max-snippet:-1","max-image-preview":"max-image-preview:large","max-video-preview":"max-video-preview:-1"},"og_locale":"en_US","og_type":"article","og_title":"Coffee accessories for the catering industry, bars and restaurants | Caf\u00e9s Baqu\u00e9","og_description":"At Caf\u00e9s Baqu\u00e9, we offer you the best accessories for making your coffee and other drinks. At Caf\u00e9s Baqu\u00e9, we accompany you throughout the entire process of creating your favourite drinks.","og_url":"https:\/\/www.baque.com\/en\/for-the-catering-industry\/accessories\/","og_site_name":"Caf\u00e9s Baqu\u00e9","article_modified_time":"2023-01-10T09:25:34+00:00","twitter_card":"summary_large_image","twitter_misc":{"Est. reading time":"1 minute"},"schema":{"@context":"https:\/\/schema.org","@graph":[{"@type":"WebPage","@id":"https:\/\/www.baque.com\/en\/for-the-catering-industry\/accessories\/","url":"https:\/\/www.baque.com\/en\/for-the-catering-industry\/accessories\/","name":"Coffee accessories for the catering industry, bars and restaurants | Caf\u00e9s Baqu\u00e9","isPartOf":{"@id":"https:\/\/www.baque.com\/es\/#website"},"datePublished":"2018-04-06T10:38:08+00:00","dateModified":"2023-01-10T09:25:34+00:00","description":"At Caf\u00e9s Baqu\u00e9, we offer you the best accessories for making your coffee and other drinks. At Caf\u00e9s Baqu\u00e9, we accompany you throughout the entire process of creating your favourite drinks.","breadcrumb":{"@id":"https:\/\/www.baque.com\/en\/for-the-catering-industry\/accessories\/#breadcrumb"},"inLanguage":"en-US","potentialAction":[{"@type":"ReadAction","target":["https:\/\/www.baque.com\/en\/for-the-catering-industry\/accessories\/"]}]},{"@type":"BreadcrumbList","@id":"https:\/\/www.baque.com\/en\/for-the-catering-industry\/accessories\/#breadcrumb","itemListElement":[{"@type":"ListItem","position":1,"name":"Portada","item":"https:\/\/www.baque.com\/en\/"},{"@type":"ListItem","position":2,"name":"Solutions for your business","item":"https:\/\/www.baque.com\/en\/for-the-catering-industry\/"},{"@type":"ListItem","position":3,"name":"Accessories"}]},{"@type":"WebSite","@id":"https:\/\/www.baque.com\/es\/#website","url":"https:\/\/www.baque.com\/es\/","name":"Caf\u00e9s Baqu\u00e9","description":"Somos l\u00edderes en hosteler\u00eda en Pa\u00eds Vasco y La Rioja y una de las marcas m\u00e1s reconocidas en el mercado nacional. Somos una empresa familiar en constante innovaci\u00f3n en el producto. Tostamos y distribuimos caf\u00e9 molido, en grano y c\u00e1psulas para disfrutar en casa, en el bar y en la oficina.","potentialAction":[{"@type":"SearchAction","target":{"@type":"EntryPoint","urlTemplate":"https:\/\/www.baque.com\/es\/?s={search_term_string}"},"query-input":{"@type":"PropertyValueSpecification","valueRequired":true,"valueName":"search_term_string"}}],"inLanguage":"en-US"}]}},"_links":{"self":[{"href":"https:\/\/www.baque.com\/en\/wp-json\/wp\/v2\/pages\/2658","targetHints":{"allow":["GET"]}}],"collection":[{"href":"https:\/\/www.baque.com\/en\/wp-json\/wp\/v2\/pages"}],"about":[{"href":"https:\/\/www.baque.com\/en\/wp-json\/wp\/v2\/types\/page"}],"author":[{"embeddable":true,"href":"https:\/\/www.baque.com\/en\/wp-json\/wp\/v2\/users\/1"}],"replies":[{"embeddable":true,"href":"https:\/\/www.baque.com\/en\/wp-json\/wp\/v2\/comments?post=2658"}],"version-history":[{"count":17,"href":"https:\/\/www.baque.com\/en\/wp-json\/wp\/v2\/pages\/2658\/revisions"}],"predecessor-version":[{"id":1177972,"href":"https:\/\/www.baque.com\/en\/wp-json\/wp\/v2\/pages\/2658\/revisions\/1177972"}],"up":[{"embeddable":true,"href":"https:\/\/www.baque.com\/en\/wp-json\/wp\/v2\/pages\/2597"}],"wp:attachment":[{"href":"https:\/\/www.baque.com\/en\/wp-json\/wp\/v2\/media?parent=2658"}],"curies":[{"name":"wp","href":"https:\/\/api.w.org\/{rel}","templated":true}]}}