
{"id":2661,"date":"2018-04-06T10:40:35","date_gmt":"2018-04-06T10:40:35","guid":{"rendered":"http:\/\/www.baque.com\/?page_id=2661"},"modified":"2020-06-22T15:58:35","modified_gmt":"2020-06-22T13:58:35","slug":"sweet-treats","status":"publish","type":"page","link":"https:\/\/www.baque.com\/en\/at-home\/sweet-treats\/","title":{"rendered":"Sweet treats"},"content":{"rendered":"<section  id='dulces' class='introtext'><div class='container'>\n<h2>Find out more about our range of cocoas, amenities and sweeteners.<\/h2>\n<p class=\"text-center\">A wide range of complementary products to create unique and special moments with your Baqu\u00e9 coffee.<\/p>\n<p><\/div><\/section><br \/>\n<section  id='dulces-1' class='videophoto expand nocontainer'><img src='\/wp-content\/themes\/baque\/img\/images\/dulces.jpg' class='bg' alt='' \/><img src='\/wp-content\/themes\/baque\/img\/images\/dulces_resp.jpg' class='bgresp' alt='' \/><div class='container'><br \/>\n<\/div><\/section><br \/>\n<section  id='dulces-2' class='squares videophoto expand cols3 borderwhite borderwhitefooter'><br \/>\n<div  class='square'>\n\t\t\t<img src='\/wp-content\/themes\/baque\/img\/images\/dulces-milkshakes-cacaos.jpg' class='bg withoutbgresp' alt='' \/>\n\t\t\t\n\t\t\t<div class='container'>\n\t\t\t\t<\/p>\n<h2 class=\"likeh1\">HOT CHOCOLATES<\/h2>\n<h3 class=\"likeh2\">BIG FLAVOURS<br \/>\nTHAT WARM<br \/>\nYOUR HEART<\/h3>\n<p><a href='https:\/\/www.baque.com\/en\/at-home\/sweet-treats\/hot-chocolate\/' class='button  white'>SEE HOT CHOCOLATES<\/a><br \/>\n\n\t\t\t<\/div>\n\t\t<\/div><br \/>\n<div  class='square'>\n\t\t\t<img src='\/wp-content\/themes\/baque\/img\/images\/dulces-amenities.jpg' class='bg withoutbgresp' alt='' \/>\n\t\t\t\n\t\t\t<div class='container'>\n\t\t\t\t<\/p>\n<h2 class=\"likeh1\">AMENITIES<\/h2>\n<h3 class=\"likeh2\">SWEET BITES THAT<br \/>\nBRIGHTEN UP YOUR DAY<\/h3>\n<p><a href='https:\/\/www.baque.com\/en\/at-home\/sweet-treats\/amenities\/' class='button  white'>SEE AMENITIES<\/a><br \/>\n\n\t\t\t<\/div>\n\t\t<\/div><br \/>\n<div  class='square'>\n\t\t\t<img src='\/wp-content\/themes\/baque\/img\/images\/dulces-endulzantes.jpg' class='bg withoutbgresp' alt='' \/>\n\t\t\t\n\t\t\t<div class='container'>\n\t\t\t\t<\/p>\n<h2 class=\"likeh1\">SWEETENERS<\/h2>\n<h3 class=\"likeh2\">THE HINT OF SWEETNESS<br \/>\nFOR YOUR DRINK<\/h3>\n<p><a href='https:\/\/www.baque.com\/en\/at-home\/sweet-treats\/sweeteners\/' class='button  white'>SEE SWEETENERS<\/a><br \/>\n\n\t\t\t<\/div>\n\t\t<\/div><br \/>\n<\/section><\/p>\n","protected":false},"excerpt":{"rendered":"","protected":false},"author":1,"featured_media":0,"parent":2614,"menu_order":40,"comment_status":"closed","ping_status":"closed","template":"","meta":{"_acf_changed":false,"footnotes":""},"class_list":["post-2661","page","type-page","status-publish","hentry"],"acf":[],"yoast_head":"<!-- This site is optimized with the Yoast SEO plugin v27.3 - https:\/\/yoast.com\/product\/yoast-seo-wordpress\/ -->\n<title>Sweet treats | Coffee accompaniments | Caf\u00e9s Baqu\u00e9<\/title>\n<meta name=\"description\" content=\"Find out more about Caf\u00e9s Baqu\u00e9&#039;s range of milkshakes, cocoas, amenities and sweeteners. A wide range of complementary products to create unique and special moments with your Baqu\u00e9 coffee.\" \/>\n<meta name=\"robots\" content=\"index, follow, max-snippet:-1, max-image-preview:large, max-video-preview:-1\" \/>\n<meta property=\"og:locale\" content=\"en_US\" \/>\n<meta property=\"og:type\" content=\"article\" \/>\n<meta property=\"og:title\" content=\"Sweet treats | Coffee accompaniments | Caf\u00e9s Baqu\u00e9\" \/>\n<meta property=\"og:description\" content=\"Find out more about Caf\u00e9s Baqu\u00e9&#039;s range of milkshakes, cocoas, amenities and sweeteners. A wide range of complementary products to create unique and special moments with your Baqu\u00e9 coffee.\" \/>\n<meta property=\"og:url\" content=\"https:\/\/www.baque.com\/en\/at-home\/sweet-treats\/\" \/>\n<meta property=\"og:site_name\" content=\"Caf\u00e9s Baqu\u00e9\" \/>\n<meta property=\"article:modified_time\" content=\"2020-06-22T13:58:35+00:00\" \/>\n<meta name=\"twitter:card\" content=\"summary_large_image\" \/>\n<meta name=\"twitter:label1\" content=\"Est. reading time\" \/>\n\t<meta name=\"twitter:data1\" content=\"1 minute\" \/>\n<script type=\"application\/ld+json\" class=\"yoast-schema-graph\">{\"@context\":\"https:\\\/\\\/schema.org\",\"@graph\":[{\"@type\":\"WebPage\",\"@id\":\"https:\\\/\\\/www.baque.com\\\/en\\\/at-home\\\/sweet-treats\\\/\",\"url\":\"https:\\\/\\\/www.baque.com\\\/en\\\/at-home\\\/sweet-treats\\\/\",\"name\":\"Sweet treats | Coffee accompaniments | Caf\u00e9s Baqu\u00e9\",\"isPartOf\":{\"@id\":\"https:\\\/\\\/www.baque.com\\\/es\\\/#website\"},\"datePublished\":\"2018-04-06T10:40:35+00:00\",\"dateModified\":\"2020-06-22T13:58:35+00:00\",\"description\":\"Find out more about Caf\u00e9s Baqu\u00e9's range of milkshakes, cocoas, amenities and sweeteners. A wide range of complementary products to create unique and special moments with your Baqu\u00e9 coffee.\",\"breadcrumb\":{\"@id\":\"https:\\\/\\\/www.baque.com\\\/en\\\/at-home\\\/sweet-treats\\\/#breadcrumb\"},\"inLanguage\":\"en-US\",\"potentialAction\":[{\"@type\":\"ReadAction\",\"target\":[\"https:\\\/\\\/www.baque.com\\\/en\\\/at-home\\\/sweet-treats\\\/\"]}]},{\"@type\":\"BreadcrumbList\",\"@id\":\"https:\\\/\\\/www.baque.com\\\/en\\\/at-home\\\/sweet-treats\\\/#breadcrumb\",\"itemListElement\":[{\"@type\":\"ListItem\",\"position\":1,\"name\":\"Portada\",\"item\":\"https:\\\/\\\/www.baque.com\\\/en\\\/\"},{\"@type\":\"ListItem\",\"position\":2,\"name\":\"At home\",\"item\":\"https:\\\/\\\/www.baque.com\\\/en\\\/at-home\\\/\"},{\"@type\":\"ListItem\",\"position\":3,\"name\":\"Sweet treats\"}]},{\"@type\":\"WebSite\",\"@id\":\"https:\\\/\\\/www.baque.com\\\/es\\\/#website\",\"url\":\"https:\\\/\\\/www.baque.com\\\/es\\\/\",\"name\":\"Caf\u00e9s Baqu\u00e9\",\"description\":\"Somos l\u00edderes en hosteler\u00eda en Pa\u00eds Vasco y La Rioja y una de las marcas m\u00e1s reconocidas en el mercado nacional. Somos una empresa familiar en constante innovaci\u00f3n en el producto. Tostamos y distribuimos caf\u00e9 molido, en grano y c\u00e1psulas para disfrutar en casa, en el bar y en la oficina.\",\"potentialAction\":[{\"@type\":\"SearchAction\",\"target\":{\"@type\":\"EntryPoint\",\"urlTemplate\":\"https:\\\/\\\/www.baque.com\\\/es\\\/?s={search_term_string}\"},\"query-input\":{\"@type\":\"PropertyValueSpecification\",\"valueRequired\":true,\"valueName\":\"search_term_string\"}}],\"inLanguage\":\"en-US\"}]}<\/script>\n<!-- \/ Yoast SEO plugin. -->","yoast_head_json":{"title":"Sweet treats | Coffee accompaniments | Caf\u00e9s Baqu\u00e9","description":"Find out more about Caf\u00e9s Baqu\u00e9's range of milkshakes, cocoas, amenities and sweeteners. A wide range of complementary products to create unique and special moments with your Baqu\u00e9 coffee.","robots":{"index":"index","follow":"follow","max-snippet":"max-snippet:-1","max-image-preview":"max-image-preview:large","max-video-preview":"max-video-preview:-1"},"og_locale":"en_US","og_type":"article","og_title":"Sweet treats | Coffee accompaniments | Caf\u00e9s Baqu\u00e9","og_description":"Find out more about Caf\u00e9s Baqu\u00e9's range of milkshakes, cocoas, amenities and sweeteners. A wide range of complementary products to create unique and special moments with your Baqu\u00e9 coffee.","og_url":"https:\/\/www.baque.com\/en\/at-home\/sweet-treats\/","og_site_name":"Caf\u00e9s Baqu\u00e9","article_modified_time":"2020-06-22T13:58:35+00:00","twitter_card":"summary_large_image","twitter_misc":{"Est. reading time":"1 minute"},"schema":{"@context":"https:\/\/schema.org","@graph":[{"@type":"WebPage","@id":"https:\/\/www.baque.com\/en\/at-home\/sweet-treats\/","url":"https:\/\/www.baque.com\/en\/at-home\/sweet-treats\/","name":"Sweet treats | Coffee accompaniments | Caf\u00e9s Baqu\u00e9","isPartOf":{"@id":"https:\/\/www.baque.com\/es\/#website"},"datePublished":"2018-04-06T10:40:35+00:00","dateModified":"2020-06-22T13:58:35+00:00","description":"Find out more about Caf\u00e9s Baqu\u00e9's range of milkshakes, cocoas, amenities and sweeteners. A wide range of complementary products to create unique and special moments with your Baqu\u00e9 coffee.","breadcrumb":{"@id":"https:\/\/www.baque.com\/en\/at-home\/sweet-treats\/#breadcrumb"},"inLanguage":"en-US","potentialAction":[{"@type":"ReadAction","target":["https:\/\/www.baque.com\/en\/at-home\/sweet-treats\/"]}]},{"@type":"BreadcrumbList","@id":"https:\/\/www.baque.com\/en\/at-home\/sweet-treats\/#breadcrumb","itemListElement":[{"@type":"ListItem","position":1,"name":"Portada","item":"https:\/\/www.baque.com\/en\/"},{"@type":"ListItem","position":2,"name":"At home","item":"https:\/\/www.baque.com\/en\/at-home\/"},{"@type":"ListItem","position":3,"name":"Sweet treats"}]},{"@type":"WebSite","@id":"https:\/\/www.baque.com\/es\/#website","url":"https:\/\/www.baque.com\/es\/","name":"Caf\u00e9s Baqu\u00e9","description":"Somos l\u00edderes en hosteler\u00eda en Pa\u00eds Vasco y La Rioja y una de las marcas m\u00e1s reconocidas en el mercado nacional. Somos una empresa familiar en constante innovaci\u00f3n en el producto. Tostamos y distribuimos caf\u00e9 molido, en grano y c\u00e1psulas para disfrutar en casa, en el bar y en la oficina.","potentialAction":[{"@type":"SearchAction","target":{"@type":"EntryPoint","urlTemplate":"https:\/\/www.baque.com\/es\/?s={search_term_string}"},"query-input":{"@type":"PropertyValueSpecification","valueRequired":true,"valueName":"search_term_string"}}],"inLanguage":"en-US"}]}},"_links":{"self":[{"href":"https:\/\/www.baque.com\/en\/wp-json\/wp\/v2\/pages\/2661","targetHints":{"allow":["GET"]}}],"collection":[{"href":"https:\/\/www.baque.com\/en\/wp-json\/wp\/v2\/pages"}],"about":[{"href":"https:\/\/www.baque.com\/en\/wp-json\/wp\/v2\/types\/page"}],"author":[{"embeddable":true,"href":"https:\/\/www.baque.com\/en\/wp-json\/wp\/v2\/users\/1"}],"replies":[{"embeddable":true,"href":"https:\/\/www.baque.com\/en\/wp-json\/wp\/v2\/comments?post=2661"}],"version-history":[{"count":2,"href":"https:\/\/www.baque.com\/en\/wp-json\/wp\/v2\/pages\/2661\/revisions"}],"predecessor-version":[{"id":29769,"href":"https:\/\/www.baque.com\/en\/wp-json\/wp\/v2\/pages\/2661\/revisions\/29769"}],"up":[{"embeddable":true,"href":"https:\/\/www.baque.com\/en\/wp-json\/wp\/v2\/pages\/2614"}],"wp:attachment":[{"href":"https:\/\/www.baque.com\/en\/wp-json\/wp\/v2\/media?parent=2661"}],"curies":[{"name":"wp","href":"https:\/\/api.w.org\/{rel}","templated":true}]}}