
{"id":2663,"date":"2018-04-06T10:47:03","date_gmt":"2018-04-06T10:47:03","guid":{"rendered":"http:\/\/www.baque.com\/?page_id=2663"},"modified":"2018-04-23T12:27:38","modified_gmt":"2018-04-23T10:27:38","slug":"service-assessment","status":"publish","type":"page","link":"https:\/\/www.baque.com\/en\/for-the-catering-industry\/service-assessment\/","title":{"rendered":"Our service"},"content":{"rendered":"<p><section  id='nuestro-servicio' class='multicol'><div class='container'><br \/>\n\t<div class='col1'><img src='\/wp-content\/themes\/baque\/img\/images\/nuestro-servicio.jpg' class='bg withoutbgresp' alt='' \/><\/div><\/p>\n<div class=\"col2\">\n\t\t<img decoding=\"async\" src=\"\/wp-content\/themes\/baque\/img\/images\/nuestro-servicio-cafe-1.jpg\" class=\"bg withoutbgresp\" alt=\"\" style=\"margin-bottom: 25px;\"><br \/>\n\t\t<img decoding=\"async\" src=\"\/wp-content\/themes\/baque\/img\/images\/nuestro-servicio-cafe-2.jpg\" class=\"bg withoutbgresp\" alt=\"\"><br \/>\n\t\t<div class='separator height25' ><\/div><\/p>\n<p class=\"text-left black\">Assessment, installation, maintenance, technical assistance and much more.<\/p>\n<\/p><\/div>\n<div class='col3'>\n<h2>A unique service for unique people like you.<\/h2>\n<p class=\"text-left\">We are a comprehensive supplier and we offer support from the beginning: assessment, installation and maintenance of coffee machines, technical assistance service and much more.<\/p>\n<p class=\"text-left\">Caf\u00e9s Baqu\u00e9 customers value the friendliness of our service and, above all, the quality of the end product.<\/p>\n<h2>That is why we offer:<\/h2>\n<p class=\"text-left\">The peace of mind that in moments of emergency <strong>Caf\u00e9s Baqu\u00e9 will always respond<\/strong>. We are always there for our customers, whether to maintain machines, manage last-minute orders due to stock rotation or to support small events that they wish to organise, etc.<\/p>\n<p>\t<\/div><br \/>\n<\/div><\/section><br \/>\n<div class='separator height100' ><\/div><br \/>\n<section  id='nuestro-servicio-1' class='multicol'><div class='container'><\/p>\n<h2>The advantages of trusting in Caf\u00e9s Baqu\u00e9 for your catering establishment<\/h2>\n<p><\/div><\/section><br \/>\n<section  id='nuestro-servicio-2' class='multicol'><div class='container'><\/p>\n<div class=\"service-box\">\n<div><img decoding=\"async\" src=\"\/wp-content\/themes\/baque\/img\/images\/ventajas-confiar-baque-1.jpg\" alt=\"Te escuchamos.\" \/><\/div>\n<h3>We listen to you.<\/h3>\n<p class=\"text-left\">We offer the most suitable product for each customer and for each moment of consumption. We have a comprehensive service that guarantees the success of your business.<\/p>\n<\/p><\/div>\n<div class=\"service-box\">\n<div><img decoding=\"async\" src=\"\/wp-content\/themes\/baque\/img\/images\/ventajas-confiar-baque-2.jpg\" alt=\"Calidad garantizada.\" \/><\/div>\n<h3>Guaranteed quality.<\/h3>\n<p class=\"text-left\">Our quality department carries out tastings of more than 20,000 cups per year, ensuring the quality and consistency of each cup of coffee.<\/p>\n<\/p><\/div>\n<div class=\"service-box\">\n<div><img decoding=\"async\" src=\"\/wp-content\/themes\/baque\/img\/images\/ventajas-confiar-baque-3.jpg\" alt=\"Equipamiento a medida.\" \/><\/div>\n<h3>Customised equipment.<\/h3>\n<p class=\"text-left\">We will install the tools you need in order to guarantee that you will always be able to serve the best coffee. Coffee machines and grinders that stand out for their elegant design and the latest technology.<\/p>\n<\/p><\/div>\n<p><\/div><\/section><br \/>\n<section  id='nuestro-servicio-3' class='multicol'><div class='container'><\/p>\n<div class=\"service-box\">\n<div><img decoding=\"async\" src=\"\/wp-content\/themes\/baque\/img\/images\/ventajas-confiar-baque-4.jpg\" alt=\"Si\u00e9ntete seguro.\" \/><\/div>\n<h3>Feeling of security.<\/h3>\n<p class=\"text-left\">Our technical assistance service (TAS) guarantees the highest quality and consistency of each cup of coffee.<\/p>\n<p class=\"text-left\">From Monday to Sunday, 365 days of the year, maintaining your equipment in perfect condition and resolving any issue that may arise in your business.<\/p>\n<\/p><\/div>\n<div class=\"service-box\">\n<div><img decoding=\"async\" src=\"\/wp-content\/themes\/baque\/img\/images\/ventajas-confiar-baque-5.jpg\" alt=\"S\u00e9 diferente.\" \/><\/div>\n<h3>Be different.<\/h3>\n<p class=\"text-left\">The different types of coffee and complementary products from Caf\u00e9s Baqu\u00e9 adapt to you and your consumer. You will be able to offer a distinct, high-quality product that makes your business stand out from the rest.<\/p>\n<\/p><\/div>\n<div class=\"service-box\">\n<div><img decoding=\"async\" src=\"\/wp-content\/themes\/baque\/img\/images\/ventajas-confiar-baque-6.jpg\" alt=\"Formaci\u00f3n.\" \/><\/div>\n<h3>Training.<\/h3>\n<p class=\"text-left\">At our Coffee School and we will assess you based on your needs. We have basic, advanced and expert barista courses.<\/p>\n<\/p><\/div>\n<p><\/div><\/section><br \/>\n<div class='separator height50' ><\/div><br \/>\n<section  id='nuestro-servicio-5' class='multicol'><div class='container'><\/p>\n<h3>TAS 24\/7, 365 DAYS OF THE YEAR<\/h3>\n<p clasS=\"text-left\">We are now closer to you than ever before with our technical assistance service.<\/p>\n<p clasS=\"text-left\">At Caf\u00e9s Baqu\u00e9, we have our own Technical Assistance Service (TAS) that guarantees the highest service efficiency and, of course, peace of mind for your business.<\/p>\n<p clasS=\"text-left\">Below is some information about our Technical Assistance Service.<\/p>\n<p><\/div><\/section><br \/>\n<section  id='nuestro-servicio-6' class='multicol'><div class='container'><\/p>\n<ul>\n<li><img decoding=\"async\" src=\"\/wp-content\/themes\/baque\/img\/images\/365dias_en.jpg\" alt=\"\" \/>Our TAS department is available 365 days of the year.<\/li>\n<li><img decoding=\"async\" src=\"\/wp-content\/themes\/baque\/img\/images\/41horas_en.jpg\" alt=\"41 hours\" \/>Average response time per incident.<\/li>\n<li><img decoding=\"async\" src=\"\/wp-content\/themes\/baque\/img\/images\/10personas_en.jpg\" alt=\"\" \/>In-house team made up of 10 members of staff.<\/li>\n<li><img decoding=\"async\" src=\"\/wp-content\/themes\/baque\/img\/images\/355poblaciones_en.jpg\" alt=\"355\" \/>Towns served in 2017.<\/li>\n<li><img decoding=\"async\" src=\"\/wp-content\/themes\/baque\/img\/images\/40minutos_en.jpg\" alt=\"40 minutos\" \/>Average repair time at the customer&#8217;s premises.<\/li>\n<li><img decoding=\"async\" src=\"\/wp-content\/themes\/baque\/img\/images\/10000horas_en.jpg\" alt=\"100000\" \/>Total number of repair hours in 2017.<\/li>\n<li><img decoding=\"async\" src=\"\/wp-content\/themes\/baque\/img\/images\/3300clientesatendidos_en.jpg\" alt=\"3300\" \/>Customers served in 2017.<\/li>\n<li><img decoding=\"async\" src=\"\/wp-content\/themes\/baque\/img\/images\/11524maquinas_en.jpg\" alt=\"11524\" \/>Machines repaired in 2017.<\/li>\n<li><img decoding=\"async\" src=\"\/wp-content\/themes\/baque\/img\/images\/12402desplazamientos_en.jpg\" alt=\"12402\" \/>Call-outs made in 2017.<\/li>\n<li><img decoding=\"async\" src=\"\/wp-content\/themes\/baque\/img\/images\/657molinos_en.jpg\" alt=\"657\" \/>Grinders repaired in 2017.<\/li>\n<li><img decoding=\"async\" src=\"\/wp-content\/themes\/baque\/img\/images\/10500incidencias_en.jpg\" alt=\"More than 10500\" \/>Incidents solved in 2017.<\/li>\n<li><img decoding=\"async\" src=\"\/wp-content\/themes\/baque\/img\/images\/322incidencasfindesemana_en.jpg\" alt=\"322\" \/>Emergency services (weekends and bank holidays) provided in 2017.<\/li>\n<\/ul>\n<p><\/div><\/section><br \/>\n<div class='separator height50' ><\/div><br \/>\n<section  id='informacion' class='videophoto expand'><img src='\/wp-content\/themes\/baque\/img\/images\/informacion.jpg' class='bg' alt='' \/><img src='\/wp-content\/themes\/baque\/img\/images\/informacion_resp.jpg' class='bgresp' alt='' \/><div class='container'><\/p>\n<h2 class=\"likeh1\">REQUEST MORE<br \/>INFORMATION NOW<br \/>WITHOUT ANY OBLIGATION.<\/h2>\n<p>\t<a href='https:\/\/www.baque.com\/en\/contact\/' class='button  white'>MORE INFORMATION<\/a><br \/>\n<\/div><\/section><br \/>\n<section  id='nuestro-servicio-6' class='squares videophoto cols3 borderwhite borderwhitefooter'><br \/>\n\t<div  class='square nocontainer'>\n\t\t\t<img src='\/wp-content\/themes\/baque\/img\/images\/nuestro-servicio-1.jpg' class='bg withoutbgresp' alt='' \/>\n\t\t\t\n\t\t\t<div class='container'>\n\t\t\t\t\n\t\t\t<\/div>\n\t\t<\/div><br \/>\n\t<div  class='square nocontainer'>\n\t\t\t<img src='\/wp-content\/themes\/baque\/img\/images\/nuestro-servicio-2.jpg' class='bg withoutbgresp' alt='' \/>\n\t\t\t\n\t\t\t<div class='container'>\n\t\t\t\t\n\t\t\t<\/div>\n\t\t<\/div><br \/>\n\t<div  class='square nocontainer'>\n\t\t\t<img src='\/wp-content\/themes\/baque\/img\/images\/nuestro-servicio-3.jpg' class='bg withoutbgresp' alt='' \/>\n\t\t\t\n\t\t\t<div class='container'>\n\t\t\t\t\n\t\t\t<\/div>\n\t\t<\/div><br \/>\n<\/section><\/p>\n","protected":false},"excerpt":{"rendered":"","protected":false},"author":1,"featured_media":0,"parent":2597,"menu_order":90,"comment_status":"closed","ping_status":"closed","template":"","meta":{"_acf_changed":false,"footnotes":""},"class_list":["post-2663","page","type-page","status-publish","hentry"],"acf":[],"yoast_head":"<!-- This site is optimized with the Yoast SEO plugin v27.3 - https:\/\/yoast.com\/product\/yoast-seo-wordpress\/ -->\n<title>Comprehensive supplier of coffee for the catering industry | Catering industry assessment | Caf\u00e9s Baqu\u00e9<\/title>\n<meta name=\"description\" content=\"Caf\u00e9s Baqu\u00e9 is a comprehensive supplier of coffee for the catering industry. We offer support from the beginning: assessment, installation and maintenance of coffee machines, technical assistance service and much more.\" \/>\n<meta name=\"robots\" content=\"index, follow, max-snippet:-1, max-image-preview:large, max-video-preview:-1\" \/>\n<meta property=\"og:locale\" content=\"en_US\" \/>\n<meta property=\"og:type\" content=\"article\" \/>\n<meta property=\"og:title\" content=\"Comprehensive supplier of coffee for the catering industry | Catering industry assessment | Caf\u00e9s Baqu\u00e9\" \/>\n<meta property=\"og:description\" content=\"Caf\u00e9s Baqu\u00e9 is a comprehensive supplier of coffee for the catering industry. We offer support from the beginning: assessment, installation and maintenance of coffee machines, technical assistance service and much more.\" \/>\n<meta property=\"og:url\" content=\"https:\/\/www.baque.com\/en\/for-the-catering-industry\/service-assessment\/\" \/>\n<meta property=\"og:site_name\" content=\"Caf\u00e9s Baqu\u00e9\" \/>\n<meta property=\"article:modified_time\" content=\"2018-04-23T10:27:38+00:00\" \/>\n<meta property=\"og:image\" content=\"https:\/\/www.baque.com\/wp-content\/themes\/baque\/img\/images\/nuestro-servicio-cafe-1.jpg\" \/>\n<meta name=\"twitter:card\" content=\"summary_large_image\" \/>\n<meta name=\"twitter:label1\" content=\"Est. reading time\" \/>\n\t<meta name=\"twitter:data1\" content=\"3 minutes\" \/>\n<script type=\"application\/ld+json\" class=\"yoast-schema-graph\">{\"@context\":\"https:\\\/\\\/schema.org\",\"@graph\":[{\"@type\":\"WebPage\",\"@id\":\"https:\\\/\\\/www.baque.com\\\/en\\\/for-the-catering-industry\\\/service-assessment\\\/\",\"url\":\"https:\\\/\\\/www.baque.com\\\/en\\\/for-the-catering-industry\\\/service-assessment\\\/\",\"name\":\"Comprehensive supplier of coffee for the catering industry | Catering industry assessment | Caf\u00e9s Baqu\u00e9\",\"isPartOf\":{\"@id\":\"https:\\\/\\\/www.baque.com\\\/es\\\/#website\"},\"datePublished\":\"2018-04-06T10:47:03+00:00\",\"dateModified\":\"2018-04-23T10:27:38+00:00\",\"description\":\"Caf\u00e9s Baqu\u00e9 is a comprehensive supplier of coffee for the catering industry. We offer support from the beginning: assessment, installation and maintenance of coffee machines, technical assistance service and much more.\",\"breadcrumb\":{\"@id\":\"https:\\\/\\\/www.baque.com\\\/en\\\/for-the-catering-industry\\\/service-assessment\\\/#breadcrumb\"},\"inLanguage\":\"en-US\",\"potentialAction\":[{\"@type\":\"ReadAction\",\"target\":[\"https:\\\/\\\/www.baque.com\\\/en\\\/for-the-catering-industry\\\/service-assessment\\\/\"]}]},{\"@type\":\"BreadcrumbList\",\"@id\":\"https:\\\/\\\/www.baque.com\\\/en\\\/for-the-catering-industry\\\/service-assessment\\\/#breadcrumb\",\"itemListElement\":[{\"@type\":\"ListItem\",\"position\":1,\"name\":\"Portada\",\"item\":\"https:\\\/\\\/www.baque.com\\\/en\\\/\"},{\"@type\":\"ListItem\",\"position\":2,\"name\":\"Solutions for your business\",\"item\":\"https:\\\/\\\/www.baque.com\\\/en\\\/for-the-catering-industry\\\/\"},{\"@type\":\"ListItem\",\"position\":3,\"name\":\"Our service\"}]},{\"@type\":\"WebSite\",\"@id\":\"https:\\\/\\\/www.baque.com\\\/es\\\/#website\",\"url\":\"https:\\\/\\\/www.baque.com\\\/es\\\/\",\"name\":\"Caf\u00e9s Baqu\u00e9\",\"description\":\"Somos l\u00edderes en hosteler\u00eda en Pa\u00eds Vasco y La Rioja y una de las marcas m\u00e1s reconocidas en el mercado nacional. Somos una empresa familiar en constante innovaci\u00f3n en el producto. Tostamos y distribuimos caf\u00e9 molido, en grano y c\u00e1psulas para disfrutar en casa, en el bar y en la oficina.\",\"potentialAction\":[{\"@type\":\"SearchAction\",\"target\":{\"@type\":\"EntryPoint\",\"urlTemplate\":\"https:\\\/\\\/www.baque.com\\\/es\\\/?s={search_term_string}\"},\"query-input\":{\"@type\":\"PropertyValueSpecification\",\"valueRequired\":true,\"valueName\":\"search_term_string\"}}],\"inLanguage\":\"en-US\"}]}<\/script>\n<!-- \/ Yoast SEO plugin. -->","yoast_head_json":{"title":"Comprehensive supplier of coffee for the catering industry | Catering industry assessment | Caf\u00e9s Baqu\u00e9","description":"Caf\u00e9s Baqu\u00e9 is a comprehensive supplier of coffee for the catering industry. We offer support from the beginning: assessment, installation and maintenance of coffee machines, technical assistance service and much more.","robots":{"index":"index","follow":"follow","max-snippet":"max-snippet:-1","max-image-preview":"max-image-preview:large","max-video-preview":"max-video-preview:-1"},"og_locale":"en_US","og_type":"article","og_title":"Comprehensive supplier of coffee for the catering industry | Catering industry assessment | Caf\u00e9s Baqu\u00e9","og_description":"Caf\u00e9s Baqu\u00e9 is a comprehensive supplier of coffee for the catering industry. We offer support from the beginning: assessment, installation and maintenance of coffee machines, technical assistance service and much more.","og_url":"https:\/\/www.baque.com\/en\/for-the-catering-industry\/service-assessment\/","og_site_name":"Caf\u00e9s Baqu\u00e9","article_modified_time":"2018-04-23T10:27:38+00:00","og_image":[{"url":"https:\/\/www.baque.com\/wp-content\/themes\/baque\/img\/images\/nuestro-servicio-cafe-1.jpg","type":"","width":"","height":""}],"twitter_card":"summary_large_image","twitter_misc":{"Est. reading time":"3 minutes"},"schema":{"@context":"https:\/\/schema.org","@graph":[{"@type":"WebPage","@id":"https:\/\/www.baque.com\/en\/for-the-catering-industry\/service-assessment\/","url":"https:\/\/www.baque.com\/en\/for-the-catering-industry\/service-assessment\/","name":"Comprehensive supplier of coffee for the catering industry | Catering industry assessment | Caf\u00e9s Baqu\u00e9","isPartOf":{"@id":"https:\/\/www.baque.com\/es\/#website"},"datePublished":"2018-04-06T10:47:03+00:00","dateModified":"2018-04-23T10:27:38+00:00","description":"Caf\u00e9s Baqu\u00e9 is a comprehensive supplier of coffee for the catering industry. We offer support from the beginning: assessment, installation and maintenance of coffee machines, technical assistance service and much more.","breadcrumb":{"@id":"https:\/\/www.baque.com\/en\/for-the-catering-industry\/service-assessment\/#breadcrumb"},"inLanguage":"en-US","potentialAction":[{"@type":"ReadAction","target":["https:\/\/www.baque.com\/en\/for-the-catering-industry\/service-assessment\/"]}]},{"@type":"BreadcrumbList","@id":"https:\/\/www.baque.com\/en\/for-the-catering-industry\/service-assessment\/#breadcrumb","itemListElement":[{"@type":"ListItem","position":1,"name":"Portada","item":"https:\/\/www.baque.com\/en\/"},{"@type":"ListItem","position":2,"name":"Solutions for your business","item":"https:\/\/www.baque.com\/en\/for-the-catering-industry\/"},{"@type":"ListItem","position":3,"name":"Our service"}]},{"@type":"WebSite","@id":"https:\/\/www.baque.com\/es\/#website","url":"https:\/\/www.baque.com\/es\/","name":"Caf\u00e9s Baqu\u00e9","description":"Somos l\u00edderes en hosteler\u00eda en Pa\u00eds Vasco y La Rioja y una de las marcas m\u00e1s reconocidas en el mercado nacional. Somos una empresa familiar en constante innovaci\u00f3n en el producto. Tostamos y distribuimos caf\u00e9 molido, en grano y c\u00e1psulas para disfrutar en casa, en el bar y en la oficina.","potentialAction":[{"@type":"SearchAction","target":{"@type":"EntryPoint","urlTemplate":"https:\/\/www.baque.com\/es\/?s={search_term_string}"},"query-input":{"@type":"PropertyValueSpecification","valueRequired":true,"valueName":"search_term_string"}}],"inLanguage":"en-US"}]}},"_links":{"self":[{"href":"https:\/\/www.baque.com\/en\/wp-json\/wp\/v2\/pages\/2663","targetHints":{"allow":["GET"]}}],"collection":[{"href":"https:\/\/www.baque.com\/en\/wp-json\/wp\/v2\/pages"}],"about":[{"href":"https:\/\/www.baque.com\/en\/wp-json\/wp\/v2\/types\/page"}],"author":[{"embeddable":true,"href":"https:\/\/www.baque.com\/en\/wp-json\/wp\/v2\/users\/1"}],"replies":[{"embeddable":true,"href":"https:\/\/www.baque.com\/en\/wp-json\/wp\/v2\/comments?post=2663"}],"version-history":[{"count":0,"href":"https:\/\/www.baque.com\/en\/wp-json\/wp\/v2\/pages\/2663\/revisions"}],"up":[{"embeddable":true,"href":"https:\/\/www.baque.com\/en\/wp-json\/wp\/v2\/pages\/2597"}],"wp:attachment":[{"href":"https:\/\/www.baque.com\/en\/wp-json\/wp\/v2\/media?parent=2663"}],"curies":[{"name":"wp","href":"https:\/\/api.w.org\/{rel}","templated":true}]}}