
{"id":2671,"date":"2018-04-06T10:55:01","date_gmt":"2018-04-06T10:55:01","guid":{"rendered":"http:\/\/www.baque.com\/?page_id=2671"},"modified":"2024-01-11T10:07:34","modified_gmt":"2024-01-11T09:07:34","slug":"leading-suppliers","status":"publish","type":"page","link":"https:\/\/www.baque.com\/en\/for-the-catering-industry\/leading-suppliers\/","title":{"rendered":"Leading suppliers"},"content":{"rendered":"<p><section  id='proveedores-de-referencia' class='multicol'><div class='container'><br \/>\n<div class='col1'><img src='\/wp-content\/themes\/baque\/img\/images\/proveedores-de-referencia.jpg' class='bg withoutbgresp' alt='' \/><\/div><\/p>\n<div class=\"col2\">\n<p class=\"text-left\">We are leaders in the catering industry and a brand that the most prestigious chefs opt for.<\/p>\n<p><img decoding=\"async\" class=\"bg withoutbgresp\" src=\"\/wp-content\/themes\/baque\/img\/images\/proveedores-de-referencia-cafe-1.jpg\" alt=\"\" \/><br \/>\n<div class='separator height25' ><\/div><\/p>\n<p class=\"text-left black\">We are the first brand in terms of spontaneous recognition among consumers in the Basque Country and Navarre<\/p>\n<p><div class='separator height25' ><\/div><br \/>\n<img decoding=\"async\" class=\"bg withoutbgresp\" src=\"\/wp-content\/themes\/baque\/img\/images\/proveedores-de-referencia-cafe-2.jpg\" alt=\"\" \/><\/p>\n<\/div>\n<div class='col3'>\n<h2>Recognition of a leading brand<\/h2>\n<ul>\n<li>Caf\u00e9s Baqu\u00e9 is the first brand in terms of spontaneous recognition among consumers in the Basque Country and Navarre*.<\/li>\n<li>We are market leaders, whereby 30 of every 100 establishments in the catering industry are Caf\u00e9s Baqu\u00e9 customers.<\/li>\n<li>We are the brand of coffee with the highest consumption in the Basque Country, more than 300,000 coffees per day.<\/li>\n<li>We have a 25% stake in the Basque Country&#8217;s large consumption sector.<\/li>\n<li>In recent years, we have consolidated our presence in the communities of La Rioja, Castilla-Le\u00f3n, Madrid and Malaga.<\/li>\n<\/ul>\n<h2>The most prestigious chefs place their trust in Baqu\u00e9<\/h2>\n<p class=\"text-left\">The Basque Country is known for its high-quality gastronomy and is recognised internationally, with more than 28 Michelin stars across 20 restaurants and with Caf\u00e9s Baqu\u00e9 being the official supplier of 7 of those restaurants.**<\/p>\n<p class=\"text-left\">Caf\u00e9s Baqu\u00e9 remains close to the social and gastronomic institutions in the Basque region, which place a lot of importance on the quality of coffee and training in order to obtain the best results in the cup.<\/p>\n<p class=\"text-left quote2\">*Source: Ikerfel, 2016. Study to analyse coffee consumption and buying indicators in the autonomous community of the Basque Country (CAV).&lt;br\/*&gt;&lt;br\/*&gt;**Data from 2015<\/p>\n<p><\/div><br \/>\n<\/div><\/section><br \/>\n<div class='separator height100' ><\/div><br \/>\n<section  id='proveedores-de-referencia-1' class='multicol'><div class='container'><\/p>\n<h2>Feedback that encourages us to keep making the best product<\/h2>\n<p><\/div><\/section><br \/>\n<section  id='proveedores-de-referencia-2' class='multicol'><div class='container'><br \/>\n<div class='col1'><img src='\/wp-content\/themes\/baque\/img\/images\/proveedores-de-referencia-eneko-atxa.jpg' class='bg withoutbgresp' alt='' \/><\/div><br \/>\n<div class='col4'><\/p>\n<h2>ENEKO ATXA<\/h2>\n<p class=\"text-left quote\">\u201cFor me, the Baqu\u00e9 family stands for generosity, hard work, commitment, passion, responsibility, solidarity, support, social commitment, an innovative spirit, closeness and in addition to all of that, they make great coffee!\u201d<\/p>\n<p class=\"text-left\"><strong>Eneko Atxa,<\/strong><br \/>\na 3 Michelin-starred chef.<\/p>\n<p><\/div><br \/>\n<\/div><\/section><br \/>\n<div class='separator height100' ><\/div><br \/>\n<section  id='proveedores-de-referencia-3' class='multicol'><div class='container'><br \/>\n<div class='col1'><img src='\/wp-content\/themes\/baque\/img\/images\/proveedores-de-referencia-grupo-iruna.jpg' class='bg withoutbgresp' alt='' \/><\/div><br \/>\n<div class='col4'><\/p>\n<h2>IRU\u00d1A GROUP<\/h2>\n<p class=\"text-left quote\">\u201cTwo centenary companies that go hand in hand. Caf\u00e9s Baqu\u00e9 and the Iru\u00f1a Group share many fundamental business aspects. Two companies that together have more than 200 years of experience. Both companies seek to generate positive reactions in their end customers, both provide a flexible and high-quality service, with clearly-defined business ethics, within the framework of innovation and product development, and above all, both have the very highest self-imposed standards of excellence in terms of maintaining product quality.\u201d<\/p>\n<p class=\"text-left\"><strong>Ignacio Cano Ajuria,<\/strong><br \/>\nManager of the Iru\u00f1a Group.<\/p>\n<p><\/div><br \/>\n<\/div><\/section><br \/>\n<div class='separator height100' ><\/div><br \/>\n<section  id='proveedores-de-referencia-4' class='multicol'><div class='container'><br \/>\n<div class='col1'><img src='\/wp-content\/themes\/baque\/img\/images\/proveedores-de-referencia-amazonico.jpg' class='bg withoutbgresp' alt='' \/><\/div><br \/>\n<div class='col4'><\/p>\n<h2>AMAZ\u00d3NICO<\/h2>\n<p class=\"text-left quote\">\u201cAmaz\u00f3nico is an experience that aims to overwhelm all those that come through its doors with freshness, aromas and sensations. As a complement to this experience, we aim to create a coffee that imparts wild, fresh and natural aromas, and Caf\u00e9s Baqu\u00e9, with all of its experience and know-how, joins us on this unforgettable journey. A company that understands each business in a unique way.\u201d<\/p>\n<p class=\"text-left\"><strong>Sandro Silva,<\/strong><br \/>\nChef and owner of<br \/>\nAmaz\u00f3nico.<\/p>\n<p><\/div><br \/>\n<\/div><\/section><\/p>\n<div class='separator height50' ><\/div>\n<section  id='informacion' class='videophoto expand'><img src='\/wp-content\/themes\/baque\/img\/images\/informacion.jpg' class='bg' alt='' \/><img src='\/wp-content\/themes\/baque\/img\/images\/informacion_resp.jpg' class='bgresp' alt='' \/><div class='container'><\/p>\n<h2 class=\"likeh1\">THEY HAVE ALREADY PLACED<br \/>\nTHEIR TRUST IN US, AND YOU?<br \/>\nREQUEST MORE<br \/>\nINFORMATION NOW<br \/>\nWITHOUT ANY OBLIGATION.<\/h2>\n<p><a href='https:\/\/www.baque.com\/en\/contact\/' class='button  white'>MORE INFORMATION<\/a><br \/>\n<\/div><\/section>\n<section  id='proveedores-de-referencia-6' class='squares videophoto cols3 borderwhite borderwhitefooter'><br \/>\n<div  class='square nocontainer'>\n\t\t\t<img src='\/wp-content\/themes\/baque\/img\/images\/proveedores-de-referencia-1.jpg' class='bg withoutbgresp' alt='' \/>\n\t\t\t\n\t\t\t<div class='container'>\n\t\t\t\t\n\t\t\t<\/div>\n\t\t<\/div><br \/>\n<div  class='square nocontainer'>\n\t\t\t<img src='\/wp-content\/themes\/baque\/img\/images\/proveedores-de-referencia-2.jpg' class='bg withoutbgresp' alt='' \/>\n\t\t\t\n\t\t\t<div class='container'>\n\t\t\t\t\n\t\t\t<\/div>\n\t\t<\/div><br \/>\n<div  class='square nocontainer'>\n\t\t\t<img src='\/wp-content\/themes\/baque\/img\/images\/proveedores-de-referencia-3.jpg' class='bg withoutbgresp' alt='' \/>\n\t\t\t\n\t\t\t<div class='container'>\n\t\t\t\t\n\t\t\t<\/div>\n\t\t<\/div><br \/>\n<\/section>\n","protected":false},"excerpt":{"rendered":"","protected":false},"author":1,"featured_media":0,"parent":2597,"menu_order":100,"comment_status":"closed","ping_status":"closed","template":"","meta":{"_acf_changed":false,"footnotes":""},"class_list":["post-2671","page","type-page","status-publish","hentry"],"acf":[],"yoast_head":"<!-- This site is optimized with the Yoast SEO plugin v27.3 - https:\/\/yoast.com\/product\/yoast-seo-wordpress\/ -->\n<title>Leading suppliers | Coffee for the catering industry | Caf\u00e9s Baqu\u00e9<\/title>\n<meta name=\"description\" content=\"Caf\u00e9s Baqu\u00e9 is the first brand in terms of spontaneous recognition among consumers in the Basque Country and Navarre. We are market leaders, whereby 30 of every 100 establishments in the catering industry are Caf\u00e9s Baqu\u00e9 customers.\" \/>\n<meta name=\"robots\" content=\"index, follow, max-snippet:-1, max-image-preview:large, max-video-preview:-1\" \/>\n<meta property=\"og:locale\" content=\"en_US\" \/>\n<meta property=\"og:type\" content=\"article\" \/>\n<meta property=\"og:title\" content=\"Leading suppliers | Coffee for the catering industry | Caf\u00e9s Baqu\u00e9\" \/>\n<meta property=\"og:description\" content=\"Caf\u00e9s Baqu\u00e9 is the first brand in terms of spontaneous recognition among consumers in the Basque Country and Navarre. We are market leaders, whereby 30 of every 100 establishments in the catering industry are Caf\u00e9s Baqu\u00e9 customers.\" \/>\n<meta property=\"og:url\" content=\"https:\/\/www.baque.com\/en\/for-the-catering-industry\/leading-suppliers\/\" \/>\n<meta property=\"og:site_name\" content=\"Caf\u00e9s Baqu\u00e9\" \/>\n<meta property=\"article:modified_time\" content=\"2024-01-11T09:07:34+00:00\" \/>\n<meta name=\"twitter:card\" content=\"summary_large_image\" \/>\n<meta name=\"twitter:label1\" content=\"Est. reading time\" \/>\n\t<meta name=\"twitter:data1\" content=\"3 minutes\" \/>\n<script type=\"application\/ld+json\" class=\"yoast-schema-graph\">{\"@context\":\"https:\\\/\\\/schema.org\",\"@graph\":[{\"@type\":\"WebPage\",\"@id\":\"https:\\\/\\\/www.baque.com\\\/en\\\/for-the-catering-industry\\\/leading-suppliers\\\/\",\"url\":\"https:\\\/\\\/www.baque.com\\\/en\\\/for-the-catering-industry\\\/leading-suppliers\\\/\",\"name\":\"Leading suppliers | Coffee for the catering industry | Caf\u00e9s Baqu\u00e9\",\"isPartOf\":{\"@id\":\"https:\\\/\\\/www.baque.com\\\/es\\\/#website\"},\"datePublished\":\"2018-04-06T10:55:01+00:00\",\"dateModified\":\"2024-01-11T09:07:34+00:00\",\"description\":\"Caf\u00e9s Baqu\u00e9 is the first brand in terms of spontaneous recognition among consumers in the Basque Country and Navarre. We are market leaders, whereby 30 of every 100 establishments in the catering industry are Caf\u00e9s Baqu\u00e9 customers.\",\"breadcrumb\":{\"@id\":\"https:\\\/\\\/www.baque.com\\\/en\\\/for-the-catering-industry\\\/leading-suppliers\\\/#breadcrumb\"},\"inLanguage\":\"en-US\",\"potentialAction\":[{\"@type\":\"ReadAction\",\"target\":[\"https:\\\/\\\/www.baque.com\\\/en\\\/for-the-catering-industry\\\/leading-suppliers\\\/\"]}]},{\"@type\":\"BreadcrumbList\",\"@id\":\"https:\\\/\\\/www.baque.com\\\/en\\\/for-the-catering-industry\\\/leading-suppliers\\\/#breadcrumb\",\"itemListElement\":[{\"@type\":\"ListItem\",\"position\":1,\"name\":\"Portada\",\"item\":\"https:\\\/\\\/www.baque.com\\\/en\\\/\"},{\"@type\":\"ListItem\",\"position\":2,\"name\":\"Solutions for your business\",\"item\":\"https:\\\/\\\/www.baque.com\\\/en\\\/for-the-catering-industry\\\/\"},{\"@type\":\"ListItem\",\"position\":3,\"name\":\"Leading suppliers\"}]},{\"@type\":\"WebSite\",\"@id\":\"https:\\\/\\\/www.baque.com\\\/es\\\/#website\",\"url\":\"https:\\\/\\\/www.baque.com\\\/es\\\/\",\"name\":\"Caf\u00e9s Baqu\u00e9\",\"description\":\"Somos l\u00edderes en hosteler\u00eda en Pa\u00eds Vasco y La Rioja y una de las marcas m\u00e1s reconocidas en el mercado nacional. Somos una empresa familiar en constante innovaci\u00f3n en el producto. Tostamos y distribuimos caf\u00e9 molido, en grano y c\u00e1psulas para disfrutar en casa, en el bar y en la oficina.\",\"potentialAction\":[{\"@type\":\"SearchAction\",\"target\":{\"@type\":\"EntryPoint\",\"urlTemplate\":\"https:\\\/\\\/www.baque.com\\\/es\\\/?s={search_term_string}\"},\"query-input\":{\"@type\":\"PropertyValueSpecification\",\"valueRequired\":true,\"valueName\":\"search_term_string\"}}],\"inLanguage\":\"en-US\"}]}<\/script>\n<!-- \/ Yoast SEO plugin. -->","yoast_head_json":{"title":"Leading suppliers | Coffee for the catering industry | Caf\u00e9s Baqu\u00e9","description":"Caf\u00e9s Baqu\u00e9 is the first brand in terms of spontaneous recognition among consumers in the Basque Country and Navarre. We are market leaders, whereby 30 of every 100 establishments in the catering industry are Caf\u00e9s Baqu\u00e9 customers.","robots":{"index":"index","follow":"follow","max-snippet":"max-snippet:-1","max-image-preview":"max-image-preview:large","max-video-preview":"max-video-preview:-1"},"og_locale":"en_US","og_type":"article","og_title":"Leading suppliers | Coffee for the catering industry | Caf\u00e9s Baqu\u00e9","og_description":"Caf\u00e9s Baqu\u00e9 is the first brand in terms of spontaneous recognition among consumers in the Basque Country and Navarre. We are market leaders, whereby 30 of every 100 establishments in the catering industry are Caf\u00e9s Baqu\u00e9 customers.","og_url":"https:\/\/www.baque.com\/en\/for-the-catering-industry\/leading-suppliers\/","og_site_name":"Caf\u00e9s Baqu\u00e9","article_modified_time":"2024-01-11T09:07:34+00:00","twitter_card":"summary_large_image","twitter_misc":{"Est. reading time":"3 minutes"},"schema":{"@context":"https:\/\/schema.org","@graph":[{"@type":"WebPage","@id":"https:\/\/www.baque.com\/en\/for-the-catering-industry\/leading-suppliers\/","url":"https:\/\/www.baque.com\/en\/for-the-catering-industry\/leading-suppliers\/","name":"Leading suppliers | Coffee for the catering industry | Caf\u00e9s Baqu\u00e9","isPartOf":{"@id":"https:\/\/www.baque.com\/es\/#website"},"datePublished":"2018-04-06T10:55:01+00:00","dateModified":"2024-01-11T09:07:34+00:00","description":"Caf\u00e9s Baqu\u00e9 is the first brand in terms of spontaneous recognition among consumers in the Basque Country and Navarre. We are market leaders, whereby 30 of every 100 establishments in the catering industry are Caf\u00e9s Baqu\u00e9 customers.","breadcrumb":{"@id":"https:\/\/www.baque.com\/en\/for-the-catering-industry\/leading-suppliers\/#breadcrumb"},"inLanguage":"en-US","potentialAction":[{"@type":"ReadAction","target":["https:\/\/www.baque.com\/en\/for-the-catering-industry\/leading-suppliers\/"]}]},{"@type":"BreadcrumbList","@id":"https:\/\/www.baque.com\/en\/for-the-catering-industry\/leading-suppliers\/#breadcrumb","itemListElement":[{"@type":"ListItem","position":1,"name":"Portada","item":"https:\/\/www.baque.com\/en\/"},{"@type":"ListItem","position":2,"name":"Solutions for your business","item":"https:\/\/www.baque.com\/en\/for-the-catering-industry\/"},{"@type":"ListItem","position":3,"name":"Leading suppliers"}]},{"@type":"WebSite","@id":"https:\/\/www.baque.com\/es\/#website","url":"https:\/\/www.baque.com\/es\/","name":"Caf\u00e9s Baqu\u00e9","description":"Somos l\u00edderes en hosteler\u00eda en Pa\u00eds Vasco y La Rioja y una de las marcas m\u00e1s reconocidas en el mercado nacional. Somos una empresa familiar en constante innovaci\u00f3n en el producto. Tostamos y distribuimos caf\u00e9 molido, en grano y c\u00e1psulas para disfrutar en casa, en el bar y en la oficina.","potentialAction":[{"@type":"SearchAction","target":{"@type":"EntryPoint","urlTemplate":"https:\/\/www.baque.com\/es\/?s={search_term_string}"},"query-input":{"@type":"PropertyValueSpecification","valueRequired":true,"valueName":"search_term_string"}}],"inLanguage":"en-US"}]}},"_links":{"self":[{"href":"https:\/\/www.baque.com\/en\/wp-json\/wp\/v2\/pages\/2671","targetHints":{"allow":["GET"]}}],"collection":[{"href":"https:\/\/www.baque.com\/en\/wp-json\/wp\/v2\/pages"}],"about":[{"href":"https:\/\/www.baque.com\/en\/wp-json\/wp\/v2\/types\/page"}],"author":[{"embeddable":true,"href":"https:\/\/www.baque.com\/en\/wp-json\/wp\/v2\/users\/1"}],"replies":[{"embeddable":true,"href":"https:\/\/www.baque.com\/en\/wp-json\/wp\/v2\/comments?post=2671"}],"version-history":[{"count":7,"href":"https:\/\/www.baque.com\/en\/wp-json\/wp\/v2\/pages\/2671\/revisions"}],"predecessor-version":[{"id":1989768,"href":"https:\/\/www.baque.com\/en\/wp-json\/wp\/v2\/pages\/2671\/revisions\/1989768"}],"up":[{"embeddable":true,"href":"https:\/\/www.baque.com\/en\/wp-json\/wp\/v2\/pages\/2597"}],"wp:attachment":[{"href":"https:\/\/www.baque.com\/en\/wp-json\/wp\/v2\/media?parent=2671"}],"curies":[{"name":"wp","href":"https:\/\/api.w.org\/{rel}","templated":true}]}}