
{"id":2672,"date":"2018-04-06T10:49:05","date_gmt":"2018-04-06T10:49:05","guid":{"rendered":"http:\/\/www.baque.com\/?page_id=2672"},"modified":"2018-07-09T10:11:33","modified_gmt":"2018-07-09T08:11:33","slug":"sweeteners","status":"publish","type":"page","link":"https:\/\/www.baque.com\/en\/at-home\/sweet-treats\/sweeteners\/","title":{"rendered":"Sweeteners"},"content":{"rendered":"<section  id='endulzantes' class='introtext'><div class='container'>\n<h2>A sweet touch to achieve the best flavour.<\/h2>\n<p class=\"text-center\">At Caf\u00e9s Baqu\u00e9, we present you with the best sweeteners so that you can get the most from your coffee or drink and adapt it to your preferences.<\/p>\n<p><\/div><\/section><br \/>\n<section  id='endulzantes-1' class='videophoto expand nocontainer'><img src='\/wp-content\/themes\/baque\/img\/images\/endulzantes.jpg' class='bg' alt='' \/><img src='\/wp-content\/themes\/baque\/img\/images\/endulzantes_resp.jpg' class='bgresp' alt='' \/><div class='container'><\/div><\/section><br \/>\n<section  id='endulzantes-2' class='products expand products1'><div class='container'><br \/>\n\t<div class='product' itemscope itemtype='http:\/\/schema.org\/Product'>\n\t\t\t<div><img itemprop='image' src='\/wp-content\/themes\/baque\/img\/productos\/edulcorante-baque.png' alt='SWEETENERS' \/><\/div>\n\t\t\t<h3 itemprop='name'>SWEETENERS<\/h3>\t<a href='\/es\/comprar\/endulzantes\/' class='button'>BUY NOW<\/a><\/div><br \/>\n<\/div><\/section><br \/>\n<section  id='endulzantes-3' class='squares videophoto cols3 borderwhite borderwhitefooter'><br \/>\n\t<div  class='square nocontainer'>\n\t\t\t<img src='\/wp-content\/themes\/baque\/img\/images\/endulzantes-1.jpg' class='bg withoutbgresp' alt='' \/>\n\t\t\t\n\t\t\t<div class='container'>\n\t\t\t\t\n\t\t\t<\/div>\n\t\t<\/div><br \/>\n\t<div  class='square nocontainer'>\n\t\t\t<img src='\/wp-content\/themes\/baque\/img\/images\/endulzantes-2.jpg' class='bg withoutbgresp' alt='' \/>\n\t\t\t\n\t\t\t<div class='container'>\n\t\t\t\t\n\t\t\t<\/div>\n\t\t<\/div><br \/>\n\t<div  class='square nocontainer'>\n\t\t\t<img src='\/wp-content\/themes\/baque\/img\/images\/endulzantes-3.jpg' class='bg withoutbgresp' alt='' \/>\n\t\t\t\n\t\t\t<div class='container'>\n\t\t\t\t\n\t\t\t<\/div>\n\t\t<\/div><br \/>\n<\/section><\/p>\n","protected":false},"excerpt":{"rendered":"","protected":false},"author":1,"featured_media":0,"parent":2661,"menu_order":30,"comment_status":"closed","ping_status":"closed","template":"","meta":{"_acf_changed":false,"footnotes":""},"class_list":["post-2672","page","type-page","status-publish","hentry"],"acf":[],"yoast_head":"<!-- This site is optimized with the Yoast SEO plugin v27.3 - https:\/\/yoast.com\/product\/yoast-seo-wordpress\/ -->\n<title>Sweeteners | Buy Sugar and Stevia | Caf\u00e9s Baqu\u00e9<\/title>\n<meta name=\"description\" content=\"At Caf\u00e9s Baqu\u00e9, we present you with the best sweeteners so that you can get the most from your coffee or drink and adapt it to your preferences.Sugar, Stevia, Brown sugar.\" \/>\n<meta name=\"robots\" content=\"index, follow, max-snippet:-1, max-image-preview:large, max-video-preview:-1\" \/>\n<meta property=\"og:locale\" content=\"en_US\" \/>\n<meta property=\"og:type\" content=\"article\" \/>\n<meta property=\"og:title\" content=\"Sweeteners | Buy Sugar and Stevia | Caf\u00e9s Baqu\u00e9\" \/>\n<meta property=\"og:description\" content=\"At Caf\u00e9s Baqu\u00e9, we present you with the best sweeteners so that you can get the most from your coffee or drink and adapt it to your preferences.Sugar, Stevia, Brown sugar.\" \/>\n<meta property=\"og:url\" content=\"https:\/\/www.baque.com\/en\/at-home\/sweet-treats\/sweeteners\/\" \/>\n<meta property=\"og:site_name\" content=\"Caf\u00e9s Baqu\u00e9\" \/>\n<meta property=\"article:modified_time\" content=\"2018-07-09T08:11:33+00:00\" \/>\n<meta name=\"twitter:card\" content=\"summary_large_image\" \/>\n<meta name=\"twitter:label1\" content=\"Est. reading time\" \/>\n\t<meta name=\"twitter:data1\" content=\"1 minute\" \/>\n<script type=\"application\/ld+json\" class=\"yoast-schema-graph\">{\"@context\":\"https:\\\/\\\/schema.org\",\"@graph\":[{\"@type\":\"WebPage\",\"@id\":\"https:\\\/\\\/www.baque.com\\\/en\\\/at-home\\\/sweet-treats\\\/sweeteners\\\/\",\"url\":\"https:\\\/\\\/www.baque.com\\\/en\\\/at-home\\\/sweet-treats\\\/sweeteners\\\/\",\"name\":\"Sweeteners | Buy Sugar and Stevia | Caf\u00e9s Baqu\u00e9\",\"isPartOf\":{\"@id\":\"https:\\\/\\\/www.baque.com\\\/es\\\/#website\"},\"datePublished\":\"2018-04-06T10:49:05+00:00\",\"dateModified\":\"2018-07-09T08:11:33+00:00\",\"description\":\"At Caf\u00e9s Baqu\u00e9, we present you with the best sweeteners so that you can get the most from your coffee or drink and adapt it to your preferences.Sugar, Stevia, Brown sugar.\",\"breadcrumb\":{\"@id\":\"https:\\\/\\\/www.baque.com\\\/en\\\/at-home\\\/sweet-treats\\\/sweeteners\\\/#breadcrumb\"},\"inLanguage\":\"en-US\",\"potentialAction\":[{\"@type\":\"ReadAction\",\"target\":[\"https:\\\/\\\/www.baque.com\\\/en\\\/at-home\\\/sweet-treats\\\/sweeteners\\\/\"]}]},{\"@type\":\"BreadcrumbList\",\"@id\":\"https:\\\/\\\/www.baque.com\\\/en\\\/at-home\\\/sweet-treats\\\/sweeteners\\\/#breadcrumb\",\"itemListElement\":[{\"@type\":\"ListItem\",\"position\":1,\"name\":\"Portada\",\"item\":\"https:\\\/\\\/www.baque.com\\\/en\\\/\"},{\"@type\":\"ListItem\",\"position\":2,\"name\":\"At home\",\"item\":\"https:\\\/\\\/www.baque.com\\\/en\\\/at-home\\\/\"},{\"@type\":\"ListItem\",\"position\":3,\"name\":\"Sweet treats\",\"item\":\"https:\\\/\\\/www.baque.com\\\/en\\\/at-home\\\/sweet-treats\\\/\"},{\"@type\":\"ListItem\",\"position\":4,\"name\":\"Sweeteners\"}]},{\"@type\":\"WebSite\",\"@id\":\"https:\\\/\\\/www.baque.com\\\/es\\\/#website\",\"url\":\"https:\\\/\\\/www.baque.com\\\/es\\\/\",\"name\":\"Caf\u00e9s Baqu\u00e9\",\"description\":\"Somos l\u00edderes en hosteler\u00eda en Pa\u00eds Vasco y La Rioja y una de las marcas m\u00e1s reconocidas en el mercado nacional. Somos una empresa familiar en constante innovaci\u00f3n en el producto. Tostamos y distribuimos caf\u00e9 molido, en grano y c\u00e1psulas para disfrutar en casa, en el bar y en la oficina.\",\"potentialAction\":[{\"@type\":\"SearchAction\",\"target\":{\"@type\":\"EntryPoint\",\"urlTemplate\":\"https:\\\/\\\/www.baque.com\\\/es\\\/?s={search_term_string}\"},\"query-input\":{\"@type\":\"PropertyValueSpecification\",\"valueRequired\":true,\"valueName\":\"search_term_string\"}}],\"inLanguage\":\"en-US\"}]}<\/script>\n<!-- \/ Yoast SEO plugin. -->","yoast_head_json":{"title":"Sweeteners | Buy Sugar and Stevia | Caf\u00e9s Baqu\u00e9","description":"At Caf\u00e9s Baqu\u00e9, we present you with the best sweeteners so that you can get the most from your coffee or drink and adapt it to your preferences.Sugar, Stevia, Brown sugar.","robots":{"index":"index","follow":"follow","max-snippet":"max-snippet:-1","max-image-preview":"max-image-preview:large","max-video-preview":"max-video-preview:-1"},"og_locale":"en_US","og_type":"article","og_title":"Sweeteners | Buy Sugar and Stevia | Caf\u00e9s Baqu\u00e9","og_description":"At Caf\u00e9s Baqu\u00e9, we present you with the best sweeteners so that you can get the most from your coffee or drink and adapt it to your preferences.Sugar, Stevia, Brown sugar.","og_url":"https:\/\/www.baque.com\/en\/at-home\/sweet-treats\/sweeteners\/","og_site_name":"Caf\u00e9s Baqu\u00e9","article_modified_time":"2018-07-09T08:11:33+00:00","twitter_card":"summary_large_image","twitter_misc":{"Est. reading time":"1 minute"},"schema":{"@context":"https:\/\/schema.org","@graph":[{"@type":"WebPage","@id":"https:\/\/www.baque.com\/en\/at-home\/sweet-treats\/sweeteners\/","url":"https:\/\/www.baque.com\/en\/at-home\/sweet-treats\/sweeteners\/","name":"Sweeteners | Buy Sugar and Stevia | Caf\u00e9s Baqu\u00e9","isPartOf":{"@id":"https:\/\/www.baque.com\/es\/#website"},"datePublished":"2018-04-06T10:49:05+00:00","dateModified":"2018-07-09T08:11:33+00:00","description":"At Caf\u00e9s Baqu\u00e9, we present you with the best sweeteners so that you can get the most from your coffee or drink and adapt it to your preferences.Sugar, Stevia, Brown sugar.","breadcrumb":{"@id":"https:\/\/www.baque.com\/en\/at-home\/sweet-treats\/sweeteners\/#breadcrumb"},"inLanguage":"en-US","potentialAction":[{"@type":"ReadAction","target":["https:\/\/www.baque.com\/en\/at-home\/sweet-treats\/sweeteners\/"]}]},{"@type":"BreadcrumbList","@id":"https:\/\/www.baque.com\/en\/at-home\/sweet-treats\/sweeteners\/#breadcrumb","itemListElement":[{"@type":"ListItem","position":1,"name":"Portada","item":"https:\/\/www.baque.com\/en\/"},{"@type":"ListItem","position":2,"name":"At home","item":"https:\/\/www.baque.com\/en\/at-home\/"},{"@type":"ListItem","position":3,"name":"Sweet treats","item":"https:\/\/www.baque.com\/en\/at-home\/sweet-treats\/"},{"@type":"ListItem","position":4,"name":"Sweeteners"}]},{"@type":"WebSite","@id":"https:\/\/www.baque.com\/es\/#website","url":"https:\/\/www.baque.com\/es\/","name":"Caf\u00e9s Baqu\u00e9","description":"Somos l\u00edderes en hosteler\u00eda en Pa\u00eds Vasco y La Rioja y una de las marcas m\u00e1s reconocidas en el mercado nacional. Somos una empresa familiar en constante innovaci\u00f3n en el producto. Tostamos y distribuimos caf\u00e9 molido, en grano y c\u00e1psulas para disfrutar en casa, en el bar y en la oficina.","potentialAction":[{"@type":"SearchAction","target":{"@type":"EntryPoint","urlTemplate":"https:\/\/www.baque.com\/es\/?s={search_term_string}"},"query-input":{"@type":"PropertyValueSpecification","valueRequired":true,"valueName":"search_term_string"}}],"inLanguage":"en-US"}]}},"_links":{"self":[{"href":"https:\/\/www.baque.com\/en\/wp-json\/wp\/v2\/pages\/2672","targetHints":{"allow":["GET"]}}],"collection":[{"href":"https:\/\/www.baque.com\/en\/wp-json\/wp\/v2\/pages"}],"about":[{"href":"https:\/\/www.baque.com\/en\/wp-json\/wp\/v2\/types\/page"}],"author":[{"embeddable":true,"href":"https:\/\/www.baque.com\/en\/wp-json\/wp\/v2\/users\/1"}],"replies":[{"embeddable":true,"href":"https:\/\/www.baque.com\/en\/wp-json\/wp\/v2\/comments?post=2672"}],"version-history":[{"count":2,"href":"https:\/\/www.baque.com\/en\/wp-json\/wp\/v2\/pages\/2672\/revisions"}],"predecessor-version":[{"id":4165,"href":"https:\/\/www.baque.com\/en\/wp-json\/wp\/v2\/pages\/2672\/revisions\/4165"}],"up":[{"embeddable":true,"href":"https:\/\/www.baque.com\/en\/wp-json\/wp\/v2\/pages\/2661"}],"wp:attachment":[{"href":"https:\/\/www.baque.com\/en\/wp-json\/wp\/v2\/media?parent=2672"}],"curies":[{"name":"wp","href":"https:\/\/api.w.org\/{rel}","templated":true}]}}