
{"id":2676,"date":"2018-04-06T10:53:41","date_gmt":"2018-04-06T10:53:41","guid":{"rendered":"http:\/\/www.baque.com\/?page_id=2676"},"modified":"2018-04-06T10:53:41","modified_gmt":"2018-04-06T10:53:41","slug":"eskerrik-asko-gurekin-harremanetan-jartzeagatik","status":"publish","type":"page","link":"https:\/\/www.baque.com\/en\/at-home\/coffees-office\/eskerrik-asko-gurekin-harremanetan-jartzeagatik\/","title":{"rendered":"Eskerrik asko gurekin harremanetan jartzeagatik."},"content":{"rendered":"<h2 class=\"text-center\">Laster jarriko gara zurekin harremanetan.<\/h2>\n<div class='separator height25' ><\/div>\n<p class=\"text-center\">Bitartean, gure blogean nabigatzen jarrai dezakezu.<\/p>\n<div class='separator height25' ><\/div>\n<p class=\"text-center\"><a href='\/es\/blog-cafes-baque\/' class='button ' target='_blank'>Joan blogera<\/a><\/p>\n","protected":false},"excerpt":{"rendered":"<p>Laster jarriko gara zurekin harremanetan. Bitartean, gure blogean nabigatzen jarrai dezakezu.<\/p>\n","protected":false},"author":1,"featured_media":0,"parent":2674,"menu_order":10,"comment_status":"closed","ping_status":"closed","template":"page-typ.php","meta":{"_acf_changed":false,"footnotes":""},"class_list":["post-2676","page","type-page","status-publish","hentry"],"acf":[],"yoast_head":"<!-- This site is optimized with the Yoast SEO plugin v27.3 - https:\/\/yoast.com\/product\/yoast-seo-wordpress\/ -->\n<title>Eskerrik asko gurekin harremanetan jartzeagatik. - Caf\u00e9s Baqu\u00e9<\/title>\n<meta name=\"robots\" content=\"index, follow, max-snippet:-1, max-image-preview:large, max-video-preview:-1\" \/>\n<meta property=\"og:locale\" content=\"en_US\" \/>\n<meta property=\"og:type\" content=\"article\" \/>\n<meta property=\"og:title\" content=\"Eskerrik asko gurekin harremanetan jartzeagatik. - Caf\u00e9s Baqu\u00e9\" \/>\n<meta property=\"og:description\" content=\"Laster jarriko gara zurekin harremanetan. Bitartean, gure blogean nabigatzen jarrai dezakezu.\" \/>\n<meta property=\"og:url\" content=\"https:\/\/www.baque.com\/en\/at-home\/coffees-office\/eskerrik-asko-gurekin-harremanetan-jartzeagatik\/\" \/>\n<meta property=\"og:site_name\" content=\"Caf\u00e9s Baqu\u00e9\" \/>\n<meta name=\"twitter:card\" content=\"summary_large_image\" \/>\n<script type=\"application\/ld+json\" class=\"yoast-schema-graph\">{\"@context\":\"https:\\\/\\\/schema.org\",\"@graph\":[{\"@type\":\"WebPage\",\"@id\":\"https:\\\/\\\/www.baque.com\\\/en\\\/at-home\\\/coffees-office\\\/eskerrik-asko-gurekin-harremanetan-jartzeagatik\\\/\",\"url\":\"https:\\\/\\\/www.baque.com\\\/en\\\/at-home\\\/coffees-office\\\/eskerrik-asko-gurekin-harremanetan-jartzeagatik\\\/\",\"name\":\"Eskerrik asko gurekin harremanetan jartzeagatik. - Caf\u00e9s Baqu\u00e9\",\"isPartOf\":{\"@id\":\"https:\\\/\\\/www.baque.com\\\/es\\\/#website\"},\"datePublished\":\"2018-04-06T10:53:41+00:00\",\"breadcrumb\":{\"@id\":\"https:\\\/\\\/www.baque.com\\\/en\\\/at-home\\\/coffees-office\\\/eskerrik-asko-gurekin-harremanetan-jartzeagatik\\\/#breadcrumb\"},\"inLanguage\":\"en-US\",\"potentialAction\":[{\"@type\":\"ReadAction\",\"target\":[\"https:\\\/\\\/www.baque.com\\\/en\\\/at-home\\\/coffees-office\\\/eskerrik-asko-gurekin-harremanetan-jartzeagatik\\\/\"]}]},{\"@type\":\"BreadcrumbList\",\"@id\":\"https:\\\/\\\/www.baque.com\\\/en\\\/at-home\\\/coffees-office\\\/eskerrik-asko-gurekin-harremanetan-jartzeagatik\\\/#breadcrumb\",\"itemListElement\":[{\"@type\":\"ListItem\",\"position\":1,\"name\":\"Portada\",\"item\":\"https:\\\/\\\/www.baque.com\\\/en\\\/\"},{\"@type\":\"ListItem\",\"position\":2,\"name\":\"At home\",\"item\":\"https:\\\/\\\/www.baque.com\\\/en\\\/at-home\\\/\"},{\"@type\":\"ListItem\",\"position\":3,\"name\":\"Caf\u00e9s Baqu\u00e9&#8217;s solutionfor your Office\",\"item\":\"https:\\\/\\\/www.baque.com\\\/en\\\/at-home\\\/coffees-office\\\/\"},{\"@type\":\"ListItem\",\"position\":4,\"name\":\"Eskerrik asko gurekin harremanetan jartzeagatik.\"}]},{\"@type\":\"WebSite\",\"@id\":\"https:\\\/\\\/www.baque.com\\\/es\\\/#website\",\"url\":\"https:\\\/\\\/www.baque.com\\\/es\\\/\",\"name\":\"Caf\u00e9s Baqu\u00e9\",\"description\":\"Somos l\u00edderes en hosteler\u00eda en Pa\u00eds Vasco y La Rioja y una de las marcas m\u00e1s reconocidas en el mercado nacional. Somos una empresa familiar en constante innovaci\u00f3n en el producto. Tostamos y distribuimos caf\u00e9 molido, en grano y c\u00e1psulas para disfrutar en casa, en el bar y en la oficina.\",\"potentialAction\":[{\"@type\":\"SearchAction\",\"target\":{\"@type\":\"EntryPoint\",\"urlTemplate\":\"https:\\\/\\\/www.baque.com\\\/es\\\/?s={search_term_string}\"},\"query-input\":{\"@type\":\"PropertyValueSpecification\",\"valueRequired\":true,\"valueName\":\"search_term_string\"}}],\"inLanguage\":\"en-US\"}]}<\/script>\n<!-- \/ Yoast SEO plugin. -->","yoast_head_json":{"title":"Eskerrik asko gurekin harremanetan jartzeagatik. - Caf\u00e9s Baqu\u00e9","robots":{"index":"index","follow":"follow","max-snippet":"max-snippet:-1","max-image-preview":"max-image-preview:large","max-video-preview":"max-video-preview:-1"},"og_locale":"en_US","og_type":"article","og_title":"Eskerrik asko gurekin harremanetan jartzeagatik. - Caf\u00e9s Baqu\u00e9","og_description":"Laster jarriko gara zurekin harremanetan. Bitartean, gure blogean nabigatzen jarrai dezakezu.","og_url":"https:\/\/www.baque.com\/en\/at-home\/coffees-office\/eskerrik-asko-gurekin-harremanetan-jartzeagatik\/","og_site_name":"Caf\u00e9s Baqu\u00e9","twitter_card":"summary_large_image","schema":{"@context":"https:\/\/schema.org","@graph":[{"@type":"WebPage","@id":"https:\/\/www.baque.com\/en\/at-home\/coffees-office\/eskerrik-asko-gurekin-harremanetan-jartzeagatik\/","url":"https:\/\/www.baque.com\/en\/at-home\/coffees-office\/eskerrik-asko-gurekin-harremanetan-jartzeagatik\/","name":"Eskerrik asko gurekin harremanetan jartzeagatik. - Caf\u00e9s Baqu\u00e9","isPartOf":{"@id":"https:\/\/www.baque.com\/es\/#website"},"datePublished":"2018-04-06T10:53:41+00:00","breadcrumb":{"@id":"https:\/\/www.baque.com\/en\/at-home\/coffees-office\/eskerrik-asko-gurekin-harremanetan-jartzeagatik\/#breadcrumb"},"inLanguage":"en-US","potentialAction":[{"@type":"ReadAction","target":["https:\/\/www.baque.com\/en\/at-home\/coffees-office\/eskerrik-asko-gurekin-harremanetan-jartzeagatik\/"]}]},{"@type":"BreadcrumbList","@id":"https:\/\/www.baque.com\/en\/at-home\/coffees-office\/eskerrik-asko-gurekin-harremanetan-jartzeagatik\/#breadcrumb","itemListElement":[{"@type":"ListItem","position":1,"name":"Portada","item":"https:\/\/www.baque.com\/en\/"},{"@type":"ListItem","position":2,"name":"At home","item":"https:\/\/www.baque.com\/en\/at-home\/"},{"@type":"ListItem","position":3,"name":"Caf\u00e9s Baqu\u00e9&#8217;s solutionfor your Office","item":"https:\/\/www.baque.com\/en\/at-home\/coffees-office\/"},{"@type":"ListItem","position":4,"name":"Eskerrik asko gurekin harremanetan jartzeagatik."}]},{"@type":"WebSite","@id":"https:\/\/www.baque.com\/es\/#website","url":"https:\/\/www.baque.com\/es\/","name":"Caf\u00e9s Baqu\u00e9","description":"Somos l\u00edderes en hosteler\u00eda en Pa\u00eds Vasco y La Rioja y una de las marcas m\u00e1s reconocidas en el mercado nacional. Somos una empresa familiar en constante innovaci\u00f3n en el producto. Tostamos y distribuimos caf\u00e9 molido, en grano y c\u00e1psulas para disfrutar en casa, en el bar y en la oficina.","potentialAction":[{"@type":"SearchAction","target":{"@type":"EntryPoint","urlTemplate":"https:\/\/www.baque.com\/es\/?s={search_term_string}"},"query-input":{"@type":"PropertyValueSpecification","valueRequired":true,"valueName":"search_term_string"}}],"inLanguage":"en-US"}]}},"_links":{"self":[{"href":"https:\/\/www.baque.com\/en\/wp-json\/wp\/v2\/pages\/2676","targetHints":{"allow":["GET"]}}],"collection":[{"href":"https:\/\/www.baque.com\/en\/wp-json\/wp\/v2\/pages"}],"about":[{"href":"https:\/\/www.baque.com\/en\/wp-json\/wp\/v2\/types\/page"}],"author":[{"embeddable":true,"href":"https:\/\/www.baque.com\/en\/wp-json\/wp\/v2\/users\/1"}],"replies":[{"embeddable":true,"href":"https:\/\/www.baque.com\/en\/wp-json\/wp\/v2\/comments?post=2676"}],"version-history":[{"count":0,"href":"https:\/\/www.baque.com\/en\/wp-json\/wp\/v2\/pages\/2676\/revisions"}],"up":[{"embeddable":true,"href":"https:\/\/www.baque.com\/en\/wp-json\/wp\/v2\/pages\/2674"}],"wp:attachment":[{"href":"https:\/\/www.baque.com\/en\/wp-json\/wp\/v2\/media?parent=2676"}],"curies":[{"name":"wp","href":"https:\/\/api.w.org\/{rel}","templated":true}]}}