
{"id":2707,"date":"2018-04-06T11:39:42","date_gmt":"2018-04-06T11:39:42","guid":{"rendered":"http:\/\/www.baque.com\/?page_id=2707"},"modified":"2025-01-21T16:14:08","modified_gmt":"2025-01-21T15:14:08","slug":"organic-coffee","status":"publish","type":"page","link":"https:\/\/www.baque.com\/en\/at-home\/coffee\/organic-coffee\/","title":{"rendered":"Organic coffee in capsules"},"content":{"rendered":"<section  id='capsulas-organicas' class='introtext'><div class='container'>\n<h2>We understand your lifestyle because it\u2019s ours too.<\/h2>\n<p class=\"text-center\">BAQU\u00c9S NEW <strong>ORGANIC COFFEE IN CAPSULES<\/strong> are made from beans that have been grown in an honest way, without pesticides or fertilisers, and they are COMPATIBLE WITH NESPRESSO<sup>\u00ae<\/sup>* AND DOLCE GUSTO<sup>\u00ae<\/sup>* COFFEE MACHINES too.<\/p>\n<p class=\"text-center\">The Nespresso<sup>\u00ae<\/sup>* compatible capsules are 100% BIODEGRADABLE as well. They are made from potato starch so they can easily biodegrade along with other rubbish and there is no need to separate them out, which leads to a direct reduction in the creation of unnecessary waste.<\/p>\n<p><\/div><\/section><br \/>\n<section  id='capsulas-organicas-1' class='videophoto expand nocontainer'><img src='\/wp-content\/themes\/baque\/img\/images\/capsulas-organicas.jpg' class='bg' alt='' \/><img src='\/wp-content\/themes\/baque\/img\/images\/capsulas-organicas_resp.jpg' class='bgresp' alt='' \/><div class='container'><\/div><\/section><br \/>\n<section  id='capsulas-organicas-2' class='products expand products2'><div class='container'><\/p>\n<div class='product' itemscope itemtype='http:\/\/schema.org\/Product'>\n\t\t\t<div><img itemprop='image' src='\/wp-content\/uploads\/2023\/11\/organico-natural-honey-baque-1.png' alt='ORGANIC GROUND <br \/>COFFEE' \/><\/div>\n\t\t\t<h3 itemprop='name'>ORGANIC GROUND <br \/>COFFEE<\/h3>\t<a href='\/es\/tienda\/cafe-organico\/cafe-molido-organico-250-g\/' class='button'>BUY NOW<\/a><\/div>\n<div class='product' itemscope itemtype='http:\/\/schema.org\/Product'>\n\t\t\t<div><img itemprop='image' src='\/wp-content\/uploads\/2023\/11\/organico-natural-baque-1.png' alt='NATURAL ORGANIC <br \/>COFFEE BEANS' \/><\/div>\n\t\t\t<h3 itemprop='name'>NATURAL ORGANIC <br \/>COFFEE BEANS<\/h3>\t<a href='\/es\/tienda\/cafe-organico\/cafe-en-grano-organico-natural-500-g\/' class='button'>BUY NOW<\/a><\/div>\n<div class=\"clear\"><\/div>\n<p class=\"text-center small\">*Marcas de compa\u00f1\u00edas no relacionadas con Caf\u00e9s Baqu\u00e9 S.L.U. Reconocimiento y marcas de logo comercial.<\/p>\n<p><\/div><\/section><br \/>\n<section  id='capsulas-organicas-3' class='squares videophoto cols3 borderwhite borderwhitefooter'><br \/>\n<div  class='square nocontainer'>\n\t\t\t<img src='\/wp-content\/themes\/baque\/img\/images\/capsulas-organicas-1.jpg' class='bg withoutbgresp' alt='' \/>\n\t\t\t\n\t\t\t<div class='container'>\n\t\t\t\t\n\t\t\t<\/div>\n\t\t<\/div><br \/>\n<div  class='square nocontainer'>\n\t\t\t<img src='\/wp-content\/themes\/baque\/img\/images\/capsulas-organicas-2.jpg' class='bg withoutbgresp' alt='' \/>\n\t\t\t\n\t\t\t<div class='container'>\n\t\t\t\t\n\t\t\t<\/div>\n\t\t<\/div><br \/>\n<div  class='square nocontainer'>\n\t\t\t<img src='\/wp-content\/themes\/baque\/img\/images\/capsulas-organicas-3.jpg' class='bg withoutbgresp' alt='' \/>\n\t\t\t\n\t\t\t<div class='container'>\n\t\t\t\t\n\t\t\t<\/div>\n\t\t<\/div><br \/>\n<\/section><\/p>\n","protected":false},"excerpt":{"rendered":"","protected":false},"author":1,"featured_media":0,"parent":2616,"menu_order":40,"comment_status":"closed","ping_status":"closed","template":"","meta":{"_acf_changed":false,"footnotes":""},"class_list":["post-2707","page","type-page","status-publish","hentry"],"acf":[],"yoast_head":"<!-- This site is optimized with the Yoast SEO plugin v27.3 - https:\/\/yoast.com\/product\/yoast-seo-wordpress\/ -->\n<title>Organic coffee in capsules | Compatible with Nespresso and Dolce Gusto | Caf\u00e9s Baqu\u00e9<\/title>\n<meta name=\"description\" content=\"Discover Caf\u00e9s Baqu\u00e9\u2019s organic coffee in capsules made with beans that have been grown in an honest way, without pesticides and fertilisers. And, they are compatible with Nespresso\u00ae and Dolce Gusto\u00ae coffee machines too.\" \/>\n<meta name=\"robots\" content=\"index, follow, max-snippet:-1, max-image-preview:large, max-video-preview:-1\" \/>\n<meta property=\"og:locale\" content=\"en_US\" \/>\n<meta property=\"og:type\" content=\"article\" \/>\n<meta property=\"og:title\" content=\"Organic coffee in capsules | Compatible with Nespresso and Dolce Gusto | Caf\u00e9s Baqu\u00e9\" \/>\n<meta property=\"og:description\" content=\"Discover Caf\u00e9s Baqu\u00e9\u2019s organic coffee in capsules made with beans that have been grown in an honest way, without pesticides and fertilisers. And, they are compatible with Nespresso\u00ae and Dolce Gusto\u00ae coffee machines too.\" \/>\n<meta property=\"og:url\" content=\"https:\/\/www.baque.com\/en\/at-home\/coffee\/organic-coffee\/\" \/>\n<meta property=\"og:site_name\" content=\"Caf\u00e9s Baqu\u00e9\" \/>\n<meta property=\"article:modified_time\" content=\"2025-01-21T15:14:08+00:00\" \/>\n<meta name=\"twitter:card\" content=\"summary_large_image\" \/>\n<meta name=\"twitter:label1\" content=\"Est. reading time\" \/>\n\t<meta name=\"twitter:data1\" content=\"1 minute\" \/>\n<script type=\"application\/ld+json\" class=\"yoast-schema-graph\">{\"@context\":\"https:\\\/\\\/schema.org\",\"@graph\":[{\"@type\":\"WebPage\",\"@id\":\"https:\\\/\\\/www.baque.com\\\/en\\\/at-home\\\/coffee\\\/organic-coffee\\\/\",\"url\":\"https:\\\/\\\/www.baque.com\\\/en\\\/at-home\\\/coffee\\\/organic-coffee\\\/\",\"name\":\"Organic coffee in capsules | Compatible with Nespresso and Dolce Gusto | Caf\u00e9s Baqu\u00e9\",\"isPartOf\":{\"@id\":\"https:\\\/\\\/www.baque.com\\\/es\\\/#website\"},\"datePublished\":\"2018-04-06T11:39:42+00:00\",\"dateModified\":\"2025-01-21T15:14:08+00:00\",\"description\":\"Discover Caf\u00e9s Baqu\u00e9\u2019s organic coffee in capsules made with beans that have been grown in an honest way, without pesticides and fertilisers. And, they are compatible with Nespresso\u00ae and Dolce Gusto\u00ae coffee machines too.\",\"breadcrumb\":{\"@id\":\"https:\\\/\\\/www.baque.com\\\/en\\\/at-home\\\/coffee\\\/organic-coffee\\\/#breadcrumb\"},\"inLanguage\":\"en-US\",\"potentialAction\":[{\"@type\":\"ReadAction\",\"target\":[\"https:\\\/\\\/www.baque.com\\\/en\\\/at-home\\\/coffee\\\/organic-coffee\\\/\"]}]},{\"@type\":\"BreadcrumbList\",\"@id\":\"https:\\\/\\\/www.baque.com\\\/en\\\/at-home\\\/coffee\\\/organic-coffee\\\/#breadcrumb\",\"itemListElement\":[{\"@type\":\"ListItem\",\"position\":1,\"name\":\"Portada\",\"item\":\"https:\\\/\\\/www.baque.com\\\/en\\\/\"},{\"@type\":\"ListItem\",\"position\":2,\"name\":\"At home\",\"item\":\"https:\\\/\\\/www.baque.com\\\/en\\\/at-home\\\/\"},{\"@type\":\"ListItem\",\"position\":3,\"name\":\"Coffee\",\"item\":\"https:\\\/\\\/www.baque.com\\\/en\\\/at-home\\\/coffee\\\/\"},{\"@type\":\"ListItem\",\"position\":4,\"name\":\"Organic coffee in capsules\"}]},{\"@type\":\"WebSite\",\"@id\":\"https:\\\/\\\/www.baque.com\\\/es\\\/#website\",\"url\":\"https:\\\/\\\/www.baque.com\\\/es\\\/\",\"name\":\"Caf\u00e9s Baqu\u00e9\",\"description\":\"Somos l\u00edderes en hosteler\u00eda en Pa\u00eds Vasco y La Rioja y una de las marcas m\u00e1s reconocidas en el mercado nacional. Somos una empresa familiar en constante innovaci\u00f3n en el producto. Tostamos y distribuimos caf\u00e9 molido, en grano y c\u00e1psulas para disfrutar en casa, en el bar y en la oficina.\",\"potentialAction\":[{\"@type\":\"SearchAction\",\"target\":{\"@type\":\"EntryPoint\",\"urlTemplate\":\"https:\\\/\\\/www.baque.com\\\/es\\\/?s={search_term_string}\"},\"query-input\":{\"@type\":\"PropertyValueSpecification\",\"valueRequired\":true,\"valueName\":\"search_term_string\"}}],\"inLanguage\":\"en-US\"}]}<\/script>\n<!-- \/ Yoast SEO plugin. -->","yoast_head_json":{"title":"Organic coffee in capsules | Compatible with Nespresso and Dolce Gusto | Caf\u00e9s Baqu\u00e9","description":"Discover Caf\u00e9s Baqu\u00e9\u2019s organic coffee in capsules made with beans that have been grown in an honest way, without pesticides and fertilisers. And, they are compatible with Nespresso\u00ae and Dolce Gusto\u00ae coffee machines too.","robots":{"index":"index","follow":"follow","max-snippet":"max-snippet:-1","max-image-preview":"max-image-preview:large","max-video-preview":"max-video-preview:-1"},"og_locale":"en_US","og_type":"article","og_title":"Organic coffee in capsules | Compatible with Nespresso and Dolce Gusto | Caf\u00e9s Baqu\u00e9","og_description":"Discover Caf\u00e9s Baqu\u00e9\u2019s organic coffee in capsules made with beans that have been grown in an honest way, without pesticides and fertilisers. And, they are compatible with Nespresso\u00ae and Dolce Gusto\u00ae coffee machines too.","og_url":"https:\/\/www.baque.com\/en\/at-home\/coffee\/organic-coffee\/","og_site_name":"Caf\u00e9s Baqu\u00e9","article_modified_time":"2025-01-21T15:14:08+00:00","twitter_card":"summary_large_image","twitter_misc":{"Est. reading time":"1 minute"},"schema":{"@context":"https:\/\/schema.org","@graph":[{"@type":"WebPage","@id":"https:\/\/www.baque.com\/en\/at-home\/coffee\/organic-coffee\/","url":"https:\/\/www.baque.com\/en\/at-home\/coffee\/organic-coffee\/","name":"Organic coffee in capsules | Compatible with Nespresso and Dolce Gusto | Caf\u00e9s Baqu\u00e9","isPartOf":{"@id":"https:\/\/www.baque.com\/es\/#website"},"datePublished":"2018-04-06T11:39:42+00:00","dateModified":"2025-01-21T15:14:08+00:00","description":"Discover Caf\u00e9s Baqu\u00e9\u2019s organic coffee in capsules made with beans that have been grown in an honest way, without pesticides and fertilisers. And, they are compatible with Nespresso\u00ae and Dolce Gusto\u00ae coffee machines too.","breadcrumb":{"@id":"https:\/\/www.baque.com\/en\/at-home\/coffee\/organic-coffee\/#breadcrumb"},"inLanguage":"en-US","potentialAction":[{"@type":"ReadAction","target":["https:\/\/www.baque.com\/en\/at-home\/coffee\/organic-coffee\/"]}]},{"@type":"BreadcrumbList","@id":"https:\/\/www.baque.com\/en\/at-home\/coffee\/organic-coffee\/#breadcrumb","itemListElement":[{"@type":"ListItem","position":1,"name":"Portada","item":"https:\/\/www.baque.com\/en\/"},{"@type":"ListItem","position":2,"name":"At home","item":"https:\/\/www.baque.com\/en\/at-home\/"},{"@type":"ListItem","position":3,"name":"Coffee","item":"https:\/\/www.baque.com\/en\/at-home\/coffee\/"},{"@type":"ListItem","position":4,"name":"Organic coffee in capsules"}]},{"@type":"WebSite","@id":"https:\/\/www.baque.com\/es\/#website","url":"https:\/\/www.baque.com\/es\/","name":"Caf\u00e9s Baqu\u00e9","description":"Somos l\u00edderes en hosteler\u00eda en Pa\u00eds Vasco y La Rioja y una de las marcas m\u00e1s reconocidas en el mercado nacional. Somos una empresa familiar en constante innovaci\u00f3n en el producto. Tostamos y distribuimos caf\u00e9 molido, en grano y c\u00e1psulas para disfrutar en casa, en el bar y en la oficina.","potentialAction":[{"@type":"SearchAction","target":{"@type":"EntryPoint","urlTemplate":"https:\/\/www.baque.com\/es\/?s={search_term_string}"},"query-input":{"@type":"PropertyValueSpecification","valueRequired":true,"valueName":"search_term_string"}}],"inLanguage":"en-US"}]}},"_links":{"self":[{"href":"https:\/\/www.baque.com\/en\/wp-json\/wp\/v2\/pages\/2707","targetHints":{"allow":["GET"]}}],"collection":[{"href":"https:\/\/www.baque.com\/en\/wp-json\/wp\/v2\/pages"}],"about":[{"href":"https:\/\/www.baque.com\/en\/wp-json\/wp\/v2\/types\/page"}],"author":[{"embeddable":true,"href":"https:\/\/www.baque.com\/en\/wp-json\/wp\/v2\/users\/1"}],"replies":[{"embeddable":true,"href":"https:\/\/www.baque.com\/en\/wp-json\/wp\/v2\/comments?post=2707"}],"version-history":[{"count":13,"href":"https:\/\/www.baque.com\/en\/wp-json\/wp\/v2\/pages\/2707\/revisions"}],"predecessor-version":[{"id":2862148,"href":"https:\/\/www.baque.com\/en\/wp-json\/wp\/v2\/pages\/2707\/revisions\/2862148"}],"up":[{"embeddable":true,"href":"https:\/\/www.baque.com\/en\/wp-json\/wp\/v2\/pages\/2616"}],"wp:attachment":[{"href":"https:\/\/www.baque.com\/en\/wp-json\/wp\/v2\/media?parent=2707"}],"curies":[{"name":"wp","href":"https:\/\/api.w.org\/{rel}","templated":true}]}}