
{"id":3984056,"date":"2026-03-03T11:16:30","date_gmt":"2026-03-03T10:16:30","guid":{"rendered":"https:\/\/www.baque.com\/at-home\/teas-infusions\/solubles\/"},"modified":"2026-03-05T10:16:11","modified_gmt":"2026-03-05T09:16:11","slug":"solubles","status":"publish","type":"page","link":"https:\/\/www.baque.com\/en\/at-home\/teas-infusions\/solubles\/","title":{"rendered":"Instant Lattes"},"content":{"rendered":"<section  id='basicas' class='introtext'><div class='container'>\n<h2>Elevate your beverage offering with our range of Instant Lattes.<\/h2>\n<p class=\"text-center\">Shake up your routine and give your body the purity it deserves. Our <b>Instant Lattes<\/b> are more than just a drink; they are a burst of nutrition and wellness crafted for those seeking more than just a caffeine fix.<\/p>\n<p class=\"text-center\">A clean, wholesome formula that delivers a natural energy boost alongside a one-of-a- kind sensory experience. Treat yourself to an <b>exotic escape at home<\/b> and enjoy a visually stunning beverage that\u2019s as good for your body as it is for your Instagram feed.<\/p>\n<p><\/div><\/section><br \/>\n<section  id='basicas-1' class='videophoto expand nocontainer'><img src='\/wp-content\/themes\/baque\/img\/images\/solubles-family.webp' class='bg' alt='' \/><img src='\/wp-content\/themes\/baque\/img\/images\/solubles-family.webp' class='bgresp' alt='' \/><div class='container'><\/div><\/section><br \/>\n<section  id='basicas-2' class='products expand products1'><div class='container'><br \/>\n\t<div class='product' itemscope itemtype='http:\/\/schema.org\/Product'>\n\t\t\t<div><img itemprop='image' src='\/wp-content\/themes\/baque\/img\/images\/match_pink_baque.png' alt='SOLUBLE' \/><\/div>\n\t\t\t<h3 itemprop='name'>SOLUBLE<\/h3>\t<a href='\/es\/comprar\/tes-infusiones\/tes-solubles\/' class='button'>BUY NOW<\/a><\/div><br \/>\n<\/div><\/section><br \/>\n<section  id='basicas-3' class='squares videophoto cols3 borderwhite borderwhitefooter'><br \/>\n\t<div  class='square nocontainer'>\n\t\t\t<img src='\/wp-content\/themes\/baque\/img\/images\/solubles-1.webp' class='bg withoutbgresp' alt='' \/>\n\t\t\t\n\t\t\t<div class='container'>\n\t\t\t\t\n\t\t\t<\/div>\n\t\t<\/div><br \/>\n\t<div  class='square nocontainer'>\n\t\t\t<img src='\/wp-content\/themes\/baque\/img\/images\/solubles-2.webp' class='bg withoutbgresp' alt='' \/>\n\t\t\t\n\t\t\t<div class='container'>\n\t\t\t\t\n\t\t\t<\/div>\n\t\t<\/div><br \/>\n\t<div  class='square nocontainer'>\n\t\t\t<img src='\/wp-content\/themes\/baque\/img\/images\/solubles-3.webp' class='bg withoutbgresp' alt='' \/>\n\t\t\t\n\t\t\t<div class='container'>\n\t\t\t\t\n\t\t\t<\/div>\n\t\t<\/div><br \/>\n<\/section><\/p>\n","protected":false},"excerpt":{"rendered":"","protected":false},"author":4013,"featured_media":0,"parent":2643,"menu_order":20,"comment_status":"closed","ping_status":"closed","template":"","meta":{"_acf_changed":false,"footnotes":""},"class_list":["post-3984056","page","type-page","status-publish","hentry"],"acf":[],"yoast_head":"<!-- This site is optimized with the Yoast SEO plugin v27.3 - https:\/\/yoast.com\/product\/yoast-seo-wordpress\/ -->\n<title>Instant Lattes | Caf\u00e9s Baqu\u00e9<\/title>\n<meta name=\"description\" content=\"Shake up your routine and give your body the purity it deserves. Our Instant Lattes are more than just a drink; they are a burst of nutrition and wellness crafted for those seeking more than just a caffeine fix.\" \/>\n<meta name=\"robots\" content=\"index, follow, max-snippet:-1, max-image-preview:large, max-video-preview:-1\" \/>\n<meta property=\"og:locale\" content=\"en_US\" \/>\n<meta property=\"og:type\" content=\"article\" \/>\n<meta property=\"og:title\" content=\"Instant Lattes | Caf\u00e9s Baqu\u00e9\" \/>\n<meta property=\"og:description\" content=\"Shake up your routine and give your body the purity it deserves. Our Instant Lattes are more than just a drink; they are a burst of nutrition and wellness crafted for those seeking more than just a caffeine fix.\" \/>\n<meta property=\"og:url\" content=\"https:\/\/www.baque.com\/en\/at-home\/teas-infusions\/solubles\/\" \/>\n<meta property=\"og:site_name\" content=\"Caf\u00e9s Baqu\u00e9\" \/>\n<meta property=\"article:modified_time\" content=\"2026-03-05T09:16:11+00:00\" \/>\n<meta name=\"twitter:card\" content=\"summary_large_image\" \/>\n<meta name=\"twitter:label1\" content=\"Est. reading time\" \/>\n\t<meta name=\"twitter:data1\" content=\"1 minute\" \/>\n<script type=\"application\/ld+json\" class=\"yoast-schema-graph\">{\"@context\":\"https:\\\/\\\/schema.org\",\"@graph\":[{\"@type\":\"WebPage\",\"@id\":\"https:\\\/\\\/www.baque.com\\\/en\\\/at-home\\\/teas-infusions\\\/solubles\\\/\",\"url\":\"https:\\\/\\\/www.baque.com\\\/en\\\/at-home\\\/teas-infusions\\\/solubles\\\/\",\"name\":\"Instant Lattes | Caf\u00e9s Baqu\u00e9\",\"isPartOf\":{\"@id\":\"https:\\\/\\\/www.baque.com\\\/es\\\/#website\"},\"datePublished\":\"2026-03-03T10:16:30+00:00\",\"dateModified\":\"2026-03-05T09:16:11+00:00\",\"description\":\"Shake up your routine and give your body the purity it deserves. Our Instant Lattes are more than just a drink; they are a burst of nutrition and wellness crafted for those seeking more than just a caffeine fix.\",\"breadcrumb\":{\"@id\":\"https:\\\/\\\/www.baque.com\\\/en\\\/at-home\\\/teas-infusions\\\/solubles\\\/#breadcrumb\"},\"inLanguage\":\"en-US\",\"potentialAction\":[{\"@type\":\"ReadAction\",\"target\":[\"https:\\\/\\\/www.baque.com\\\/en\\\/at-home\\\/teas-infusions\\\/solubles\\\/\"]}]},{\"@type\":\"BreadcrumbList\",\"@id\":\"https:\\\/\\\/www.baque.com\\\/en\\\/at-home\\\/teas-infusions\\\/solubles\\\/#breadcrumb\",\"itemListElement\":[{\"@type\":\"ListItem\",\"position\":1,\"name\":\"Portada\",\"item\":\"https:\\\/\\\/www.baque.com\\\/en\\\/\"},{\"@type\":\"ListItem\",\"position\":2,\"name\":\"At home\",\"item\":\"https:\\\/\\\/www.baque.com\\\/en\\\/at-home\\\/\"},{\"@type\":\"ListItem\",\"position\":3,\"name\":\"Teas | Teas to enjoy at home | Caf\u00e9s Baqu\u00e9\",\"item\":\"https:\\\/\\\/www.baque.com\\\/en\\\/at-home\\\/teas-infusions\\\/\"},{\"@type\":\"ListItem\",\"position\":4,\"name\":\"Instant Lattes\"}]},{\"@type\":\"WebSite\",\"@id\":\"https:\\\/\\\/www.baque.com\\\/es\\\/#website\",\"url\":\"https:\\\/\\\/www.baque.com\\\/es\\\/\",\"name\":\"Caf\u00e9s Baqu\u00e9\",\"description\":\"Somos l\u00edderes en hosteler\u00eda en Pa\u00eds Vasco y La Rioja y una de las marcas m\u00e1s reconocidas en el mercado nacional. Somos una empresa familiar en constante innovaci\u00f3n en el producto. Tostamos y distribuimos caf\u00e9 molido, en grano y c\u00e1psulas para disfrutar en casa, en el bar y en la oficina.\",\"potentialAction\":[{\"@type\":\"SearchAction\",\"target\":{\"@type\":\"EntryPoint\",\"urlTemplate\":\"https:\\\/\\\/www.baque.com\\\/es\\\/?s={search_term_string}\"},\"query-input\":{\"@type\":\"PropertyValueSpecification\",\"valueRequired\":true,\"valueName\":\"search_term_string\"}}],\"inLanguage\":\"en-US\"}]}<\/script>\n<!-- \/ Yoast SEO plugin. -->","yoast_head_json":{"title":"Instant Lattes | Caf\u00e9s Baqu\u00e9","description":"Shake up your routine and give your body the purity it deserves. Our Instant Lattes are more than just a drink; they are a burst of nutrition and wellness crafted for those seeking more than just a caffeine fix.","robots":{"index":"index","follow":"follow","max-snippet":"max-snippet:-1","max-image-preview":"max-image-preview:large","max-video-preview":"max-video-preview:-1"},"og_locale":"en_US","og_type":"article","og_title":"Instant Lattes | Caf\u00e9s Baqu\u00e9","og_description":"Shake up your routine and give your body the purity it deserves. Our Instant Lattes are more than just a drink; they are a burst of nutrition and wellness crafted for those seeking more than just a caffeine fix.","og_url":"https:\/\/www.baque.com\/en\/at-home\/teas-infusions\/solubles\/","og_site_name":"Caf\u00e9s Baqu\u00e9","article_modified_time":"2026-03-05T09:16:11+00:00","twitter_card":"summary_large_image","twitter_misc":{"Est. reading time":"1 minute"},"schema":{"@context":"https:\/\/schema.org","@graph":[{"@type":"WebPage","@id":"https:\/\/www.baque.com\/en\/at-home\/teas-infusions\/solubles\/","url":"https:\/\/www.baque.com\/en\/at-home\/teas-infusions\/solubles\/","name":"Instant Lattes | Caf\u00e9s Baqu\u00e9","isPartOf":{"@id":"https:\/\/www.baque.com\/es\/#website"},"datePublished":"2026-03-03T10:16:30+00:00","dateModified":"2026-03-05T09:16:11+00:00","description":"Shake up your routine and give your body the purity it deserves. Our Instant Lattes are more than just a drink; they are a burst of nutrition and wellness crafted for those seeking more than just a caffeine fix.","breadcrumb":{"@id":"https:\/\/www.baque.com\/en\/at-home\/teas-infusions\/solubles\/#breadcrumb"},"inLanguage":"en-US","potentialAction":[{"@type":"ReadAction","target":["https:\/\/www.baque.com\/en\/at-home\/teas-infusions\/solubles\/"]}]},{"@type":"BreadcrumbList","@id":"https:\/\/www.baque.com\/en\/at-home\/teas-infusions\/solubles\/#breadcrumb","itemListElement":[{"@type":"ListItem","position":1,"name":"Portada","item":"https:\/\/www.baque.com\/en\/"},{"@type":"ListItem","position":2,"name":"At home","item":"https:\/\/www.baque.com\/en\/at-home\/"},{"@type":"ListItem","position":3,"name":"Teas | Teas to enjoy at home | Caf\u00e9s Baqu\u00e9","item":"https:\/\/www.baque.com\/en\/at-home\/teas-infusions\/"},{"@type":"ListItem","position":4,"name":"Instant Lattes"}]},{"@type":"WebSite","@id":"https:\/\/www.baque.com\/es\/#website","url":"https:\/\/www.baque.com\/es\/","name":"Caf\u00e9s Baqu\u00e9","description":"Somos l\u00edderes en hosteler\u00eda en Pa\u00eds Vasco y La Rioja y una de las marcas m\u00e1s reconocidas en el mercado nacional. Somos una empresa familiar en constante innovaci\u00f3n en el producto. Tostamos y distribuimos caf\u00e9 molido, en grano y c\u00e1psulas para disfrutar en casa, en el bar y en la oficina.","potentialAction":[{"@type":"SearchAction","target":{"@type":"EntryPoint","urlTemplate":"https:\/\/www.baque.com\/es\/?s={search_term_string}"},"query-input":{"@type":"PropertyValueSpecification","valueRequired":true,"valueName":"search_term_string"}}],"inLanguage":"en-US"}]}},"_links":{"self":[{"href":"https:\/\/www.baque.com\/en\/wp-json\/wp\/v2\/pages\/3984056","targetHints":{"allow":["GET"]}}],"collection":[{"href":"https:\/\/www.baque.com\/en\/wp-json\/wp\/v2\/pages"}],"about":[{"href":"https:\/\/www.baque.com\/en\/wp-json\/wp\/v2\/types\/page"}],"author":[{"embeddable":true,"href":"https:\/\/www.baque.com\/en\/wp-json\/wp\/v2\/users\/4013"}],"replies":[{"embeddable":true,"href":"https:\/\/www.baque.com\/en\/wp-json\/wp\/v2\/comments?post=3984056"}],"version-history":[{"count":4,"href":"https:\/\/www.baque.com\/en\/wp-json\/wp\/v2\/pages\/3984056\/revisions"}],"predecessor-version":[{"id":3989280,"href":"https:\/\/www.baque.com\/en\/wp-json\/wp\/v2\/pages\/3984056\/revisions\/3989280"}],"up":[{"embeddable":true,"href":"https:\/\/www.baque.com\/en\/wp-json\/wp\/v2\/pages\/2643"}],"wp:attachment":[{"href":"https:\/\/www.baque.com\/en\/wp-json\/wp\/v2\/media?parent=3984056"}],"curies":[{"name":"wp","href":"https:\/\/api.w.org\/{rel}","templated":true}]}}