
{"id":5012,"date":"2018-10-16T15:47:01","date_gmt":"2018-10-16T13:47:01","guid":{"rendered":"http:\/\/www.baque.com\/at-home\/teas-infusions\/organicas\/"},"modified":"2018-11-07T13:19:50","modified_gmt":"2018-11-07T11:19:50","slug":"organic-teas","status":"publish","type":"page","link":"https:\/\/www.baque.com\/en\/at-home\/teas-infusions\/organic-teas\/","title":{"rendered":"Organic Teas"},"content":{"rendered":"<section  id='organicas' class='introtext'><div class='container'>\n<h2>THE GREAT FLAVOURS AND AROMAS THAT COME FROM BEING ORGANICALLY GROWN.<\/h2>\n<p class=\"text-center\">Discover our wide range of organic pyramid-shaped teas that have been organically grown without synthetic fertilisers, herbicides or pesticides.<\/p>\n<p class=\"text-center\">Teas that are organically grown and 100% natural.<\/p>\n<p><\/div><\/section><br \/>\n<section  id='organicas-1' class='videophoto expand nocontainer'><img src='\/wp-content\/uploads\/2018\/10\/organicas.jpg' class='bg' alt='' \/><img src='\/wp-content\/uploads\/2018\/10\/para-tu-negocio-infusion-organica_resp.jpg' class='bgresp' alt='' \/><div class='container'><\/div><\/section><br \/>\n<section  id='organicas-2' class='products expand products1'><div class='container'><br \/>\n<div class='product' itemscope itemtype='http:\/\/schema.org\/Product'>\n\t\t\t<div><img itemprop='image' src='\/wp-content\/uploads\/2018\/10\/organicas-baque.png' alt='ORGANIC TEAS' \/><\/div>\n\t\t\t<h3 itemprop='name'>ORGANIC TEAS<\/h3>\t<a href='http:\/\/www.baque.com\/es\/comprar\/tes-infusiones-organicas\/' class='button'>BUY NOW<\/a><\/div><br \/>\n<\/div><\/section><br \/>\n<section  id='organicas-3' class='squares videophoto cols3 borderwhite borderwhitefooter'><br \/>\n<div  class='square nocontainer'>\n\t\t\t<img src='\/wp-content\/uploads\/2018\/10\/infusiones-organica-1.jpg' class='bg withoutbgresp' alt='' \/>\n\t\t\t\n\t\t\t<div class='container'>\n\t\t\t\t\n\t\t\t<\/div>\n\t\t<\/div><br \/>\n<div  class='square nocontainer'>\n\t\t\t<img src='\/wp-content\/uploads\/2018\/10\/infusiones-organica-2.jpg' class='bg withoutbgresp' alt='' \/>\n\t\t\t\n\t\t\t<div class='container'>\n\t\t\t\t\n\t\t\t<\/div>\n\t\t<\/div><br \/>\n<div  class='square nocontainer'>\n\t\t\t<img src='\/wp-content\/uploads\/2018\/10\/infusiones-organica-3.jpg' class='bg withoutbgresp' alt='' \/>\n\t\t\t\n\t\t\t<div class='container'>\n\t\t\t\t\n\t\t\t<\/div>\n\t\t<\/div><br \/>\n<\/section><\/p>\n","protected":false},"excerpt":{"rendered":"","protected":false},"author":1,"featured_media":0,"parent":2643,"menu_order":30,"comment_status":"closed","ping_status":"closed","template":"","meta":{"_acf_changed":false,"footnotes":""},"class_list":["post-5012","page","type-page","status-publish","hentry"],"acf":[],"yoast_head":"<!-- This site is optimized with the Yoast SEO plugin v27.3 - https:\/\/yoast.com\/product\/yoast-seo-wordpress\/ -->\n<title>Teas that are organically grown and 100% natural.<\/title>\n<meta name=\"description\" content=\"Discover our wide range of organic teas that have been made with the finest ingredients from all over the world without synthetic fertilisers, herbicides or pesticides.\" \/>\n<meta name=\"robots\" content=\"index, follow, max-snippet:-1, max-image-preview:large, max-video-preview:-1\" \/>\n<meta property=\"og:locale\" content=\"en_US\" \/>\n<meta property=\"og:type\" content=\"article\" \/>\n<meta property=\"og:title\" content=\"Teas that are organically grown and 100% natural.\" \/>\n<meta property=\"og:description\" content=\"Discover our wide range of organic teas that have been made with the finest ingredients from all over the world without synthetic fertilisers, herbicides or pesticides.\" \/>\n<meta property=\"og:url\" content=\"https:\/\/www.baque.com\/en\/at-home\/teas-infusions\/organic-teas\/\" \/>\n<meta property=\"og:site_name\" content=\"Caf\u00e9s Baqu\u00e9\" \/>\n<meta property=\"article:modified_time\" content=\"2018-11-07T11:19:50+00:00\" \/>\n<meta name=\"twitter:card\" content=\"summary_large_image\" \/>\n<meta name=\"twitter:label1\" content=\"Est. reading time\" \/>\n\t<meta name=\"twitter:data1\" content=\"1 minute\" \/>\n<script type=\"application\/ld+json\" class=\"yoast-schema-graph\">{\"@context\":\"https:\\\/\\\/schema.org\",\"@graph\":[{\"@type\":\"WebPage\",\"@id\":\"https:\\\/\\\/www.baque.com\\\/en\\\/at-home\\\/teas-infusions\\\/organic-teas\\\/\",\"url\":\"https:\\\/\\\/www.baque.com\\\/en\\\/at-home\\\/teas-infusions\\\/organic-teas\\\/\",\"name\":\"Teas that are organically grown and 100% natural.\",\"isPartOf\":{\"@id\":\"https:\\\/\\\/www.baque.com\\\/es\\\/#website\"},\"datePublished\":\"2018-10-16T13:47:01+00:00\",\"dateModified\":\"2018-11-07T11:19:50+00:00\",\"description\":\"Discover our wide range of organic teas that have been made with the finest ingredients from all over the world without synthetic fertilisers, herbicides or pesticides.\",\"breadcrumb\":{\"@id\":\"https:\\\/\\\/www.baque.com\\\/en\\\/at-home\\\/teas-infusions\\\/organic-teas\\\/#breadcrumb\"},\"inLanguage\":\"en-US\",\"potentialAction\":[{\"@type\":\"ReadAction\",\"target\":[\"https:\\\/\\\/www.baque.com\\\/en\\\/at-home\\\/teas-infusions\\\/organic-teas\\\/\"]}]},{\"@type\":\"BreadcrumbList\",\"@id\":\"https:\\\/\\\/www.baque.com\\\/en\\\/at-home\\\/teas-infusions\\\/organic-teas\\\/#breadcrumb\",\"itemListElement\":[{\"@type\":\"ListItem\",\"position\":1,\"name\":\"Portada\",\"item\":\"https:\\\/\\\/www.baque.com\\\/en\\\/\"},{\"@type\":\"ListItem\",\"position\":2,\"name\":\"At home\",\"item\":\"https:\\\/\\\/www.baque.com\\\/en\\\/at-home\\\/\"},{\"@type\":\"ListItem\",\"position\":3,\"name\":\"Teas | Teas to enjoy at home | Caf\u00e9s Baqu\u00e9\",\"item\":\"https:\\\/\\\/www.baque.com\\\/en\\\/at-home\\\/teas-infusions\\\/\"},{\"@type\":\"ListItem\",\"position\":4,\"name\":\"Organic Teas\"}]},{\"@type\":\"WebSite\",\"@id\":\"https:\\\/\\\/www.baque.com\\\/es\\\/#website\",\"url\":\"https:\\\/\\\/www.baque.com\\\/es\\\/\",\"name\":\"Caf\u00e9s Baqu\u00e9\",\"description\":\"Somos l\u00edderes en hosteler\u00eda en Pa\u00eds Vasco y La Rioja y una de las marcas m\u00e1s reconocidas en el mercado nacional. Somos una empresa familiar en constante innovaci\u00f3n en el producto. Tostamos y distribuimos caf\u00e9 molido, en grano y c\u00e1psulas para disfrutar en casa, en el bar y en la oficina.\",\"potentialAction\":[{\"@type\":\"SearchAction\",\"target\":{\"@type\":\"EntryPoint\",\"urlTemplate\":\"https:\\\/\\\/www.baque.com\\\/es\\\/?s={search_term_string}\"},\"query-input\":{\"@type\":\"PropertyValueSpecification\",\"valueRequired\":true,\"valueName\":\"search_term_string\"}}],\"inLanguage\":\"en-US\"}]}<\/script>\n<!-- \/ Yoast SEO plugin. -->","yoast_head_json":{"title":"Teas that are organically grown and 100% natural.","description":"Discover our wide range of organic teas that have been made with the finest ingredients from all over the world without synthetic fertilisers, herbicides or pesticides.","robots":{"index":"index","follow":"follow","max-snippet":"max-snippet:-1","max-image-preview":"max-image-preview:large","max-video-preview":"max-video-preview:-1"},"og_locale":"en_US","og_type":"article","og_title":"Teas that are organically grown and 100% natural.","og_description":"Discover our wide range of organic teas that have been made with the finest ingredients from all over the world without synthetic fertilisers, herbicides or pesticides.","og_url":"https:\/\/www.baque.com\/en\/at-home\/teas-infusions\/organic-teas\/","og_site_name":"Caf\u00e9s Baqu\u00e9","article_modified_time":"2018-11-07T11:19:50+00:00","twitter_card":"summary_large_image","twitter_misc":{"Est. reading time":"1 minute"},"schema":{"@context":"https:\/\/schema.org","@graph":[{"@type":"WebPage","@id":"https:\/\/www.baque.com\/en\/at-home\/teas-infusions\/organic-teas\/","url":"https:\/\/www.baque.com\/en\/at-home\/teas-infusions\/organic-teas\/","name":"Teas that are organically grown and 100% natural.","isPartOf":{"@id":"https:\/\/www.baque.com\/es\/#website"},"datePublished":"2018-10-16T13:47:01+00:00","dateModified":"2018-11-07T11:19:50+00:00","description":"Discover our wide range of organic teas that have been made with the finest ingredients from all over the world without synthetic fertilisers, herbicides or pesticides.","breadcrumb":{"@id":"https:\/\/www.baque.com\/en\/at-home\/teas-infusions\/organic-teas\/#breadcrumb"},"inLanguage":"en-US","potentialAction":[{"@type":"ReadAction","target":["https:\/\/www.baque.com\/en\/at-home\/teas-infusions\/organic-teas\/"]}]},{"@type":"BreadcrumbList","@id":"https:\/\/www.baque.com\/en\/at-home\/teas-infusions\/organic-teas\/#breadcrumb","itemListElement":[{"@type":"ListItem","position":1,"name":"Portada","item":"https:\/\/www.baque.com\/en\/"},{"@type":"ListItem","position":2,"name":"At home","item":"https:\/\/www.baque.com\/en\/at-home\/"},{"@type":"ListItem","position":3,"name":"Teas | Teas to enjoy at home | Caf\u00e9s Baqu\u00e9","item":"https:\/\/www.baque.com\/en\/at-home\/teas-infusions\/"},{"@type":"ListItem","position":4,"name":"Organic Teas"}]},{"@type":"WebSite","@id":"https:\/\/www.baque.com\/es\/#website","url":"https:\/\/www.baque.com\/es\/","name":"Caf\u00e9s Baqu\u00e9","description":"Somos l\u00edderes en hosteler\u00eda en Pa\u00eds Vasco y La Rioja y una de las marcas m\u00e1s reconocidas en el mercado nacional. Somos una empresa familiar en constante innovaci\u00f3n en el producto. Tostamos y distribuimos caf\u00e9 molido, en grano y c\u00e1psulas para disfrutar en casa, en el bar y en la oficina.","potentialAction":[{"@type":"SearchAction","target":{"@type":"EntryPoint","urlTemplate":"https:\/\/www.baque.com\/es\/?s={search_term_string}"},"query-input":{"@type":"PropertyValueSpecification","valueRequired":true,"valueName":"search_term_string"}}],"inLanguage":"en-US"}]}},"_links":{"self":[{"href":"https:\/\/www.baque.com\/en\/wp-json\/wp\/v2\/pages\/5012","targetHints":{"allow":["GET"]}}],"collection":[{"href":"https:\/\/www.baque.com\/en\/wp-json\/wp\/v2\/pages"}],"about":[{"href":"https:\/\/www.baque.com\/en\/wp-json\/wp\/v2\/types\/page"}],"author":[{"embeddable":true,"href":"https:\/\/www.baque.com\/en\/wp-json\/wp\/v2\/users\/1"}],"replies":[{"embeddable":true,"href":"https:\/\/www.baque.com\/en\/wp-json\/wp\/v2\/comments?post=5012"}],"version-history":[{"count":2,"href":"https:\/\/www.baque.com\/en\/wp-json\/wp\/v2\/pages\/5012\/revisions"}],"predecessor-version":[{"id":5015,"href":"https:\/\/www.baque.com\/en\/wp-json\/wp\/v2\/pages\/5012\/revisions\/5015"}],"up":[{"embeddable":true,"href":"https:\/\/www.baque.com\/en\/wp-json\/wp\/v2\/pages\/2643"}],"wp:attachment":[{"href":"https:\/\/www.baque.com\/en\/wp-json\/wp\/v2\/media?parent=5012"}],"curies":[{"name":"wp","href":"https:\/\/api.w.org\/{rel}","templated":true}]}}