
{"id":5711,"date":"2018-12-14T14:45:38","date_gmt":"2018-12-14T12:45:38","guid":{"rendered":"https:\/\/www.baque.com\/?page_id=5711"},"modified":"2023-11-16T11:26:15","modified_gmt":"2023-11-16T10:26:15","slug":"compostable-coffee-capsules","status":"publish","type":"page","link":"https:\/\/www.baque.com\/en\/at-home\/coffee\/compostable-coffee-capsules\/","title":{"rendered":"Compostable Coffee Capsules"},"content":{"rendered":"<section  id='capsulas-organicas' class='introtext'><div class='container'>\n<h2>Compatible with the Environment.<\/h2>\n<p class=\"text-center\">Enjoy the genuine taste of Baque coffee, taking care of the Environment<br \/>\nwith the new <strong>100% COMPOSTABLE<\/strong> capsules.<\/p>\n<p class=\"text-center\">Join our #ecofriendly movement with the COMPOSTABLE capsules by Cafes Baqu\u00e9. The new Nespresso<sup>\u00ae<\/sup>* coffee machine compatible capsules are 100% compostable and fully degrade in just 3 months. An innovating solution that eliminates the impact of plastic and aluminum on our planet.<\/p>\n<div style=\"text-align: center;\"><a class=\"button\" style=\"display: inline-block;\" href=\"https:\/\/www.capsulascompostables.es\/we-are-ecofriendly\/\">MORE INFORMATION<\/a><\/div>\n<p><\/div><\/section><br \/>\n<section  id='capsulas-compostables-1' class='videophoto expand nocontainer'><img src='\/wp-content\/themes\/baque\/img\/images\/capsulas-compostables.jpg' class='bg' alt='' \/><img src='\/wp-content\/themes\/baque\/img\/images\/capsulas-compostables_resp.jpg' class='bgresp' alt='' \/><div class='container'><\/div><\/section><br \/>\n<section  id='capsulas-compostables-2' class='products expand products1'><div class='container'><br \/>\n<div class='product' itemscope itemtype='http:\/\/schema.org\/Product'>\n\t\t\t<div><img itemprop='image' src='\/wp-content\/uploads\/2023\/11\/baque-capsulas-compostables-medio-ambiente.png' alt='NESPRESSO<sup>\u00ae<\/sup>* COFFEE MACHINE COMPATIBLE COMPOSTABLE CAPSULES' \/><\/div>\n\t\t\t<h3 itemprop='name'>NESPRESSO<sup>\u00ae<\/sup>* COFFEE MACHINE COMPATIBLE COMPOSTABLE CAPSULES<\/h3>\t<a href='\/es\/comprar\/cafe-capsulas\/compostables-nespresso\/' class='button'>BUY NOW<\/a><\/div><\/p>\n<div class=\"clear\"><\/div>\n<p class=\"text-center small\">*Marca de una compa\u00f1\u00eda no relacionada con Caf\u00e9s Baqu\u00e9 S.L.U.<\/p>\n<p><\/div><\/section><\/p>\n<section  id='capsulas-compostables-4' class='introtext step'><div class='container'><\/p>\n<h2>100% COMPOSTABLE<\/h2>\n<p class=\"text-center\">Capsules become compost or fertilizer. The new capsules are not only biodegradable but also 100% compostable. They degrade completely in 3 months leaving no residues under optimal conditions of humidity, temperature and oxygen.<\/p>\n<h2>BARRIER MATERIALS<\/h2>\n<p class=\"text-center\">The technology used in the composition of our capsules generates a barrier effect that keeps coffee in the best condition. It is plastic free, avoiding its impact on the planet.<\/p>\n<h2>NEW CAPSULES, THE SAME QUALITY COFFEE<\/h2>\n<p class=\"text-center\">Enjoy the genuine Baque coffee taste in these new compatible capsules for Nespresso<sup>\u00ae<\/sup> coffee machines* and join our #ecofriendly movement contributing to the environment sustainability.<\/p>\n<p><\/div><\/section>\n<section  id='capsulas-organicas-3' class='squares videophoto cols3 borderwhite borderwhitefooter'><br \/>\n<div  class='square nocontainer'>\n\t\t\t<img src='\/wp-content\/themes\/baque\/img\/images\/capsulas-compostables-1.jpg' class='bg withoutbgresp' alt='' \/>\n\t\t\t\n\t\t\t<div class='container'>\n\t\t\t\t\n\t\t\t<\/div>\n\t\t<\/div><br \/>\n<div  class='square nocontainer'>\n\t\t\t<img src='\/wp-content\/themes\/baque\/img\/images\/capsulas-compostables-2.jpg' class='bg withoutbgresp' alt='' \/>\n\t\t\t\n\t\t\t<div class='container'>\n\t\t\t\t\n\t\t\t<\/div>\n\t\t<\/div><br \/>\n<div  class='square nocontainer'>\n\t\t\t<img src='\/wp-content\/themes\/baque\/img\/images\/capsulas-compostables-3.jpg' class='bg withoutbgresp' alt='' \/>\n\t\t\t\n\t\t\t<div class='container'>\n\t\t\t\t\n\t\t\t<\/div>\n\t\t<\/div><br \/>\n<\/section>\n","protected":false},"excerpt":{"rendered":"","protected":false},"author":1,"featured_media":0,"parent":2616,"menu_order":0,"comment_status":"closed","ping_status":"closed","template":"","meta":{"_acf_changed":false,"footnotes":""},"class_list":["post-5711","page","type-page","status-publish","hentry"],"acf":[],"yoast_head":"<!-- This site is optimized with the Yoast SEO plugin v27.3 - https:\/\/yoast.com\/product\/yoast-seo-wordpress\/ -->\n<title>Compostable Coffee Capsules | Coffee for at home | Caf\u00e9s Baqu\u00e9<\/title>\n<meta name=\"description\" content=\"Caf\u00e9s Baqu\u00e9\u2019s Nespresso\u00ae* compatible capsules are now 100% COMPOSTABLE. You can enjoy the same taste and aroma you always have and be eco-friendlier than ever.\" \/>\n<meta name=\"robots\" content=\"index, follow, max-snippet:-1, max-image-preview:large, max-video-preview:-1\" \/>\n<meta property=\"og:locale\" content=\"en_US\" \/>\n<meta property=\"og:type\" content=\"article\" \/>\n<meta property=\"og:title\" content=\"Compostable Coffee Capsules | Coffee for at home | Caf\u00e9s Baqu\u00e9\" \/>\n<meta property=\"og:description\" content=\"Caf\u00e9s Baqu\u00e9\u2019s Nespresso\u00ae* compatible capsules are now 100% COMPOSTABLE. You can enjoy the same taste and aroma you always have and be eco-friendlier than ever.\" \/>\n<meta property=\"og:url\" content=\"https:\/\/www.baque.com\/en\/at-home\/coffee\/compostable-coffee-capsules\/\" \/>\n<meta property=\"og:site_name\" content=\"Caf\u00e9s Baqu\u00e9\" \/>\n<meta property=\"article:modified_time\" content=\"2023-11-16T10:26:15+00:00\" \/>\n<meta name=\"twitter:card\" content=\"summary_large_image\" \/>\n<meta name=\"twitter:label1\" content=\"Est. reading time\" \/>\n\t<meta name=\"twitter:data1\" content=\"2 minutes\" \/>\n<script type=\"application\/ld+json\" class=\"yoast-schema-graph\">{\"@context\":\"https:\\\/\\\/schema.org\",\"@graph\":[{\"@type\":\"WebPage\",\"@id\":\"https:\\\/\\\/www.baque.com\\\/en\\\/at-home\\\/coffee\\\/compostable-coffee-capsules\\\/\",\"url\":\"https:\\\/\\\/www.baque.com\\\/en\\\/at-home\\\/coffee\\\/compostable-coffee-capsules\\\/\",\"name\":\"Compostable Coffee Capsules | Coffee for at home | Caf\u00e9s Baqu\u00e9\",\"isPartOf\":{\"@id\":\"https:\\\/\\\/www.baque.com\\\/es\\\/#website\"},\"datePublished\":\"2018-12-14T12:45:38+00:00\",\"dateModified\":\"2023-11-16T10:26:15+00:00\",\"description\":\"Caf\u00e9s Baqu\u00e9\u2019s Nespresso\u00ae* compatible capsules are now 100% COMPOSTABLE. You can enjoy the same taste and aroma you always have and be eco-friendlier than ever.\",\"breadcrumb\":{\"@id\":\"https:\\\/\\\/www.baque.com\\\/en\\\/at-home\\\/coffee\\\/compostable-coffee-capsules\\\/#breadcrumb\"},\"inLanguage\":\"en-US\",\"potentialAction\":[{\"@type\":\"ReadAction\",\"target\":[\"https:\\\/\\\/www.baque.com\\\/en\\\/at-home\\\/coffee\\\/compostable-coffee-capsules\\\/\"]}]},{\"@type\":\"BreadcrumbList\",\"@id\":\"https:\\\/\\\/www.baque.com\\\/en\\\/at-home\\\/coffee\\\/compostable-coffee-capsules\\\/#breadcrumb\",\"itemListElement\":[{\"@type\":\"ListItem\",\"position\":1,\"name\":\"Portada\",\"item\":\"https:\\\/\\\/www.baque.com\\\/en\\\/\"},{\"@type\":\"ListItem\",\"position\":2,\"name\":\"At home\",\"item\":\"https:\\\/\\\/www.baque.com\\\/en\\\/at-home\\\/\"},{\"@type\":\"ListItem\",\"position\":3,\"name\":\"Coffee\",\"item\":\"https:\\\/\\\/www.baque.com\\\/en\\\/at-home\\\/coffee\\\/\"},{\"@type\":\"ListItem\",\"position\":4,\"name\":\"Compostable Coffee Capsules\"}]},{\"@type\":\"WebSite\",\"@id\":\"https:\\\/\\\/www.baque.com\\\/es\\\/#website\",\"url\":\"https:\\\/\\\/www.baque.com\\\/es\\\/\",\"name\":\"Caf\u00e9s Baqu\u00e9\",\"description\":\"Somos l\u00edderes en hosteler\u00eda en Pa\u00eds Vasco y La Rioja y una de las marcas m\u00e1s reconocidas en el mercado nacional. Somos una empresa familiar en constante innovaci\u00f3n en el producto. Tostamos y distribuimos caf\u00e9 molido, en grano y c\u00e1psulas para disfrutar en casa, en el bar y en la oficina.\",\"potentialAction\":[{\"@type\":\"SearchAction\",\"target\":{\"@type\":\"EntryPoint\",\"urlTemplate\":\"https:\\\/\\\/www.baque.com\\\/es\\\/?s={search_term_string}\"},\"query-input\":{\"@type\":\"PropertyValueSpecification\",\"valueRequired\":true,\"valueName\":\"search_term_string\"}}],\"inLanguage\":\"en-US\"}]}<\/script>\n<!-- \/ Yoast SEO plugin. -->","yoast_head_json":{"title":"Compostable Coffee Capsules | Coffee for at home | Caf\u00e9s Baqu\u00e9","description":"Caf\u00e9s Baqu\u00e9\u2019s Nespresso\u00ae* compatible capsules are now 100% COMPOSTABLE. You can enjoy the same taste and aroma you always have and be eco-friendlier than ever.","robots":{"index":"index","follow":"follow","max-snippet":"max-snippet:-1","max-image-preview":"max-image-preview:large","max-video-preview":"max-video-preview:-1"},"og_locale":"en_US","og_type":"article","og_title":"Compostable Coffee Capsules | Coffee for at home | Caf\u00e9s Baqu\u00e9","og_description":"Caf\u00e9s Baqu\u00e9\u2019s Nespresso\u00ae* compatible capsules are now 100% COMPOSTABLE. You can enjoy the same taste and aroma you always have and be eco-friendlier than ever.","og_url":"https:\/\/www.baque.com\/en\/at-home\/coffee\/compostable-coffee-capsules\/","og_site_name":"Caf\u00e9s Baqu\u00e9","article_modified_time":"2023-11-16T10:26:15+00:00","twitter_card":"summary_large_image","twitter_misc":{"Est. reading time":"2 minutes"},"schema":{"@context":"https:\/\/schema.org","@graph":[{"@type":"WebPage","@id":"https:\/\/www.baque.com\/en\/at-home\/coffee\/compostable-coffee-capsules\/","url":"https:\/\/www.baque.com\/en\/at-home\/coffee\/compostable-coffee-capsules\/","name":"Compostable Coffee Capsules | Coffee for at home | Caf\u00e9s Baqu\u00e9","isPartOf":{"@id":"https:\/\/www.baque.com\/es\/#website"},"datePublished":"2018-12-14T12:45:38+00:00","dateModified":"2023-11-16T10:26:15+00:00","description":"Caf\u00e9s Baqu\u00e9\u2019s Nespresso\u00ae* compatible capsules are now 100% COMPOSTABLE. You can enjoy the same taste and aroma you always have and be eco-friendlier than ever.","breadcrumb":{"@id":"https:\/\/www.baque.com\/en\/at-home\/coffee\/compostable-coffee-capsules\/#breadcrumb"},"inLanguage":"en-US","potentialAction":[{"@type":"ReadAction","target":["https:\/\/www.baque.com\/en\/at-home\/coffee\/compostable-coffee-capsules\/"]}]},{"@type":"BreadcrumbList","@id":"https:\/\/www.baque.com\/en\/at-home\/coffee\/compostable-coffee-capsules\/#breadcrumb","itemListElement":[{"@type":"ListItem","position":1,"name":"Portada","item":"https:\/\/www.baque.com\/en\/"},{"@type":"ListItem","position":2,"name":"At home","item":"https:\/\/www.baque.com\/en\/at-home\/"},{"@type":"ListItem","position":3,"name":"Coffee","item":"https:\/\/www.baque.com\/en\/at-home\/coffee\/"},{"@type":"ListItem","position":4,"name":"Compostable Coffee Capsules"}]},{"@type":"WebSite","@id":"https:\/\/www.baque.com\/es\/#website","url":"https:\/\/www.baque.com\/es\/","name":"Caf\u00e9s Baqu\u00e9","description":"Somos l\u00edderes en hosteler\u00eda en Pa\u00eds Vasco y La Rioja y una de las marcas m\u00e1s reconocidas en el mercado nacional. Somos una empresa familiar en constante innovaci\u00f3n en el producto. Tostamos y distribuimos caf\u00e9 molido, en grano y c\u00e1psulas para disfrutar en casa, en el bar y en la oficina.","potentialAction":[{"@type":"SearchAction","target":{"@type":"EntryPoint","urlTemplate":"https:\/\/www.baque.com\/es\/?s={search_term_string}"},"query-input":{"@type":"PropertyValueSpecification","valueRequired":true,"valueName":"search_term_string"}}],"inLanguage":"en-US"}]}},"_links":{"self":[{"href":"https:\/\/www.baque.com\/en\/wp-json\/wp\/v2\/pages\/5711","targetHints":{"allow":["GET"]}}],"collection":[{"href":"https:\/\/www.baque.com\/en\/wp-json\/wp\/v2\/pages"}],"about":[{"href":"https:\/\/www.baque.com\/en\/wp-json\/wp\/v2\/types\/page"}],"author":[{"embeddable":true,"href":"https:\/\/www.baque.com\/en\/wp-json\/wp\/v2\/users\/1"}],"replies":[{"embeddable":true,"href":"https:\/\/www.baque.com\/en\/wp-json\/wp\/v2\/comments?post=5711"}],"version-history":[{"count":7,"href":"https:\/\/www.baque.com\/en\/wp-json\/wp\/v2\/pages\/5711\/revisions"}],"predecessor-version":[{"id":1865718,"href":"https:\/\/www.baque.com\/en\/wp-json\/wp\/v2\/pages\/5711\/revisions\/1865718"}],"up":[{"embeddable":true,"href":"https:\/\/www.baque.com\/en\/wp-json\/wp\/v2\/pages\/2616"}],"wp:attachment":[{"href":"https:\/\/www.baque.com\/en\/wp-json\/wp\/v2\/media?parent=5711"}],"curies":[{"name":"wp","href":"https:\/\/api.w.org\/{rel}","templated":true}]}}