
{"id":8076,"date":"2019-08-09T14:02:08","date_gmt":"2019-08-09T12:02:08","guid":{"rendered":"https:\/\/www.baque.com\/?page_id=8076"},"modified":"2023-02-09T17:10:29","modified_gmt":"2023-02-09T16:10:29","slug":"baque-experience","status":"publish","type":"page","link":"https:\/\/www.baque.com\/en\/coffee-experts\/baque-experience\/","title":{"rendered":"Baqu\u00e9 Experience"},"content":{"rendered":"<section  id='experience-portada'><img src='\/wp-content\/uploads\/2019\/08\/baque-experience-eventos-madrid-1.jpg' class='bg withoutbgresp' alt='' \/><video class='video_fondo' src='\/wp-content\/uploads\/2019\/08\/baque-experience-eventos-madrid.mp4' muted autoplay loop><\/video><div class='container'><\/p>\n\n\n\n<h1>Baqu\u00e9 Experience<\/h1>\n<h2>Enjoy a unique coffee experience.<\/h2>\n\n\n<p><\/div><\/section>\n\n\n<section  id='experience-slider'><div class='container'><\/p>\n\n\n\n<div class=\"info\">\n\n<p><strong>Baqu\u00e9 Experience<\/strong> is an exclusive multipurpose space located in <strong>Madrid<\/strong> that provides the perfect spot for putting on <strong>corporate or private events<\/strong> in a <strong>unique and elegant<\/strong> ambiance.<\/p>\n\n<p>It\u2019s a great place to have a <strong>meeting<\/strong> in a more laid-back setting or offer a <strong>lunch or dinner<\/strong> that has been crafted by our expert chefs.<\/p>\n\n<\/div>\n\n<div class=\"imagenes\">\n\n<img decoding=\"async\" src=\"\/wp-content\/uploads\/2019\/08\/baque-experience-espacio-eventos-madrid-1.jpg\" alt=\"baque-experience-espacio-eventos-madrid-1\">\n<img decoding=\"async\" src=\"\/wp-content\/uploads\/2019\/08\/baque-experience-espacio-eventos-madrid-2.jpg\" alt=\"baque-experience-espacio-eventos-madrid-2\">\n<img decoding=\"async\" src=\"\/wp-content\/uploads\/2019\/08\/baque-experience-espacio-eventos-madrid-3.jpg\" alt=\"baque-experience-espacio-eventos-madrid-3\">\n<img decoding=\"async\" src=\"\/wp-content\/uploads\/2019\/08\/baque-experience-espacio-eventos-madrid-4.jpg\" alt=\"baque-experience-espacio-eventos-madrid-4\">\n<img decoding=\"async\" src=\"\/wp-content\/uploads\/2019\/08\/baque-experience-espacio-eventos-madrid-5.jpg\" alt=\"baque-experience-espacio-eventos-madrid-5\">\n\n<div class=\"selector\">\n<img decoding=\"async\" src=\"\/wp-content\/themes\/baque\/img\/flecha.svg\" alt=\"\">\n<span>1<\/span>\n<img decoding=\"async\" src=\"\/wp-content\/themes\/baque\/img\/flecha.svg\" alt=\"\">\n<\/div>\n<\/div>\n\n\n<p><\/div><\/section>\n\n\n<section  id='experience-video'><div class='container'><\/p>\n\n\n\n<img decoding=\"async\" src=\"\/wp-content\/uploads\/2019\/08\/baque-experience-video.jpg\" alt=\"baque-experience-video\">\n<i class=\"fa fa-play\"><\/i>\n<div class=\"iframe\">\n<iframe src=\"https:\/\/www.youtube.com\/embed\/MdUE0xgAT2M\" allow=\"accelerometer; autoplay; encrypted-media; gyroscope; picture-in-picture\" allowfullscreen=\"\" frameborder=\"0\"><\/iframe>\n<span class=\"cerrar\">\u2715<\/span>\n<\/div>\n\n\n<p><\/div><\/section>\n\n\n<section  id='experience-texto' class='introtext'><div class='container'><\/p>\n\n\n\n<p>Our event space has also been designed to offer the ideal setting for a <strong>cooking show<\/strong> thanks to the <strong>fabulous open plan kitchen area that includes a breakfast bar<\/strong>.<\/p>\n\n\n\n<p>You can also enjoy a <strong>lunch\/dinner in a private room <\/strong>served by one of our <strong>partner catering providers<\/strong> such as the <strong>Hotel Wellington<\/strong> or <strong>El Paraguas<\/strong> and <strong>El Babero<\/strong> restaurants.<\/p>\n\n\n\n<p><em>Its location in <strong>one of the most exclusive areas of Madrid<\/strong>, where Alcal\u00e1 s<\/em>treet crosses with Val\u00e1zquez street and facing the Parque del Retiro (The Retiro Park), makes it a truly optimal place to be able to follow up on a meeting with a pleasant afternoon lunch or cocktail and even have a unique coffee experience.<\/p>\n\n\n<p><\/div><\/section>\n\n\n<section  id='experience-catering'><img src='\/wp-content\/uploads\/2019\/08\/baque-experience-catering.jpg' class='bg withoutbgresp' alt='' \/><video class='video_fondo' src='\/wp-content\/uploads\/2019\/08\/baque-experience-catering.mp4' muted autoplay loop><\/video><div class='container'><\/p>\n\n\n\n<p>OFFICIAL CATERING<\/p>\n<div>\n<img decoding=\"async\" src=\"\/wp-content\/themes\/baque\/img\/logos\/wellington.svg\" alt=\"hotel-wellington\">\n<img decoding=\"async\" src=\"\/wp-content\/themes\/baque\/img\/logos\/elparaguas.svg\" alt=\"el-paraguas\">\n<img decoding=\"async\" src=\"\/wp-content\/themes\/baque\/img\/logos\/elbabero.svg\" alt=\"el-babero\">\n<\/div>\n\n\n<p><\/div><\/section>\n\n\n<section  id='experience-info'><div class='container'><\/p>\n\n\n\n<img decoding=\"async\" src=\"\/wp-content\/uploads\/2019\/08\/baque-experiencia-cafetera-unica.jpg\" alt=\"baque-experiencia-cafetera-unica\">\n<div>\n<h3>A UNIQUE COFFEE EXPERIENCE<\/h3>\n<p>Become immersed in a space designed to let you enjoy a very unique coffee experience served up by one of our expert baristas. You will get the chance to taste all the aromas and nuances of coffee that has been brewed using different extraction processes, from the most traditional to the most innovative and trendy.<\/p>\n<\/div>\n\n\n<p><\/div><\/section>\n\n\n<section  id='experience-info'><div class='container'><\/p>\n\n\n\n<img decoding=\"async\" src=\"\/wp-content\/uploads\/2019\/08\/baque-experience-espacio-multifuncional.jpg\" alt=\"baque-experience-espacio-multifuncional\">\n<div>\n<h3>MULTIPURPOSE EVENT SPACE<\/h3>\n<ul>\n<li>Meetings<\/li>\n<li>Events<\/li>\n<li>Celebrations<\/li>\n<li>Trainings<\/li>\n<li>Masterclasses<\/li>\n<li>Expositions<\/li>\n<li>Cooking shows<\/li>\n<li>Wine tastings and food and drink pairings<\/li>\n<li>Team building<\/li>\n<\/ul>\n<\/div>\n\n\n<p><\/div><\/section>\n\n\n<section  id='experience-servicios'><div class='container'><\/p>\n\n\n\n<h4 class=\"titulo-seccion\">SERVICES<\/h4>\n<ul>\n\n\n<p><li><div class='imagen'><img src='\/wp-content\/uploads\/2019\/08\/baque-experience-catering-1.jpg' alt='CATERING'><\/div><span class='titulo'>CATERING<\/span><span>Cooking shows put on by our specialised catering service providers.<\/span><\/li><\/p>\n\n\n<p><li><div class='imagen'><img src='\/wp-content\/uploads\/2019\/08\/baque-experience-barman.jpg' alt='BARMAN'><\/div><span class='titulo'>BARMAN<\/span><span>The finest professionals at your service.<\/span><\/li><\/p>\n\n\n<p><li><div class='imagen'><img src='\/wp-content\/uploads\/2019\/08\/baque-experience-barista.jpg' alt='BARISTA'><\/div><span class='titulo'>BARISTA<\/span><span>Enjoy a unique barista experience.<\/span><\/li><\/p>\n\n\n<p><li><div class='imagen'><img src='\/wp-content\/uploads\/2019\/08\/baque-experience-wifi.jpg' alt='WI-FI'><\/div><span class='titulo'>WI-FI<\/span><span>High quality wi-fi connection included.<\/span><\/li><\/p>\n\n\n<p><li><div class='imagen'><img src='\/wp-content\/uploads\/2019\/08\/baque-experience-audiovisual.jpg' alt='AUDIOVISUAL'><\/div><span class='titulo'>AUDIOVISUAL<\/span><span>85\u201d screen, video conferencing, and Spotify.<\/span><\/li><\/p>\n\n\n<p><li><div class='imagen'><img src='\/wp-content\/uploads\/2019\/08\/baque-experience-decoracion.jpg' alt='PERSONALISED DECORATION'><\/div><span class='titulo'>PERSONALISED DECORATION<\/span><span>Details around every corner. A comfortable atmosphere for your meetings and events.<\/span><\/li><\/p>\n\n\n<p><li><div class='imagen'><img src='\/wp-content\/uploads\/2019\/08\/baque-experience-climatizacion.jpg' alt='AIR CONDITIONING'><\/div><span class='titulo'>AIR CONDITIONING<\/span><span>Air conditioning is available on all floors.<\/span><\/li><\/p>\n\n\n<p><li><div class='imagen'><img src='\/wp-content\/uploads\/2019\/08\/baque-experience-shuttle.jpg' alt='SHUTTLE SERVICES'><\/div><span class='titulo'>SHUTTLE SERVICES<\/span><span>Just let us know where you need the pick-ups and drop-offs to be beforehand and we can organise this service for you.<\/span><\/li><\/p>\n\n\n\n<\/ul>\n\n\n<p><\/div><\/section>\n\n\n<section ><div class='container'><\/p>\n\n\n\n<h4 class=\"titulo-seccion\">A TAILOR-MADE EVENT SPACE<\/h4>\n\n\n<p>    \n    <div class=\"espacio_experience showroom\">\n        \n        <div>\n            <p>Showroom<span>34,65 m2<\/span><\/p>\n            \n            <ol>\n                <li><span>1.<\/span>Entrance to the dining area<\/li>\n                <li><span>2.<\/span>Showroom tasting and pairing space<\/li>\n                <li><span>3.<\/span>Barista table<\/li>\n                <li><span>4.<\/span>Entrance to the basement<\/li>\n                <li><span style=\"color: #8C2222;\">5.<\/span>Coffee bar<\/li>\n                <li><span>6.<\/span>Entrance to the Baqu\u00e9 Experience<\/li>\n            <\/ol>\n        <\/div>\n        \n        <div>\n            <div class=\"imagen\">\n                <img decoding=\"async\" src=\"\/wp-content\/uploads\/2019\/08\/baque-experience-show-room-1.jpg\" alt=\"baque-experience-show-room-1\">\n                <img decoding=\"async\" src=\"\/wp-content\/uploads\/2019\/08\/baque-experience-show-room-2.jpg\" alt=\"baque-experience-show-room-2\">\n                <img decoding=\"async\" src=\"\/wp-content\/uploads\/2019\/08\/baque-experience-show-room-3.jpg\" alt=\"baque-experience-show-room-3\">\n                <img decoding=\"async\" src=\"\/wp-content\/uploads\/2019\/08\/baque-experience-show-room-4.jpg\" alt=\"baque-experience-show-room-4\">\n                <img decoding=\"async\" src=\"\/wp-content\/uploads\/2019\/08\/baque-experience-show-room-5.jpg\" alt=\"baque-experience-show-room-5\">\n                <img decoding=\"async\" src=\"\/wp-content\/uploads\/2019\/08\/baque-experience-show-room-6.jpg\" alt=\"baque-experience-show-room-6\">\n            <\/div>\n            \n            <div>\n                <div class=\"mapa\">\n                    <img decoding=\"async\" src=\"\/wp-content\/uploads\/2019\/08\/baque-experience-showroom.png\" alt=\"baque-experience-showroom\">\n                    <div class=\"pointer pos_1\">1<\/div>\n                    <div class=\"pointer pos_2\">2<\/div>\n                    <div class=\"pointer pos_3\">3<\/div>\n                    <div class=\"pointer pos_4\">4<\/div>\n                    <div class=\"pointer pos_5 actual\">5<\/div>\n                    <div class=\"pointer pos_6\">6<\/div>\n                <\/div>\n            <\/div>\n        <\/div>\n        \n    <\/div>\n    \n    <div class=\"espacio_experience salon\">\n        \n        <div>\n            <p>Cooking area<span>91,5 m2<\/span><\/p>\n            \n            <ol>\n                <li><span>1.<\/span>Office<\/li>\n                <li><span>2.<\/span>Coffee classroom<\/li>\n                <li><span style=\"color: #8C2222;\">3.<\/span>Living room<\/li>\n                <li><span>4.<\/span>Bar area<\/li>\n                <li><span>5.<\/span>Kitchen<\/li>\n                <li><span>6.<\/span>Dining area<\/li>\n                <li><span>7.<\/span>Exit<\/li>\n                <li><span>8.<\/span>Main table<\/li>\n                <li><span>9.<\/span>Multimedia display area<\/li>\n            <\/ol>\n        <\/div>\n        \n        <div>\n            <div class=\"imagen\">\n                <img decoding=\"async\" src=\"\/wp-content\/uploads\/2019\/08\/baque-experience-salon-comedor-1.jpg\" alt=\"baque-experience-salon-comedor-1\">\n                <img decoding=\"async\" src=\"\/wp-content\/uploads\/2019\/08\/baque-experience-salon-comedor-2.jpg\" alt=\"baque-experience-salon-comedor-2\">\n                <img decoding=\"async\" src=\"\/wp-content\/uploads\/2019\/08\/baque-experience-salon-comedor-3.jpg\" alt=\"baque-experience-salon-comedor-3\">\n                <img decoding=\"async\" src=\"\/wp-content\/uploads\/2019\/08\/baque-experience-salon-comedor-4.jpg\" alt=\"baque-experience-salon-comedor-4\">\n                <img decoding=\"async\" src=\"\/wp-content\/uploads\/2019\/08\/baque-experience-salon-comedor-5.jpg\" alt=\"baque-experience-salon-comedor-5\">\n                <img decoding=\"async\" src=\"\/wp-content\/uploads\/2019\/08\/baque-experience-salon-comedor-6.jpg\" alt=\"baque-experience-salon-comedor-6\">\n                <img decoding=\"async\" src=\"\/wp-content\/uploads\/2019\/08\/baque-experience-salon-comedor-7.jpg\" alt=\"baque-experience-salon-comedor-7\">\n                <img decoding=\"async\" src=\"\/wp-content\/uploads\/2019\/08\/baque-experience-salon-comedor-8.jpg\" alt=\"baque-experience-salon-comedor-8\">\n                <img decoding=\"async\" src=\"\/wp-content\/uploads\/2019\/08\/baque-experience-salon-comedor-9.jpg\" alt=\"baque-experience-salon-comedor-9\">\n            <\/div>\n            \n            <div>\n                <div class=\"mapa\">\n                    <img decoding=\"async\" src=\"\/wp-content\/uploads\/2019\/08\/baque-experience-salon-cocina.jpg\" alt=\"baque-experience-salon-cocina\">\n                    <div class=\"pointer pos_1\">1<\/div>\n                    <div class=\"pointer pos_2\">2<\/div>\n                    <div class=\"pointer pos_3 actual\">3<\/div>\n                    <div class=\"pointer pos_4\">4<\/div>\n                    <div class=\"pointer pos_5\">5<\/div>\n                    <div class=\"pointer pos_6\">6<\/div>\n                    <div class=\"pointer pos_7\">7<\/div>\n                    <div class=\"pointer pos_8\">8<\/div>\n                    <div class=\"pointer pos_9\">9<\/div>\n                <\/div>\n            <\/div>\n        <\/div>\n        \n    <\/div>\n    \n    <div class=\"espacio_experience sotano\">\n        \n        <div>\n            <p>Basement<span>52,5 m2<\/span><\/p>\n            \n            <ol>\n                <li><span style=\"color: #8C2222;\">1.<\/span>Meeting room<\/li>\n            <\/ol>\n        <\/div>\n        \n        <div>\n            <div class=\"imagen\">\n                <img decoding=\"async\" src=\"\/wp-content\/uploads\/2019\/08\/baque-experience-sotano-1.jpg\" alt=\"baque-experience-sotano-1\">\n            <\/div>\n            \n            <div>\n                <div class=\"mapa\">\n                    <img decoding=\"async\" src=\"\/wp-content\/uploads\/2019\/08\/baque-experience-sotano.jpg\" alt=\"baque-experience-sotano\">\n                    <div class=\"pointer pos_1 actual\">1<\/div>\n                <\/div>\n            <\/div>\n        <\/div>\n        \n    <\/div>\n    \n    <\/p>\n\n\n<p><\/div><\/section>\n\n\n<section  id='experience-localizacion'><div class='container'><\/p>\n\n\n\n<h4 class=\"titulo-seccion\">LOCATION<\/h4>\n<div>\n<p>Calle de Alcal\u00e1, 99. Madrid.<\/p>\n<ul>\n<li><span>200 m (218 yds)<\/span> &#8211; El Retiro underground station.<\/li>\n<li><span>400 m (437 yds)<\/span> &#8211; Puerta de Alcal\u00e1 <em>(Door of Alcal\u00e1 monument)<\/em>.<\/li>\n<li><span>100 m (109 yds)<\/span> &#8211; Parque del Retiro <em>(The Retiro Park)<\/em>.<\/li>\n<\/ul>\n<\/div>\n\n\n<p><\/div><\/section>\n\n\n\n<iframe src=\"https:\/\/www.google.com\/maps\/embed?pb=!1m18!1m12!1m3!1d3037.429230751126!2d-3.685787283699352!3d40.4214934793645!2m3!1f0!2f0!3f0!3m2!1i1024!2i768!4f13.1!3m3!1m2!1s0xd42289866917327%3A0xa74aeb16af785d02!2sCalle+de+Alcal%C3%A1%2C+99%2C+28009+Madrid!5e0!3m2!1ses!2ses!4v1565259341091!5m2!1ses!2ses\" allowfullscreen=\"\"><\/iframe>\n\n\n<section  id='experience-faq'><div class='container'><\/p>\n\n\n\n<div>\n<h4 class=\"titulo-seccion\">REQUEST FURTHER INFORMATION WITH NO OBLIGATION<\/h4>\n\n<p>Contact: Customer support<br>\n<a href=\"mailto:baque@baque.com\">baque@baque.com<\/a><br>\n<a href=\"tel:946215610\">94 621 56 10<\/a><\/p>\n\n<p>Half day (4 hours): 450\u20ac + VAT<br>\nFull day (8 hours): 750\u20ac + VAT<\/p>\n<\/div>\n\n    \n    <form method=\"post\" onsubmit='enviarExperience(event);' action=\"\">\n      \n        <div id=\"bloque-errores\"><\/div>\n       \n        <div class='form-select' id='tipo'>\n            <select name='tipo'>\n                <option value='' disabled selected>What kind of event do you want to put on?<\/option>\n                <option value='Reuni\u00f3n de trabajo'>Business meeting<\/option>\n                <option value='Celebraci\u00f3n'>Celebration<\/option>\n                <option value='Formaci\u00f3n'>Training<\/option>\n                <option value='Exposici\u00f3n'>Exposition<\/option>\n                <option value='Otros...'>Other\u2026<\/option> \n            <\/select>\n        <\/div>\n        <span class='error-texto' id=\"error-tipo\"><\/span>\n        \n        \n        <input id='personas' class='form-text' type='text' name='personas' placeholder='How many people will be attending?'\/>\n\n        \n        \n        <div class='form-select' id='servicios'>\n            <select name='servicios'>\n                <option value='' disabled selected>What services will you need?<\/option>\n                <option value='Catering'>Catering<\/option>\n                <option value='Uso de cocina'>Use of the cooking area<\/option>\n                <option value='Barman'>Barman<\/option>\n                <option value='Barista Caf\u00e9'>Coffee Barista<\/option>\n                <option value='Shuttle'>Shuttle<\/option>\n                <option value='Audiovisual'>Audiovisual<\/option>\n                <option value='Decoraci\u00f3n personaliza'>Personalised decoration<\/option>\n                <option value='Catering'>Catering<\/option>\n                <option value='Otros...'>Other\u2026<\/option> \n            <\/select>\n        <\/div>\n        <span class='error-texto' id=\"error-servicios\"><\/span>\n \n        \n        <input id='fechas' class='form-text' type='text' name='fechas' placeholder='When would you like to book the space?'\/>\n        \n        \n        <input id='nombre' class='form-text' type='text' name='nombre' placeholder='Full name'\/>\n        \n        \n        <input id='contactar' class='form-text' type='text' name='contactar' placeholder='Please indicate an email address or telephone number we can contact you at.'\/>\n        <span class='error-texto' id=\"error-contactar\"><\/span>\n        \n        <div class='form-check'>\n            <input type='checkbox' id='aviso' name='legal' value='1'>\n            <label for='aviso'>\n                <div><div><\/div><\/div>\n                <p>I read and I agree to the <a href='https:\/\/www.baque.com\/es\/aviso-legal\/' target='_blank'>legal terms<\/a>.<\/p>\n            <\/label>\n        <\/div>\n        <p id='aviso-texto' class='error-texto'><\/p>\n        \n        <input type=\"hidden\" value=\"experience\" name=\"form\">\n        \n        <input class='form-enviar' type='submit' name=\"sendform\" value='I want more information' \/>\n        \n    <\/form>\n    \n    <script>\n        \n        function enviarExperience (e) {\n            \n            var errors = \"\";\n            \n            if (jQuery(\"#tipo > select\").val() == null || jQuery(\"#personas\").val() == \"\" || jQuery(\"#servicios > select\").val() == null || jQuery(\"#fechas\").val() == \"\" || jQuery(\"#nombre\").val() == \"\" || jQuery(\"#contactar\").val() == \"\") {\n                errors += \"Please, fill out all the fields.<br\/>\";\n            }\n            \n            if (!jQuery(\"#aviso\").prop(\"checked\")) {\n                errors += \"Please, accept the legal terms.<br\/>\";\n            }\n            \n            if (errors != \"\") {\n                e.preventDefault();\n                jQuery(\"#bloque-errores\").html(errors);\n            } \n            \n        }\n        \n    <\/script>\n    \n    \n\n\n<p><\/div><\/section>\n","protected":false},"excerpt":{"rendered":"","protected":false},"author":1,"featured_media":0,"parent":2564,"menu_order":0,"comment_status":"closed","ping_status":"closed","template":"page-experience.php","meta":{"_acf_changed":false,"footnotes":""},"class_list":["post-8076","page","type-page","status-publish","hentry"],"acf":[],"yoast_head":"<!-- This site is optimized with the Yoast SEO plugin v27.3 - https:\/\/yoast.com\/product\/yoast-seo-wordpress\/ -->\n<title>Baqu\u00e9 Experience Madrid \/\/ Caf\u00e9s Baqu\u00e9<\/title>\n<meta name=\"description\" content=\"Baqu\u00e9 Experience is an exclusive multipurpose space located in Madrid that provides the perfect spot for putting on corporate or private events in a unique and elegant ambiance.\" \/>\n<meta name=\"robots\" content=\"index, follow, max-snippet:-1, max-image-preview:large, max-video-preview:-1\" \/>\n<meta property=\"og:locale\" content=\"en_US\" \/>\n<meta property=\"og:type\" content=\"article\" \/>\n<meta property=\"og:title\" content=\"Baqu\u00e9 Experience Madrid \/\/ Caf\u00e9s Baqu\u00e9\" \/>\n<meta property=\"og:description\" content=\"Baqu\u00e9 Experience is an exclusive multipurpose space located in Madrid that provides the perfect spot for putting on corporate or private events in a unique and elegant ambiance.\" \/>\n<meta property=\"og:url\" content=\"https:\/\/www.baque.com\/en\/coffee-experts\/baque-experience\/\" \/>\n<meta property=\"og:site_name\" content=\"Caf\u00e9s Baqu\u00e9\" \/>\n<meta property=\"article:modified_time\" content=\"2023-02-09T16:10:29+00:00\" \/>\n<meta name=\"twitter:card\" content=\"summary_large_image\" \/>\n<meta name=\"twitter:label1\" content=\"Est. reading time\" \/>\n\t<meta name=\"twitter:data1\" content=\"5 minutes\" \/>\n<script type=\"application\/ld+json\" class=\"yoast-schema-graph\">{\"@context\":\"https:\\\/\\\/schema.org\",\"@graph\":[{\"@type\":\"WebPage\",\"@id\":\"https:\\\/\\\/www.baque.com\\\/en\\\/coffee-experts\\\/baque-experience\\\/\",\"url\":\"https:\\\/\\\/www.baque.com\\\/en\\\/coffee-experts\\\/baque-experience\\\/\",\"name\":\"Baqu\u00e9 Experience Madrid \\\/\\\/ Caf\u00e9s Baqu\u00e9\",\"isPartOf\":{\"@id\":\"https:\\\/\\\/www.baque.com\\\/es\\\/#website\"},\"datePublished\":\"2019-08-09T12:02:08+00:00\",\"dateModified\":\"2023-02-09T16:10:29+00:00\",\"description\":\"Baqu\u00e9 Experience is an exclusive multipurpose space located in Madrid that provides the perfect spot for putting on corporate or private events in a unique and elegant ambiance.\",\"breadcrumb\":{\"@id\":\"https:\\\/\\\/www.baque.com\\\/en\\\/coffee-experts\\\/baque-experience\\\/#breadcrumb\"},\"inLanguage\":\"en-US\",\"potentialAction\":[{\"@type\":\"ReadAction\",\"target\":[\"https:\\\/\\\/www.baque.com\\\/en\\\/coffee-experts\\\/baque-experience\\\/\"]}]},{\"@type\":\"BreadcrumbList\",\"@id\":\"https:\\\/\\\/www.baque.com\\\/en\\\/coffee-experts\\\/baque-experience\\\/#breadcrumb\",\"itemListElement\":[{\"@type\":\"ListItem\",\"position\":1,\"name\":\"Portada\",\"item\":\"https:\\\/\\\/www.baque.com\\\/en\\\/\"},{\"@type\":\"ListItem\",\"position\":2,\"name\":\"Coffee experts\",\"item\":\"https:\\\/\\\/www.baque.com\\\/en\\\/coffee-experts\\\/\"},{\"@type\":\"ListItem\",\"position\":3,\"name\":\"Baqu\u00e9 Experience\"}]},{\"@type\":\"WebSite\",\"@id\":\"https:\\\/\\\/www.baque.com\\\/es\\\/#website\",\"url\":\"https:\\\/\\\/www.baque.com\\\/es\\\/\",\"name\":\"Caf\u00e9s Baqu\u00e9\",\"description\":\"Somos l\u00edderes en hosteler\u00eda en Pa\u00eds Vasco y La Rioja y una de las marcas m\u00e1s reconocidas en el mercado nacional. Somos una empresa familiar en constante innovaci\u00f3n en el producto. Tostamos y distribuimos caf\u00e9 molido, en grano y c\u00e1psulas para disfrutar en casa, en el bar y en la oficina.\",\"potentialAction\":[{\"@type\":\"SearchAction\",\"target\":{\"@type\":\"EntryPoint\",\"urlTemplate\":\"https:\\\/\\\/www.baque.com\\\/es\\\/?s={search_term_string}\"},\"query-input\":{\"@type\":\"PropertyValueSpecification\",\"valueRequired\":true,\"valueName\":\"search_term_string\"}}],\"inLanguage\":\"en-US\"}]}<\/script>\n<!-- \/ Yoast SEO plugin. -->","yoast_head_json":{"title":"Baqu\u00e9 Experience Madrid \/\/ Caf\u00e9s Baqu\u00e9","description":"Baqu\u00e9 Experience is an exclusive multipurpose space located in Madrid that provides the perfect spot for putting on corporate or private events in a unique and elegant ambiance.","robots":{"index":"index","follow":"follow","max-snippet":"max-snippet:-1","max-image-preview":"max-image-preview:large","max-video-preview":"max-video-preview:-1"},"og_locale":"en_US","og_type":"article","og_title":"Baqu\u00e9 Experience Madrid \/\/ Caf\u00e9s Baqu\u00e9","og_description":"Baqu\u00e9 Experience is an exclusive multipurpose space located in Madrid that provides the perfect spot for putting on corporate or private events in a unique and elegant ambiance.","og_url":"https:\/\/www.baque.com\/en\/coffee-experts\/baque-experience\/","og_site_name":"Caf\u00e9s Baqu\u00e9","article_modified_time":"2023-02-09T16:10:29+00:00","twitter_card":"summary_large_image","twitter_misc":{"Est. reading time":"5 minutes"},"schema":{"@context":"https:\/\/schema.org","@graph":[{"@type":"WebPage","@id":"https:\/\/www.baque.com\/en\/coffee-experts\/baque-experience\/","url":"https:\/\/www.baque.com\/en\/coffee-experts\/baque-experience\/","name":"Baqu\u00e9 Experience Madrid \/\/ Caf\u00e9s Baqu\u00e9","isPartOf":{"@id":"https:\/\/www.baque.com\/es\/#website"},"datePublished":"2019-08-09T12:02:08+00:00","dateModified":"2023-02-09T16:10:29+00:00","description":"Baqu\u00e9 Experience is an exclusive multipurpose space located in Madrid that provides the perfect spot for putting on corporate or private events in a unique and elegant ambiance.","breadcrumb":{"@id":"https:\/\/www.baque.com\/en\/coffee-experts\/baque-experience\/#breadcrumb"},"inLanguage":"en-US","potentialAction":[{"@type":"ReadAction","target":["https:\/\/www.baque.com\/en\/coffee-experts\/baque-experience\/"]}]},{"@type":"BreadcrumbList","@id":"https:\/\/www.baque.com\/en\/coffee-experts\/baque-experience\/#breadcrumb","itemListElement":[{"@type":"ListItem","position":1,"name":"Portada","item":"https:\/\/www.baque.com\/en\/"},{"@type":"ListItem","position":2,"name":"Coffee experts","item":"https:\/\/www.baque.com\/en\/coffee-experts\/"},{"@type":"ListItem","position":3,"name":"Baqu\u00e9 Experience"}]},{"@type":"WebSite","@id":"https:\/\/www.baque.com\/es\/#website","url":"https:\/\/www.baque.com\/es\/","name":"Caf\u00e9s Baqu\u00e9","description":"Somos l\u00edderes en hosteler\u00eda en Pa\u00eds Vasco y La Rioja y una de las marcas m\u00e1s reconocidas en el mercado nacional. Somos una empresa familiar en constante innovaci\u00f3n en el producto. Tostamos y distribuimos caf\u00e9 molido, en grano y c\u00e1psulas para disfrutar en casa, en el bar y en la oficina.","potentialAction":[{"@type":"SearchAction","target":{"@type":"EntryPoint","urlTemplate":"https:\/\/www.baque.com\/es\/?s={search_term_string}"},"query-input":{"@type":"PropertyValueSpecification","valueRequired":true,"valueName":"search_term_string"}}],"inLanguage":"en-US"}]}},"_links":{"self":[{"href":"https:\/\/www.baque.com\/en\/wp-json\/wp\/v2\/pages\/8076","targetHints":{"allow":["GET"]}}],"collection":[{"href":"https:\/\/www.baque.com\/en\/wp-json\/wp\/v2\/pages"}],"about":[{"href":"https:\/\/www.baque.com\/en\/wp-json\/wp\/v2\/types\/page"}],"author":[{"embeddable":true,"href":"https:\/\/www.baque.com\/en\/wp-json\/wp\/v2\/users\/1"}],"replies":[{"embeddable":true,"href":"https:\/\/www.baque.com\/en\/wp-json\/wp\/v2\/comments?post=8076"}],"version-history":[{"count":6,"href":"https:\/\/www.baque.com\/en\/wp-json\/wp\/v2\/pages\/8076\/revisions"}],"predecessor-version":[{"id":1245228,"href":"https:\/\/www.baque.com\/en\/wp-json\/wp\/v2\/pages\/8076\/revisions\/1245228"}],"up":[{"embeddable":true,"href":"https:\/\/www.baque.com\/en\/wp-json\/wp\/v2\/pages\/2564"}],"wp:attachment":[{"href":"https:\/\/www.baque.com\/en\/wp-json\/wp\/v2\/media?parent=8076"}],"curies":[{"name":"wp","href":"https:\/\/api.w.org\/{rel}","templated":true}]}}