
{"id":8085,"date":"2019-08-09T14:10:50","date_gmt":"2019-08-09T12:10:50","guid":{"rendered":"https:\/\/www.baque.com\/?page_id=8085"},"modified":"2019-08-09T14:10:52","modified_gmt":"2019-08-09T12:10:52","slug":"many-thanks-for-contacting-us","status":"publish","type":"page","link":"https:\/\/www.baque.com\/en\/coffee-experts\/baque-experience\/many-thanks-for-contacting-us\/","title":{"rendered":"Many thanks for contacting us."},"content":{"rendered":"\n<h2 class=\"wp-block-heading\">We will get back to you shortly.<\/h2>\n\n\n<div class='separator height25' ><\/div>\n\n\n\n<p>In the meantime, please continue to browse our blog.<\/p>\n\n\n<div class='separator height25' ><\/div>\n\n\n\n<a href='\/es\/blog-cafes-baque\/' class='button ' target='_blank'>Go to blog<\/a>\n","protected":false},"excerpt":{"rendered":"<p>We will get back to you shortly. In the meantime, please continue to browse our blog.<\/p>\n","protected":false},"author":1,"featured_media":0,"parent":8076,"menu_order":0,"comment_status":"closed","ping_status":"closed","template":"page-typ.php","meta":{"_acf_changed":false,"footnotes":""},"class_list":["post-8085","page","type-page","status-publish","hentry"],"acf":[],"yoast_head":"<!-- This site is optimized with the Yoast SEO plugin v27.3 - https:\/\/yoast.com\/product\/yoast-seo-wordpress\/ -->\n<title>Many thanks for contacting us. - Caf\u00e9s Baqu\u00e9<\/title>\n<meta name=\"robots\" content=\"index, follow, max-snippet:-1, max-image-preview:large, max-video-preview:-1\" \/>\n<meta property=\"og:locale\" content=\"en_US\" \/>\n<meta property=\"og:type\" content=\"article\" \/>\n<meta property=\"og:title\" content=\"Many thanks for contacting us. - Caf\u00e9s Baqu\u00e9\" \/>\n<meta property=\"og:description\" content=\"We will get back to you shortly. In the meantime, please continue to browse our blog.\" \/>\n<meta property=\"og:url\" content=\"https:\/\/www.baque.com\/en\/coffee-experts\/baque-experience\/many-thanks-for-contacting-us\/\" \/>\n<meta property=\"og:site_name\" content=\"Caf\u00e9s Baqu\u00e9\" \/>\n<meta property=\"article:modified_time\" content=\"2019-08-09T12:10:52+00:00\" \/>\n<meta name=\"twitter:card\" content=\"summary_large_image\" \/>\n<script type=\"application\/ld+json\" class=\"yoast-schema-graph\">{\"@context\":\"https:\\\/\\\/schema.org\",\"@graph\":[{\"@type\":\"WebPage\",\"@id\":\"https:\\\/\\\/www.baque.com\\\/en\\\/coffee-experts\\\/baque-experience\\\/many-thanks-for-contacting-us\\\/\",\"url\":\"https:\\\/\\\/www.baque.com\\\/en\\\/coffee-experts\\\/baque-experience\\\/many-thanks-for-contacting-us\\\/\",\"name\":\"Many thanks for contacting us. - Caf\u00e9s Baqu\u00e9\",\"isPartOf\":{\"@id\":\"https:\\\/\\\/www.baque.com\\\/es\\\/#website\"},\"datePublished\":\"2019-08-09T12:10:50+00:00\",\"dateModified\":\"2019-08-09T12:10:52+00:00\",\"breadcrumb\":{\"@id\":\"https:\\\/\\\/www.baque.com\\\/en\\\/coffee-experts\\\/baque-experience\\\/many-thanks-for-contacting-us\\\/#breadcrumb\"},\"inLanguage\":\"en-US\",\"potentialAction\":[{\"@type\":\"ReadAction\",\"target\":[\"https:\\\/\\\/www.baque.com\\\/en\\\/coffee-experts\\\/baque-experience\\\/many-thanks-for-contacting-us\\\/\"]}]},{\"@type\":\"BreadcrumbList\",\"@id\":\"https:\\\/\\\/www.baque.com\\\/en\\\/coffee-experts\\\/baque-experience\\\/many-thanks-for-contacting-us\\\/#breadcrumb\",\"itemListElement\":[{\"@type\":\"ListItem\",\"position\":1,\"name\":\"Portada\",\"item\":\"https:\\\/\\\/www.baque.com\\\/en\\\/\"},{\"@type\":\"ListItem\",\"position\":2,\"name\":\"Coffee experts\",\"item\":\"https:\\\/\\\/www.baque.com\\\/en\\\/coffee-experts\\\/\"},{\"@type\":\"ListItem\",\"position\":3,\"name\":\"Baqu\u00e9 Experience\",\"item\":\"https:\\\/\\\/www.baque.com\\\/en\\\/coffee-experts\\\/baque-experience\\\/\"},{\"@type\":\"ListItem\",\"position\":4,\"name\":\"Many thanks for contacting us.\"}]},{\"@type\":\"WebSite\",\"@id\":\"https:\\\/\\\/www.baque.com\\\/es\\\/#website\",\"url\":\"https:\\\/\\\/www.baque.com\\\/es\\\/\",\"name\":\"Caf\u00e9s Baqu\u00e9\",\"description\":\"Somos l\u00edderes en hosteler\u00eda en Pa\u00eds Vasco y La Rioja y una de las marcas m\u00e1s reconocidas en el mercado nacional. Somos una empresa familiar en constante innovaci\u00f3n en el producto. Tostamos y distribuimos caf\u00e9 molido, en grano y c\u00e1psulas para disfrutar en casa, en el bar y en la oficina.\",\"potentialAction\":[{\"@type\":\"SearchAction\",\"target\":{\"@type\":\"EntryPoint\",\"urlTemplate\":\"https:\\\/\\\/www.baque.com\\\/es\\\/?s={search_term_string}\"},\"query-input\":{\"@type\":\"PropertyValueSpecification\",\"valueRequired\":true,\"valueName\":\"search_term_string\"}}],\"inLanguage\":\"en-US\"}]}<\/script>\n<!-- \/ Yoast SEO plugin. -->","yoast_head_json":{"title":"Many thanks for contacting us. - Caf\u00e9s Baqu\u00e9","robots":{"index":"index","follow":"follow","max-snippet":"max-snippet:-1","max-image-preview":"max-image-preview:large","max-video-preview":"max-video-preview:-1"},"og_locale":"en_US","og_type":"article","og_title":"Many thanks for contacting us. - Caf\u00e9s Baqu\u00e9","og_description":"We will get back to you shortly. In the meantime, please continue to browse our blog.","og_url":"https:\/\/www.baque.com\/en\/coffee-experts\/baque-experience\/many-thanks-for-contacting-us\/","og_site_name":"Caf\u00e9s Baqu\u00e9","article_modified_time":"2019-08-09T12:10:52+00:00","twitter_card":"summary_large_image","schema":{"@context":"https:\/\/schema.org","@graph":[{"@type":"WebPage","@id":"https:\/\/www.baque.com\/en\/coffee-experts\/baque-experience\/many-thanks-for-contacting-us\/","url":"https:\/\/www.baque.com\/en\/coffee-experts\/baque-experience\/many-thanks-for-contacting-us\/","name":"Many thanks for contacting us. - Caf\u00e9s Baqu\u00e9","isPartOf":{"@id":"https:\/\/www.baque.com\/es\/#website"},"datePublished":"2019-08-09T12:10:50+00:00","dateModified":"2019-08-09T12:10:52+00:00","breadcrumb":{"@id":"https:\/\/www.baque.com\/en\/coffee-experts\/baque-experience\/many-thanks-for-contacting-us\/#breadcrumb"},"inLanguage":"en-US","potentialAction":[{"@type":"ReadAction","target":["https:\/\/www.baque.com\/en\/coffee-experts\/baque-experience\/many-thanks-for-contacting-us\/"]}]},{"@type":"BreadcrumbList","@id":"https:\/\/www.baque.com\/en\/coffee-experts\/baque-experience\/many-thanks-for-contacting-us\/#breadcrumb","itemListElement":[{"@type":"ListItem","position":1,"name":"Portada","item":"https:\/\/www.baque.com\/en\/"},{"@type":"ListItem","position":2,"name":"Coffee experts","item":"https:\/\/www.baque.com\/en\/coffee-experts\/"},{"@type":"ListItem","position":3,"name":"Baqu\u00e9 Experience","item":"https:\/\/www.baque.com\/en\/coffee-experts\/baque-experience\/"},{"@type":"ListItem","position":4,"name":"Many thanks for contacting us."}]},{"@type":"WebSite","@id":"https:\/\/www.baque.com\/es\/#website","url":"https:\/\/www.baque.com\/es\/","name":"Caf\u00e9s Baqu\u00e9","description":"Somos l\u00edderes en hosteler\u00eda en Pa\u00eds Vasco y La Rioja y una de las marcas m\u00e1s reconocidas en el mercado nacional. Somos una empresa familiar en constante innovaci\u00f3n en el producto. Tostamos y distribuimos caf\u00e9 molido, en grano y c\u00e1psulas para disfrutar en casa, en el bar y en la oficina.","potentialAction":[{"@type":"SearchAction","target":{"@type":"EntryPoint","urlTemplate":"https:\/\/www.baque.com\/es\/?s={search_term_string}"},"query-input":{"@type":"PropertyValueSpecification","valueRequired":true,"valueName":"search_term_string"}}],"inLanguage":"en-US"}]}},"_links":{"self":[{"href":"https:\/\/www.baque.com\/en\/wp-json\/wp\/v2\/pages\/8085","targetHints":{"allow":["GET"]}}],"collection":[{"href":"https:\/\/www.baque.com\/en\/wp-json\/wp\/v2\/pages"}],"about":[{"href":"https:\/\/www.baque.com\/en\/wp-json\/wp\/v2\/types\/page"}],"author":[{"embeddable":true,"href":"https:\/\/www.baque.com\/en\/wp-json\/wp\/v2\/users\/1"}],"replies":[{"embeddable":true,"href":"https:\/\/www.baque.com\/en\/wp-json\/wp\/v2\/comments?post=8085"}],"version-history":[{"count":1,"href":"https:\/\/www.baque.com\/en\/wp-json\/wp\/v2\/pages\/8085\/revisions"}],"predecessor-version":[{"id":8086,"href":"https:\/\/www.baque.com\/en\/wp-json\/wp\/v2\/pages\/8085\/revisions\/8086"}],"up":[{"embeddable":true,"href":"https:\/\/www.baque.com\/en\/wp-json\/wp\/v2\/pages\/8076"}],"wp:attachment":[{"href":"https:\/\/www.baque.com\/en\/wp-json\/wp\/v2\/media?parent=8085"}],"curies":[{"name":"wp","href":"https:\/\/api.w.org\/{rel}","templated":true}]}}