
{"id":1287,"date":"2018-02-12T17:06:46","date_gmt":"2018-02-12T17:06:46","guid":{"rendered":"http:\/\/www.baque.com\/?page_id=1287"},"modified":"2018-02-27T15:14:03","modified_gmt":"2018-02-27T15:14:03","slug":"compartiendo-la-vida-contigo","status":"publish","type":"page","link":"https:\/\/www.baque.com\/es\/especialistas-cafe\/compartiendo-la-vida-contigo\/","title":{"rendered":"Compartiendo la vida contigo"},"content":{"rendered":"<p><section  id='compartiendo' class='multicol'><div class='container'><br \/>\n\t<div class='col1'><img src='\/wp-content\/themes\/baque\/img\/images\/compartiendo-la-vida_resp.jpg' class='bg withoutbgresp' alt='' \/><\/div><br \/>\n\t<div class='col4'><\/p>\n<h2>Una campa\u00f1a que habla de emociones<\/h2>\n<p class='entradilla'>En Caf\u00e9s Baqu\u00e9 llevamos m\u00e1s de medio siglo elaborando el mejor caf\u00e9, import\u00e1ndolo de los mejores or\u00edgenes y tost\u00e1ndolo al gusto de aqu\u00ed. Pero de lo que m\u00e1s orgullosos nos sentimos es de haber sido parte de la vida de nuestros clientes.<\/p>\n<p class=\"text-left\">Celebrar un cumplea\u00f1os, reencontrarte con un viejo amor, disfrutar de un buen libro, de tu canci\u00f3n favorita, so\u00f1ar, re\u00edr, llorar\u2026 Con una taza de Caf\u00e9 Baqu\u00e9 en la mano hemos vivido mucho. Por eso, queremos que 2018 sea un homenaje a esas cosas que hemos compartido. Peque\u00f1as y grandes. Importantes o vanales. Esas peque\u00f1as historias de cada uno que, en Caf\u00e9s Baqu\u00e9 hemos tenido la suerte de compartir. <\/p>\n<p><\/div><br \/>\n<\/div><\/section><br \/>\n<div class='separator height100' ><\/div><br \/>\n<section  id='compartiendo-1' class='videophoto expand'><img src='\/wp-content\/themes\/baque\/img\/images\/alrededor-de-una-taza-de-cafe.jpg' class='bg' alt='' \/><img src='\/wp-content\/themes\/baque\/img\/images\/alrededor-de-una-taza-de-cafe_resp.jpg' class='bgresp' alt='' \/><span class='videoplay' data-openvideo='video-5xBwtWf7kmM'><\/span><div class='container'><\/p>\n<h2 class=\"likeh1\">\u00bfCU\u00c1NTAS COSAS HAS<br \/>VIVIDO ALREDEDOR<br \/>DE UNA TAZA DE CAF\u00c9?<\/h2>\n<h2 class=\"nobotton\">\u00bfTOMAMOS UN CAF\u00c9?<\/h2>\n<p><\/div><\/section><div class='popupvideo' id='video-5xBwtWf7kmM'><span class='videostop' data-closevideo='video-5xBwtWf7kmM'>&#10005;<\/span><iframe src='https:\/\/www.youtube.com\/embed\/5xBwtWf7kmM?rel=0&controls=0&showinfo=0&enablejsapi=1&widgetid=1'><\/iframe><\/div><br \/>\n<section  id='compartiendo-2' class='squares videophoto cols3 borderwhite borderwhitefooter'><br \/>\n\t<div  class='square nocontainer'>\n\t\t\t<img src='\/wp-content\/themes\/baque\/img\/images\/compartiendo-la-vida-1.jpg' class='bg withoutbgresp' alt='' \/>\n\t\t\t\n\t\t\t<div class='container'>\n\t\t\t\t\n\t\t\t<\/div>\n\t\t<\/div><br \/>\n\t<div  class='square nocontainer'>\n\t\t\t<img src='\/wp-content\/themes\/baque\/img\/images\/compartiendo-la-vida-2.jpg' class='bg withoutbgresp' alt='' \/>\n\t\t\t\n\t\t\t<div class='container'>\n\t\t\t\t\n\t\t\t<\/div>\n\t\t<\/div><br \/>\n\t<div  class='square nocontainer'>\n\t\t\t<img src='\/wp-content\/themes\/baque\/img\/images\/compartiendo-la-vida-3.jpg' class='bg withoutbgresp' alt='' \/>\n\t\t\t\n\t\t\t<div class='container'>\n\t\t\t\t\n\t\t\t<\/div>\n\t\t<\/div><br \/>\n<\/section><\/p>\n","protected":false},"excerpt":{"rendered":"","protected":false},"author":1,"featured_media":0,"parent":110,"menu_order":40,"comment_status":"closed","ping_status":"closed","template":"","meta":{"_acf_changed":false,"footnotes":""},"class_list":["post-1287","page","type-page","status-publish","hentry"],"acf":[],"yoast_head":"<!-- This site is optimized with the Yoast SEO plugin v27.3 - https:\/\/yoast.com\/product\/yoast-seo-wordpress\/ -->\n<title>Compartiendo la vida contigo - Caf\u00e9s Baqu\u00e9<\/title>\n<meta name=\"robots\" content=\"index, follow, max-snippet:-1, max-image-preview:large, max-video-preview:-1\" \/>\n<meta property=\"og:locale\" content=\"es_ES\" \/>\n<meta property=\"og:type\" content=\"article\" \/>\n<meta property=\"og:title\" content=\"Compartiendo la vida contigo - Caf\u00e9s Baqu\u00e9\" \/>\n<meta property=\"og:url\" content=\"https:\/\/www.baque.com\/es\/especialistas-cafe\/compartiendo-la-vida-contigo\/\" \/>\n<meta property=\"og:site_name\" content=\"Caf\u00e9s Baqu\u00e9\" \/>\n<meta property=\"article:modified_time\" content=\"2018-02-27T15:14:03+00:00\" \/>\n<meta name=\"twitter:card\" content=\"summary_large_image\" \/>\n<meta name=\"twitter:label1\" content=\"Tiempo de lectura\" \/>\n\t<meta name=\"twitter:data1\" content=\"1 minuto\" \/>\n<script type=\"application\/ld+json\" class=\"yoast-schema-graph\">{\"@context\":\"https:\\\/\\\/schema.org\",\"@graph\":[{\"@type\":\"WebPage\",\"@id\":\"https:\\\/\\\/www.baque.com\\\/es\\\/especialistas-cafe\\\/compartiendo-la-vida-contigo\\\/\",\"url\":\"https:\\\/\\\/www.baque.com\\\/es\\\/especialistas-cafe\\\/compartiendo-la-vida-contigo\\\/\",\"name\":\"Compartiendo la vida contigo - Caf\u00e9s Baqu\u00e9\",\"isPartOf\":{\"@id\":\"https:\\\/\\\/www.baque.com\\\/es\\\/#website\"},\"datePublished\":\"2018-02-12T17:06:46+00:00\",\"dateModified\":\"2018-02-27T15:14:03+00:00\",\"breadcrumb\":{\"@id\":\"https:\\\/\\\/www.baque.com\\\/es\\\/especialistas-cafe\\\/compartiendo-la-vida-contigo\\\/#breadcrumb\"},\"inLanguage\":\"es\",\"potentialAction\":[{\"@type\":\"ReadAction\",\"target\":[\"https:\\\/\\\/www.baque.com\\\/es\\\/especialistas-cafe\\\/compartiendo-la-vida-contigo\\\/\"]}]},{\"@type\":\"BreadcrumbList\",\"@id\":\"https:\\\/\\\/www.baque.com\\\/es\\\/especialistas-cafe\\\/compartiendo-la-vida-contigo\\\/#breadcrumb\",\"itemListElement\":[{\"@type\":\"ListItem\",\"position\":1,\"name\":\"Portada\",\"item\":\"https:\\\/\\\/www.baque.com\\\/es\\\/\"},{\"@type\":\"ListItem\",\"position\":2,\"name\":\"Especialistas en caf\u00e9\",\"item\":\"https:\\\/\\\/www.baque.com\\\/es\\\/especialistas-cafe\\\/\"},{\"@type\":\"ListItem\",\"position\":3,\"name\":\"Compartiendo la vida contigo\"}]},{\"@type\":\"WebSite\",\"@id\":\"https:\\\/\\\/www.baque.com\\\/es\\\/#website\",\"url\":\"https:\\\/\\\/www.baque.com\\\/es\\\/\",\"name\":\"Caf\u00e9s Baqu\u00e9\",\"description\":\"Somos l\u00edderes en hosteler\u00eda en Pa\u00eds Vasco y La Rioja y una de las marcas m\u00e1s reconocidas en el mercado nacional. Somos una empresa familiar en constante innovaci\u00f3n en el producto. Tostamos y distribuimos caf\u00e9 molido, en grano y c\u00e1psulas para disfrutar en casa, en el bar y en la oficina.\",\"potentialAction\":[{\"@type\":\"SearchAction\",\"target\":{\"@type\":\"EntryPoint\",\"urlTemplate\":\"https:\\\/\\\/www.baque.com\\\/es\\\/?s={search_term_string}\"},\"query-input\":{\"@type\":\"PropertyValueSpecification\",\"valueRequired\":true,\"valueName\":\"search_term_string\"}}],\"inLanguage\":\"es\"}]}<\/script>\n<!-- \/ Yoast SEO plugin. -->","yoast_head_json":{"title":"Compartiendo la vida contigo - Caf\u00e9s Baqu\u00e9","robots":{"index":"index","follow":"follow","max-snippet":"max-snippet:-1","max-image-preview":"max-image-preview:large","max-video-preview":"max-video-preview:-1"},"og_locale":"es_ES","og_type":"article","og_title":"Compartiendo la vida contigo - Caf\u00e9s Baqu\u00e9","og_url":"https:\/\/www.baque.com\/es\/especialistas-cafe\/compartiendo-la-vida-contigo\/","og_site_name":"Caf\u00e9s Baqu\u00e9","article_modified_time":"2018-02-27T15:14:03+00:00","twitter_card":"summary_large_image","twitter_misc":{"Tiempo de lectura":"1 minuto"},"schema":{"@context":"https:\/\/schema.org","@graph":[{"@type":"WebPage","@id":"https:\/\/www.baque.com\/es\/especialistas-cafe\/compartiendo-la-vida-contigo\/","url":"https:\/\/www.baque.com\/es\/especialistas-cafe\/compartiendo-la-vida-contigo\/","name":"Compartiendo la vida contigo - Caf\u00e9s Baqu\u00e9","isPartOf":{"@id":"https:\/\/www.baque.com\/es\/#website"},"datePublished":"2018-02-12T17:06:46+00:00","dateModified":"2018-02-27T15:14:03+00:00","breadcrumb":{"@id":"https:\/\/www.baque.com\/es\/especialistas-cafe\/compartiendo-la-vida-contigo\/#breadcrumb"},"inLanguage":"es","potentialAction":[{"@type":"ReadAction","target":["https:\/\/www.baque.com\/es\/especialistas-cafe\/compartiendo-la-vida-contigo\/"]}]},{"@type":"BreadcrumbList","@id":"https:\/\/www.baque.com\/es\/especialistas-cafe\/compartiendo-la-vida-contigo\/#breadcrumb","itemListElement":[{"@type":"ListItem","position":1,"name":"Portada","item":"https:\/\/www.baque.com\/es\/"},{"@type":"ListItem","position":2,"name":"Especialistas en caf\u00e9","item":"https:\/\/www.baque.com\/es\/especialistas-cafe\/"},{"@type":"ListItem","position":3,"name":"Compartiendo la vida contigo"}]},{"@type":"WebSite","@id":"https:\/\/www.baque.com\/es\/#website","url":"https:\/\/www.baque.com\/es\/","name":"Caf\u00e9s Baqu\u00e9","description":"Somos l\u00edderes en hosteler\u00eda en Pa\u00eds Vasco y La Rioja y una de las marcas m\u00e1s reconocidas en el mercado nacional. Somos una empresa familiar en constante innovaci\u00f3n en el producto. Tostamos y distribuimos caf\u00e9 molido, en grano y c\u00e1psulas para disfrutar en casa, en el bar y en la oficina.","potentialAction":[{"@type":"SearchAction","target":{"@type":"EntryPoint","urlTemplate":"https:\/\/www.baque.com\/es\/?s={search_term_string}"},"query-input":{"@type":"PropertyValueSpecification","valueRequired":true,"valueName":"search_term_string"}}],"inLanguage":"es"}]}},"_links":{"self":[{"href":"https:\/\/www.baque.com\/es\/wp-json\/wp\/v2\/pages\/1287","targetHints":{"allow":["GET"]}}],"collection":[{"href":"https:\/\/www.baque.com\/es\/wp-json\/wp\/v2\/pages"}],"about":[{"href":"https:\/\/www.baque.com\/es\/wp-json\/wp\/v2\/types\/page"}],"author":[{"embeddable":true,"href":"https:\/\/www.baque.com\/es\/wp-json\/wp\/v2\/users\/1"}],"replies":[{"embeddable":true,"href":"https:\/\/www.baque.com\/es\/wp-json\/wp\/v2\/comments?post=1287"}],"version-history":[{"count":0,"href":"https:\/\/www.baque.com\/es\/wp-json\/wp\/v2\/pages\/1287\/revisions"}],"up":[{"embeddable":true,"href":"https:\/\/www.baque.com\/es\/wp-json\/wp\/v2\/pages\/110"}],"wp:attachment":[{"href":"https:\/\/www.baque.com\/es\/wp-json\/wp\/v2\/media?parent=1287"}],"curies":[{"name":"wp","href":"https:\/\/api.w.org\/{rel}","templated":true}]}}