
{"id":1463,"date":"2018-02-21T07:24:37","date_gmt":"2018-02-21T07:24:37","guid":{"rendered":"http:\/\/www.baque.com\/?page_id=1463"},"modified":"2025-01-21T16:12:12","modified_gmt":"2025-01-21T15:12:12","slug":"cafe-organico","status":"publish","type":"page","link":"https:\/\/www.baque.com\/es\/para-casa\/cafe\/cafe-organico\/","title":{"rendered":"Caf\u00e9 org\u00e1nico"},"content":{"rendered":"<section  id='capsulas-organicas' class='introtext'><div class='container'>\n<h2>Compartimos contigo un estilo de vida.<\/h2>\n<p class=\"text-center\">Las NUEVAS <strong>C\u00c1PSULAS DE CAF\u00c9 ORG\u00c1NICO BAQU\u00c9<\/strong> est\u00e1n elaboradas con granos de caf\u00e9 cultivados con honestidad, sin pesticidas ni fertilizantes y COMPATIBLES CON CAFETERAS NESPRESSO<sup>\u00ae<\/sup>* Y DOLCE GUSTO<sup>\u00ae<\/sup>*.<\/p>\n<p class=\"text-center\">Adem\u00e1s, las c\u00e1psulas compatibles con Nespresso<sup>\u00ae<\/sup>* son 100% COMPOSTABLES,\u00a0 para facilitar su desecho en la basura sin necesidad de separar materiales, evitando as\u00ed la generaci\u00f3n de residuos innecesarios.<\/p>\n<p><\/div><\/section><br \/>\n<section  id='capsulas-organicas-1' class='videophoto expand nocontainer'><img src='\/wp-content\/themes\/baque\/img\/images\/capsulas-organicas.jpg' class='bg' alt='' \/><img src='\/wp-content\/themes\/baque\/img\/images\/capsulas-organicas_resp.jpg' class='bgresp' alt='' \/><div class='container'><\/div><\/section><br \/>\n<section  id='capsulas-organicas-2' class='products expand products2'><div class='container'><\/p>\n<div class='product' itemscope itemtype='http:\/\/schema.org\/Product'>\n\t\t\t<div><img itemprop='image' src='\/wp-content\/uploads\/2023\/11\/organico-natural-honey-baque-1.png' alt='CAF\u00c9 MOLIDO <br \/>ORG\u00c1NICO' \/><\/div>\n\t\t\t<h3 itemprop='name'>CAF\u00c9 MOLIDO <br \/>ORG\u00c1NICO<\/h3>\t<a href='\/es\/tienda\/cafe-organico\/cafe-molido-organico-250-g\/' class='button'>COMPRAR AHORA<\/a><\/div>\n<div class='product' itemscope itemtype='http:\/\/schema.org\/Product'>\n\t\t\t<div><img itemprop='image' src='\/wp-content\/uploads\/2023\/11\/organico-natural-baque-1.png' alt='CAF\u00c9 EN GRANO <br \/>ORG\u00c1NICO NATURAL' \/><\/div>\n\t\t\t<h3 itemprop='name'>CAF\u00c9 EN GRANO <br \/>ORG\u00c1NICO NATURAL<\/h3>\t<a href='\/es\/tienda\/cafe-organico\/cafe-en-grano-organico-natural-500-g\/' class='button'>COMPRAR AHORA<\/a><\/div>\n<div class=\"clear\"><\/div>\n<p class=\"text-center small\">*Marcas de compa\u00f1\u00edas no relacionadas con Caf\u00e9s Baqu\u00e9 S.L.U. Reconocimiento y marcas de logo comercial.<\/p>\n<p><\/div><\/section><\/p>\n<section  id='capsulas-organicas-3' class='squares videophoto cols3 borderwhite borderwhitefooter'><br \/>\n<div  class='square nocontainer'>\n\t\t\t<img src='\/wp-content\/themes\/baque\/img\/images\/capsulas-organicas-1.jpg' class='bg withoutbgresp' alt='' \/>\n\t\t\t\n\t\t\t<div class='container'>\n\t\t\t\t\n\t\t\t<\/div>\n\t\t<\/div><br \/>\n<div  class='square nocontainer'>\n\t\t\t<img src='\/wp-content\/themes\/baque\/img\/images\/capsulas-organicas-2.jpg' class='bg withoutbgresp' alt='' \/>\n\t\t\t\n\t\t\t<div class='container'>\n\t\t\t\t\n\t\t\t<\/div>\n\t\t<\/div><br \/>\n<div  class='square nocontainer'>\n\t\t\t<img src='\/wp-content\/themes\/baque\/img\/images\/capsulas-organicas-3.jpg' class='bg withoutbgresp' alt='' \/>\n\t\t\t\n\t\t\t<div class='container'>\n\t\t\t\t\n\t\t\t<\/div>\n\t\t<\/div><br \/>\n<\/section>\n","protected":false},"excerpt":{"rendered":"","protected":false},"author":1,"featured_media":0,"parent":150,"menu_order":40,"comment_status":"closed","ping_status":"closed","template":"","meta":{"_acf_changed":false,"footnotes":""},"class_list":["post-1463","page","type-page","status-publish","hentry"],"acf":[],"yoast_head":"<!-- This site is optimized with the Yoast SEO plugin v27.3 - https:\/\/yoast.com\/product\/yoast-seo-wordpress\/ -->\n<title>C\u00e1psulas caf\u00e9 org\u00e1nico | Compatibles Nespresso y Dolce Gusto | Caf\u00e9s Baqu\u00e9<\/title>\n<meta name=\"description\" content=\"Descubre las c\u00e1psulas de caf\u00e9 org\u00e1nico de Caf\u00e9s Baqu\u00e9, elaboradas con granos de caf\u00e9 cultivados con honestidad, sin pesticidas ni fertilizantes y compatibles con cafeteras Nespresso\u00ae y Dolce Gusto\u00ae.\" \/>\n<meta name=\"robots\" content=\"index, follow, max-snippet:-1, max-image-preview:large, max-video-preview:-1\" \/>\n<meta property=\"og:locale\" content=\"es_ES\" \/>\n<meta property=\"og:type\" content=\"article\" \/>\n<meta property=\"og:title\" content=\"C\u00e1psulas caf\u00e9 org\u00e1nico | Compatibles Nespresso y Dolce Gusto | Caf\u00e9s Baqu\u00e9\" \/>\n<meta property=\"og:description\" content=\"Descubre las c\u00e1psulas de caf\u00e9 org\u00e1nico de Caf\u00e9s Baqu\u00e9, elaboradas con granos de caf\u00e9 cultivados con honestidad, sin pesticidas ni fertilizantes y compatibles con cafeteras Nespresso\u00ae y Dolce Gusto\u00ae.\" \/>\n<meta property=\"og:url\" content=\"https:\/\/www.baque.com\/es\/para-casa\/cafe\/cafe-organico\/\" \/>\n<meta property=\"og:site_name\" content=\"Caf\u00e9s Baqu\u00e9\" \/>\n<meta property=\"article:modified_time\" content=\"2025-01-21T15:12:12+00:00\" \/>\n<meta name=\"twitter:card\" content=\"summary_large_image\" \/>\n<meta name=\"twitter:label1\" content=\"Tiempo de lectura\" \/>\n\t<meta name=\"twitter:data1\" content=\"1 minuto\" \/>\n<script type=\"application\/ld+json\" class=\"yoast-schema-graph\">{\"@context\":\"https:\\\/\\\/schema.org\",\"@graph\":[{\"@type\":\"WebPage\",\"@id\":\"https:\\\/\\\/www.baque.com\\\/es\\\/para-casa\\\/cafe\\\/cafe-organico\\\/\",\"url\":\"https:\\\/\\\/www.baque.com\\\/es\\\/para-casa\\\/cafe\\\/cafe-organico\\\/\",\"name\":\"C\u00e1psulas caf\u00e9 org\u00e1nico | Compatibles Nespresso y Dolce Gusto | Caf\u00e9s Baqu\u00e9\",\"isPartOf\":{\"@id\":\"https:\\\/\\\/www.baque.com\\\/es\\\/#website\"},\"datePublished\":\"2018-02-21T07:24:37+00:00\",\"dateModified\":\"2025-01-21T15:12:12+00:00\",\"description\":\"Descubre las c\u00e1psulas de caf\u00e9 org\u00e1nico de Caf\u00e9s Baqu\u00e9, elaboradas con granos de caf\u00e9 cultivados con honestidad, sin pesticidas ni fertilizantes y compatibles con cafeteras Nespresso\u00ae y Dolce Gusto\u00ae.\",\"breadcrumb\":{\"@id\":\"https:\\\/\\\/www.baque.com\\\/es\\\/para-casa\\\/cafe\\\/cafe-organico\\\/#breadcrumb\"},\"inLanguage\":\"es\",\"potentialAction\":[{\"@type\":\"ReadAction\",\"target\":[\"https:\\\/\\\/www.baque.com\\\/es\\\/para-casa\\\/cafe\\\/cafe-organico\\\/\"]}]},{\"@type\":\"BreadcrumbList\",\"@id\":\"https:\\\/\\\/www.baque.com\\\/es\\\/para-casa\\\/cafe\\\/cafe-organico\\\/#breadcrumb\",\"itemListElement\":[{\"@type\":\"ListItem\",\"position\":1,\"name\":\"Portada\",\"item\":\"https:\\\/\\\/www.baque.com\\\/es\\\/\"},{\"@type\":\"ListItem\",\"position\":2,\"name\":\"Para casa\",\"item\":\"https:\\\/\\\/www.baque.com\\\/es\\\/para-casa\\\/\"},{\"@type\":\"ListItem\",\"position\":3,\"name\":\"Caf\u00e9\",\"item\":\"https:\\\/\\\/www.baque.com\\\/es\\\/para-casa\\\/cafe\\\/\"},{\"@type\":\"ListItem\",\"position\":4,\"name\":\"Caf\u00e9 org\u00e1nico\"}]},{\"@type\":\"WebSite\",\"@id\":\"https:\\\/\\\/www.baque.com\\\/es\\\/#website\",\"url\":\"https:\\\/\\\/www.baque.com\\\/es\\\/\",\"name\":\"Caf\u00e9s Baqu\u00e9\",\"description\":\"Somos l\u00edderes en hosteler\u00eda en Pa\u00eds Vasco y La Rioja y una de las marcas m\u00e1s reconocidas en el mercado nacional. Somos una empresa familiar en constante innovaci\u00f3n en el producto. Tostamos y distribuimos caf\u00e9 molido, en grano y c\u00e1psulas para disfrutar en casa, en el bar y en la oficina.\",\"potentialAction\":[{\"@type\":\"SearchAction\",\"target\":{\"@type\":\"EntryPoint\",\"urlTemplate\":\"https:\\\/\\\/www.baque.com\\\/es\\\/?s={search_term_string}\"},\"query-input\":{\"@type\":\"PropertyValueSpecification\",\"valueRequired\":true,\"valueName\":\"search_term_string\"}}],\"inLanguage\":\"es\"}]}<\/script>\n<!-- \/ Yoast SEO plugin. -->","yoast_head_json":{"title":"C\u00e1psulas caf\u00e9 org\u00e1nico | Compatibles Nespresso y Dolce Gusto | Caf\u00e9s Baqu\u00e9","description":"Descubre las c\u00e1psulas de caf\u00e9 org\u00e1nico de Caf\u00e9s Baqu\u00e9, elaboradas con granos de caf\u00e9 cultivados con honestidad, sin pesticidas ni fertilizantes y compatibles con cafeteras Nespresso\u00ae y Dolce Gusto\u00ae.","robots":{"index":"index","follow":"follow","max-snippet":"max-snippet:-1","max-image-preview":"max-image-preview:large","max-video-preview":"max-video-preview:-1"},"og_locale":"es_ES","og_type":"article","og_title":"C\u00e1psulas caf\u00e9 org\u00e1nico | Compatibles Nespresso y Dolce Gusto | Caf\u00e9s Baqu\u00e9","og_description":"Descubre las c\u00e1psulas de caf\u00e9 org\u00e1nico de Caf\u00e9s Baqu\u00e9, elaboradas con granos de caf\u00e9 cultivados con honestidad, sin pesticidas ni fertilizantes y compatibles con cafeteras Nespresso\u00ae y Dolce Gusto\u00ae.","og_url":"https:\/\/www.baque.com\/es\/para-casa\/cafe\/cafe-organico\/","og_site_name":"Caf\u00e9s Baqu\u00e9","article_modified_time":"2025-01-21T15:12:12+00:00","twitter_card":"summary_large_image","twitter_misc":{"Tiempo de lectura":"1 minuto"},"schema":{"@context":"https:\/\/schema.org","@graph":[{"@type":"WebPage","@id":"https:\/\/www.baque.com\/es\/para-casa\/cafe\/cafe-organico\/","url":"https:\/\/www.baque.com\/es\/para-casa\/cafe\/cafe-organico\/","name":"C\u00e1psulas caf\u00e9 org\u00e1nico | Compatibles Nespresso y Dolce Gusto | Caf\u00e9s Baqu\u00e9","isPartOf":{"@id":"https:\/\/www.baque.com\/es\/#website"},"datePublished":"2018-02-21T07:24:37+00:00","dateModified":"2025-01-21T15:12:12+00:00","description":"Descubre las c\u00e1psulas de caf\u00e9 org\u00e1nico de Caf\u00e9s Baqu\u00e9, elaboradas con granos de caf\u00e9 cultivados con honestidad, sin pesticidas ni fertilizantes y compatibles con cafeteras Nespresso\u00ae y Dolce Gusto\u00ae.","breadcrumb":{"@id":"https:\/\/www.baque.com\/es\/para-casa\/cafe\/cafe-organico\/#breadcrumb"},"inLanguage":"es","potentialAction":[{"@type":"ReadAction","target":["https:\/\/www.baque.com\/es\/para-casa\/cafe\/cafe-organico\/"]}]},{"@type":"BreadcrumbList","@id":"https:\/\/www.baque.com\/es\/para-casa\/cafe\/cafe-organico\/#breadcrumb","itemListElement":[{"@type":"ListItem","position":1,"name":"Portada","item":"https:\/\/www.baque.com\/es\/"},{"@type":"ListItem","position":2,"name":"Para casa","item":"https:\/\/www.baque.com\/es\/para-casa\/"},{"@type":"ListItem","position":3,"name":"Caf\u00e9","item":"https:\/\/www.baque.com\/es\/para-casa\/cafe\/"},{"@type":"ListItem","position":4,"name":"Caf\u00e9 org\u00e1nico"}]},{"@type":"WebSite","@id":"https:\/\/www.baque.com\/es\/#website","url":"https:\/\/www.baque.com\/es\/","name":"Caf\u00e9s Baqu\u00e9","description":"Somos l\u00edderes en hosteler\u00eda en Pa\u00eds Vasco y La Rioja y una de las marcas m\u00e1s reconocidas en el mercado nacional. Somos una empresa familiar en constante innovaci\u00f3n en el producto. Tostamos y distribuimos caf\u00e9 molido, en grano y c\u00e1psulas para disfrutar en casa, en el bar y en la oficina.","potentialAction":[{"@type":"SearchAction","target":{"@type":"EntryPoint","urlTemplate":"https:\/\/www.baque.com\/es\/?s={search_term_string}"},"query-input":{"@type":"PropertyValueSpecification","valueRequired":true,"valueName":"search_term_string"}}],"inLanguage":"es"}]}},"_links":{"self":[{"href":"https:\/\/www.baque.com\/es\/wp-json\/wp\/v2\/pages\/1463","targetHints":{"allow":["GET"]}}],"collection":[{"href":"https:\/\/www.baque.com\/es\/wp-json\/wp\/v2\/pages"}],"about":[{"href":"https:\/\/www.baque.com\/es\/wp-json\/wp\/v2\/types\/page"}],"author":[{"embeddable":true,"href":"https:\/\/www.baque.com\/es\/wp-json\/wp\/v2\/users\/1"}],"replies":[{"embeddable":true,"href":"https:\/\/www.baque.com\/es\/wp-json\/wp\/v2\/comments?post=1463"}],"version-history":[{"count":21,"href":"https:\/\/www.baque.com\/es\/wp-json\/wp\/v2\/pages\/1463\/revisions"}],"predecessor-version":[{"id":2862146,"href":"https:\/\/www.baque.com\/es\/wp-json\/wp\/v2\/pages\/1463\/revisions\/2862146"}],"up":[{"embeddable":true,"href":"https:\/\/www.baque.com\/es\/wp-json\/wp\/v2\/pages\/150"}],"wp:attachment":[{"href":"https:\/\/www.baque.com\/es\/wp-json\/wp\/v2\/media?parent=1463"}],"curies":[{"name":"wp","href":"https:\/\/api.w.org\/{rel}","templated":true}]}}