
{"id":150,"date":"2018-01-26T12:38:56","date_gmt":"2018-01-26T12:38:56","guid":{"rendered":"http:\/\/www.baque.com\/?page_id=150"},"modified":"2019-01-08T11:15:26","modified_gmt":"2019-01-08T09:15:26","slug":"cafe","status":"publish","type":"page","link":"https:\/\/www.baque.com\/es\/para-casa\/cafe\/","title":{"rendered":"Caf\u00e9"},"content":{"rendered":"<section  id='cafe' class='introtext'><div class='container'>\n<h2>Un caf\u00e9 \u00fanico para los paladares m\u00e1s exigentes.<\/h2>\n<p class=\"text-center\">Descubre nuestra amplia gama y los diferentes formatos que se adaptan a ti: caf\u00e9 en grano, molido, c\u00e1psulas compatibles contigo y solubles. Todo el sabor de Baqu\u00e9 a tu disposici\u00f3n.<\/p>\n<p class=\"text-center\">Nuestra experiencia y conocimiento nos permite <strong>dise\u00f1ar la receta perfecta<\/strong>, adaptada a todos los gustos y formatos.<\/p>\n<p><\/div><\/section><br \/>\n<section  id='cafe-1' class='videophoto expand nocontainer'><img src='\/wp-content\/themes\/baque\/img\/images\/para-casa-cafe.jpg' class='bg' alt='' \/><img src='\/wp-content\/themes\/baque\/img\/images\/para-casa-cafe_resp.jpg' class='bgresp' alt='' \/><div class='container'><br \/>\n<\/div><\/section><br \/>\n<section  id='cafe-2' class='squares videophoto expand cols3 borderwhite'><br \/>\n<div  class='square'>\n\t\t\t<img src='\/wp-content\/themes\/baque\/img\/images\/capsulas-compostables-box.jpg' class='bg withoutbgresp' alt='' \/>\n\t\t\t\n\t\t\t<div class='container'>\n\t\t\t\t<\/p>\n<h2 class=\"likeh1\">C\u00c1PSULAS<br \/>COMPOSTABLES<\/h2>\n<h3 class=\"likeh2\">COMPATIBLES CON<br \/>EL MEDIO AMBIENTE.<\/h3>\n<p><a href='https:\/\/www.baque.com\/es\/para-casa\/cafe\/capsulas-compostables\/' class='button  white'>VER C\u00c1PSULAS<\/a><br \/>\n\n\t\t\t<\/div>\n\t\t<\/div><br \/>\n<div  class='square'>\n\t\t\t<img src='\/wp-content\/themes\/baque\/img\/images\/para-casa-capsulas-baque.jpg' class='bg withoutbgresp' alt='' \/>\n\t\t\t\n\t\t\t<div class='container'>\n\t\t\t\t<\/p>\n<h2 class=\"likeh1\">C\u00c1PSULAS<br \/>\nBAQU\u00c9<\/h2>\n<h3 class=\"likeh2\">CAF\u00c9 COMPATIBLE<br \/>CONTIGO.<\/h3>\n<p><a href='https:\/\/www.baque.com\/es\/para-casa\/cafe\/capsulas\/' class='button  white'>VER C\u00c1PSULAS<\/a><br \/>\n\n\t\t\t<\/div>\n\t\t<\/div><br \/>\n<div  class='square'>\n\t\t\t<img src='\/wp-content\/themes\/baque\/img\/images\/para-casa-capsulas-organicas.jpg' class='bg withoutbgresp' alt='' \/>\n\t\t\t\n\t\t\t<div class='container'>\n\t\t\t\t<\/p>\n<h2 class=\"likeh1\">CAF\u00c9<br \/>\nORG\u00c1NICO<\/h2>\n<h3 class=\"likeh2\">COMPARTIMOS CONTIGO<br \/>UN ESTILO DE VIDA.<\/h3>\n<p><a href='https:\/\/www.baque.com\/es\/para-casa\/cafe\/cafe-organico\/' class='button  white'>VER CAF\u00c9 ORG\u00c1NICO<\/a><br \/>\n\n\t\t\t<\/div>\n\t\t<\/div><br \/>\n<\/section><br \/>\n<section  id='cafe-3' class='squares videophoto expand cols2'><br \/>\n<div  class='square'>\n\t\t\t<img src='\/wp-content\/themes\/baque\/img\/images\/para-casa-molido-grano.jpg' class='bg withoutbgresp' alt='' \/>\n\t\t\t\n\t\t\t<div class='container'>\n\t\t\t\t<\/p>\n<h2 class=\"likeh1\">MOLIDO<br \/>Y GRANO<\/h2>\n<h3 class=\"likeh2\">LOS CAF\u00c9S DE SIEMPRE<br \/>PENSADOS PARA TI.<\/h3>\n<p><a href='https:\/\/www.baque.com\/es\/para-casa\/cafe\/molido-grano\/' class='button  white'>VER MOLIDO Y GRANO<\/a><br \/>\n\n\t\t\t<\/div>\n\t\t<\/div><br \/>\n<div  class='square'>\n\t\t\t<img src='\/wp-content\/themes\/baque\/img\/images\/para-casa-solubles-monodosis.jpg' class='bg withoutbgresp' alt='' \/>\n\t\t\t\n\t\t\t<div class='container'>\n\t\t\t\t<\/p>\n<h2 class=\"likeh1\">SOLUBLES<\/h2>\n<h3 class=\"likeh2\">DOSIS PEQUE\u00d1AS<br \/>CON GRAN SABOR.<\/h3>\n<p><a href='https:\/\/www.baque.com\/es\/para-casa\/cafe\/solubles\/' class='button  white'>VER SOLUBLES<\/a><br \/>\n\n\t\t\t<\/div>\n\t\t<\/div><\/p>\n<p><\/section><\/p>\n","protected":false},"excerpt":{"rendered":"","protected":false},"author":1,"featured_media":0,"parent":120,"menu_order":10,"comment_status":"closed","ping_status":"closed","template":"","meta":{"_acf_changed":false,"footnotes":""},"class_list":["post-150","page","type-page","status-publish","hentry"],"acf":[],"yoast_head":"<!-- This site is optimized with the Yoast SEO plugin v27.3 - https:\/\/yoast.com\/product\/yoast-seo-wordpress\/ -->\n<title>Caf\u00e9s | Caf\u00e9 para casa | Comprar caf\u00e9 para casa | Caf\u00e9s Baqu\u00e9<\/title>\n<meta name=\"description\" content=\"Descubre nuestra amplia gama y los diferentes formatos que se adaptan a ti: caf\u00e9 en grano, molido, c\u00e1psulas compatibles contigo y solubles. Todo el sabor de Caf\u00e9s Baqu\u00e9 a tu disposici\u00f3n.\" \/>\n<meta name=\"robots\" content=\"index, follow, max-snippet:-1, max-image-preview:large, max-video-preview:-1\" \/>\n<meta property=\"og:locale\" content=\"es_ES\" \/>\n<meta property=\"og:type\" content=\"article\" \/>\n<meta property=\"og:title\" content=\"Caf\u00e9s | Caf\u00e9 para casa | Comprar caf\u00e9 para casa | Caf\u00e9s Baqu\u00e9\" \/>\n<meta property=\"og:description\" content=\"Descubre nuestra amplia gama y los diferentes formatos que se adaptan a ti: caf\u00e9 en grano, molido, c\u00e1psulas compatibles contigo y solubles. Todo el sabor de Caf\u00e9s Baqu\u00e9 a tu disposici\u00f3n.\" \/>\n<meta property=\"og:url\" content=\"https:\/\/www.baque.com\/es\/para-casa\/cafe\/\" \/>\n<meta property=\"og:site_name\" content=\"Caf\u00e9s Baqu\u00e9\" \/>\n<meta property=\"article:modified_time\" content=\"2019-01-08T09:15:26+00:00\" \/>\n<meta name=\"twitter:card\" content=\"summary_large_image\" \/>\n<meta name=\"twitter:label1\" content=\"Tiempo de lectura\" \/>\n\t<meta name=\"twitter:data1\" content=\"1 minuto\" \/>\n<script type=\"application\/ld+json\" class=\"yoast-schema-graph\">{\"@context\":\"https:\\\/\\\/schema.org\",\"@graph\":[{\"@type\":\"WebPage\",\"@id\":\"https:\\\/\\\/www.baque.com\\\/es\\\/para-casa\\\/cafe\\\/\",\"url\":\"https:\\\/\\\/www.baque.com\\\/es\\\/para-casa\\\/cafe\\\/\",\"name\":\"Caf\u00e9s | Caf\u00e9 para casa | Comprar caf\u00e9 para casa | Caf\u00e9s Baqu\u00e9\",\"isPartOf\":{\"@id\":\"https:\\\/\\\/www.baque.com\\\/es\\\/#website\"},\"datePublished\":\"2018-01-26T12:38:56+00:00\",\"dateModified\":\"2019-01-08T09:15:26+00:00\",\"description\":\"Descubre nuestra amplia gama y los diferentes formatos que se adaptan a ti: caf\u00e9 en grano, molido, c\u00e1psulas compatibles contigo y solubles. Todo el sabor de Caf\u00e9s Baqu\u00e9 a tu disposici\u00f3n.\",\"breadcrumb\":{\"@id\":\"https:\\\/\\\/www.baque.com\\\/es\\\/para-casa\\\/cafe\\\/#breadcrumb\"},\"inLanguage\":\"es\",\"potentialAction\":[{\"@type\":\"ReadAction\",\"target\":[\"https:\\\/\\\/www.baque.com\\\/es\\\/para-casa\\\/cafe\\\/\"]}]},{\"@type\":\"BreadcrumbList\",\"@id\":\"https:\\\/\\\/www.baque.com\\\/es\\\/para-casa\\\/cafe\\\/#breadcrumb\",\"itemListElement\":[{\"@type\":\"ListItem\",\"position\":1,\"name\":\"Portada\",\"item\":\"https:\\\/\\\/www.baque.com\\\/es\\\/\"},{\"@type\":\"ListItem\",\"position\":2,\"name\":\"Para casa\",\"item\":\"https:\\\/\\\/www.baque.com\\\/es\\\/para-casa\\\/\"},{\"@type\":\"ListItem\",\"position\":3,\"name\":\"Caf\u00e9\"}]},{\"@type\":\"WebSite\",\"@id\":\"https:\\\/\\\/www.baque.com\\\/es\\\/#website\",\"url\":\"https:\\\/\\\/www.baque.com\\\/es\\\/\",\"name\":\"Caf\u00e9s Baqu\u00e9\",\"description\":\"Somos l\u00edderes en hosteler\u00eda en Pa\u00eds Vasco y La Rioja y una de las marcas m\u00e1s reconocidas en el mercado nacional. Somos una empresa familiar en constante innovaci\u00f3n en el producto. Tostamos y distribuimos caf\u00e9 molido, en grano y c\u00e1psulas para disfrutar en casa, en el bar y en la oficina.\",\"potentialAction\":[{\"@type\":\"SearchAction\",\"target\":{\"@type\":\"EntryPoint\",\"urlTemplate\":\"https:\\\/\\\/www.baque.com\\\/es\\\/?s={search_term_string}\"},\"query-input\":{\"@type\":\"PropertyValueSpecification\",\"valueRequired\":true,\"valueName\":\"search_term_string\"}}],\"inLanguage\":\"es\"}]}<\/script>\n<!-- \/ Yoast SEO plugin. -->","yoast_head_json":{"title":"Caf\u00e9s | Caf\u00e9 para casa | Comprar caf\u00e9 para casa | Caf\u00e9s Baqu\u00e9","description":"Descubre nuestra amplia gama y los diferentes formatos que se adaptan a ti: caf\u00e9 en grano, molido, c\u00e1psulas compatibles contigo y solubles. Todo el sabor de Caf\u00e9s Baqu\u00e9 a tu disposici\u00f3n.","robots":{"index":"index","follow":"follow","max-snippet":"max-snippet:-1","max-image-preview":"max-image-preview:large","max-video-preview":"max-video-preview:-1"},"og_locale":"es_ES","og_type":"article","og_title":"Caf\u00e9s | Caf\u00e9 para casa | Comprar caf\u00e9 para casa | Caf\u00e9s Baqu\u00e9","og_description":"Descubre nuestra amplia gama y los diferentes formatos que se adaptan a ti: caf\u00e9 en grano, molido, c\u00e1psulas compatibles contigo y solubles. Todo el sabor de Caf\u00e9s Baqu\u00e9 a tu disposici\u00f3n.","og_url":"https:\/\/www.baque.com\/es\/para-casa\/cafe\/","og_site_name":"Caf\u00e9s Baqu\u00e9","article_modified_time":"2019-01-08T09:15:26+00:00","twitter_card":"summary_large_image","twitter_misc":{"Tiempo de lectura":"1 minuto"},"schema":{"@context":"https:\/\/schema.org","@graph":[{"@type":"WebPage","@id":"https:\/\/www.baque.com\/es\/para-casa\/cafe\/","url":"https:\/\/www.baque.com\/es\/para-casa\/cafe\/","name":"Caf\u00e9s | Caf\u00e9 para casa | Comprar caf\u00e9 para casa | Caf\u00e9s Baqu\u00e9","isPartOf":{"@id":"https:\/\/www.baque.com\/es\/#website"},"datePublished":"2018-01-26T12:38:56+00:00","dateModified":"2019-01-08T09:15:26+00:00","description":"Descubre nuestra amplia gama y los diferentes formatos que se adaptan a ti: caf\u00e9 en grano, molido, c\u00e1psulas compatibles contigo y solubles. Todo el sabor de Caf\u00e9s Baqu\u00e9 a tu disposici\u00f3n.","breadcrumb":{"@id":"https:\/\/www.baque.com\/es\/para-casa\/cafe\/#breadcrumb"},"inLanguage":"es","potentialAction":[{"@type":"ReadAction","target":["https:\/\/www.baque.com\/es\/para-casa\/cafe\/"]}]},{"@type":"BreadcrumbList","@id":"https:\/\/www.baque.com\/es\/para-casa\/cafe\/#breadcrumb","itemListElement":[{"@type":"ListItem","position":1,"name":"Portada","item":"https:\/\/www.baque.com\/es\/"},{"@type":"ListItem","position":2,"name":"Para casa","item":"https:\/\/www.baque.com\/es\/para-casa\/"},{"@type":"ListItem","position":3,"name":"Caf\u00e9"}]},{"@type":"WebSite","@id":"https:\/\/www.baque.com\/es\/#website","url":"https:\/\/www.baque.com\/es\/","name":"Caf\u00e9s Baqu\u00e9","description":"Somos l\u00edderes en hosteler\u00eda en Pa\u00eds Vasco y La Rioja y una de las marcas m\u00e1s reconocidas en el mercado nacional. Somos una empresa familiar en constante innovaci\u00f3n en el producto. Tostamos y distribuimos caf\u00e9 molido, en grano y c\u00e1psulas para disfrutar en casa, en el bar y en la oficina.","potentialAction":[{"@type":"SearchAction","target":{"@type":"EntryPoint","urlTemplate":"https:\/\/www.baque.com\/es\/?s={search_term_string}"},"query-input":{"@type":"PropertyValueSpecification","valueRequired":true,"valueName":"search_term_string"}}],"inLanguage":"es"}]}},"_links":{"self":[{"href":"https:\/\/www.baque.com\/es\/wp-json\/wp\/v2\/pages\/150","targetHints":{"allow":["GET"]}}],"collection":[{"href":"https:\/\/www.baque.com\/es\/wp-json\/wp\/v2\/pages"}],"about":[{"href":"https:\/\/www.baque.com\/es\/wp-json\/wp\/v2\/types\/page"}],"author":[{"embeddable":true,"href":"https:\/\/www.baque.com\/es\/wp-json\/wp\/v2\/users\/1"}],"replies":[{"embeddable":true,"href":"https:\/\/www.baque.com\/es\/wp-json\/wp\/v2\/comments?post=150"}],"version-history":[{"count":11,"href":"https:\/\/www.baque.com\/es\/wp-json\/wp\/v2\/pages\/150\/revisions"}],"predecessor-version":[{"id":5949,"href":"https:\/\/www.baque.com\/es\/wp-json\/wp\/v2\/pages\/150\/revisions\/5949"}],"up":[{"embeddable":true,"href":"https:\/\/www.baque.com\/es\/wp-json\/wp\/v2\/pages\/120"}],"wp:attachment":[{"href":"https:\/\/www.baque.com\/es\/wp-json\/wp\/v2\/media?parent=150"}],"curies":[{"name":"wp","href":"https:\/\/api.w.org\/{rel}","templated":true}]}}