
{"id":172,"date":"2018-01-29T08:39:08","date_gmt":"2018-01-29T08:39:08","guid":{"rendered":"http:\/\/www.baque.com\/?page_id=172"},"modified":"2026-03-05T10:40:57","modified_gmt":"2026-03-05T09:40:57","slug":"tes-infusiones","status":"publish","type":"page","link":"https:\/\/www.baque.com\/es\/para-casa\/tes-infusiones\/","title":{"rendered":"T\u00e9s &#038; Infusiones"},"content":{"rendered":"<section  id='tes-infusiones' class='introtext'><div class='container'>\n<h2>Conoce nuestra gama de t\u00e9s e infusiones.<\/h2>\n<p>\t<!-- \n\n<p class=\"text-center\">Descubre nuestra amplia gama y los diferentes formatos que se adaptan a ti: infusiones piramidales y en bolsita.<\/p>\n\n --><\/p>\n<p class=\"text-center\">D\u00e9jate seducir por los ex\u00f3ticos aromas y sabores de nuestras infusiones y experimenta sus beneficios que har\u00e1n que te sientas mejor que bien. Todo con la garant\u00eda de Caf\u00e9s Baqu\u00e9.<\/p>\n<p><\/div><\/section><br \/>\n<section  id='tes-infusiones-1' class='videophoto expand nocontainer'><img src='\/wp-content\/themes\/baque\/img\/images\/tes-infusiones.jpg' class='bg' alt='' \/><img src='\/wp-content\/themes\/baque\/img\/images\/tes-infusiones_resp.jpg' class='bgresp' alt='' \/><div class='container'><br \/>\n<\/div><\/section><br \/>\n<section  id='tes-infusiones-2' class='squares squares squares videophoto expand cols4 borderwhite'><br \/>\n        <div  class='square'>\n\t\t\t<img src='\/wp-content\/themes\/baque\/img\/images\/latte-soluble.webp' class='bg withoutbgresp' alt='' \/>\n\t\t\t\n\t\t\t<div class='container'>\n\t\t\t\t<\/p>\n<h2 class=\"likeh1\">SOLUBLES<\/h2>\n<h3 class=\"likeh2\">DATE UN CAPRICHO EX\u00d3TICO<\/h3>\n<p>\t\t<a href='https:\/\/www.baque.com\/es\/para-casa\/tes-infusiones\/solubles\/' class='button  white'>VER SOLUBLES<\/a><br \/>\n\t\n\t\t\t<\/div>\n\t\t<\/div><br \/>\n        <div  class='square'>\n\t\t\t<img src='\/wp-content\/themes\/baque\/img\/images\/organicas.jpg' class='bg withoutbgresp' alt='' \/>\n\t\t\t\n\t\t\t<div class='container'>\n\t\t\t\t<\/p>\n<h2 class=\"likeh1\">ORG\u00c1NICAS<\/h2>\n<h3 class=\"likeh2\">GRANDES SABORES<br \/>Y AROMAS<br \/>DE CULTIVO BIO<\/h3>\n<p>\t\t<a href='https:\/\/www.baque.com\/es\/para-casa\/tes-infusiones\/organicas\/' class='button  white'>VER ORG\u00c1NICAS<\/a><br \/>\n\t\n\t\t\t<\/div>\n\t\t<\/div><br \/>\n\t<div  class='square'>\n\t\t\t<img src='\/wp-content\/themes\/baque\/img\/images\/tes-infusiones-basicas.jpg' class='bg withoutbgresp' alt='' \/>\n\t\t\t\n\t\t\t<div class='container'>\n\t\t\t\t<\/p>\n<h2 class=\"likeh1\">PIRAMIDALES<\/h2>\n<h3 class=\"likeh2\">GRANDES SABORES<br \/>QUE CALIENTAN<br \/>CORAZONES.<\/h3>\n<p>\t\t<a href='https:\/\/www.baque.com\/es\/para-casa\/tes-infusiones\/piramidales\/' class='button  white'>VER PIRAMIDALES<\/a><br \/>\n\t\n\t\t\t<\/div>\n\t\t<\/div><br \/>\n\t<div  class='square'>\n\t\t\t<img src='\/wp-content\/themes\/baque\/img\/images\/tes-infusiones-piramidales.jpg' class='bg withoutbgresp' alt='' \/>\n\t\t\t\n\t\t\t<div class='container'>\n\t\t\t\t<\/p>\n<h2 class=\"likeh1\">B\u00c1SICAS<\/h2>\n<h3 class=\"likeh2\">EL SABOR PARA<br \/>DISFRUTAR DE GRANDES<br \/> MOMENTOS<\/h3>\n<p>\t\t<a href='https:\/\/www.baque.com\/es\/para-casa\/tes-infusiones\/basicas\/' class='button  white'>VER B\u00c1SICAS<\/a><br \/>\n\t\n\t\t\t<\/div>\n\t\t<\/div><br \/>\n<\/section><\/p>\n","protected":false},"excerpt":{"rendered":"","protected":false},"author":1,"featured_media":0,"parent":120,"menu_order":20,"comment_status":"closed","ping_status":"closed","template":"","meta":{"_acf_changed":false,"footnotes":""},"class_list":["post-172","page","type-page","status-publish","hentry"],"acf":[],"yoast_head":"<!-- This site is optimized with the Yoast SEO plugin v27.3 - https:\/\/yoast.com\/product\/yoast-seo-wordpress\/ -->\n<title>T\u00e9s e Infusiones | Infusiones para casa | Caf\u00e9s Baqu\u00e9<\/title>\n<meta name=\"description\" content=\"D\u00e9jate seducir por los ex\u00f3ticos aromas y sabores de nuestras infusiones y experimenta sus beneficios que har\u00e1n que te sientas mejor que bien. Todo con la garant\u00eda de Caf\u00e9s Baqu\u00e9.\" \/>\n<meta name=\"robots\" content=\"index, follow, max-snippet:-1, max-image-preview:large, max-video-preview:-1\" \/>\n<meta property=\"og:locale\" content=\"es_ES\" \/>\n<meta property=\"og:type\" content=\"article\" \/>\n<meta property=\"og:title\" content=\"T\u00e9s e Infusiones | Infusiones para casa | Caf\u00e9s Baqu\u00e9\" \/>\n<meta property=\"og:description\" content=\"D\u00e9jate seducir por los ex\u00f3ticos aromas y sabores de nuestras infusiones y experimenta sus beneficios que har\u00e1n que te sientas mejor que bien. Todo con la garant\u00eda de Caf\u00e9s Baqu\u00e9.\" \/>\n<meta property=\"og:url\" content=\"https:\/\/www.baque.com\/es\/para-casa\/tes-infusiones\/\" \/>\n<meta property=\"og:site_name\" content=\"Caf\u00e9s Baqu\u00e9\" \/>\n<meta property=\"article:modified_time\" content=\"2026-03-05T09:40:57+00:00\" \/>\n<meta name=\"twitter:card\" content=\"summary_large_image\" \/>\n<meta name=\"twitter:label1\" content=\"Tiempo de lectura\" \/>\n\t<meta name=\"twitter:data1\" content=\"1 minuto\" \/>\n<script type=\"application\/ld+json\" class=\"yoast-schema-graph\">{\"@context\":\"https:\\\/\\\/schema.org\",\"@graph\":[{\"@type\":\"WebPage\",\"@id\":\"https:\\\/\\\/www.baque.com\\\/es\\\/para-casa\\\/tes-infusiones\\\/\",\"url\":\"https:\\\/\\\/www.baque.com\\\/es\\\/para-casa\\\/tes-infusiones\\\/\",\"name\":\"T\u00e9s e Infusiones | Infusiones para casa | Caf\u00e9s Baqu\u00e9\",\"isPartOf\":{\"@id\":\"https:\\\/\\\/www.baque.com\\\/es\\\/#website\"},\"datePublished\":\"2018-01-29T08:39:08+00:00\",\"dateModified\":\"2026-03-05T09:40:57+00:00\",\"description\":\"D\u00e9jate seducir por los ex\u00f3ticos aromas y sabores de nuestras infusiones y experimenta sus beneficios que har\u00e1n que te sientas mejor que bien. Todo con la garant\u00eda de Caf\u00e9s Baqu\u00e9.\",\"breadcrumb\":{\"@id\":\"https:\\\/\\\/www.baque.com\\\/es\\\/para-casa\\\/tes-infusiones\\\/#breadcrumb\"},\"inLanguage\":\"es\",\"potentialAction\":[{\"@type\":\"ReadAction\",\"target\":[\"https:\\\/\\\/www.baque.com\\\/es\\\/para-casa\\\/tes-infusiones\\\/\"]}]},{\"@type\":\"BreadcrumbList\",\"@id\":\"https:\\\/\\\/www.baque.com\\\/es\\\/para-casa\\\/tes-infusiones\\\/#breadcrumb\",\"itemListElement\":[{\"@type\":\"ListItem\",\"position\":1,\"name\":\"Portada\",\"item\":\"https:\\\/\\\/www.baque.com\\\/es\\\/\"},{\"@type\":\"ListItem\",\"position\":2,\"name\":\"Para casa\",\"item\":\"https:\\\/\\\/www.baque.com\\\/es\\\/para-casa\\\/\"},{\"@type\":\"ListItem\",\"position\":3,\"name\":\"T\u00e9s &#038; Infusiones\"}]},{\"@type\":\"WebSite\",\"@id\":\"https:\\\/\\\/www.baque.com\\\/es\\\/#website\",\"url\":\"https:\\\/\\\/www.baque.com\\\/es\\\/\",\"name\":\"Caf\u00e9s Baqu\u00e9\",\"description\":\"Somos l\u00edderes en hosteler\u00eda en Pa\u00eds Vasco y La Rioja y una de las marcas m\u00e1s reconocidas en el mercado nacional. Somos una empresa familiar en constante innovaci\u00f3n en el producto. Tostamos y distribuimos caf\u00e9 molido, en grano y c\u00e1psulas para disfrutar en casa, en el bar y en la oficina.\",\"potentialAction\":[{\"@type\":\"SearchAction\",\"target\":{\"@type\":\"EntryPoint\",\"urlTemplate\":\"https:\\\/\\\/www.baque.com\\\/es\\\/?s={search_term_string}\"},\"query-input\":{\"@type\":\"PropertyValueSpecification\",\"valueRequired\":true,\"valueName\":\"search_term_string\"}}],\"inLanguage\":\"es\"}]}<\/script>\n<!-- \/ Yoast SEO plugin. -->","yoast_head_json":{"title":"T\u00e9s e Infusiones | Infusiones para casa | Caf\u00e9s Baqu\u00e9","description":"D\u00e9jate seducir por los ex\u00f3ticos aromas y sabores de nuestras infusiones y experimenta sus beneficios que har\u00e1n que te sientas mejor que bien. Todo con la garant\u00eda de Caf\u00e9s Baqu\u00e9.","robots":{"index":"index","follow":"follow","max-snippet":"max-snippet:-1","max-image-preview":"max-image-preview:large","max-video-preview":"max-video-preview:-1"},"og_locale":"es_ES","og_type":"article","og_title":"T\u00e9s e Infusiones | Infusiones para casa | Caf\u00e9s Baqu\u00e9","og_description":"D\u00e9jate seducir por los ex\u00f3ticos aromas y sabores de nuestras infusiones y experimenta sus beneficios que har\u00e1n que te sientas mejor que bien. Todo con la garant\u00eda de Caf\u00e9s Baqu\u00e9.","og_url":"https:\/\/www.baque.com\/es\/para-casa\/tes-infusiones\/","og_site_name":"Caf\u00e9s Baqu\u00e9","article_modified_time":"2026-03-05T09:40:57+00:00","twitter_card":"summary_large_image","twitter_misc":{"Tiempo de lectura":"1 minuto"},"schema":{"@context":"https:\/\/schema.org","@graph":[{"@type":"WebPage","@id":"https:\/\/www.baque.com\/es\/para-casa\/tes-infusiones\/","url":"https:\/\/www.baque.com\/es\/para-casa\/tes-infusiones\/","name":"T\u00e9s e Infusiones | Infusiones para casa | Caf\u00e9s Baqu\u00e9","isPartOf":{"@id":"https:\/\/www.baque.com\/es\/#website"},"datePublished":"2018-01-29T08:39:08+00:00","dateModified":"2026-03-05T09:40:57+00:00","description":"D\u00e9jate seducir por los ex\u00f3ticos aromas y sabores de nuestras infusiones y experimenta sus beneficios que har\u00e1n que te sientas mejor que bien. Todo con la garant\u00eda de Caf\u00e9s Baqu\u00e9.","breadcrumb":{"@id":"https:\/\/www.baque.com\/es\/para-casa\/tes-infusiones\/#breadcrumb"},"inLanguage":"es","potentialAction":[{"@type":"ReadAction","target":["https:\/\/www.baque.com\/es\/para-casa\/tes-infusiones\/"]}]},{"@type":"BreadcrumbList","@id":"https:\/\/www.baque.com\/es\/para-casa\/tes-infusiones\/#breadcrumb","itemListElement":[{"@type":"ListItem","position":1,"name":"Portada","item":"https:\/\/www.baque.com\/es\/"},{"@type":"ListItem","position":2,"name":"Para casa","item":"https:\/\/www.baque.com\/es\/para-casa\/"},{"@type":"ListItem","position":3,"name":"T\u00e9s &#038; Infusiones"}]},{"@type":"WebSite","@id":"https:\/\/www.baque.com\/es\/#website","url":"https:\/\/www.baque.com\/es\/","name":"Caf\u00e9s Baqu\u00e9","description":"Somos l\u00edderes en hosteler\u00eda en Pa\u00eds Vasco y La Rioja y una de las marcas m\u00e1s reconocidas en el mercado nacional. Somos una empresa familiar en constante innovaci\u00f3n en el producto. Tostamos y distribuimos caf\u00e9 molido, en grano y c\u00e1psulas para disfrutar en casa, en el bar y en la oficina.","potentialAction":[{"@type":"SearchAction","target":{"@type":"EntryPoint","urlTemplate":"https:\/\/www.baque.com\/es\/?s={search_term_string}"},"query-input":{"@type":"PropertyValueSpecification","valueRequired":true,"valueName":"search_term_string"}}],"inLanguage":"es"}]}},"_links":{"self":[{"href":"https:\/\/www.baque.com\/es\/wp-json\/wp\/v2\/pages\/172","targetHints":{"allow":["GET"]}}],"collection":[{"href":"https:\/\/www.baque.com\/es\/wp-json\/wp\/v2\/pages"}],"about":[{"href":"https:\/\/www.baque.com\/es\/wp-json\/wp\/v2\/types\/page"}],"author":[{"embeddable":true,"href":"https:\/\/www.baque.com\/es\/wp-json\/wp\/v2\/users\/1"}],"replies":[{"embeddable":true,"href":"https:\/\/www.baque.com\/es\/wp-json\/wp\/v2\/comments?post=172"}],"version-history":[{"count":13,"href":"https:\/\/www.baque.com\/es\/wp-json\/wp\/v2\/pages\/172\/revisions"}],"predecessor-version":[{"id":3989345,"href":"https:\/\/www.baque.com\/es\/wp-json\/wp\/v2\/pages\/172\/revisions\/3989345"}],"up":[{"embeddable":true,"href":"https:\/\/www.baque.com\/es\/wp-json\/wp\/v2\/pages\/120"}],"wp:attachment":[{"href":"https:\/\/www.baque.com\/es\/wp-json\/wp\/v2\/media?parent=172"}],"curies":[{"name":"wp","href":"https:\/\/api.w.org\/{rel}","templated":true}]}}