
{"id":1723561,"date":"2023-09-13T09:49:03","date_gmt":"2023-09-13T07:49:03","guid":{"rendered":"https:\/\/www.baque.com\/?page_id=1723561"},"modified":"2024-11-06T09:35:06","modified_gmt":"2024-11-06T08:35:06","slug":"aviso-legal-y-politica-de-privacidad","status":"publish","type":"page","link":"https:\/\/www.baque.com\/es\/aviso-legal-y-politica-de-privacidad\/","title":{"rendered":"Aviso legal y pol\u00edtica de privacidad"},"content":{"rendered":"<section  class='multicol'><div class='container'><\/p>\n<p>En virtud de la normativa de protecci\u00f3n de datos personales, les informamos que sus datos personales facilitados en esta comunicaci\u00f3n, sean tratados bajo responsabilidad de CAF\u00c9S BAQU\u00c9 SLU, CIF: B95445508, inscrita en el Registro Mercantil de Vizcaya, Tomo 4753, folio 194, hoja BI-47662.<\/p>\n<p>La finalidad de este tratamiento es la de gestionar la relaci\u00f3n negocial e informarlo de nuestros servicios, siendo el inter\u00e9s leg\u00edtimo como persona de contacto o para informarle el motivo que legitima el tratamiento. Estos datos no ser\u00e1n transmitidos a terceras personas y ser\u00e1n conservados siempre que sea imprescindible o leg\u00edtimo por la finalidad que se captaron.<\/p>\n<p>En cualquier caso, podr\u00e1 ejercitar los derechos de acceso, rectificaci\u00f3n o supresi\u00f3n, la limitaci\u00f3n del tratamiento u oponerse, as\u00ed como el derecho a la portabilidad de los datos. Estas peticiones ser\u00e1 necesario que se realicen en Pol. Industrial Santa Apolonia UAI 2-2, 48215 IURRETA (BIZKAIA) o por correo electr\u00f3nico <a href=\"mailto:baque@baque.com\">baque@baque.com<\/a>.<\/p>\n<p>As\u00ed mismo tambi\u00e9n podr\u00e1 presentar una reclamaci\u00f3n, si as\u00ed lo considera, ante la Agencia Espa\u00f1ola de Protecci\u00f3n de Datos.<\/p>\n<p><strong>DARSE DE BAJA DE LA LISTA DE CORREO<\/strong><\/p>\n<p>Si\u00a0usted no\u00a0desea\u00a0recibir\u00a0m\u00e1s\u00a0informaci\u00f3n\u00a0sobre\u00a0nuestros\u00a0servicios, puede darse\u00a0de\u00a0baja a la siguiente\u00a0direcci\u00f3n de\u00a0correo electr\u00f3nico:\u00a0<a href=\"mailto:baque@baque.com\">baque@baque.com<\/a>.<\/p>\n<p><strong>AVISO SOBRE LA CONFIDENCIALIDAD DE LAS COMUNICACIONES<\/strong><\/p>\n<p>El contenido de este correo electr\u00f3nico y de sus anexos es estrictamente confidencial. En el caso de que usted no sea el destinatario y haya recibido este mensaje por equivocaci\u00f3n, agradecer\u00edamos que lo comunicara al remitente, sin difundir, almacenar o copiar su contenido.<\/p>\n<p><\/div><\/section>\n","protected":false},"excerpt":{"rendered":"","protected":false},"author":4013,"featured_media":0,"parent":0,"menu_order":1020,"comment_status":"closed","ping_status":"closed","template":"","meta":{"_acf_changed":false,"footnotes":""},"class_list":["post-1723561","page","type-page","status-publish","hentry"],"acf":[],"yoast_head":"<!-- This site is optimized with the Yoast SEO plugin v27.3 - https:\/\/yoast.com\/product\/yoast-seo-wordpress\/ -->\n<title>Aviso legal y pol\u00edtica de privacidad - Caf\u00e9s Baqu\u00e9<\/title>\n<meta name=\"robots\" content=\"noindex, nofollow\" \/>\n<meta property=\"og:locale\" content=\"es_ES\" \/>\n<meta property=\"og:type\" content=\"article\" \/>\n<meta property=\"og:title\" content=\"Aviso legal y pol\u00edtica de privacidad - Caf\u00e9s Baqu\u00e9\" \/>\n<meta property=\"og:url\" content=\"https:\/\/www.baque.com\/es\/aviso-legal-y-politica-de-privacidad\/\" \/>\n<meta property=\"og:site_name\" content=\"Caf\u00e9s Baqu\u00e9\" \/>\n<meta property=\"article:modified_time\" content=\"2024-11-06T08:35:06+00:00\" \/>\n<meta name=\"twitter:card\" content=\"summary_large_image\" \/>\n<meta name=\"twitter:label1\" content=\"Tiempo de lectura\" \/>\n\t<meta name=\"twitter:data1\" content=\"1 minuto\" \/>\n<script type=\"application\/ld+json\" class=\"yoast-schema-graph\">{\"@context\":\"https:\\\/\\\/schema.org\",\"@graph\":[{\"@type\":\"WebPage\",\"@id\":\"https:\\\/\\\/www.baque.com\\\/es\\\/aviso-legal-y-politica-de-privacidad\\\/\",\"url\":\"https:\\\/\\\/www.baque.com\\\/es\\\/aviso-legal-y-politica-de-privacidad\\\/\",\"name\":\"Aviso legal y pol\u00edtica de privacidad - Caf\u00e9s Baqu\u00e9\",\"isPartOf\":{\"@id\":\"https:\\\/\\\/www.baque.com\\\/es\\\/#website\"},\"datePublished\":\"2023-09-13T07:49:03+00:00\",\"dateModified\":\"2024-11-06T08:35:06+00:00\",\"breadcrumb\":{\"@id\":\"https:\\\/\\\/www.baque.com\\\/es\\\/aviso-legal-y-politica-de-privacidad\\\/#breadcrumb\"},\"inLanguage\":\"es\",\"potentialAction\":[{\"@type\":\"ReadAction\",\"target\":[\"https:\\\/\\\/www.baque.com\\\/es\\\/aviso-legal-y-politica-de-privacidad\\\/\"]}]},{\"@type\":\"BreadcrumbList\",\"@id\":\"https:\\\/\\\/www.baque.com\\\/es\\\/aviso-legal-y-politica-de-privacidad\\\/#breadcrumb\",\"itemListElement\":[{\"@type\":\"ListItem\",\"position\":1,\"name\":\"Portada\",\"item\":\"https:\\\/\\\/www.baque.com\\\/es\\\/\"},{\"@type\":\"ListItem\",\"position\":2,\"name\":\"Aviso legal y pol\u00edtica de privacidad\"}]},{\"@type\":\"WebSite\",\"@id\":\"https:\\\/\\\/www.baque.com\\\/es\\\/#website\",\"url\":\"https:\\\/\\\/www.baque.com\\\/es\\\/\",\"name\":\"Caf\u00e9s Baqu\u00e9\",\"description\":\"Somos l\u00edderes en hosteler\u00eda en Pa\u00eds Vasco y La Rioja y una de las marcas m\u00e1s reconocidas en el mercado nacional. Somos una empresa familiar en constante innovaci\u00f3n en el producto. Tostamos y distribuimos caf\u00e9 molido, en grano y c\u00e1psulas para disfrutar en casa, en el bar y en la oficina.\",\"potentialAction\":[{\"@type\":\"SearchAction\",\"target\":{\"@type\":\"EntryPoint\",\"urlTemplate\":\"https:\\\/\\\/www.baque.com\\\/es\\\/?s={search_term_string}\"},\"query-input\":{\"@type\":\"PropertyValueSpecification\",\"valueRequired\":true,\"valueName\":\"search_term_string\"}}],\"inLanguage\":\"es\"}]}<\/script>\n<!-- \/ Yoast SEO plugin. -->","yoast_head_json":{"title":"Aviso legal y pol\u00edtica de privacidad - Caf\u00e9s Baqu\u00e9","robots":{"index":"noindex","follow":"nofollow"},"og_locale":"es_ES","og_type":"article","og_title":"Aviso legal y pol\u00edtica de privacidad - Caf\u00e9s Baqu\u00e9","og_url":"https:\/\/www.baque.com\/es\/aviso-legal-y-politica-de-privacidad\/","og_site_name":"Caf\u00e9s Baqu\u00e9","article_modified_time":"2024-11-06T08:35:06+00:00","twitter_card":"summary_large_image","twitter_misc":{"Tiempo de lectura":"1 minuto"},"schema":{"@context":"https:\/\/schema.org","@graph":[{"@type":"WebPage","@id":"https:\/\/www.baque.com\/es\/aviso-legal-y-politica-de-privacidad\/","url":"https:\/\/www.baque.com\/es\/aviso-legal-y-politica-de-privacidad\/","name":"Aviso legal y pol\u00edtica de privacidad - Caf\u00e9s Baqu\u00e9","isPartOf":{"@id":"https:\/\/www.baque.com\/es\/#website"},"datePublished":"2023-09-13T07:49:03+00:00","dateModified":"2024-11-06T08:35:06+00:00","breadcrumb":{"@id":"https:\/\/www.baque.com\/es\/aviso-legal-y-politica-de-privacidad\/#breadcrumb"},"inLanguage":"es","potentialAction":[{"@type":"ReadAction","target":["https:\/\/www.baque.com\/es\/aviso-legal-y-politica-de-privacidad\/"]}]},{"@type":"BreadcrumbList","@id":"https:\/\/www.baque.com\/es\/aviso-legal-y-politica-de-privacidad\/#breadcrumb","itemListElement":[{"@type":"ListItem","position":1,"name":"Portada","item":"https:\/\/www.baque.com\/es\/"},{"@type":"ListItem","position":2,"name":"Aviso legal y pol\u00edtica de privacidad"}]},{"@type":"WebSite","@id":"https:\/\/www.baque.com\/es\/#website","url":"https:\/\/www.baque.com\/es\/","name":"Caf\u00e9s Baqu\u00e9","description":"Somos l\u00edderes en hosteler\u00eda en Pa\u00eds Vasco y La Rioja y una de las marcas m\u00e1s reconocidas en el mercado nacional. Somos una empresa familiar en constante innovaci\u00f3n en el producto. Tostamos y distribuimos caf\u00e9 molido, en grano y c\u00e1psulas para disfrutar en casa, en el bar y en la oficina.","potentialAction":[{"@type":"SearchAction","target":{"@type":"EntryPoint","urlTemplate":"https:\/\/www.baque.com\/es\/?s={search_term_string}"},"query-input":{"@type":"PropertyValueSpecification","valueRequired":true,"valueName":"search_term_string"}}],"inLanguage":"es"}]}},"_links":{"self":[{"href":"https:\/\/www.baque.com\/es\/wp-json\/wp\/v2\/pages\/1723561","targetHints":{"allow":["GET"]}}],"collection":[{"href":"https:\/\/www.baque.com\/es\/wp-json\/wp\/v2\/pages"}],"about":[{"href":"https:\/\/www.baque.com\/es\/wp-json\/wp\/v2\/types\/page"}],"author":[{"embeddable":true,"href":"https:\/\/www.baque.com\/es\/wp-json\/wp\/v2\/users\/4013"}],"replies":[{"embeddable":true,"href":"https:\/\/www.baque.com\/es\/wp-json\/wp\/v2\/comments?post=1723561"}],"version-history":[{"count":4,"href":"https:\/\/www.baque.com\/es\/wp-json\/wp\/v2\/pages\/1723561\/revisions"}],"predecessor-version":[{"id":2654627,"href":"https:\/\/www.baque.com\/es\/wp-json\/wp\/v2\/pages\/1723561\/revisions\/2654627"}],"wp:attachment":[{"href":"https:\/\/www.baque.com\/es\/wp-json\/wp\/v2\/media?parent=1723561"}],"curies":[{"name":"wp","href":"https:\/\/api.w.org\/{rel}","templated":true}]}}