
{"id":2,"date":"2018-01-16T14:09:08","date_gmt":"2018-01-16T14:09:08","guid":{"rendered":"http:\/\/www.baque.com\/?page_id=2"},"modified":"2023-04-14T14:48:29","modified_gmt":"2023-04-14T12:48:29","slug":"inicio","status":"publish","type":"page","link":"https:\/\/www.baque.com\/es\/","title":{"rendered":"Inicio"},"content":{"rendered":"<p><section  id='home1' class='videophoto expand'><img src='\/wp-content\/uploads\/2024\/01\/baque_Mesa-de-trabajo-1-copia.png' class='bg' alt='' \/><img src='\/wp-content\/uploads\/2023\/12\/BAQUEWEB_Mesa-de-trabajo-1.png' class='bgresp' alt='' \/><div class='shadow bg-grey'><\/div><span class='videoplay' data-openvideo='video-hgXAj0E1Wy8'><\/span><div class='container'><h2 class='likeh1'>LA NUEVA SENSACI\u00d3N BAQU\u00c9<\/h2><h3 class='likeh2'>\u00bfCONOCES LA SENSACI\u00d3N?\r\nC\u00c1PSULAS <em>ALUMINIUM<\/em>, LA NUEVA SENSACI\u00d3N BAQU\u00c9<\/h3><a href='https:\/\/www.baque.com\/es\/comprar\/cafe-capsulas\/capsulas-aluminio-compatibles-con-nespresso\/' class='button  white'>Saber m\u00e1s<\/a><\/div><\/section><div class='popupvideo' id='video-hgXAj0E1Wy8'><span class='videostop' data-closevideo='video-hgXAj0E1Wy8'>&#10005;<\/span><iframe src='https:\/\/www.youtube.com\/embed\/hgXAj0E1Wy8?rel=0&controls=0&showinfo=0&enablejsapi=1&widgetid=1'><\/iframe><\/div><section  id='home4' class='videophoto expand'><img src='\/wp-content\/uploads\/2019\/08\/Youtube_cas.jpg' class='bg' alt='' \/><img src='\/wp-content\/uploads\/2019\/08\/responsive_cast.jpeg' class='bgresp' alt='' \/><div class='shadow bg-grey'><\/div><span class='videoplay' data-openvideo='video-yozMi4rVtNw'><\/span><div class='container'><h2 class='likeh1'>PON TU BAQU\u00c9<br\/>#ENMODOT\u00da<\/h2><h3 class='likeh2'>EST\u00c9S EN EL MODO QUE EST\u00c9S<br\/>PON TU BAQU\u00c9 #ENMODOT\u00da<br\/><\/h3><a href='https:\/\/www.youtube.com\/watch?v=yozMi4rVtNw' class='button  white'>Ver v\u00eddeo<\/a><\/div><\/section><div class='popupvideo' id='video-yozMi4rVtNw'><span class='videostop' data-closevideo='video-yozMi4rVtNw'>&#10005;<\/span><iframe src='https:\/\/www.youtube.com\/embed\/yozMi4rVtNw?rel=0&controls=0&showinfo=0&enablejsapi=1&widgetid=1'><\/iframe><\/div><section  id='home1' class='videophoto expand'><img src='\/wp-content\/uploads\/2021\/03\/caratula-cafe-oficial-cas-web-3.jpg' class='bg' alt='' \/><img src='\/wp-content\/uploads\/2021\/03\/caratula-cafe-oficial-cas-mobile-3.jpg' class='bgresp' alt='' \/><div class='shadow bg-grey'><\/div><span class='videoplay' data-openvideo='video-Bo5uw589iaA'><\/span><div class='container'><h1>CAF\u00c9S BAQU\u00c9: CAF\u00c9 OFICIAL <br\/> DEL ATHLETIC CLUB Y <br\/> LA REAL SOCIEDAD<\/h1><a href='https:\/\/www.youtube.com\/watch?v=Bo5uw589iaA' class='button  white'>Ver v\u00eddeo<\/a><\/div><\/section><div class='popupvideo' id='video-Bo5uw589iaA'><span class='videostop' data-closevideo='video-Bo5uw589iaA'>&#10005;<\/span><iframe src='https:\/\/www.youtube.com\/embed\/Bo5uw589iaA?rel=0&controls=0&showinfo=0&enablejsapi=1&widgetid=1'><\/iframe><\/div><section  id='home4' class='videophoto expand'><img src='\/wp-content\/themes\/baque\/img\/images\/escuela-de-cafe.jpg' class='bg' alt='' \/><img src='\/wp-content\/themes\/baque\/img\/images\/escuela-de-cafe_resp.jpg' class='bgresp' alt='' \/><div class='shadow bg-brown'><\/div><div class='container'><h2 class='likeh1'>ESCUELA DE CAF\u00c9<\/h2><h3 class='likeh2'>NUESTRA APUESTA POR<br\/>FOMENTAR LA CULTURA<br\/>DEL CAF\u00c9.<\/h3><a href='https:\/\/www.baque.com\/es\/especialistas-cafe\/escuela-cafe\/' class='button  white'>SABER M\u00c1S<\/a><\/div><\/section><br \/>\n<section  id='home5' class='whitezone'><div class='container'><br \/>\n<div  class='sidebar'><\/p>\n<p class=\"text-left\">M\u00e1s de 100 a\u00f1os dedic\u00e1ndonos a nuestra pasi\u00f3n: el caf\u00e9.<\/p>\n<p class=\"text-left\">300.000 tazas de Caf\u00e9s Baqu\u00e9 consumidas cada d\u00eda, la mejor raz\u00f3n para apostar por ti.<\/p>\n<p><\/div><br \/>\n<div  class='content'><\/p>\n<p class=\"text-left\">En Caf\u00e9s Baqu\u00e9 <strong>llevamos m\u00e1s de 100 a\u00f1os dedic\u00e1ndonos a nuestra pasi\u00f3n: el caf\u00e9<\/strong>. Somos l\u00edderes en hosteler\u00eda en Pa\u00eds Vasco y La Rioja y una de las marcas m\u00e1s reconocidas en el mercado nacional.<\/p>\n<p class=\"text-left\">Somos una empresa familiar, que apuesta por combinar <strong>tradici\u00f3n e innovaci\u00f3n para satisfacer a nuestros consumidores y consumidoras<\/strong>, tanto particulares como de hosteler\u00eda y empresa.<\/p>\n<p class=\"text-left\">Creemos en el valor de las personas para transformar nuestro sector y <strong>contribuir a un desarrollo sostenible<\/strong>. Dada nuestra preocupaci\u00f3n por ofrecer el mejor servicio, <strong>formamos baristas profesionales para que con la mejor materia prima se creen experiencias \u00fanicas alrededor del caf\u00e9<\/strong>.<\/p>\n<p class=\"text-left\">Para ello, <strong>seleccionamos los mejores or\u00edgenes<\/strong> con el objetivo de que nuestros blends mantengan las caracter\u00edsticas desde el inicio del proceso hasta llegar a tu taza. <strong>Tostamos m\u00e1s de 3 millones de kilos de caf\u00e9 al a\u00f1o<\/strong> y se consumen cada d\u00eda m\u00e1s de 300.000 tazas de Caf\u00e9s Baqu\u00e9.<\/p>\n<p class=\"text-left\">Y queremos seguir caminando junto a ti.<\/p>\n<p><div class='separator height50' ><\/div><br \/>\n<a href='https:\/\/www.baque.com\/es\/para-casa\/' class='button '>CONOCE PRODUCTOS BAQU\u00c9 PARA TU CASA<\/a><br \/>\n<a href='https:\/\/www.baque.com\/es\/para-hosteleria\/' class='button '>\u00bfERES PROFESIONAL DE LA HOSTELER\u00cdA? DESCUBRE LAS GAMAS<\/a><br \/>\n<\/div><br \/>\n<\/div><\/section><\/p>\n","protected":false},"excerpt":{"rendered":"","protected":false},"author":1,"featured_media":0,"parent":0,"menu_order":10,"comment_status":"closed","ping_status":"open","template":"index.php","meta":{"_acf_changed":false,"footnotes":""},"class_list":["post-2","page","type-page","status-publish","hentry"],"acf":[],"yoast_head":"<!-- This site is optimized with the Yoast SEO plugin v27.3 - https:\/\/yoast.com\/product\/yoast-seo-wordpress\/ -->\n<title>Caf\u00e9s Baqu\u00e9: especialistas en hacer buen caf\u00e9. L\u00edderes en hosteler\u00eda<\/title>\n<meta name=\"description\" content=\"Somos l\u00edderes en hosteler\u00eda en Pa\u00eds Vasco y La Rioja y una de las marcas m\u00e1s reconocidas en el mercado nacional. Somos una empresa familiar en constante innovaci\u00f3n en el producto. Tostamos y distribuimos caf\u00e9 molido, en grano y c\u00e1psulas para disfrutar en casa, en el bar y en la oficina.\" \/>\n<meta name=\"robots\" content=\"index, follow, max-snippet:-1, max-image-preview:large, max-video-preview:-1\" \/>\n<meta property=\"og:locale\" content=\"es_ES\" \/>\n<meta property=\"og:type\" content=\"article\" \/>\n<meta property=\"og:title\" content=\"Caf\u00e9s Baqu\u00e9: especialistas en hacer buen caf\u00e9. L\u00edderes en hosteler\u00eda\" \/>\n<meta property=\"og:description\" content=\"Somos l\u00edderes en hosteler\u00eda en Pa\u00eds Vasco y La Rioja y una de las marcas m\u00e1s reconocidas en el mercado nacional. Somos una empresa familiar en constante innovaci\u00f3n en el producto. Tostamos y distribuimos caf\u00e9 molido, en grano y c\u00e1psulas para disfrutar en casa, en el bar y en la oficina.\" \/>\n<meta property=\"og:url\" content=\"https:\/\/www.baque.com\/es\/\" \/>\n<meta property=\"og:site_name\" content=\"Caf\u00e9s Baqu\u00e9\" \/>\n<meta property=\"article:modified_time\" content=\"2023-04-14T12:48:29+00:00\" \/>\n<meta name=\"twitter:card\" content=\"summary_large_image\" \/>\n<meta name=\"twitter:image\" content=\"http:\/\/www.baque.com\/wp-content\/themes\/baque\/img\/images\/alrededor-de-una-taza-de-cafe.jpg\" \/>\n<meta name=\"twitter:label1\" content=\"Tiempo de lectura\" \/>\n\t<meta name=\"twitter:data1\" content=\"1 minuto\" \/>\n<script type=\"application\/ld+json\" class=\"yoast-schema-graph\">{\"@context\":\"https:\\\/\\\/schema.org\",\"@graph\":[{\"@type\":\"WebPage\",\"@id\":\"https:\\\/\\\/www.baque.com\\\/es\\\/\",\"url\":\"https:\\\/\\\/www.baque.com\\\/es\\\/\",\"name\":\"Caf\u00e9s Baqu\u00e9: especialistas en hacer buen caf\u00e9. L\u00edderes en hosteler\u00eda\",\"isPartOf\":{\"@id\":\"https:\\\/\\\/www.baque.com\\\/es\\\/#website\"},\"datePublished\":\"2018-01-16T14:09:08+00:00\",\"dateModified\":\"2023-04-14T12:48:29+00:00\",\"description\":\"Somos l\u00edderes en hosteler\u00eda en Pa\u00eds Vasco y La Rioja y una de las marcas m\u00e1s reconocidas en el mercado nacional. Somos una empresa familiar en constante innovaci\u00f3n en el producto. Tostamos y distribuimos caf\u00e9 molido, en grano y c\u00e1psulas para disfrutar en casa, en el bar y en la oficina.\",\"breadcrumb\":{\"@id\":\"https:\\\/\\\/www.baque.com\\\/es\\\/#breadcrumb\"},\"inLanguage\":\"es\",\"potentialAction\":[{\"@type\":\"ReadAction\",\"target\":[\"https:\\\/\\\/www.baque.com\\\/es\\\/\"]}]},{\"@type\":\"BreadcrumbList\",\"@id\":\"https:\\\/\\\/www.baque.com\\\/es\\\/#breadcrumb\",\"itemListElement\":[{\"@type\":\"ListItem\",\"position\":1,\"name\":\"Portada\",\"item\":\"https:\\\/\\\/www.baque.com\\\/es\\\/\"},{\"@type\":\"ListItem\",\"position\":2,\"name\":\"Inicio\"}]},{\"@type\":\"WebSite\",\"@id\":\"https:\\\/\\\/www.baque.com\\\/es\\\/#website\",\"url\":\"https:\\\/\\\/www.baque.com\\\/es\\\/\",\"name\":\"Caf\u00e9s Baqu\u00e9\",\"description\":\"Somos l\u00edderes en hosteler\u00eda en Pa\u00eds Vasco y La Rioja y una de las marcas m\u00e1s reconocidas en el mercado nacional. Somos una empresa familiar en constante innovaci\u00f3n en el producto. Tostamos y distribuimos caf\u00e9 molido, en grano y c\u00e1psulas para disfrutar en casa, en el bar y en la oficina.\",\"potentialAction\":[{\"@type\":\"SearchAction\",\"target\":{\"@type\":\"EntryPoint\",\"urlTemplate\":\"https:\\\/\\\/www.baque.com\\\/es\\\/?s={search_term_string}\"},\"query-input\":{\"@type\":\"PropertyValueSpecification\",\"valueRequired\":true,\"valueName\":\"search_term_string\"}}],\"inLanguage\":\"es\"}]}<\/script>\n<!-- \/ Yoast SEO plugin. -->","yoast_head_json":{"title":"Caf\u00e9s Baqu\u00e9: especialistas en hacer buen caf\u00e9. L\u00edderes en hosteler\u00eda","description":"Somos l\u00edderes en hosteler\u00eda en Pa\u00eds Vasco y La Rioja y una de las marcas m\u00e1s reconocidas en el mercado nacional. Somos una empresa familiar en constante innovaci\u00f3n en el producto. Tostamos y distribuimos caf\u00e9 molido, en grano y c\u00e1psulas para disfrutar en casa, en el bar y en la oficina.","robots":{"index":"index","follow":"follow","max-snippet":"max-snippet:-1","max-image-preview":"max-image-preview:large","max-video-preview":"max-video-preview:-1"},"og_locale":"es_ES","og_type":"article","og_title":"Caf\u00e9s Baqu\u00e9: especialistas en hacer buen caf\u00e9. L\u00edderes en hosteler\u00eda","og_description":"Somos l\u00edderes en hosteler\u00eda en Pa\u00eds Vasco y La Rioja y una de las marcas m\u00e1s reconocidas en el mercado nacional. Somos una empresa familiar en constante innovaci\u00f3n en el producto. Tostamos y distribuimos caf\u00e9 molido, en grano y c\u00e1psulas para disfrutar en casa, en el bar y en la oficina.","og_url":"https:\/\/www.baque.com\/es\/","og_site_name":"Caf\u00e9s Baqu\u00e9","article_modified_time":"2023-04-14T12:48:29+00:00","twitter_card":"summary_large_image","twitter_image":"http:\/\/www.baque.com\/wp-content\/themes\/baque\/img\/images\/alrededor-de-una-taza-de-cafe.jpg","twitter_misc":{"Tiempo de lectura":"1 minuto"},"schema":{"@context":"https:\/\/schema.org","@graph":[{"@type":"WebPage","@id":"https:\/\/www.baque.com\/es\/","url":"https:\/\/www.baque.com\/es\/","name":"Caf\u00e9s Baqu\u00e9: especialistas en hacer buen caf\u00e9. L\u00edderes en hosteler\u00eda","isPartOf":{"@id":"https:\/\/www.baque.com\/es\/#website"},"datePublished":"2018-01-16T14:09:08+00:00","dateModified":"2023-04-14T12:48:29+00:00","description":"Somos l\u00edderes en hosteler\u00eda en Pa\u00eds Vasco y La Rioja y una de las marcas m\u00e1s reconocidas en el mercado nacional. Somos una empresa familiar en constante innovaci\u00f3n en el producto. Tostamos y distribuimos caf\u00e9 molido, en grano y c\u00e1psulas para disfrutar en casa, en el bar y en la oficina.","breadcrumb":{"@id":"https:\/\/www.baque.com\/es\/#breadcrumb"},"inLanguage":"es","potentialAction":[{"@type":"ReadAction","target":["https:\/\/www.baque.com\/es\/"]}]},{"@type":"BreadcrumbList","@id":"https:\/\/www.baque.com\/es\/#breadcrumb","itemListElement":[{"@type":"ListItem","position":1,"name":"Portada","item":"https:\/\/www.baque.com\/es\/"},{"@type":"ListItem","position":2,"name":"Inicio"}]},{"@type":"WebSite","@id":"https:\/\/www.baque.com\/es\/#website","url":"https:\/\/www.baque.com\/es\/","name":"Caf\u00e9s Baqu\u00e9","description":"Somos l\u00edderes en hosteler\u00eda en Pa\u00eds Vasco y La Rioja y una de las marcas m\u00e1s reconocidas en el mercado nacional. Somos una empresa familiar en constante innovaci\u00f3n en el producto. Tostamos y distribuimos caf\u00e9 molido, en grano y c\u00e1psulas para disfrutar en casa, en el bar y en la oficina.","potentialAction":[{"@type":"SearchAction","target":{"@type":"EntryPoint","urlTemplate":"https:\/\/www.baque.com\/es\/?s={search_term_string}"},"query-input":{"@type":"PropertyValueSpecification","valueRequired":true,"valueName":"search_term_string"}}],"inLanguage":"es"}]}},"_links":{"self":[{"href":"https:\/\/www.baque.com\/es\/wp-json\/wp\/v2\/pages\/2","targetHints":{"allow":["GET"]}}],"collection":[{"href":"https:\/\/www.baque.com\/es\/wp-json\/wp\/v2\/pages"}],"about":[{"href":"https:\/\/www.baque.com\/es\/wp-json\/wp\/v2\/types\/page"}],"author":[{"embeddable":true,"href":"https:\/\/www.baque.com\/es\/wp-json\/wp\/v2\/users\/1"}],"replies":[{"embeddable":true,"href":"https:\/\/www.baque.com\/es\/wp-json\/wp\/v2\/comments?post=2"}],"version-history":[{"count":4,"href":"https:\/\/www.baque.com\/es\/wp-json\/wp\/v2\/pages\/2\/revisions"}],"predecessor-version":[{"id":1387003,"href":"https:\/\/www.baque.com\/es\/wp-json\/wp\/v2\/pages\/2\/revisions\/1387003"}],"wp:attachment":[{"href":"https:\/\/www.baque.com\/es\/wp-json\/wp\/v2\/media?parent=2"}],"curies":[{"name":"wp","href":"https:\/\/api.w.org\/{rel}","templated":true}]}}