
{"id":20,"date":"2018-01-16T17:06:55","date_gmt":"2018-01-16T17:06:55","guid":{"rendered":"http:\/\/www.baque.com\/?page_id=20"},"modified":"2023-03-27T15:24:19","modified_gmt":"2023-03-27T13:24:19","slug":"contacto","status":"publish","type":"page","link":"https:\/\/www.baque.com\/es\/contacto\/","title":{"rendered":"Contacto"},"content":{"rendered":"<section  id='contacto' class='multicol'><div class='container'><br \/>\n<div class='col1'><img src='\/wp-content\/themes\/baque\/img\/images\/contacto-baque.jpg' class='bg withoutbgresp' alt='' \/><\/div><br \/>\n<div class='col4'><\/p>\n<h2>Contacta con Caf\u00e9s Baqu\u00e9<\/h2>\n<p>&nbsp;<\/p>\n<p class=\"entradilla\">Si quieres hacer cualquier consulta no dudes en escribirnos.<\/p>\n<p>\n\t<div id='form-loading' class='loading-hidden'><img src='https:\/\/www.baque.com\/wp-content\/themes\/baque\/img\/loading.gif'><\/div>\n\n\t<form method='post' id='formcontacto' class='formcontacto' action='#formcontacto'>\n        <input type=\"hidden\" name=\"recaptcha_response\" id=\"recaptchaResponse\">\n        <input class='form-text' type='text' id='nombre' name='firstname' placeholder='Nombre*' required\/>\n        \n        <input id='apellidos' class='form-text' type='text' name='lastname' placeholder='Apellidos*' required\/>\n        \n        <input id='email' class='form-text' type='email' name='email' placeholder='Email*' required\/>\n        \n        <input id='telefono' class='form-text' type='tel' name='phone' placeholder='Tel\u00e9fono*' minlength='9' required\/>\n        \n        <input id='empresa' class='form-text' type='text' name='company' placeholder='Empresa'\/>\n        \n        <input id='ciudad' class='form-text' type='text' name='city' placeholder='Ciudad'\/><div class='form-select' id='consulta'>\n            <select name='subject'>\n                <option value='' disabled selected>Motivo de la consulta<\/option>\n                <option value='Caf\u00e9'>Caf\u00e9<\/option>\n                <option value='Hosteler\u00eda'>Hosteler\u00eda<\/option>\n                <option value='Empresa'>Empresa<\/option>\n                <option value='Compra online'>Compra online<\/option>\n                <option value='Patrocinio'>Patrocinio<\/option>\n\t\t\t\t<option value='Incidencia'>Incidencia<\/option>\n\t\t\t\t<option value='Promociones'>Promociones<\/option>\n            <\/select>\n        <\/div>\n        \n        <input id='local' class='form-text' type='text' name='localname' placeholder='Nombre del local'\/>\n        \n        <textarea id='mensaje' class='form-area' name='comments' placeholder='\u00bfEn qu\u00e9 podemos ayudarte?' required><\/textarea>\n        \n        <div class='form-check'>\n            <input type='checkbox' id='aviso' name='legal' value='1' required>\n            <label for='aviso'>\n                <div><div><\/div><\/div>\n                <p>He le\u00eddo y acepto el <a href='https:\/\/www.baque.com\/es\/aviso-legal\/' target='_blank'>aviso legal<\/a><\/p>\n            <\/label>\n        <\/div>\n\n        <input type='hidden' name='form' value='contacto' \/>\n        \n        <input class='form-enviar' type='submit' id='sendform' name='sendform' value='Enviar' \/>\n        \n        <\/form>\n\n        <script>\n\t\t\tlet form = document.querySelector('#formcontacto');\n\t\t\tlet loading = document.querySelector('#form-loading');\n\n\t\t\tform.addEventListener('submit', function() {\n\t\t\t  form.classList.add('form-enviado');\n\t\t\t  loading.classList.add('form-loading');\n\t\t\t});\n\t\t<\/script>\n        <br \/>\n<\/div><br \/>\n<\/div><\/section>\n","protected":false},"excerpt":{"rendered":"","protected":false},"author":1,"featured_media":0,"parent":0,"menu_order":1020,"comment_status":"closed","ping_status":"closed","template":"","meta":{"_acf_changed":false,"footnotes":""},"class_list":["post-20","page","type-page","status-publish","hentry"],"acf":[],"yoast_head":"<!-- This site is optimized with the Yoast SEO plugin v27.3 - https:\/\/yoast.com\/product\/yoast-seo-wordpress\/ -->\n<title>Contacto | Distribuidor de caf\u00e9 en Espa\u00f1a | Caf\u00e9s Baqu\u00e9<\/title>\n<meta name=\"description\" content=\"Escr\u00edbenos y haznos la consulta que necesites resolver. Estamos para ayudarte y ofrecerte los mejores productos de caf\u00e9 y t\u00e9 del mercado. Somos productores y distribuidores de caf\u00e9 en Espa\u00f1a.\" \/>\n<meta name=\"robots\" content=\"index, follow, max-snippet:-1, max-image-preview:large, max-video-preview:-1\" \/>\n<meta property=\"og:locale\" content=\"es_ES\" \/>\n<meta property=\"og:type\" content=\"article\" \/>\n<meta property=\"og:title\" content=\"Contacto | Distribuidor de caf\u00e9 en Espa\u00f1a | Caf\u00e9s Baqu\u00e9\" \/>\n<meta property=\"og:description\" content=\"Escr\u00edbenos y haznos la consulta que necesites resolver. Estamos para ayudarte y ofrecerte los mejores productos de caf\u00e9 y t\u00e9 del mercado. Somos productores y distribuidores de caf\u00e9 en Espa\u00f1a.\" \/>\n<meta property=\"og:url\" content=\"https:\/\/www.baque.com\/es\/contacto\/\" \/>\n<meta property=\"og:site_name\" content=\"Caf\u00e9s Baqu\u00e9\" \/>\n<meta property=\"article:modified_time\" content=\"2023-03-27T13:24:19+00:00\" \/>\n<meta name=\"twitter:card\" content=\"summary_large_image\" \/>\n<meta name=\"twitter:label1\" content=\"Tiempo de lectura\" \/>\n\t<meta name=\"twitter:data1\" content=\"1 minuto\" \/>\n<script type=\"application\/ld+json\" class=\"yoast-schema-graph\">{\"@context\":\"https:\\\/\\\/schema.org\",\"@graph\":[{\"@type\":\"WebPage\",\"@id\":\"https:\\\/\\\/www.baque.com\\\/es\\\/contacto\\\/\",\"url\":\"https:\\\/\\\/www.baque.com\\\/es\\\/contacto\\\/\",\"name\":\"Contacto | Distribuidor de caf\u00e9 en Espa\u00f1a | Caf\u00e9s Baqu\u00e9\",\"isPartOf\":{\"@id\":\"https:\\\/\\\/www.baque.com\\\/es\\\/#website\"},\"datePublished\":\"2018-01-16T17:06:55+00:00\",\"dateModified\":\"2023-03-27T13:24:19+00:00\",\"description\":\"Escr\u00edbenos y haznos la consulta que necesites resolver. Estamos para ayudarte y ofrecerte los mejores productos de caf\u00e9 y t\u00e9 del mercado. Somos productores y distribuidores de caf\u00e9 en Espa\u00f1a.\",\"breadcrumb\":{\"@id\":\"https:\\\/\\\/www.baque.com\\\/es\\\/contacto\\\/#breadcrumb\"},\"inLanguage\":\"es\",\"potentialAction\":[{\"@type\":\"ReadAction\",\"target\":[\"https:\\\/\\\/www.baque.com\\\/es\\\/contacto\\\/\"]}]},{\"@type\":\"BreadcrumbList\",\"@id\":\"https:\\\/\\\/www.baque.com\\\/es\\\/contacto\\\/#breadcrumb\",\"itemListElement\":[{\"@type\":\"ListItem\",\"position\":1,\"name\":\"Portada\",\"item\":\"https:\\\/\\\/www.baque.com\\\/es\\\/\"},{\"@type\":\"ListItem\",\"position\":2,\"name\":\"Contacto\"}]},{\"@type\":\"WebSite\",\"@id\":\"https:\\\/\\\/www.baque.com\\\/es\\\/#website\",\"url\":\"https:\\\/\\\/www.baque.com\\\/es\\\/\",\"name\":\"Caf\u00e9s Baqu\u00e9\",\"description\":\"Somos l\u00edderes en hosteler\u00eda en Pa\u00eds Vasco y La Rioja y una de las marcas m\u00e1s reconocidas en el mercado nacional. Somos una empresa familiar en constante innovaci\u00f3n en el producto. Tostamos y distribuimos caf\u00e9 molido, en grano y c\u00e1psulas para disfrutar en casa, en el bar y en la oficina.\",\"potentialAction\":[{\"@type\":\"SearchAction\",\"target\":{\"@type\":\"EntryPoint\",\"urlTemplate\":\"https:\\\/\\\/www.baque.com\\\/es\\\/?s={search_term_string}\"},\"query-input\":{\"@type\":\"PropertyValueSpecification\",\"valueRequired\":true,\"valueName\":\"search_term_string\"}}],\"inLanguage\":\"es\"}]}<\/script>\n<!-- \/ Yoast SEO plugin. -->","yoast_head_json":{"title":"Contacto | Distribuidor de caf\u00e9 en Espa\u00f1a | Caf\u00e9s Baqu\u00e9","description":"Escr\u00edbenos y haznos la consulta que necesites resolver. Estamos para ayudarte y ofrecerte los mejores productos de caf\u00e9 y t\u00e9 del mercado. Somos productores y distribuidores de caf\u00e9 en Espa\u00f1a.","robots":{"index":"index","follow":"follow","max-snippet":"max-snippet:-1","max-image-preview":"max-image-preview:large","max-video-preview":"max-video-preview:-1"},"og_locale":"es_ES","og_type":"article","og_title":"Contacto | Distribuidor de caf\u00e9 en Espa\u00f1a | Caf\u00e9s Baqu\u00e9","og_description":"Escr\u00edbenos y haznos la consulta que necesites resolver. Estamos para ayudarte y ofrecerte los mejores productos de caf\u00e9 y t\u00e9 del mercado. Somos productores y distribuidores de caf\u00e9 en Espa\u00f1a.","og_url":"https:\/\/www.baque.com\/es\/contacto\/","og_site_name":"Caf\u00e9s Baqu\u00e9","article_modified_time":"2023-03-27T13:24:19+00:00","twitter_card":"summary_large_image","twitter_misc":{"Tiempo de lectura":"1 minuto"},"schema":{"@context":"https:\/\/schema.org","@graph":[{"@type":"WebPage","@id":"https:\/\/www.baque.com\/es\/contacto\/","url":"https:\/\/www.baque.com\/es\/contacto\/","name":"Contacto | Distribuidor de caf\u00e9 en Espa\u00f1a | Caf\u00e9s Baqu\u00e9","isPartOf":{"@id":"https:\/\/www.baque.com\/es\/#website"},"datePublished":"2018-01-16T17:06:55+00:00","dateModified":"2023-03-27T13:24:19+00:00","description":"Escr\u00edbenos y haznos la consulta que necesites resolver. Estamos para ayudarte y ofrecerte los mejores productos de caf\u00e9 y t\u00e9 del mercado. Somos productores y distribuidores de caf\u00e9 en Espa\u00f1a.","breadcrumb":{"@id":"https:\/\/www.baque.com\/es\/contacto\/#breadcrumb"},"inLanguage":"es","potentialAction":[{"@type":"ReadAction","target":["https:\/\/www.baque.com\/es\/contacto\/"]}]},{"@type":"BreadcrumbList","@id":"https:\/\/www.baque.com\/es\/contacto\/#breadcrumb","itemListElement":[{"@type":"ListItem","position":1,"name":"Portada","item":"https:\/\/www.baque.com\/es\/"},{"@type":"ListItem","position":2,"name":"Contacto"}]},{"@type":"WebSite","@id":"https:\/\/www.baque.com\/es\/#website","url":"https:\/\/www.baque.com\/es\/","name":"Caf\u00e9s Baqu\u00e9","description":"Somos l\u00edderes en hosteler\u00eda en Pa\u00eds Vasco y La Rioja y una de las marcas m\u00e1s reconocidas en el mercado nacional. Somos una empresa familiar en constante innovaci\u00f3n en el producto. Tostamos y distribuimos caf\u00e9 molido, en grano y c\u00e1psulas para disfrutar en casa, en el bar y en la oficina.","potentialAction":[{"@type":"SearchAction","target":{"@type":"EntryPoint","urlTemplate":"https:\/\/www.baque.com\/es\/?s={search_term_string}"},"query-input":{"@type":"PropertyValueSpecification","valueRequired":true,"valueName":"search_term_string"}}],"inLanguage":"es"}]}},"_links":{"self":[{"href":"https:\/\/www.baque.com\/es\/wp-json\/wp\/v2\/pages\/20","targetHints":{"allow":["GET"]}}],"collection":[{"href":"https:\/\/www.baque.com\/es\/wp-json\/wp\/v2\/pages"}],"about":[{"href":"https:\/\/www.baque.com\/es\/wp-json\/wp\/v2\/types\/page"}],"author":[{"embeddable":true,"href":"https:\/\/www.baque.com\/es\/wp-json\/wp\/v2\/users\/1"}],"replies":[{"embeddable":true,"href":"https:\/\/www.baque.com\/es\/wp-json\/wp\/v2\/comments?post=20"}],"version-history":[{"count":3,"href":"https:\/\/www.baque.com\/es\/wp-json\/wp\/v2\/pages\/20\/revisions"}],"predecessor-version":[{"id":1347054,"href":"https:\/\/www.baque.com\/es\/wp-json\/wp\/v2\/pages\/20\/revisions\/1347054"}],"wp:attachment":[{"href":"https:\/\/www.baque.com\/es\/wp-json\/wp\/v2\/media?parent=20"}],"curies":[{"name":"wp","href":"https:\/\/api.w.org\/{rel}","templated":true}]}}