
{"id":217,"date":"2018-01-29T11:17:22","date_gmt":"2018-01-29T11:17:22","guid":{"rendered":"http:\/\/www.baque.com\/?page_id=217"},"modified":"2025-01-21T15:39:00","modified_gmt":"2025-01-21T14:39:00","slug":"capsulas","status":"publish","type":"page","link":"https:\/\/www.baque.com\/es\/para-casa\/cafe\/capsulas\/","title":{"rendered":"C\u00e1psulas de caf\u00e9"},"content":{"rendered":"<section  id='capsulas-cafe' class='introtext'><div class='container'><\/p>\n<h2>Siempre hay un caf\u00e9<br \/>\ncompatible contigo.<\/h2>\n<p class=\"text-center\">Las c\u00e1psulas de caf\u00e9 para<br \/>\ntu cafetera con el mejor sabor.<\/p>\n<p><\/div><\/section>\n<section  id='capsulas-cafe-1' class='videophoto expand nocontainer'><img src='\/wp-content\/themes\/baque\/img\/images\/capsulas-de-cafe.jpg' class='bg' alt='' \/><img src='\/wp-content\/themes\/baque\/img\/images\/capsulas-de-cafe_resp.jpg' class='bgresp' alt='' \/><div class='container'><\/div><\/section>\n<section  id='capsulas-cafe-2' class='products expand products2'><div class='container'><\/p>\n<p><div class='product' itemscope itemtype='http:\/\/schema.org\/Product'>\n\t\t\t<div><img itemprop='image' src='\/wp-content\/uploads\/2023\/11\/capsulas-compatibles-nescafe-dolce-gusto-baque-front-vs2-2.png' alt='C\u00c1PSULAS COMPATIBLES<\/p>\n<p>CON CAFETERAS<\/p>\n<p>NESCAF\u00c9<sup>\u00ae<\/sup> DOLCE<\/p>\n<p>GUSTO<sup>\u00ae<\/sup>*' \/><\/div>\n\t\t\t<h3 itemprop='name'>C\u00c1PSULAS COMPATIBLES<\/p>\n<p>CON CAFETERAS<\/p>\n<p>NESCAF\u00c9<sup>\u00ae<\/sup> DOLCE<\/p>\n<p>GUSTO<sup>\u00ae<\/sup>*<\/h3><p itemprop='description'>Disfruta de todas las propiedades de un buen caf\u00e9 Baqu\u00e9 en tu cafetera Dolce Gusto<sup>\u00ae<\/sup>*.<\/p>\t<a href='\/es\/comprar\/cafe-capsulas\/dolce-gusto\/' class='button'>COMPRAR AHORA<\/a><\/div><\/p>\n<p><div class='product' itemscope itemtype='http:\/\/schema.org\/Product'>\n\t\t\t<div><img itemprop='image' src='\/wp-content\/uploads\/2023\/11\/capsulas-aluminio-compatibles-nespresso-baque-3.png' alt='C\u00c1PSULAS DE ALUMINIO COMPATIBLES CON CAFETERAS NESPRESSO<sup>\u00ae<\/sup>*' \/><\/div>\n\t\t\t<h3 itemprop='name'>C\u00c1PSULAS DE ALUMINIO COMPATIBLES CON CAFETERAS NESPRESSO<sup>\u00ae<\/sup>*<\/h3><p itemprop='description'>Las c\u00e1psulas de Aluminio garantizan una extracci\u00f3n siempre perfecta y adem\u00e1s son infinitamente reciclables.<\/p>\t<a href='\/es\/comprar\/cafe-capsulas\/capsulas-aluminio-compatibles-con-nespresso\/' class='button'>COMPRAR AHORA<\/a><\/div><\/p>\n<div class=\"clear\"><\/div>\n<p class=\"text-center small\">*Marcas de compa\u00f1\u00edas no relacionadas con Caf\u00e9s Baqu\u00e9 S.L.U. Reconocimiento y marcas de logo comercial.<\/p>\n<p><\/div><\/section>\n<section  id='capsulas-cafe-3' class='squares videophoto cols3 borderwhite borderwhitefooter'><div  class='square nocontainer'>\n\t\t\t<img src='\/wp-content\/themes\/baque\/img\/images\/capsulas-de-cafe-1.jpg' class='bg withoutbgresp' alt='' \/>\n\t\t\t\n\t\t\t<div class='container'>\n\t\t\t\t\n\t\t\t<\/div>\n\t\t<\/div><div  class='square nocontainer'>\n\t\t\t<img src='\/wp-content\/themes\/baque\/img\/images\/capsulas-de-cafe-2.jpg' class='bg withoutbgresp' alt='' \/>\n\t\t\t\n\t\t\t<div class='container'>\n\t\t\t\t\n\t\t\t<\/div>\n\t\t<\/div><div  class='square nocontainer'>\n\t\t\t<img src='\/wp-content\/themes\/baque\/img\/images\/capsulas-de-cafe-3.jpg' class='bg withoutbgresp' alt='' \/>\n\t\t\t\n\t\t\t<div class='container'>\n\t\t\t\t\n\t\t\t<\/div>\n\t\t<\/div><\/section>\n","protected":false},"excerpt":{"rendered":"","protected":false},"author":1,"featured_media":0,"parent":150,"menu_order":10,"comment_status":"closed","ping_status":"closed","template":"","meta":{"_acf_changed":false,"footnotes":""},"class_list":["post-217","page","type-page","status-publish","hentry"],"acf":[],"yoast_head":"<!-- This site is optimized with the Yoast SEO plugin v27.3 - https:\/\/yoast.com\/product\/yoast-seo-wordpress\/ -->\n<title>C\u00e1psulas caf\u00e9 | Caf\u00e9 para casa | Caf\u00e9s Baqu\u00e9<\/title>\n<meta name=\"description\" content=\"Caf\u00e9 en c\u00e1psulas para disfrutar en casa, compatibles con cafeteras Nespresso y cafeteras Nescaf\u00e9 Dolce Gusto. C\u00e1psulas con el mejor sabor para cada paladar. Elige el que m\u00e1s te guste.\" \/>\n<meta name=\"robots\" content=\"index, follow, max-snippet:-1, max-image-preview:large, max-video-preview:-1\" \/>\n<meta property=\"og:locale\" content=\"es_ES\" \/>\n<meta property=\"og:type\" content=\"article\" \/>\n<meta property=\"og:title\" content=\"C\u00e1psulas caf\u00e9 | Caf\u00e9 para casa | Caf\u00e9s Baqu\u00e9\" \/>\n<meta property=\"og:description\" content=\"Caf\u00e9 en c\u00e1psulas para disfrutar en casa, compatibles con cafeteras Nespresso y cafeteras Nescaf\u00e9 Dolce Gusto. C\u00e1psulas con el mejor sabor para cada paladar. Elige el que m\u00e1s te guste.\" \/>\n<meta property=\"og:url\" content=\"https:\/\/www.baque.com\/es\/para-casa\/cafe\/capsulas\/\" \/>\n<meta property=\"og:site_name\" content=\"Caf\u00e9s Baqu\u00e9\" \/>\n<meta property=\"article:modified_time\" content=\"2025-01-21T14:39:00+00:00\" \/>\n<meta name=\"twitter:card\" content=\"summary_large_image\" \/>\n<meta name=\"twitter:label1\" content=\"Tiempo de lectura\" \/>\n\t<meta name=\"twitter:data1\" content=\"1 minuto\" \/>\n<script type=\"application\/ld+json\" class=\"yoast-schema-graph\">{\"@context\":\"https:\\\/\\\/schema.org\",\"@graph\":[{\"@type\":\"WebPage\",\"@id\":\"https:\\\/\\\/www.baque.com\\\/es\\\/para-casa\\\/cafe\\\/capsulas\\\/\",\"url\":\"https:\\\/\\\/www.baque.com\\\/es\\\/para-casa\\\/cafe\\\/capsulas\\\/\",\"name\":\"C\u00e1psulas caf\u00e9 | Caf\u00e9 para casa | Caf\u00e9s Baqu\u00e9\",\"isPartOf\":{\"@id\":\"https:\\\/\\\/www.baque.com\\\/es\\\/#website\"},\"datePublished\":\"2018-01-29T11:17:22+00:00\",\"dateModified\":\"2025-01-21T14:39:00+00:00\",\"description\":\"Caf\u00e9 en c\u00e1psulas para disfrutar en casa, compatibles con cafeteras Nespresso y cafeteras Nescaf\u00e9 Dolce Gusto. C\u00e1psulas con el mejor sabor para cada paladar. Elige el que m\u00e1s te guste.\",\"breadcrumb\":{\"@id\":\"https:\\\/\\\/www.baque.com\\\/es\\\/para-casa\\\/cafe\\\/capsulas\\\/#breadcrumb\"},\"inLanguage\":\"es\",\"potentialAction\":[{\"@type\":\"ReadAction\",\"target\":[\"https:\\\/\\\/www.baque.com\\\/es\\\/para-casa\\\/cafe\\\/capsulas\\\/\"]}]},{\"@type\":\"BreadcrumbList\",\"@id\":\"https:\\\/\\\/www.baque.com\\\/es\\\/para-casa\\\/cafe\\\/capsulas\\\/#breadcrumb\",\"itemListElement\":[{\"@type\":\"ListItem\",\"position\":1,\"name\":\"Portada\",\"item\":\"https:\\\/\\\/www.baque.com\\\/es\\\/\"},{\"@type\":\"ListItem\",\"position\":2,\"name\":\"Para casa\",\"item\":\"https:\\\/\\\/www.baque.com\\\/es\\\/para-casa\\\/\"},{\"@type\":\"ListItem\",\"position\":3,\"name\":\"Caf\u00e9\",\"item\":\"https:\\\/\\\/www.baque.com\\\/es\\\/para-casa\\\/cafe\\\/\"},{\"@type\":\"ListItem\",\"position\":4,\"name\":\"C\u00e1psulas de caf\u00e9\"}]},{\"@type\":\"WebSite\",\"@id\":\"https:\\\/\\\/www.baque.com\\\/es\\\/#website\",\"url\":\"https:\\\/\\\/www.baque.com\\\/es\\\/\",\"name\":\"Caf\u00e9s Baqu\u00e9\",\"description\":\"Somos l\u00edderes en hosteler\u00eda en Pa\u00eds Vasco y La Rioja y una de las marcas m\u00e1s reconocidas en el mercado nacional. Somos una empresa familiar en constante innovaci\u00f3n en el producto. Tostamos y distribuimos caf\u00e9 molido, en grano y c\u00e1psulas para disfrutar en casa, en el bar y en la oficina.\",\"potentialAction\":[{\"@type\":\"SearchAction\",\"target\":{\"@type\":\"EntryPoint\",\"urlTemplate\":\"https:\\\/\\\/www.baque.com\\\/es\\\/?s={search_term_string}\"},\"query-input\":{\"@type\":\"PropertyValueSpecification\",\"valueRequired\":true,\"valueName\":\"search_term_string\"}}],\"inLanguage\":\"es\"}]}<\/script>\n<!-- \/ Yoast SEO plugin. -->","yoast_head_json":{"title":"C\u00e1psulas caf\u00e9 | Caf\u00e9 para casa | Caf\u00e9s Baqu\u00e9","description":"Caf\u00e9 en c\u00e1psulas para disfrutar en casa, compatibles con cafeteras Nespresso y cafeteras Nescaf\u00e9 Dolce Gusto. C\u00e1psulas con el mejor sabor para cada paladar. Elige el que m\u00e1s te guste.","robots":{"index":"index","follow":"follow","max-snippet":"max-snippet:-1","max-image-preview":"max-image-preview:large","max-video-preview":"max-video-preview:-1"},"og_locale":"es_ES","og_type":"article","og_title":"C\u00e1psulas caf\u00e9 | Caf\u00e9 para casa | Caf\u00e9s Baqu\u00e9","og_description":"Caf\u00e9 en c\u00e1psulas para disfrutar en casa, compatibles con cafeteras Nespresso y cafeteras Nescaf\u00e9 Dolce Gusto. C\u00e1psulas con el mejor sabor para cada paladar. Elige el que m\u00e1s te guste.","og_url":"https:\/\/www.baque.com\/es\/para-casa\/cafe\/capsulas\/","og_site_name":"Caf\u00e9s Baqu\u00e9","article_modified_time":"2025-01-21T14:39:00+00:00","twitter_card":"summary_large_image","twitter_misc":{"Tiempo de lectura":"1 minuto"},"schema":{"@context":"https:\/\/schema.org","@graph":[{"@type":"WebPage","@id":"https:\/\/www.baque.com\/es\/para-casa\/cafe\/capsulas\/","url":"https:\/\/www.baque.com\/es\/para-casa\/cafe\/capsulas\/","name":"C\u00e1psulas caf\u00e9 | Caf\u00e9 para casa | Caf\u00e9s Baqu\u00e9","isPartOf":{"@id":"https:\/\/www.baque.com\/es\/#website"},"datePublished":"2018-01-29T11:17:22+00:00","dateModified":"2025-01-21T14:39:00+00:00","description":"Caf\u00e9 en c\u00e1psulas para disfrutar en casa, compatibles con cafeteras Nespresso y cafeteras Nescaf\u00e9 Dolce Gusto. C\u00e1psulas con el mejor sabor para cada paladar. Elige el que m\u00e1s te guste.","breadcrumb":{"@id":"https:\/\/www.baque.com\/es\/para-casa\/cafe\/capsulas\/#breadcrumb"},"inLanguage":"es","potentialAction":[{"@type":"ReadAction","target":["https:\/\/www.baque.com\/es\/para-casa\/cafe\/capsulas\/"]}]},{"@type":"BreadcrumbList","@id":"https:\/\/www.baque.com\/es\/para-casa\/cafe\/capsulas\/#breadcrumb","itemListElement":[{"@type":"ListItem","position":1,"name":"Portada","item":"https:\/\/www.baque.com\/es\/"},{"@type":"ListItem","position":2,"name":"Para casa","item":"https:\/\/www.baque.com\/es\/para-casa\/"},{"@type":"ListItem","position":3,"name":"Caf\u00e9","item":"https:\/\/www.baque.com\/es\/para-casa\/cafe\/"},{"@type":"ListItem","position":4,"name":"C\u00e1psulas de caf\u00e9"}]},{"@type":"WebSite","@id":"https:\/\/www.baque.com\/es\/#website","url":"https:\/\/www.baque.com\/es\/","name":"Caf\u00e9s Baqu\u00e9","description":"Somos l\u00edderes en hosteler\u00eda en Pa\u00eds Vasco y La Rioja y una de las marcas m\u00e1s reconocidas en el mercado nacional. Somos una empresa familiar en constante innovaci\u00f3n en el producto. Tostamos y distribuimos caf\u00e9 molido, en grano y c\u00e1psulas para disfrutar en casa, en el bar y en la oficina.","potentialAction":[{"@type":"SearchAction","target":{"@type":"EntryPoint","urlTemplate":"https:\/\/www.baque.com\/es\/?s={search_term_string}"},"query-input":{"@type":"PropertyValueSpecification","valueRequired":true,"valueName":"search_term_string"}}],"inLanguage":"es"}]}},"_links":{"self":[{"href":"https:\/\/www.baque.com\/es\/wp-json\/wp\/v2\/pages\/217","targetHints":{"allow":["GET"]}}],"collection":[{"href":"https:\/\/www.baque.com\/es\/wp-json\/wp\/v2\/pages"}],"about":[{"href":"https:\/\/www.baque.com\/es\/wp-json\/wp\/v2\/types\/page"}],"author":[{"embeddable":true,"href":"https:\/\/www.baque.com\/es\/wp-json\/wp\/v2\/users\/1"}],"replies":[{"embeddable":true,"href":"https:\/\/www.baque.com\/es\/wp-json\/wp\/v2\/comments?post=217"}],"version-history":[{"count":29,"href":"https:\/\/www.baque.com\/es\/wp-json\/wp\/v2\/pages\/217\/revisions"}],"predecessor-version":[{"id":2862083,"href":"https:\/\/www.baque.com\/es\/wp-json\/wp\/v2\/pages\/217\/revisions\/2862083"}],"up":[{"embeddable":true,"href":"https:\/\/www.baque.com\/es\/wp-json\/wp\/v2\/pages\/150"}],"wp:attachment":[{"href":"https:\/\/www.baque.com\/es\/wp-json\/wp\/v2\/media?parent=217"}],"curies":[{"name":"wp","href":"https:\/\/api.w.org\/{rel}","templated":true}]}}