
{"id":223,"date":"2018-01-29T11:18:11","date_gmt":"2018-01-29T11:18:11","guid":{"rendered":"http:\/\/www.baque.com\/?page_id=223"},"modified":"2018-10-26T10:52:27","modified_gmt":"2018-10-26T08:52:27","slug":"piramidales","status":"publish","type":"page","link":"https:\/\/www.baque.com\/es\/para-casa\/tes-infusiones\/piramidales\/","title":{"rendered":"T\u00e9s &#038; infusiones Piramidales"},"content":{"rendered":"<section  id='piramidales' class='introtext'><div class='container'>\n<h2>Grandes sabores que calientan corazones.<\/h2>\n<p class=\"text-center\">Descubre nuestra gama premium de infusiones de calidad, elaboradas con los mejores ingredientes seleccionados por todo el mundo. Una <strong>gama de aromas y sabores ex\u00f3ticos e intensos con beneficios estimulantes<\/strong>, antioxidantes o relajantes. <\/p>\n<p class=\"text-center\">Adem\u00e1s, sus bolsitas piramidales de nylon, permiten garantizar la mejor conservaci\u00f3n y mantenimiento de las cualidades del producto, as\u00ed como liberar todos los aromas poco a poco.<\/p>\n<p><\/div><\/section><br \/>\n<section  id='piramidales-1' class='videophoto expand nocontainer'><img src='\/wp-content\/themes\/baque\/img\/images\/piramidales.jpg' class='bg' alt='' \/><img src='\/wp-content\/themes\/baque\/img\/images\/piramidales_resp.jpg' class='bgresp' alt='' \/><div class='container'><\/div><\/section><br \/>\n<section  id='piramidales-2' class='products expand products1'><div class='container'><br \/>\n\t<div class='product' itemscope itemtype='http:\/\/schema.org\/Product'>\n\t\t\t<div><img itemprop='image' src='\/wp-content\/themes\/baque\/img\/productos\/piramidales-baque.png' alt='PIRAMIDALES' \/><\/div>\n\t\t\t<h3 itemprop='name'>PIRAMIDALES<\/h3>\t<a href='\/es\/comprar\/tes-infusiones\/piramidales\/' class='button'>COMPRAR AHORA<\/a><\/div><br \/>\n<\/div><\/section><br \/>\n<section  id='piramidales-3' class='squares videophoto cols3 borderwhite borderwhitefooter'><br \/>\n\t<div  class='square nocontainer'>\n\t\t\t<img src='\/wp-content\/themes\/baque\/img\/images\/piramidales-1.jpg' class='bg withoutbgresp' alt='' \/>\n\t\t\t\n\t\t\t<div class='container'>\n\t\t\t\t\n\t\t\t<\/div>\n\t\t<\/div><br \/>\n\t<div  class='square nocontainer'>\n\t\t\t<img src='\/wp-content\/themes\/baque\/img\/images\/piramidales-2.jpg' class='bg withoutbgresp' alt='' \/>\n\t\t\t\n\t\t\t<div class='container'>\n\t\t\t\t\n\t\t\t<\/div>\n\t\t<\/div><br \/>\n\t<div  class='square nocontainer'>\n\t\t\t<img src='\/wp-content\/themes\/baque\/img\/images\/piramidales-3.jpg' class='bg withoutbgresp' alt='' \/>\n\t\t\t\n\t\t\t<div class='container'>\n\t\t\t\t\n\t\t\t<\/div>\n\t\t<\/div><br \/>\n<\/section><\/p>\n","protected":false},"excerpt":{"rendered":"","protected":false},"author":1,"featured_media":0,"parent":172,"menu_order":10,"comment_status":"closed","ping_status":"closed","template":"","meta":{"_acf_changed":false,"footnotes":""},"class_list":["post-223","page","type-page","status-publish","hentry"],"acf":[],"yoast_head":"<!-- This site is optimized with the Yoast SEO plugin v27.3 - https:\/\/yoast.com\/product\/yoast-seo-wordpress\/ -->\n<title>Infusiones Piramidales | Comprar Infusiones Premium | Caf\u00e9s Baqu\u00e9<\/title>\n<meta name=\"description\" content=\"Descubre nuestra gama premium de infusiones de calidad, elaboradas con los mejores ingredientes seleccionados por todo el mundo. Una gama de aromas y sabores ex\u00f3ticos e intensos con beneficios estimulantes, antioxidantes o relajantes.\" \/>\n<meta name=\"robots\" content=\"index, follow, max-snippet:-1, max-image-preview:large, max-video-preview:-1\" \/>\n<meta property=\"og:locale\" content=\"es_ES\" \/>\n<meta property=\"og:type\" content=\"article\" \/>\n<meta property=\"og:title\" content=\"Infusiones Piramidales | Comprar Infusiones Premium | Caf\u00e9s Baqu\u00e9\" \/>\n<meta property=\"og:description\" content=\"Descubre nuestra gama premium de infusiones de calidad, elaboradas con los mejores ingredientes seleccionados por todo el mundo. Una gama de aromas y sabores ex\u00f3ticos e intensos con beneficios estimulantes, antioxidantes o relajantes.\" \/>\n<meta property=\"og:url\" content=\"https:\/\/www.baque.com\/es\/para-casa\/tes-infusiones\/piramidales\/\" \/>\n<meta property=\"og:site_name\" content=\"Caf\u00e9s Baqu\u00e9\" \/>\n<meta property=\"article:modified_time\" content=\"2018-10-26T08:52:27+00:00\" \/>\n<meta name=\"twitter:card\" content=\"summary_large_image\" \/>\n<meta name=\"twitter:label1\" content=\"Tiempo de lectura\" \/>\n\t<meta name=\"twitter:data1\" content=\"1 minuto\" \/>\n<script type=\"application\/ld+json\" class=\"yoast-schema-graph\">{\"@context\":\"https:\\\/\\\/schema.org\",\"@graph\":[{\"@type\":\"WebPage\",\"@id\":\"https:\\\/\\\/www.baque.com\\\/es\\\/para-casa\\\/tes-infusiones\\\/piramidales\\\/\",\"url\":\"https:\\\/\\\/www.baque.com\\\/es\\\/para-casa\\\/tes-infusiones\\\/piramidales\\\/\",\"name\":\"Infusiones Piramidales | Comprar Infusiones Premium | Caf\u00e9s Baqu\u00e9\",\"isPartOf\":{\"@id\":\"https:\\\/\\\/www.baque.com\\\/es\\\/#website\"},\"datePublished\":\"2018-01-29T11:18:11+00:00\",\"dateModified\":\"2018-10-26T08:52:27+00:00\",\"description\":\"Descubre nuestra gama premium de infusiones de calidad, elaboradas con los mejores ingredientes seleccionados por todo el mundo. Una gama de aromas y sabores ex\u00f3ticos e intensos con beneficios estimulantes, antioxidantes o relajantes.\",\"breadcrumb\":{\"@id\":\"https:\\\/\\\/www.baque.com\\\/es\\\/para-casa\\\/tes-infusiones\\\/piramidales\\\/#breadcrumb\"},\"inLanguage\":\"es\",\"potentialAction\":[{\"@type\":\"ReadAction\",\"target\":[\"https:\\\/\\\/www.baque.com\\\/es\\\/para-casa\\\/tes-infusiones\\\/piramidales\\\/\"]}]},{\"@type\":\"BreadcrumbList\",\"@id\":\"https:\\\/\\\/www.baque.com\\\/es\\\/para-casa\\\/tes-infusiones\\\/piramidales\\\/#breadcrumb\",\"itemListElement\":[{\"@type\":\"ListItem\",\"position\":1,\"name\":\"Portada\",\"item\":\"https:\\\/\\\/www.baque.com\\\/es\\\/\"},{\"@type\":\"ListItem\",\"position\":2,\"name\":\"Para casa\",\"item\":\"https:\\\/\\\/www.baque.com\\\/es\\\/para-casa\\\/\"},{\"@type\":\"ListItem\",\"position\":3,\"name\":\"T\u00e9s &#038; Infusiones\",\"item\":\"https:\\\/\\\/www.baque.com\\\/es\\\/para-casa\\\/tes-infusiones\\\/\"},{\"@type\":\"ListItem\",\"position\":4,\"name\":\"T\u00e9s &#038; infusiones Piramidales\"}]},{\"@type\":\"WebSite\",\"@id\":\"https:\\\/\\\/www.baque.com\\\/es\\\/#website\",\"url\":\"https:\\\/\\\/www.baque.com\\\/es\\\/\",\"name\":\"Caf\u00e9s Baqu\u00e9\",\"description\":\"Somos l\u00edderes en hosteler\u00eda en Pa\u00eds Vasco y La Rioja y una de las marcas m\u00e1s reconocidas en el mercado nacional. Somos una empresa familiar en constante innovaci\u00f3n en el producto. Tostamos y distribuimos caf\u00e9 molido, en grano y c\u00e1psulas para disfrutar en casa, en el bar y en la oficina.\",\"potentialAction\":[{\"@type\":\"SearchAction\",\"target\":{\"@type\":\"EntryPoint\",\"urlTemplate\":\"https:\\\/\\\/www.baque.com\\\/es\\\/?s={search_term_string}\"},\"query-input\":{\"@type\":\"PropertyValueSpecification\",\"valueRequired\":true,\"valueName\":\"search_term_string\"}}],\"inLanguage\":\"es\"}]}<\/script>\n<!-- \/ Yoast SEO plugin. -->","yoast_head_json":{"title":"Infusiones Piramidales | Comprar Infusiones Premium | Caf\u00e9s Baqu\u00e9","description":"Descubre nuestra gama premium de infusiones de calidad, elaboradas con los mejores ingredientes seleccionados por todo el mundo. Una gama de aromas y sabores ex\u00f3ticos e intensos con beneficios estimulantes, antioxidantes o relajantes.","robots":{"index":"index","follow":"follow","max-snippet":"max-snippet:-1","max-image-preview":"max-image-preview:large","max-video-preview":"max-video-preview:-1"},"og_locale":"es_ES","og_type":"article","og_title":"Infusiones Piramidales | Comprar Infusiones Premium | Caf\u00e9s Baqu\u00e9","og_description":"Descubre nuestra gama premium de infusiones de calidad, elaboradas con los mejores ingredientes seleccionados por todo el mundo. Una gama de aromas y sabores ex\u00f3ticos e intensos con beneficios estimulantes, antioxidantes o relajantes.","og_url":"https:\/\/www.baque.com\/es\/para-casa\/tes-infusiones\/piramidales\/","og_site_name":"Caf\u00e9s Baqu\u00e9","article_modified_time":"2018-10-26T08:52:27+00:00","twitter_card":"summary_large_image","twitter_misc":{"Tiempo de lectura":"1 minuto"},"schema":{"@context":"https:\/\/schema.org","@graph":[{"@type":"WebPage","@id":"https:\/\/www.baque.com\/es\/para-casa\/tes-infusiones\/piramidales\/","url":"https:\/\/www.baque.com\/es\/para-casa\/tes-infusiones\/piramidales\/","name":"Infusiones Piramidales | Comprar Infusiones Premium | Caf\u00e9s Baqu\u00e9","isPartOf":{"@id":"https:\/\/www.baque.com\/es\/#website"},"datePublished":"2018-01-29T11:18:11+00:00","dateModified":"2018-10-26T08:52:27+00:00","description":"Descubre nuestra gama premium de infusiones de calidad, elaboradas con los mejores ingredientes seleccionados por todo el mundo. Una gama de aromas y sabores ex\u00f3ticos e intensos con beneficios estimulantes, antioxidantes o relajantes.","breadcrumb":{"@id":"https:\/\/www.baque.com\/es\/para-casa\/tes-infusiones\/piramidales\/#breadcrumb"},"inLanguage":"es","potentialAction":[{"@type":"ReadAction","target":["https:\/\/www.baque.com\/es\/para-casa\/tes-infusiones\/piramidales\/"]}]},{"@type":"BreadcrumbList","@id":"https:\/\/www.baque.com\/es\/para-casa\/tes-infusiones\/piramidales\/#breadcrumb","itemListElement":[{"@type":"ListItem","position":1,"name":"Portada","item":"https:\/\/www.baque.com\/es\/"},{"@type":"ListItem","position":2,"name":"Para casa","item":"https:\/\/www.baque.com\/es\/para-casa\/"},{"@type":"ListItem","position":3,"name":"T\u00e9s &#038; Infusiones","item":"https:\/\/www.baque.com\/es\/para-casa\/tes-infusiones\/"},{"@type":"ListItem","position":4,"name":"T\u00e9s &#038; infusiones Piramidales"}]},{"@type":"WebSite","@id":"https:\/\/www.baque.com\/es\/#website","url":"https:\/\/www.baque.com\/es\/","name":"Caf\u00e9s Baqu\u00e9","description":"Somos l\u00edderes en hosteler\u00eda en Pa\u00eds Vasco y La Rioja y una de las marcas m\u00e1s reconocidas en el mercado nacional. Somos una empresa familiar en constante innovaci\u00f3n en el producto. Tostamos y distribuimos caf\u00e9 molido, en grano y c\u00e1psulas para disfrutar en casa, en el bar y en la oficina.","potentialAction":[{"@type":"SearchAction","target":{"@type":"EntryPoint","urlTemplate":"https:\/\/www.baque.com\/es\/?s={search_term_string}"},"query-input":{"@type":"PropertyValueSpecification","valueRequired":true,"valueName":"search_term_string"}}],"inLanguage":"es"}]}},"_links":{"self":[{"href":"https:\/\/www.baque.com\/es\/wp-json\/wp\/v2\/pages\/223","targetHints":{"allow":["GET"]}}],"collection":[{"href":"https:\/\/www.baque.com\/es\/wp-json\/wp\/v2\/pages"}],"about":[{"href":"https:\/\/www.baque.com\/es\/wp-json\/wp\/v2\/types\/page"}],"author":[{"embeddable":true,"href":"https:\/\/www.baque.com\/es\/wp-json\/wp\/v2\/users\/1"}],"replies":[{"embeddable":true,"href":"https:\/\/www.baque.com\/es\/wp-json\/wp\/v2\/comments?post=223"}],"version-history":[{"count":4,"href":"https:\/\/www.baque.com\/es\/wp-json\/wp\/v2\/pages\/223\/revisions"}],"predecessor-version":[{"id":4883,"href":"https:\/\/www.baque.com\/es\/wp-json\/wp\/v2\/pages\/223\/revisions\/4883"}],"up":[{"embeddable":true,"href":"https:\/\/www.baque.com\/es\/wp-json\/wp\/v2\/pages\/172"}],"wp:attachment":[{"href":"https:\/\/www.baque.com\/es\/wp-json\/wp\/v2\/media?parent=223"}],"curies":[{"name":"wp","href":"https:\/\/api.w.org\/{rel}","templated":true}]}}