
{"id":225,"date":"2018-01-29T11:18:26","date_gmt":"2018-01-29T11:18:26","guid":{"rendered":"http:\/\/www.baque.com\/?page_id=225"},"modified":"2018-10-26T10:50:55","modified_gmt":"2018-10-26T08:50:55","slug":"basicas","status":"publish","type":"page","link":"https:\/\/www.baque.com\/es\/para-casa\/tes-infusiones\/basicas\/","title":{"rendered":"T\u00e9s &#038; infusiones B\u00e1sicas"},"content":{"rendered":"<section  id='basicas' class='introtext'><div class='container'>\n<h2>El sabor para disfrutar de grandes momentos.<\/h2>\n<p class=\"text-center\">T\u00e9s e infusiones tradicionales con la m\u00e1xima calidad.<\/p>\n<p class=\"text-center\"><strong>Infusiones perfectas para los amantes de lo natural<\/strong>, que se presentan en bolsitas individuales herm\u00e9ticamente selladas, garantizando as\u00ed la perfecta conservaci\u00f3n de su aroma y una mayor frescura.<\/p>\n<p><\/div><\/section><br \/>\n<section  id='basicas-1' class='videophoto expand nocontainer'><img src='\/wp-content\/themes\/baque\/img\/images\/basicas.jpg' class='bg' alt='' \/><img src='\/wp-content\/themes\/baque\/img\/images\/basicas_resp.jpg' class='bgresp' alt='' \/><div class='container'><\/div><\/section><br \/>\n<section  id='basicas-2' class='products expand products1'><div class='container'><br \/>\n\t<div class='product' itemscope itemtype='http:\/\/schema.org\/Product'>\n\t\t\t<div><img itemprop='image' src='\/wp-content\/themes\/baque\/img\/productos\/basicas-baque.png' alt='B\u00c1SICAS' \/><\/div>\n\t\t\t<h3 itemprop='name'>B\u00c1SICAS<\/h3>\t<a href='\/es\/comprar\/tes-infusiones\/basicas\/' class='button'>COMPRAR AHORA<\/a><\/div><br \/>\n<\/div><\/section><br \/>\n<section  id='basicas-3' class='squares videophoto cols3 borderwhite borderwhitefooter'><br \/>\n\t<div  class='square nocontainer'>\n\t\t\t<img src='\/wp-content\/themes\/baque\/img\/images\/basicas-1.jpg' class='bg withoutbgresp' alt='' \/>\n\t\t\t\n\t\t\t<div class='container'>\n\t\t\t\t\n\t\t\t<\/div>\n\t\t<\/div><br \/>\n\t<div  class='square nocontainer'>\n\t\t\t<img src='\/wp-content\/themes\/baque\/img\/images\/basicas-2.jpg' class='bg withoutbgresp' alt='' \/>\n\t\t\t\n\t\t\t<div class='container'>\n\t\t\t\t\n\t\t\t<\/div>\n\t\t<\/div><br \/>\n\t<div  class='square nocontainer'>\n\t\t\t<img src='\/wp-content\/themes\/baque\/img\/images\/basicas-3.jpg' class='bg withoutbgresp' alt='' \/>\n\t\t\t\n\t\t\t<div class='container'>\n\t\t\t\t\n\t\t\t<\/div>\n\t\t<\/div><br \/>\n<\/section><\/p>\n","protected":false},"excerpt":{"rendered":"","protected":false},"author":1,"featured_media":0,"parent":172,"menu_order":20,"comment_status":"closed","ping_status":"closed","template":"","meta":{"_acf_changed":false,"footnotes":""},"class_list":["post-225","page","type-page","status-publish","hentry"],"acf":[],"yoast_head":"<!-- This site is optimized with the Yoast SEO plugin v27.3 - https:\/\/yoast.com\/product\/yoast-seo-wordpress\/ -->\n<title>Infusiones de sabores | Comprar Infusiones para casa | Caf\u00e9s Baqu\u00e9<\/title>\n<meta name=\"description\" content=\"Infusiones perfectas para los amantes de lo natural, que se presentan en bolsitas individuales herm\u00e9ticamente selladas, garantizando as\u00ed la perfecta conservaci\u00f3n de su aroma y una mayor frescura.\" \/>\n<meta name=\"robots\" content=\"index, follow, max-snippet:-1, max-image-preview:large, max-video-preview:-1\" \/>\n<meta property=\"og:locale\" content=\"es_ES\" \/>\n<meta property=\"og:type\" content=\"article\" \/>\n<meta property=\"og:title\" content=\"Infusiones de sabores | Comprar Infusiones para casa | Caf\u00e9s Baqu\u00e9\" \/>\n<meta property=\"og:description\" content=\"Infusiones perfectas para los amantes de lo natural, que se presentan en bolsitas individuales herm\u00e9ticamente selladas, garantizando as\u00ed la perfecta conservaci\u00f3n de su aroma y una mayor frescura.\" \/>\n<meta property=\"og:url\" content=\"https:\/\/www.baque.com\/es\/para-casa\/tes-infusiones\/basicas\/\" \/>\n<meta property=\"og:site_name\" content=\"Caf\u00e9s Baqu\u00e9\" \/>\n<meta property=\"article:modified_time\" content=\"2018-10-26T08:50:55+00:00\" \/>\n<meta name=\"twitter:card\" content=\"summary_large_image\" \/>\n<meta name=\"twitter:label1\" content=\"Tiempo de lectura\" \/>\n\t<meta name=\"twitter:data1\" content=\"1 minuto\" \/>\n<script type=\"application\/ld+json\" class=\"yoast-schema-graph\">{\"@context\":\"https:\\\/\\\/schema.org\",\"@graph\":[{\"@type\":\"WebPage\",\"@id\":\"https:\\\/\\\/www.baque.com\\\/es\\\/para-casa\\\/tes-infusiones\\\/basicas\\\/\",\"url\":\"https:\\\/\\\/www.baque.com\\\/es\\\/para-casa\\\/tes-infusiones\\\/basicas\\\/\",\"name\":\"Infusiones de sabores | Comprar Infusiones para casa | Caf\u00e9s Baqu\u00e9\",\"isPartOf\":{\"@id\":\"https:\\\/\\\/www.baque.com\\\/es\\\/#website\"},\"datePublished\":\"2018-01-29T11:18:26+00:00\",\"dateModified\":\"2018-10-26T08:50:55+00:00\",\"description\":\"Infusiones perfectas para los amantes de lo natural, que se presentan en bolsitas individuales herm\u00e9ticamente selladas, garantizando as\u00ed la perfecta conservaci\u00f3n de su aroma y una mayor frescura.\",\"breadcrumb\":{\"@id\":\"https:\\\/\\\/www.baque.com\\\/es\\\/para-casa\\\/tes-infusiones\\\/basicas\\\/#breadcrumb\"},\"inLanguage\":\"es\",\"potentialAction\":[{\"@type\":\"ReadAction\",\"target\":[\"https:\\\/\\\/www.baque.com\\\/es\\\/para-casa\\\/tes-infusiones\\\/basicas\\\/\"]}]},{\"@type\":\"BreadcrumbList\",\"@id\":\"https:\\\/\\\/www.baque.com\\\/es\\\/para-casa\\\/tes-infusiones\\\/basicas\\\/#breadcrumb\",\"itemListElement\":[{\"@type\":\"ListItem\",\"position\":1,\"name\":\"Portada\",\"item\":\"https:\\\/\\\/www.baque.com\\\/es\\\/\"},{\"@type\":\"ListItem\",\"position\":2,\"name\":\"Para casa\",\"item\":\"https:\\\/\\\/www.baque.com\\\/es\\\/para-casa\\\/\"},{\"@type\":\"ListItem\",\"position\":3,\"name\":\"T\u00e9s &#038; Infusiones\",\"item\":\"https:\\\/\\\/www.baque.com\\\/es\\\/para-casa\\\/tes-infusiones\\\/\"},{\"@type\":\"ListItem\",\"position\":4,\"name\":\"T\u00e9s &#038; infusiones B\u00e1sicas\"}]},{\"@type\":\"WebSite\",\"@id\":\"https:\\\/\\\/www.baque.com\\\/es\\\/#website\",\"url\":\"https:\\\/\\\/www.baque.com\\\/es\\\/\",\"name\":\"Caf\u00e9s Baqu\u00e9\",\"description\":\"Somos l\u00edderes en hosteler\u00eda en Pa\u00eds Vasco y La Rioja y una de las marcas m\u00e1s reconocidas en el mercado nacional. Somos una empresa familiar en constante innovaci\u00f3n en el producto. Tostamos y distribuimos caf\u00e9 molido, en grano y c\u00e1psulas para disfrutar en casa, en el bar y en la oficina.\",\"potentialAction\":[{\"@type\":\"SearchAction\",\"target\":{\"@type\":\"EntryPoint\",\"urlTemplate\":\"https:\\\/\\\/www.baque.com\\\/es\\\/?s={search_term_string}\"},\"query-input\":{\"@type\":\"PropertyValueSpecification\",\"valueRequired\":true,\"valueName\":\"search_term_string\"}}],\"inLanguage\":\"es\"}]}<\/script>\n<!-- \/ Yoast SEO plugin. -->","yoast_head_json":{"title":"Infusiones de sabores | Comprar Infusiones para casa | Caf\u00e9s Baqu\u00e9","description":"Infusiones perfectas para los amantes de lo natural, que se presentan en bolsitas individuales herm\u00e9ticamente selladas, garantizando as\u00ed la perfecta conservaci\u00f3n de su aroma y una mayor frescura.","robots":{"index":"index","follow":"follow","max-snippet":"max-snippet:-1","max-image-preview":"max-image-preview:large","max-video-preview":"max-video-preview:-1"},"og_locale":"es_ES","og_type":"article","og_title":"Infusiones de sabores | Comprar Infusiones para casa | Caf\u00e9s Baqu\u00e9","og_description":"Infusiones perfectas para los amantes de lo natural, que se presentan en bolsitas individuales herm\u00e9ticamente selladas, garantizando as\u00ed la perfecta conservaci\u00f3n de su aroma y una mayor frescura.","og_url":"https:\/\/www.baque.com\/es\/para-casa\/tes-infusiones\/basicas\/","og_site_name":"Caf\u00e9s Baqu\u00e9","article_modified_time":"2018-10-26T08:50:55+00:00","twitter_card":"summary_large_image","twitter_misc":{"Tiempo de lectura":"1 minuto"},"schema":{"@context":"https:\/\/schema.org","@graph":[{"@type":"WebPage","@id":"https:\/\/www.baque.com\/es\/para-casa\/tes-infusiones\/basicas\/","url":"https:\/\/www.baque.com\/es\/para-casa\/tes-infusiones\/basicas\/","name":"Infusiones de sabores | Comprar Infusiones para casa | Caf\u00e9s Baqu\u00e9","isPartOf":{"@id":"https:\/\/www.baque.com\/es\/#website"},"datePublished":"2018-01-29T11:18:26+00:00","dateModified":"2018-10-26T08:50:55+00:00","description":"Infusiones perfectas para los amantes de lo natural, que se presentan en bolsitas individuales herm\u00e9ticamente selladas, garantizando as\u00ed la perfecta conservaci\u00f3n de su aroma y una mayor frescura.","breadcrumb":{"@id":"https:\/\/www.baque.com\/es\/para-casa\/tes-infusiones\/basicas\/#breadcrumb"},"inLanguage":"es","potentialAction":[{"@type":"ReadAction","target":["https:\/\/www.baque.com\/es\/para-casa\/tes-infusiones\/basicas\/"]}]},{"@type":"BreadcrumbList","@id":"https:\/\/www.baque.com\/es\/para-casa\/tes-infusiones\/basicas\/#breadcrumb","itemListElement":[{"@type":"ListItem","position":1,"name":"Portada","item":"https:\/\/www.baque.com\/es\/"},{"@type":"ListItem","position":2,"name":"Para casa","item":"https:\/\/www.baque.com\/es\/para-casa\/"},{"@type":"ListItem","position":3,"name":"T\u00e9s &#038; Infusiones","item":"https:\/\/www.baque.com\/es\/para-casa\/tes-infusiones\/"},{"@type":"ListItem","position":4,"name":"T\u00e9s &#038; infusiones B\u00e1sicas"}]},{"@type":"WebSite","@id":"https:\/\/www.baque.com\/es\/#website","url":"https:\/\/www.baque.com\/es\/","name":"Caf\u00e9s Baqu\u00e9","description":"Somos l\u00edderes en hosteler\u00eda en Pa\u00eds Vasco y La Rioja y una de las marcas m\u00e1s reconocidas en el mercado nacional. Somos una empresa familiar en constante innovaci\u00f3n en el producto. Tostamos y distribuimos caf\u00e9 molido, en grano y c\u00e1psulas para disfrutar en casa, en el bar y en la oficina.","potentialAction":[{"@type":"SearchAction","target":{"@type":"EntryPoint","urlTemplate":"https:\/\/www.baque.com\/es\/?s={search_term_string}"},"query-input":{"@type":"PropertyValueSpecification","valueRequired":true,"valueName":"search_term_string"}}],"inLanguage":"es"}]}},"_links":{"self":[{"href":"https:\/\/www.baque.com\/es\/wp-json\/wp\/v2\/pages\/225","targetHints":{"allow":["GET"]}}],"collection":[{"href":"https:\/\/www.baque.com\/es\/wp-json\/wp\/v2\/pages"}],"about":[{"href":"https:\/\/www.baque.com\/es\/wp-json\/wp\/v2\/types\/page"}],"author":[{"embeddable":true,"href":"https:\/\/www.baque.com\/es\/wp-json\/wp\/v2\/users\/1"}],"replies":[{"embeddable":true,"href":"https:\/\/www.baque.com\/es\/wp-json\/wp\/v2\/comments?post=225"}],"version-history":[{"count":4,"href":"https:\/\/www.baque.com\/es\/wp-json\/wp\/v2\/pages\/225\/revisions"}],"predecessor-version":[{"id":4882,"href":"https:\/\/www.baque.com\/es\/wp-json\/wp\/v2\/pages\/225\/revisions\/4882"}],"up":[{"embeddable":true,"href":"https:\/\/www.baque.com\/es\/wp-json\/wp\/v2\/pages\/172"}],"wp:attachment":[{"href":"https:\/\/www.baque.com\/es\/wp-json\/wp\/v2\/media?parent=225"}],"curies":[{"name":"wp","href":"https:\/\/api.w.org\/{rel}","templated":true}]}}