
{"id":227,"date":"2018-01-29T11:18:58","date_gmt":"2018-01-29T11:18:58","guid":{"rendered":"http:\/\/www.baque.com\/?page_id=227"},"modified":"2020-06-25T10:23:50","modified_gmt":"2020-06-25T08:23:50","slug":"cacaos","status":"publish","type":"page","link":"https:\/\/www.baque.com\/es\/para-casa\/dulces\/cacaos\/","title":{"rendered":"Cacaos"},"content":{"rendered":"<section  id='cacaos' class='introtext'><div class='container'>\n<h2>Para los amantes del cacao<\/h2>\n<p><\/div><\/section><br \/>\n<section  id='cacaos-1' class='videophoto expand nocontainer'><img src='\/wp-content\/themes\/baque\/img\/images\/milk-shakes-cacaos.jpg' class='bg' alt='' \/><img src='\/wp-content\/themes\/baque\/img\/images\/milk-shakes-cacaos_resp.jpg' class='bgresp' alt='' \/><div class='container'><\/div><\/section><br \/>\n<section  id='milk-shakes-cacaos-2' class='products expand products2'><div class='container'><br \/>\n<div class='product' itemscope itemtype='http:\/\/schema.org\/Product'>\n\t\t\t<div><img itemprop='image' src='\/wp-content\/uploads\/2020\/06\/cacao-sin-gluten-web.png' alt='CACAO SIN GLUTEN' \/><\/div>\n\t\t\t<h3 itemprop='name'>CACAO SIN GLUTEN<\/h3>\t<a href='\/es\/comprar\/milk-shakes\/cacaos\/' class='button'>COMPRAR AHORA<\/a><\/div><br \/>\n<div class='product' itemscope itemtype='http:\/\/schema.org\/Product'>\n\t\t\t<div><img itemprop='image' src='\/wp-content\/themes\/baque\/img\/productos\/chocolate-a-la-taza-baque.png' alt='CHOCOLATE A LA TAZA' \/><\/div>\n\t\t\t<h3 itemprop='name'>CHOCOLATE A LA TAZA<\/h3>\t<a href='\/es\/comprar\/milk-shakes\/cacaos\/' class='button'>COMPRAR AHORA<\/a><\/div><br \/>\n<\/div><\/section><br \/>\n<section  id='milk-shakes-cacaos-3' class='squares videophoto cols3 borderwhite borderwhitefooter'><br \/>\n<div  class='square nocontainer'>\n\t\t\t<img src='\/wp-content\/themes\/baque\/img\/images\/milk-shakes-cacaos-1.jpg' class='bg withoutbgresp' alt='' \/>\n\t\t\t\n\t\t\t<div class='container'>\n\t\t\t\t\n\t\t\t<\/div>\n\t\t<\/div><br \/>\n<div  class='square nocontainer'>\n\t\t\t<img src='\/wp-content\/themes\/baque\/img\/images\/milk-shakes-cacaos-2.jpg' class='bg withoutbgresp' alt='' \/>\n\t\t\t\n\t\t\t<div class='container'>\n\t\t\t\t\n\t\t\t<\/div>\n\t\t<\/div><br \/>\n<div  class='square nocontainer'>\n\t\t\t<img src='\/wp-content\/themes\/baque\/img\/images\/milk-shakes-cacaos-3.jpg' class='bg withoutbgresp' alt='' \/>\n\t\t\t\n\t\t\t<div class='container'>\n\t\t\t\t\n\t\t\t<\/div>\n\t\t<\/div><br \/>\n<\/section><\/p>\n","protected":false},"excerpt":{"rendered":"","protected":false},"author":1,"featured_media":0,"parent":169,"menu_order":10,"comment_status":"closed","ping_status":"closed","template":"","meta":{"_acf_changed":false,"footnotes":""},"class_list":["post-227","page","type-page","status-publish","hentry"],"acf":[],"yoast_head":"<!-- This site is optimized with the Yoast SEO plugin v27.3 - https:\/\/yoast.com\/product\/yoast-seo-wordpress\/ -->\n<title>Cacaos | Comprar Cacaos | Caf\u00e9s Baqu\u00e9<\/title>\n<meta name=\"description\" content=\"Complementamos nuestro amplio surtido de bebidas calientes con un peque\u00f1o surtido de exquisitos y cremosos chocolates y cacaos en su versi\u00f3n m\u00e1s calentita, ideales para las meriendas de invierno. Su delicioso sabor los convierte en una bebida irresistible de alta calidad.\" \/>\n<meta name=\"robots\" content=\"index, follow, max-snippet:-1, max-image-preview:large, max-video-preview:-1\" \/>\n<meta property=\"og:locale\" content=\"es_ES\" \/>\n<meta property=\"og:type\" content=\"article\" \/>\n<meta property=\"og:title\" content=\"Cacaos | Comprar Cacaos | Caf\u00e9s Baqu\u00e9\" \/>\n<meta property=\"og:description\" content=\"Complementamos nuestro amplio surtido de bebidas calientes con un peque\u00f1o surtido de exquisitos y cremosos chocolates y cacaos en su versi\u00f3n m\u00e1s calentita, ideales para las meriendas de invierno. Su delicioso sabor los convierte en una bebida irresistible de alta calidad.\" \/>\n<meta property=\"og:url\" content=\"https:\/\/www.baque.com\/es\/para-casa\/dulces\/cacaos\/\" \/>\n<meta property=\"og:site_name\" content=\"Caf\u00e9s Baqu\u00e9\" \/>\n<meta property=\"article:modified_time\" content=\"2020-06-25T08:23:50+00:00\" \/>\n<meta name=\"twitter:card\" content=\"summary_large_image\" \/>\n<meta name=\"twitter:label1\" content=\"Tiempo de lectura\" \/>\n\t<meta name=\"twitter:data1\" content=\"1 minuto\" \/>\n<script type=\"application\/ld+json\" class=\"yoast-schema-graph\">{\"@context\":\"https:\\\/\\\/schema.org\",\"@graph\":[{\"@type\":\"WebPage\",\"@id\":\"https:\\\/\\\/www.baque.com\\\/es\\\/para-casa\\\/dulces\\\/cacaos\\\/\",\"url\":\"https:\\\/\\\/www.baque.com\\\/es\\\/para-casa\\\/dulces\\\/cacaos\\\/\",\"name\":\"Cacaos | Comprar Cacaos | Caf\u00e9s Baqu\u00e9\",\"isPartOf\":{\"@id\":\"https:\\\/\\\/www.baque.com\\\/es\\\/#website\"},\"datePublished\":\"2018-01-29T11:18:58+00:00\",\"dateModified\":\"2020-06-25T08:23:50+00:00\",\"description\":\"Complementamos nuestro amplio surtido de bebidas calientes con un peque\u00f1o surtido de exquisitos y cremosos chocolates y cacaos en su versi\u00f3n m\u00e1s calentita, ideales para las meriendas de invierno. Su delicioso sabor los convierte en una bebida irresistible de alta calidad.\",\"breadcrumb\":{\"@id\":\"https:\\\/\\\/www.baque.com\\\/es\\\/para-casa\\\/dulces\\\/cacaos\\\/#breadcrumb\"},\"inLanguage\":\"es\",\"potentialAction\":[{\"@type\":\"ReadAction\",\"target\":[\"https:\\\/\\\/www.baque.com\\\/es\\\/para-casa\\\/dulces\\\/cacaos\\\/\"]}]},{\"@type\":\"BreadcrumbList\",\"@id\":\"https:\\\/\\\/www.baque.com\\\/es\\\/para-casa\\\/dulces\\\/cacaos\\\/#breadcrumb\",\"itemListElement\":[{\"@type\":\"ListItem\",\"position\":1,\"name\":\"Portada\",\"item\":\"https:\\\/\\\/www.baque.com\\\/es\\\/\"},{\"@type\":\"ListItem\",\"position\":2,\"name\":\"Para casa\",\"item\":\"https:\\\/\\\/www.baque.com\\\/es\\\/para-casa\\\/\"},{\"@type\":\"ListItem\",\"position\":3,\"name\":\"Dulces\",\"item\":\"https:\\\/\\\/www.baque.com\\\/es\\\/para-casa\\\/dulces\\\/\"},{\"@type\":\"ListItem\",\"position\":4,\"name\":\"Cacaos\"}]},{\"@type\":\"WebSite\",\"@id\":\"https:\\\/\\\/www.baque.com\\\/es\\\/#website\",\"url\":\"https:\\\/\\\/www.baque.com\\\/es\\\/\",\"name\":\"Caf\u00e9s Baqu\u00e9\",\"description\":\"Somos l\u00edderes en hosteler\u00eda en Pa\u00eds Vasco y La Rioja y una de las marcas m\u00e1s reconocidas en el mercado nacional. Somos una empresa familiar en constante innovaci\u00f3n en el producto. Tostamos y distribuimos caf\u00e9 molido, en grano y c\u00e1psulas para disfrutar en casa, en el bar y en la oficina.\",\"potentialAction\":[{\"@type\":\"SearchAction\",\"target\":{\"@type\":\"EntryPoint\",\"urlTemplate\":\"https:\\\/\\\/www.baque.com\\\/es\\\/?s={search_term_string}\"},\"query-input\":{\"@type\":\"PropertyValueSpecification\",\"valueRequired\":true,\"valueName\":\"search_term_string\"}}],\"inLanguage\":\"es\"}]}<\/script>\n<!-- \/ Yoast SEO plugin. -->","yoast_head_json":{"title":"Cacaos | Comprar Cacaos | Caf\u00e9s Baqu\u00e9","description":"Complementamos nuestro amplio surtido de bebidas calientes con un peque\u00f1o surtido de exquisitos y cremosos chocolates y cacaos en su versi\u00f3n m\u00e1s calentita, ideales para las meriendas de invierno. Su delicioso sabor los convierte en una bebida irresistible de alta calidad.","robots":{"index":"index","follow":"follow","max-snippet":"max-snippet:-1","max-image-preview":"max-image-preview:large","max-video-preview":"max-video-preview:-1"},"og_locale":"es_ES","og_type":"article","og_title":"Cacaos | Comprar Cacaos | Caf\u00e9s Baqu\u00e9","og_description":"Complementamos nuestro amplio surtido de bebidas calientes con un peque\u00f1o surtido de exquisitos y cremosos chocolates y cacaos en su versi\u00f3n m\u00e1s calentita, ideales para las meriendas de invierno. Su delicioso sabor los convierte en una bebida irresistible de alta calidad.","og_url":"https:\/\/www.baque.com\/es\/para-casa\/dulces\/cacaos\/","og_site_name":"Caf\u00e9s Baqu\u00e9","article_modified_time":"2020-06-25T08:23:50+00:00","twitter_card":"summary_large_image","twitter_misc":{"Tiempo de lectura":"1 minuto"},"schema":{"@context":"https:\/\/schema.org","@graph":[{"@type":"WebPage","@id":"https:\/\/www.baque.com\/es\/para-casa\/dulces\/cacaos\/","url":"https:\/\/www.baque.com\/es\/para-casa\/dulces\/cacaos\/","name":"Cacaos | Comprar Cacaos | Caf\u00e9s Baqu\u00e9","isPartOf":{"@id":"https:\/\/www.baque.com\/es\/#website"},"datePublished":"2018-01-29T11:18:58+00:00","dateModified":"2020-06-25T08:23:50+00:00","description":"Complementamos nuestro amplio surtido de bebidas calientes con un peque\u00f1o surtido de exquisitos y cremosos chocolates y cacaos en su versi\u00f3n m\u00e1s calentita, ideales para las meriendas de invierno. Su delicioso sabor los convierte en una bebida irresistible de alta calidad.","breadcrumb":{"@id":"https:\/\/www.baque.com\/es\/para-casa\/dulces\/cacaos\/#breadcrumb"},"inLanguage":"es","potentialAction":[{"@type":"ReadAction","target":["https:\/\/www.baque.com\/es\/para-casa\/dulces\/cacaos\/"]}]},{"@type":"BreadcrumbList","@id":"https:\/\/www.baque.com\/es\/para-casa\/dulces\/cacaos\/#breadcrumb","itemListElement":[{"@type":"ListItem","position":1,"name":"Portada","item":"https:\/\/www.baque.com\/es\/"},{"@type":"ListItem","position":2,"name":"Para casa","item":"https:\/\/www.baque.com\/es\/para-casa\/"},{"@type":"ListItem","position":3,"name":"Dulces","item":"https:\/\/www.baque.com\/es\/para-casa\/dulces\/"},{"@type":"ListItem","position":4,"name":"Cacaos"}]},{"@type":"WebSite","@id":"https:\/\/www.baque.com\/es\/#website","url":"https:\/\/www.baque.com\/es\/","name":"Caf\u00e9s Baqu\u00e9","description":"Somos l\u00edderes en hosteler\u00eda en Pa\u00eds Vasco y La Rioja y una de las marcas m\u00e1s reconocidas en el mercado nacional. Somos una empresa familiar en constante innovaci\u00f3n en el producto. Tostamos y distribuimos caf\u00e9 molido, en grano y c\u00e1psulas para disfrutar en casa, en el bar y en la oficina.","potentialAction":[{"@type":"SearchAction","target":{"@type":"EntryPoint","urlTemplate":"https:\/\/www.baque.com\/es\/?s={search_term_string}"},"query-input":{"@type":"PropertyValueSpecification","valueRequired":true,"valueName":"search_term_string"}}],"inLanguage":"es"}]}},"_links":{"self":[{"href":"https:\/\/www.baque.com\/es\/wp-json\/wp\/v2\/pages\/227","targetHints":{"allow":["GET"]}}],"collection":[{"href":"https:\/\/www.baque.com\/es\/wp-json\/wp\/v2\/pages"}],"about":[{"href":"https:\/\/www.baque.com\/es\/wp-json\/wp\/v2\/types\/page"}],"author":[{"embeddable":true,"href":"https:\/\/www.baque.com\/es\/wp-json\/wp\/v2\/users\/1"}],"replies":[{"embeddable":true,"href":"https:\/\/www.baque.com\/es\/wp-json\/wp\/v2\/comments?post=227"}],"version-history":[{"count":7,"href":"https:\/\/www.baque.com\/es\/wp-json\/wp\/v2\/pages\/227\/revisions"}],"predecessor-version":[{"id":29724,"href":"https:\/\/www.baque.com\/es\/wp-json\/wp\/v2\/pages\/227\/revisions\/29724"}],"up":[{"embeddable":true,"href":"https:\/\/www.baque.com\/es\/wp-json\/wp\/v2\/pages\/169"}],"wp:attachment":[{"href":"https:\/\/www.baque.com\/es\/wp-json\/wp\/v2\/media?parent=227"}],"curies":[{"name":"wp","href":"https:\/\/api.w.org\/{rel}","templated":true}]}}