
{"id":229,"date":"2018-01-29T11:19:15","date_gmt":"2018-01-29T11:19:15","guid":{"rendered":"http:\/\/www.baque.com\/?page_id=229"},"modified":"2018-11-13T16:27:21","modified_gmt":"2018-11-13T14:27:21","slug":"amenities","status":"publish","type":"page","link":"https:\/\/www.baque.com\/es\/para-casa\/dulces\/amenities\/","title":{"rendered":"Amenities"},"content":{"rendered":"<section  id='amenities' class='introtext'><div class='container'>\n<h2>Peque\u00f1os bocados dulces que alegran el d\u00eda.<\/h2>\n<p class=\"text-center\">Una amplia gama de productos complementarios para crear momentos \u00fanicos y especiales.<\/p>\n<p><\/div><\/section><br \/>\n<section  class='videophoto expand nocontainer'><img src='\/wp-content\/themes\/baque\/img\/images\/amenities.jpg' class='bg' alt='' \/><img src='\/wp-content\/themes\/baque\/img\/images\/amenities_resp.jpg' class='bgresp' alt='' \/><div class='container'><\/div><\/section><br \/>\n<section  id='amenities-2' class='products expand products1'><div class='container'><br \/>\n<div class='product' itemscope itemtype='http:\/\/schema.org\/Product'>\n\t\t\t<div><img itemprop='image' src='\/wp-content\/themes\/baque\/img\/productos\/amenities-baque.png' alt='AMENITIES' \/><\/div>\n\t\t\t<h3 itemprop='name'>AMENITIES<\/h3><p itemprop='description'>Finitas de canela, trufas, mix cookies, palmeritas y minimagdalenas.<\/p>\t<a href='\/es\/comprar\/amenities\/' class='button'>COMPRAR AHORA<\/a><\/div><br \/>\n<\/div><\/section><br \/>\n<section  id='amenities-3' class='squares videophoto cols3 borderwhite borderwhitefooter'><br \/>\n<div  class='square nocontainer'>\n\t\t\t<img src='\/wp-content\/themes\/baque\/img\/images\/amenities-1.jpg' class='bg withoutbgresp' alt='' \/>\n\t\t\t\n\t\t\t<div class='container'>\n\t\t\t\t\n\t\t\t<\/div>\n\t\t<\/div><br \/>\n<div  class='square nocontainer'>\n\t\t\t<img src='\/wp-content\/themes\/baque\/img\/images\/amenities-2.jpg' class='bg withoutbgresp' alt='' \/>\n\t\t\t\n\t\t\t<div class='container'>\n\t\t\t\t\n\t\t\t<\/div>\n\t\t<\/div><br \/>\n<div  class='square nocontainer'>\n\t\t\t<img src='\/wp-content\/themes\/baque\/img\/images\/amenities-3.jpg' class='bg withoutbgresp' alt='' \/>\n\t\t\t\n\t\t\t<div class='container'>\n\t\t\t\t\n\t\t\t<\/div>\n\t\t<\/div><br \/>\n<\/section><\/p>\n","protected":false},"excerpt":{"rendered":"","protected":false},"author":1,"featured_media":0,"parent":169,"menu_order":20,"comment_status":"closed","ping_status":"closed","template":"","meta":{"_acf_changed":false,"footnotes":""},"class_list":["post-229","page","type-page","status-publish","hentry"],"acf":[],"yoast_head":"<!-- This site is optimized with the Yoast SEO plugin v27.3 - https:\/\/yoast.com\/product\/yoast-seo-wordpress\/ -->\n<title>Amenities | Dulces y Complementos para el caf\u00e9 | Caf\u00e9s Baqu\u00e9<\/title>\n<meta name=\"description\" content=\"Los Amenities de Caf\u00e9s Baqu\u00e9 te ofrecen una gran calidad para acompa\u00f1ar a tu caf\u00e9. Una amplia gama de productos complementarios para crear momentos \u00fanicos y especiales.\" \/>\n<meta name=\"robots\" content=\"index, follow, max-snippet:-1, max-image-preview:large, max-video-preview:-1\" \/>\n<meta property=\"og:locale\" content=\"es_ES\" \/>\n<meta property=\"og:type\" content=\"article\" \/>\n<meta property=\"og:title\" content=\"Amenities | Dulces y Complementos para el caf\u00e9 | Caf\u00e9s Baqu\u00e9\" \/>\n<meta property=\"og:description\" content=\"Los Amenities de Caf\u00e9s Baqu\u00e9 te ofrecen una gran calidad para acompa\u00f1ar a tu caf\u00e9. Una amplia gama de productos complementarios para crear momentos \u00fanicos y especiales.\" \/>\n<meta property=\"og:url\" content=\"https:\/\/www.baque.com\/es\/para-casa\/dulces\/amenities\/\" \/>\n<meta property=\"og:site_name\" content=\"Caf\u00e9s Baqu\u00e9\" \/>\n<meta property=\"article:modified_time\" content=\"2018-11-13T14:27:21+00:00\" \/>\n<meta name=\"twitter:card\" content=\"summary_large_image\" \/>\n<meta name=\"twitter:label1\" content=\"Tiempo de lectura\" \/>\n\t<meta name=\"twitter:data1\" content=\"1 minuto\" \/>\n<script type=\"application\/ld+json\" class=\"yoast-schema-graph\">{\"@context\":\"https:\\\/\\\/schema.org\",\"@graph\":[{\"@type\":\"WebPage\",\"@id\":\"https:\\\/\\\/www.baque.com\\\/es\\\/para-casa\\\/dulces\\\/amenities\\\/\",\"url\":\"https:\\\/\\\/www.baque.com\\\/es\\\/para-casa\\\/dulces\\\/amenities\\\/\",\"name\":\"Amenities | Dulces y Complementos para el caf\u00e9 | Caf\u00e9s Baqu\u00e9\",\"isPartOf\":{\"@id\":\"https:\\\/\\\/www.baque.com\\\/es\\\/#website\"},\"datePublished\":\"2018-01-29T11:19:15+00:00\",\"dateModified\":\"2018-11-13T14:27:21+00:00\",\"description\":\"Los Amenities de Caf\u00e9s Baqu\u00e9 te ofrecen una gran calidad para acompa\u00f1ar a tu caf\u00e9. Una amplia gama de productos complementarios para crear momentos \u00fanicos y especiales.\",\"breadcrumb\":{\"@id\":\"https:\\\/\\\/www.baque.com\\\/es\\\/para-casa\\\/dulces\\\/amenities\\\/#breadcrumb\"},\"inLanguage\":\"es\",\"potentialAction\":[{\"@type\":\"ReadAction\",\"target\":[\"https:\\\/\\\/www.baque.com\\\/es\\\/para-casa\\\/dulces\\\/amenities\\\/\"]}]},{\"@type\":\"BreadcrumbList\",\"@id\":\"https:\\\/\\\/www.baque.com\\\/es\\\/para-casa\\\/dulces\\\/amenities\\\/#breadcrumb\",\"itemListElement\":[{\"@type\":\"ListItem\",\"position\":1,\"name\":\"Portada\",\"item\":\"https:\\\/\\\/www.baque.com\\\/es\\\/\"},{\"@type\":\"ListItem\",\"position\":2,\"name\":\"Para casa\",\"item\":\"https:\\\/\\\/www.baque.com\\\/es\\\/para-casa\\\/\"},{\"@type\":\"ListItem\",\"position\":3,\"name\":\"Dulces\",\"item\":\"https:\\\/\\\/www.baque.com\\\/es\\\/para-casa\\\/dulces\\\/\"},{\"@type\":\"ListItem\",\"position\":4,\"name\":\"Amenities\"}]},{\"@type\":\"WebSite\",\"@id\":\"https:\\\/\\\/www.baque.com\\\/es\\\/#website\",\"url\":\"https:\\\/\\\/www.baque.com\\\/es\\\/\",\"name\":\"Caf\u00e9s Baqu\u00e9\",\"description\":\"Somos l\u00edderes en hosteler\u00eda en Pa\u00eds Vasco y La Rioja y una de las marcas m\u00e1s reconocidas en el mercado nacional. Somos una empresa familiar en constante innovaci\u00f3n en el producto. Tostamos y distribuimos caf\u00e9 molido, en grano y c\u00e1psulas para disfrutar en casa, en el bar y en la oficina.\",\"potentialAction\":[{\"@type\":\"SearchAction\",\"target\":{\"@type\":\"EntryPoint\",\"urlTemplate\":\"https:\\\/\\\/www.baque.com\\\/es\\\/?s={search_term_string}\"},\"query-input\":{\"@type\":\"PropertyValueSpecification\",\"valueRequired\":true,\"valueName\":\"search_term_string\"}}],\"inLanguage\":\"es\"}]}<\/script>\n<!-- \/ Yoast SEO plugin. -->","yoast_head_json":{"title":"Amenities | Dulces y Complementos para el caf\u00e9 | Caf\u00e9s Baqu\u00e9","description":"Los Amenities de Caf\u00e9s Baqu\u00e9 te ofrecen una gran calidad para acompa\u00f1ar a tu caf\u00e9. Una amplia gama de productos complementarios para crear momentos \u00fanicos y especiales.","robots":{"index":"index","follow":"follow","max-snippet":"max-snippet:-1","max-image-preview":"max-image-preview:large","max-video-preview":"max-video-preview:-1"},"og_locale":"es_ES","og_type":"article","og_title":"Amenities | Dulces y Complementos para el caf\u00e9 | Caf\u00e9s Baqu\u00e9","og_description":"Los Amenities de Caf\u00e9s Baqu\u00e9 te ofrecen una gran calidad para acompa\u00f1ar a tu caf\u00e9. Una amplia gama de productos complementarios para crear momentos \u00fanicos y especiales.","og_url":"https:\/\/www.baque.com\/es\/para-casa\/dulces\/amenities\/","og_site_name":"Caf\u00e9s Baqu\u00e9","article_modified_time":"2018-11-13T14:27:21+00:00","twitter_card":"summary_large_image","twitter_misc":{"Tiempo de lectura":"1 minuto"},"schema":{"@context":"https:\/\/schema.org","@graph":[{"@type":"WebPage","@id":"https:\/\/www.baque.com\/es\/para-casa\/dulces\/amenities\/","url":"https:\/\/www.baque.com\/es\/para-casa\/dulces\/amenities\/","name":"Amenities | Dulces y Complementos para el caf\u00e9 | Caf\u00e9s Baqu\u00e9","isPartOf":{"@id":"https:\/\/www.baque.com\/es\/#website"},"datePublished":"2018-01-29T11:19:15+00:00","dateModified":"2018-11-13T14:27:21+00:00","description":"Los Amenities de Caf\u00e9s Baqu\u00e9 te ofrecen una gran calidad para acompa\u00f1ar a tu caf\u00e9. Una amplia gama de productos complementarios para crear momentos \u00fanicos y especiales.","breadcrumb":{"@id":"https:\/\/www.baque.com\/es\/para-casa\/dulces\/amenities\/#breadcrumb"},"inLanguage":"es","potentialAction":[{"@type":"ReadAction","target":["https:\/\/www.baque.com\/es\/para-casa\/dulces\/amenities\/"]}]},{"@type":"BreadcrumbList","@id":"https:\/\/www.baque.com\/es\/para-casa\/dulces\/amenities\/#breadcrumb","itemListElement":[{"@type":"ListItem","position":1,"name":"Portada","item":"https:\/\/www.baque.com\/es\/"},{"@type":"ListItem","position":2,"name":"Para casa","item":"https:\/\/www.baque.com\/es\/para-casa\/"},{"@type":"ListItem","position":3,"name":"Dulces","item":"https:\/\/www.baque.com\/es\/para-casa\/dulces\/"},{"@type":"ListItem","position":4,"name":"Amenities"}]},{"@type":"WebSite","@id":"https:\/\/www.baque.com\/es\/#website","url":"https:\/\/www.baque.com\/es\/","name":"Caf\u00e9s Baqu\u00e9","description":"Somos l\u00edderes en hosteler\u00eda en Pa\u00eds Vasco y La Rioja y una de las marcas m\u00e1s reconocidas en el mercado nacional. Somos una empresa familiar en constante innovaci\u00f3n en el producto. Tostamos y distribuimos caf\u00e9 molido, en grano y c\u00e1psulas para disfrutar en casa, en el bar y en la oficina.","potentialAction":[{"@type":"SearchAction","target":{"@type":"EntryPoint","urlTemplate":"https:\/\/www.baque.com\/es\/?s={search_term_string}"},"query-input":{"@type":"PropertyValueSpecification","valueRequired":true,"valueName":"search_term_string"}}],"inLanguage":"es"}]}},"_links":{"self":[{"href":"https:\/\/www.baque.com\/es\/wp-json\/wp\/v2\/pages\/229","targetHints":{"allow":["GET"]}}],"collection":[{"href":"https:\/\/www.baque.com\/es\/wp-json\/wp\/v2\/pages"}],"about":[{"href":"https:\/\/www.baque.com\/es\/wp-json\/wp\/v2\/types\/page"}],"author":[{"embeddable":true,"href":"https:\/\/www.baque.com\/es\/wp-json\/wp\/v2\/users\/1"}],"replies":[{"embeddable":true,"href":"https:\/\/www.baque.com\/es\/wp-json\/wp\/v2\/comments?post=229"}],"version-history":[{"count":4,"href":"https:\/\/www.baque.com\/es\/wp-json\/wp\/v2\/pages\/229\/revisions"}],"predecessor-version":[{"id":5073,"href":"https:\/\/www.baque.com\/es\/wp-json\/wp\/v2\/pages\/229\/revisions\/5073"}],"up":[{"embeddable":true,"href":"https:\/\/www.baque.com\/es\/wp-json\/wp\/v2\/pages\/169"}],"wp:attachment":[{"href":"https:\/\/www.baque.com\/es\/wp-json\/wp\/v2\/media?parent=229"}],"curies":[{"name":"wp","href":"https:\/\/api.w.org\/{rel}","templated":true}]}}