
{"id":233,"date":"2018-01-29T11:21:37","date_gmt":"2018-01-29T11:21:37","guid":{"rendered":"http:\/\/www.baque.com\/?page_id=233"},"modified":"2023-12-11T10:04:51","modified_gmt":"2023-12-11T09:04:51","slug":"solubles","status":"publish","type":"page","link":"https:\/\/www.baque.com\/es\/para-casa\/cafe\/solubles\/","title":{"rendered":"Caf\u00e9 Soluble"},"content":{"rendered":"<section  id='soluble-monodosis' class='introtext'><div class='container'>\n<h2>Caf\u00e9 en dosis peque\u00f1as pero con gran sabor.<\/h2>\n<p class=\"text-center\">Soluciones r\u00e1pidas y de f\u00e1cil preparaci\u00f3n que presentamos en diferentes formatos, perfectas para aquellos que buscan algo \u00e1gil y perfecto.<\/p>\n<p><\/div><\/section><br \/>\n<section  id='soluble-monodosis-1' class='videophoto expand nocontainer'><img src='\/wp-content\/themes\/baque\/img\/images\/soluble-monodosis.jpg' class='bg' alt='' \/><img src='\/wp-content\/themes\/baque\/img\/images\/soluble-monodosis_resp.jpg' class='bgresp' alt='' \/><div class='container'><\/div><\/section><br \/>\n<section  id='soluble-monodosis-2' class='products expand products1'><div class='container'><br \/>\n<div class='product' itemscope itemtype='http:\/\/schema.org\/Product'>\n\t\t\t<div><img itemprop='image' src='\/wp-content\/uploads\/2023\/12\/cafe-soluble-baque_edit-03.png' alt='CAF\u00c9 SOLUBLE' \/><\/div>\n\t\t\t<h3 itemprop='name'>CAF\u00c9 SOLUBLE<\/h3>\t<a href='\/es\/comprar\/cafe-soluble\/' class='button'>COMPRAR AHORA<\/a><\/div><\/p>\n<p><\/div><\/section><br \/>\n<section  id='soluble-monodosis-3' class='squares videophoto cols3 borderwhite borderwhitefooter'><br \/>\n<div  class='square nocontainer'>\n\t\t\t<img src='\/wp-content\/themes\/baque\/img\/images\/soluble-monodosis-1.jpg' class='bg withoutbgresp' alt='' \/>\n\t\t\t\n\t\t\t<div class='container'>\n\t\t\t\t\n\t\t\t<\/div>\n\t\t<\/div><br \/>\n<div  class='square nocontainer'>\n\t\t\t<img src='\/wp-content\/themes\/baque\/img\/images\/soluble-monodosis-2.jpg' class='bg withoutbgresp' alt='' \/>\n\t\t\t\n\t\t\t<div class='container'>\n\t\t\t\t\n\t\t\t<\/div>\n\t\t<\/div><br \/>\n<div  class='square nocontainer'>\n\t\t\t<img src='\/wp-content\/themes\/baque\/img\/images\/soluble-monodosis-3.jpg' class='bg withoutbgresp' alt='' \/>\n\t\t\t\n\t\t\t<div class='container'>\n\t\t\t\t\n\t\t\t<\/div>\n\t\t<\/div><br \/>\n<\/section><\/p>\n","protected":false},"excerpt":{"rendered":"","protected":false},"author":1,"featured_media":0,"parent":150,"menu_order":40,"comment_status":"closed","ping_status":"closed","template":"","meta":{"_acf_changed":false,"footnotes":""},"class_list":["post-233","page","type-page","status-publish","hentry"],"acf":[],"yoast_head":"<!-- This site is optimized with the Yoast SEO plugin v27.3 - https:\/\/yoast.com\/product\/yoast-seo-wordpress\/ -->\n<title>Caf\u00e9 Soluble | Caf\u00e9 para casa | Caf\u00e9s Baqu\u00e9<\/title>\n<meta name=\"description\" content=\"El caf\u00e9 soluble de Caf\u00e9s Baqu\u00e9 ofrece soluciones r\u00e1pidas y de f\u00e1cil preparaci\u00f3n que presentamos en diferentes formatos, perfectas para aquellos que buscan algo \u00e1gil.\" \/>\n<meta name=\"robots\" content=\"index, follow, max-snippet:-1, max-image-preview:large, max-video-preview:-1\" \/>\n<meta property=\"og:locale\" content=\"es_ES\" \/>\n<meta property=\"og:type\" content=\"article\" \/>\n<meta property=\"og:title\" content=\"Caf\u00e9 Soluble | Caf\u00e9 para casa | Caf\u00e9s Baqu\u00e9\" \/>\n<meta property=\"og:description\" content=\"El caf\u00e9 soluble de Caf\u00e9s Baqu\u00e9 ofrece soluciones r\u00e1pidas y de f\u00e1cil preparaci\u00f3n que presentamos en diferentes formatos, perfectas para aquellos que buscan algo \u00e1gil.\" \/>\n<meta property=\"og:url\" content=\"https:\/\/www.baque.com\/es\/para-casa\/cafe\/solubles\/\" \/>\n<meta property=\"og:site_name\" content=\"Caf\u00e9s Baqu\u00e9\" \/>\n<meta property=\"article:modified_time\" content=\"2023-12-11T09:04:51+00:00\" \/>\n<meta name=\"twitter:card\" content=\"summary_large_image\" \/>\n<meta name=\"twitter:label1\" content=\"Tiempo de lectura\" \/>\n\t<meta name=\"twitter:data1\" content=\"1 minuto\" \/>\n<script type=\"application\/ld+json\" class=\"yoast-schema-graph\">{\"@context\":\"https:\\\/\\\/schema.org\",\"@graph\":[{\"@type\":\"WebPage\",\"@id\":\"https:\\\/\\\/www.baque.com\\\/es\\\/para-casa\\\/cafe\\\/solubles\\\/\",\"url\":\"https:\\\/\\\/www.baque.com\\\/es\\\/para-casa\\\/cafe\\\/solubles\\\/\",\"name\":\"Caf\u00e9 Soluble | Caf\u00e9 para casa | Caf\u00e9s Baqu\u00e9\",\"isPartOf\":{\"@id\":\"https:\\\/\\\/www.baque.com\\\/es\\\/#website\"},\"datePublished\":\"2018-01-29T11:21:37+00:00\",\"dateModified\":\"2023-12-11T09:04:51+00:00\",\"description\":\"El caf\u00e9 soluble de Caf\u00e9s Baqu\u00e9 ofrece soluciones r\u00e1pidas y de f\u00e1cil preparaci\u00f3n que presentamos en diferentes formatos, perfectas para aquellos que buscan algo \u00e1gil.\",\"breadcrumb\":{\"@id\":\"https:\\\/\\\/www.baque.com\\\/es\\\/para-casa\\\/cafe\\\/solubles\\\/#breadcrumb\"},\"inLanguage\":\"es\",\"potentialAction\":[{\"@type\":\"ReadAction\",\"target\":[\"https:\\\/\\\/www.baque.com\\\/es\\\/para-casa\\\/cafe\\\/solubles\\\/\"]}]},{\"@type\":\"BreadcrumbList\",\"@id\":\"https:\\\/\\\/www.baque.com\\\/es\\\/para-casa\\\/cafe\\\/solubles\\\/#breadcrumb\",\"itemListElement\":[{\"@type\":\"ListItem\",\"position\":1,\"name\":\"Portada\",\"item\":\"https:\\\/\\\/www.baque.com\\\/es\\\/\"},{\"@type\":\"ListItem\",\"position\":2,\"name\":\"Para casa\",\"item\":\"https:\\\/\\\/www.baque.com\\\/es\\\/para-casa\\\/\"},{\"@type\":\"ListItem\",\"position\":3,\"name\":\"Caf\u00e9\",\"item\":\"https:\\\/\\\/www.baque.com\\\/es\\\/para-casa\\\/cafe\\\/\"},{\"@type\":\"ListItem\",\"position\":4,\"name\":\"Caf\u00e9 Soluble\"}]},{\"@type\":\"WebSite\",\"@id\":\"https:\\\/\\\/www.baque.com\\\/es\\\/#website\",\"url\":\"https:\\\/\\\/www.baque.com\\\/es\\\/\",\"name\":\"Caf\u00e9s Baqu\u00e9\",\"description\":\"Somos l\u00edderes en hosteler\u00eda en Pa\u00eds Vasco y La Rioja y una de las marcas m\u00e1s reconocidas en el mercado nacional. Somos una empresa familiar en constante innovaci\u00f3n en el producto. Tostamos y distribuimos caf\u00e9 molido, en grano y c\u00e1psulas para disfrutar en casa, en el bar y en la oficina.\",\"potentialAction\":[{\"@type\":\"SearchAction\",\"target\":{\"@type\":\"EntryPoint\",\"urlTemplate\":\"https:\\\/\\\/www.baque.com\\\/es\\\/?s={search_term_string}\"},\"query-input\":{\"@type\":\"PropertyValueSpecification\",\"valueRequired\":true,\"valueName\":\"search_term_string\"}}],\"inLanguage\":\"es\"}]}<\/script>\n<!-- \/ Yoast SEO plugin. -->","yoast_head_json":{"title":"Caf\u00e9 Soluble | Caf\u00e9 para casa | Caf\u00e9s Baqu\u00e9","description":"El caf\u00e9 soluble de Caf\u00e9s Baqu\u00e9 ofrece soluciones r\u00e1pidas y de f\u00e1cil preparaci\u00f3n que presentamos en diferentes formatos, perfectas para aquellos que buscan algo \u00e1gil.","robots":{"index":"index","follow":"follow","max-snippet":"max-snippet:-1","max-image-preview":"max-image-preview:large","max-video-preview":"max-video-preview:-1"},"og_locale":"es_ES","og_type":"article","og_title":"Caf\u00e9 Soluble | Caf\u00e9 para casa | Caf\u00e9s Baqu\u00e9","og_description":"El caf\u00e9 soluble de Caf\u00e9s Baqu\u00e9 ofrece soluciones r\u00e1pidas y de f\u00e1cil preparaci\u00f3n que presentamos en diferentes formatos, perfectas para aquellos que buscan algo \u00e1gil.","og_url":"https:\/\/www.baque.com\/es\/para-casa\/cafe\/solubles\/","og_site_name":"Caf\u00e9s Baqu\u00e9","article_modified_time":"2023-12-11T09:04:51+00:00","twitter_card":"summary_large_image","twitter_misc":{"Tiempo de lectura":"1 minuto"},"schema":{"@context":"https:\/\/schema.org","@graph":[{"@type":"WebPage","@id":"https:\/\/www.baque.com\/es\/para-casa\/cafe\/solubles\/","url":"https:\/\/www.baque.com\/es\/para-casa\/cafe\/solubles\/","name":"Caf\u00e9 Soluble | Caf\u00e9 para casa | Caf\u00e9s Baqu\u00e9","isPartOf":{"@id":"https:\/\/www.baque.com\/es\/#website"},"datePublished":"2018-01-29T11:21:37+00:00","dateModified":"2023-12-11T09:04:51+00:00","description":"El caf\u00e9 soluble de Caf\u00e9s Baqu\u00e9 ofrece soluciones r\u00e1pidas y de f\u00e1cil preparaci\u00f3n que presentamos en diferentes formatos, perfectas para aquellos que buscan algo \u00e1gil.","breadcrumb":{"@id":"https:\/\/www.baque.com\/es\/para-casa\/cafe\/solubles\/#breadcrumb"},"inLanguage":"es","potentialAction":[{"@type":"ReadAction","target":["https:\/\/www.baque.com\/es\/para-casa\/cafe\/solubles\/"]}]},{"@type":"BreadcrumbList","@id":"https:\/\/www.baque.com\/es\/para-casa\/cafe\/solubles\/#breadcrumb","itemListElement":[{"@type":"ListItem","position":1,"name":"Portada","item":"https:\/\/www.baque.com\/es\/"},{"@type":"ListItem","position":2,"name":"Para casa","item":"https:\/\/www.baque.com\/es\/para-casa\/"},{"@type":"ListItem","position":3,"name":"Caf\u00e9","item":"https:\/\/www.baque.com\/es\/para-casa\/cafe\/"},{"@type":"ListItem","position":4,"name":"Caf\u00e9 Soluble"}]},{"@type":"WebSite","@id":"https:\/\/www.baque.com\/es\/#website","url":"https:\/\/www.baque.com\/es\/","name":"Caf\u00e9s Baqu\u00e9","description":"Somos l\u00edderes en hosteler\u00eda en Pa\u00eds Vasco y La Rioja y una de las marcas m\u00e1s reconocidas en el mercado nacional. Somos una empresa familiar en constante innovaci\u00f3n en el producto. Tostamos y distribuimos caf\u00e9 molido, en grano y c\u00e1psulas para disfrutar en casa, en el bar y en la oficina.","potentialAction":[{"@type":"SearchAction","target":{"@type":"EntryPoint","urlTemplate":"https:\/\/www.baque.com\/es\/?s={search_term_string}"},"query-input":{"@type":"PropertyValueSpecification","valueRequired":true,"valueName":"search_term_string"}}],"inLanguage":"es"}]}},"_links":{"self":[{"href":"https:\/\/www.baque.com\/es\/wp-json\/wp\/v2\/pages\/233","targetHints":{"allow":["GET"]}}],"collection":[{"href":"https:\/\/www.baque.com\/es\/wp-json\/wp\/v2\/pages"}],"about":[{"href":"https:\/\/www.baque.com\/es\/wp-json\/wp\/v2\/types\/page"}],"author":[{"embeddable":true,"href":"https:\/\/www.baque.com\/es\/wp-json\/wp\/v2\/users\/1"}],"replies":[{"embeddable":true,"href":"https:\/\/www.baque.com\/es\/wp-json\/wp\/v2\/comments?post=233"}],"version-history":[{"count":5,"href":"https:\/\/www.baque.com\/es\/wp-json\/wp\/v2\/pages\/233\/revisions"}],"predecessor-version":[{"id":1921340,"href":"https:\/\/www.baque.com\/es\/wp-json\/wp\/v2\/pages\/233\/revisions\/1921340"}],"up":[{"embeddable":true,"href":"https:\/\/www.baque.com\/es\/wp-json\/wp\/v2\/pages\/150"}],"wp:attachment":[{"href":"https:\/\/www.baque.com\/es\/wp-json\/wp\/v2\/media?parent=233"}],"curies":[{"name":"wp","href":"https:\/\/api.w.org\/{rel}","templated":true}]}}