
{"id":2560299,"date":"2024-09-24T16:10:54","date_gmt":"2024-09-24T14:10:54","guid":{"rendered":"https:\/\/www.baque.com\/?page_id=2560299"},"modified":"2024-09-24T16:11:24","modified_gmt":"2024-09-24T14:11:24","slug":"muchas-gracias-por-enviar-tu-curriculum","status":"publish","type":"page","link":"https:\/\/www.baque.com\/es\/trabaja-en-cafes-baque\/muchas-gracias-por-enviar-tu-curriculum\/","title":{"rendered":"Muchas gracias por enviar tu curr\u00edculum"},"content":{"rendered":"<h2 class=\"text-center\">En breve nos pondremos en contacto contigo.<\/h2>\n<div class='separator height25' ><\/div>\n<p class=\"text-center\">De mientras, puedes seguir navegando por nuestro blog.<\/p>\n<div class='separator height25' ><\/div>\n<p class=\"text-center\"><a href='\/es\/blog-cafes-baque\/' class='button ' target='_blank'>Ir al blog<\/a><\/p>\n","protected":false},"excerpt":{"rendered":"<p>En breve nos pondremos en contacto contigo. De mientras, puedes seguir navegando por nuestro blog.<\/p>\n","protected":false},"author":4013,"featured_media":0,"parent":917283,"menu_order":0,"comment_status":"closed","ping_status":"closed","template":"","meta":{"_acf_changed":false,"footnotes":""},"class_list":["post-2560299","page","type-page","status-publish","hentry"],"acf":[],"yoast_head":"<!-- This site is optimized with the Yoast SEO plugin v27.3 - https:\/\/yoast.com\/product\/yoast-seo-wordpress\/ -->\n<title>Muchas gracias por enviar tu curr\u00edculum - Caf\u00e9s Baqu\u00e9<\/title>\n<meta name=\"robots\" content=\"noindex, nofollow\" \/>\n<meta property=\"og:locale\" content=\"es_ES\" \/>\n<meta property=\"og:type\" content=\"article\" \/>\n<meta property=\"og:title\" content=\"Muchas gracias por enviar tu curr\u00edculum - Caf\u00e9s Baqu\u00e9\" \/>\n<meta property=\"og:description\" content=\"En breve nos pondremos en contacto contigo. De mientras, puedes seguir navegando por nuestro blog.\" \/>\n<meta property=\"og:url\" content=\"https:\/\/www.baque.com\/es\/trabaja-en-cafes-baque\/muchas-gracias-por-enviar-tu-curriculum\/\" \/>\n<meta property=\"og:site_name\" content=\"Caf\u00e9s Baqu\u00e9\" \/>\n<meta property=\"article:modified_time\" content=\"2024-09-24T14:11:24+00:00\" \/>\n<meta name=\"twitter:card\" content=\"summary_large_image\" \/>\n<meta name=\"twitter:label1\" content=\"Tiempo de lectura\" \/>\n\t<meta name=\"twitter:data1\" content=\"1 minuto\" \/>\n<script type=\"application\/ld+json\" class=\"yoast-schema-graph\">{\"@context\":\"https:\\\/\\\/schema.org\",\"@graph\":[{\"@type\":\"WebPage\",\"@id\":\"https:\\\/\\\/www.baque.com\\\/es\\\/trabaja-en-cafes-baque\\\/muchas-gracias-por-enviar-tu-curriculum\\\/\",\"url\":\"https:\\\/\\\/www.baque.com\\\/es\\\/trabaja-en-cafes-baque\\\/muchas-gracias-por-enviar-tu-curriculum\\\/\",\"name\":\"Muchas gracias por enviar tu curr\u00edculum - Caf\u00e9s Baqu\u00e9\",\"isPartOf\":{\"@id\":\"https:\\\/\\\/www.baque.com\\\/es\\\/#website\"},\"datePublished\":\"2024-09-24T14:10:54+00:00\",\"dateModified\":\"2024-09-24T14:11:24+00:00\",\"breadcrumb\":{\"@id\":\"https:\\\/\\\/www.baque.com\\\/es\\\/trabaja-en-cafes-baque\\\/muchas-gracias-por-enviar-tu-curriculum\\\/#breadcrumb\"},\"inLanguage\":\"es\",\"potentialAction\":[{\"@type\":\"ReadAction\",\"target\":[\"https:\\\/\\\/www.baque.com\\\/es\\\/trabaja-en-cafes-baque\\\/muchas-gracias-por-enviar-tu-curriculum\\\/\"]}]},{\"@type\":\"BreadcrumbList\",\"@id\":\"https:\\\/\\\/www.baque.com\\\/es\\\/trabaja-en-cafes-baque\\\/muchas-gracias-por-enviar-tu-curriculum\\\/#breadcrumb\",\"itemListElement\":[{\"@type\":\"ListItem\",\"position\":1,\"name\":\"Portada\",\"item\":\"https:\\\/\\\/www.baque.com\\\/es\\\/\"},{\"@type\":\"ListItem\",\"position\":2,\"name\":\"Trabaja en Caf\u00e9s Baqu\u00e9\",\"item\":\"https:\\\/\\\/www.baque.com\\\/es\\\/trabaja-en-cafes-baque\\\/\"},{\"@type\":\"ListItem\",\"position\":3,\"name\":\"Muchas gracias por enviar tu curr\u00edculum\"}]},{\"@type\":\"WebSite\",\"@id\":\"https:\\\/\\\/www.baque.com\\\/es\\\/#website\",\"url\":\"https:\\\/\\\/www.baque.com\\\/es\\\/\",\"name\":\"Caf\u00e9s Baqu\u00e9\",\"description\":\"Somos l\u00edderes en hosteler\u00eda en Pa\u00eds Vasco y La Rioja y una de las marcas m\u00e1s reconocidas en el mercado nacional. Somos una empresa familiar en constante innovaci\u00f3n en el producto. Tostamos y distribuimos caf\u00e9 molido, en grano y c\u00e1psulas para disfrutar en casa, en el bar y en la oficina.\",\"potentialAction\":[{\"@type\":\"SearchAction\",\"target\":{\"@type\":\"EntryPoint\",\"urlTemplate\":\"https:\\\/\\\/www.baque.com\\\/es\\\/?s={search_term_string}\"},\"query-input\":{\"@type\":\"PropertyValueSpecification\",\"valueRequired\":true,\"valueName\":\"search_term_string\"}}],\"inLanguage\":\"es\"}]}<\/script>\n<!-- \/ Yoast SEO plugin. -->","yoast_head_json":{"title":"Muchas gracias por enviar tu curr\u00edculum - Caf\u00e9s Baqu\u00e9","robots":{"index":"noindex","follow":"nofollow"},"og_locale":"es_ES","og_type":"article","og_title":"Muchas gracias por enviar tu curr\u00edculum - Caf\u00e9s Baqu\u00e9","og_description":"En breve nos pondremos en contacto contigo. De mientras, puedes seguir navegando por nuestro blog.","og_url":"https:\/\/www.baque.com\/es\/trabaja-en-cafes-baque\/muchas-gracias-por-enviar-tu-curriculum\/","og_site_name":"Caf\u00e9s Baqu\u00e9","article_modified_time":"2024-09-24T14:11:24+00:00","twitter_card":"summary_large_image","twitter_misc":{"Tiempo de lectura":"1 minuto"},"schema":{"@context":"https:\/\/schema.org","@graph":[{"@type":"WebPage","@id":"https:\/\/www.baque.com\/es\/trabaja-en-cafes-baque\/muchas-gracias-por-enviar-tu-curriculum\/","url":"https:\/\/www.baque.com\/es\/trabaja-en-cafes-baque\/muchas-gracias-por-enviar-tu-curriculum\/","name":"Muchas gracias por enviar tu curr\u00edculum - Caf\u00e9s Baqu\u00e9","isPartOf":{"@id":"https:\/\/www.baque.com\/es\/#website"},"datePublished":"2024-09-24T14:10:54+00:00","dateModified":"2024-09-24T14:11:24+00:00","breadcrumb":{"@id":"https:\/\/www.baque.com\/es\/trabaja-en-cafes-baque\/muchas-gracias-por-enviar-tu-curriculum\/#breadcrumb"},"inLanguage":"es","potentialAction":[{"@type":"ReadAction","target":["https:\/\/www.baque.com\/es\/trabaja-en-cafes-baque\/muchas-gracias-por-enviar-tu-curriculum\/"]}]},{"@type":"BreadcrumbList","@id":"https:\/\/www.baque.com\/es\/trabaja-en-cafes-baque\/muchas-gracias-por-enviar-tu-curriculum\/#breadcrumb","itemListElement":[{"@type":"ListItem","position":1,"name":"Portada","item":"https:\/\/www.baque.com\/es\/"},{"@type":"ListItem","position":2,"name":"Trabaja en Caf\u00e9s Baqu\u00e9","item":"https:\/\/www.baque.com\/es\/trabaja-en-cafes-baque\/"},{"@type":"ListItem","position":3,"name":"Muchas gracias por enviar tu curr\u00edculum"}]},{"@type":"WebSite","@id":"https:\/\/www.baque.com\/es\/#website","url":"https:\/\/www.baque.com\/es\/","name":"Caf\u00e9s Baqu\u00e9","description":"Somos l\u00edderes en hosteler\u00eda en Pa\u00eds Vasco y La Rioja y una de las marcas m\u00e1s reconocidas en el mercado nacional. Somos una empresa familiar en constante innovaci\u00f3n en el producto. Tostamos y distribuimos caf\u00e9 molido, en grano y c\u00e1psulas para disfrutar en casa, en el bar y en la oficina.","potentialAction":[{"@type":"SearchAction","target":{"@type":"EntryPoint","urlTemplate":"https:\/\/www.baque.com\/es\/?s={search_term_string}"},"query-input":{"@type":"PropertyValueSpecification","valueRequired":true,"valueName":"search_term_string"}}],"inLanguage":"es"}]}},"_links":{"self":[{"href":"https:\/\/www.baque.com\/es\/wp-json\/wp\/v2\/pages\/2560299","targetHints":{"allow":["GET"]}}],"collection":[{"href":"https:\/\/www.baque.com\/es\/wp-json\/wp\/v2\/pages"}],"about":[{"href":"https:\/\/www.baque.com\/es\/wp-json\/wp\/v2\/types\/page"}],"author":[{"embeddable":true,"href":"https:\/\/www.baque.com\/es\/wp-json\/wp\/v2\/users\/4013"}],"replies":[{"embeddable":true,"href":"https:\/\/www.baque.com\/es\/wp-json\/wp\/v2\/comments?post=2560299"}],"version-history":[{"count":2,"href":"https:\/\/www.baque.com\/es\/wp-json\/wp\/v2\/pages\/2560299\/revisions"}],"predecessor-version":[{"id":2560301,"href":"https:\/\/www.baque.com\/es\/wp-json\/wp\/v2\/pages\/2560299\/revisions\/2560301"}],"up":[{"embeddable":true,"href":"https:\/\/www.baque.com\/es\/wp-json\/wp\/v2\/pages\/917283"}],"wp:attachment":[{"href":"https:\/\/www.baque.com\/es\/wp-json\/wp\/v2\/media?parent=2560299"}],"curies":[{"name":"wp","href":"https:\/\/api.w.org\/{rel}","templated":true}]}}