
{"id":3201,"date":"2018-06-18T13:02:53","date_gmt":"2018-06-18T11:02:53","guid":{"rendered":"http:\/\/www.baque.com\/?page_id=3201"},"modified":"2018-07-06T09:25:01","modified_gmt":"2018-07-06T07:25:01","slug":"lista-compra-favorita","status":"publish","type":"page","link":"https:\/\/www.baque.com\/es\/tienda\/mi-cuenta\/lista-compra-favorita\/","title":{"rendered":"Lista de la compra favorita"},"content":{"rendered":"\t<\/div>\n<\/section>\n<section id=\"wishlistarea\">\n\t<div class=\"container\">\n\t\t<div class=\"tinv-header\">\n\t\t\t\t\t\t\r\n<div class=\"tinv-wishlist-clear\"><\/div>\r\n<ul class=\"navigation-button tinv-wishlist-clear\">\r\n\t\r\n\t\r\n\t\r\n\t\r\n\t\r\n\t\t\t<li>\r\n\t\t\t<a href=\"https:\/\/www.baque.com\/es\/tienda\/\"\r\n\t\t\t   class=\" \">\r\n\t\t\t\t\t\t\t\t\t<i class=\"ftinvwl ftinvwl-chevron-left\"><\/i>\r\n\t\t\t\t\t\t\t\t<span\r\n\t\t\t\t\tclass=\"tinvwl-txt\">Continue Shopping<\/span>\r\n\t\t\t<\/a>\r\n\t\t<\/li>\r\n\t<\/ul>\r\n\t\t<\/div>\n\t<div class=\"tinv-wishlist woocommerce tinvwl-login-wrap\">\r\n\t\t<div class=\"tinv-login tinv-wrapped-block\">\r\n\t\t\t<div class=\"tinv-txt\">\r\n\t\t\t\t<i class=\"ftinvwl ftinvwl-key\"><\/i>\r\n\t\t\t\tPlease login or register to use all wishlist features\t\t\t\t<a href=\"https:\/\/www.baque.com\/es\/tienda\/mi-cuenta\/?tinvwl_redirect=https:\/\/www.baque.com\/es\/tienda\/mi-cuenta\/lista-compra-favorita\/\">Click here to login<\/a>\t\t\t<\/div>\r\n\t\t<\/div>\r\n\t<\/div>\r\n<div class=\"woocommerce-no-orders-message\">\n\t<p>\n\t\t\t\t\tTu lista de productos<br\/>favoritos est\u00e1 vac\u00eda.\t\t\t<\/p>\n\t<p>\n\t\t<a href=\"https:\/\/www.baque.com\/es\/tienda\/\">Ir a la tienda<\/a>\n\t<\/p>\n<\/div>\n\n","protected":false},"excerpt":{"rendered":"","protected":false},"author":1,"featured_media":0,"parent":3186,"menu_order":10,"comment_status":"closed","ping_status":"closed","template":"","meta":{"_acf_changed":false,"footnotes":""},"class_list":["post-3201","page","type-page","status-publish","hentry"],"acf":[],"yoast_head":"<!-- This site is optimized with the Yoast SEO plugin v27.3 - https:\/\/yoast.com\/product\/yoast-seo-wordpress\/ -->\n<title>Lista de la compra favorita - Caf\u00e9s Baqu\u00e9<\/title>\n<meta name=\"robots\" content=\"noindex, follow\" \/>\n<meta property=\"og:locale\" content=\"es_ES\" \/>\n<meta property=\"og:type\" content=\"article\" \/>\n<meta property=\"og:title\" content=\"Lista de la compra favorita - Caf\u00e9s Baqu\u00e9\" \/>\n<meta property=\"og:url\" content=\"https:\/\/www.baque.com\/es\/tienda\/mi-cuenta\/lista-compra-favorita\/\" \/>\n<meta property=\"og:site_name\" content=\"Caf\u00e9s Baqu\u00e9\" \/>\n<meta property=\"article:modified_time\" content=\"2018-07-06T07:25:01+00:00\" \/>\n<meta name=\"twitter:card\" content=\"summary_large_image\" \/>\n<script type=\"application\/ld+json\" class=\"yoast-schema-graph\">{\"@context\":\"https:\\\/\\\/schema.org\",\"@graph\":[{\"@type\":\"WebPage\",\"@id\":\"https:\\\/\\\/www.baque.com\\\/es\\\/tienda\\\/mi-cuenta\\\/lista-compra-favorita\\\/\",\"url\":\"https:\\\/\\\/www.baque.com\\\/es\\\/tienda\\\/mi-cuenta\\\/lista-compra-favorita\\\/\",\"name\":\"Lista de la compra favorita - Caf\u00e9s Baqu\u00e9\",\"isPartOf\":{\"@id\":\"https:\\\/\\\/www.baque.com\\\/es\\\/#website\"},\"datePublished\":\"2018-06-18T11:02:53+00:00\",\"dateModified\":\"2018-07-06T07:25:01+00:00\",\"breadcrumb\":{\"@id\":\"https:\\\/\\\/www.baque.com\\\/es\\\/tienda\\\/mi-cuenta\\\/lista-compra-favorita\\\/#breadcrumb\"},\"inLanguage\":\"es\",\"potentialAction\":[{\"@type\":\"ReadAction\",\"target\":[\"https:\\\/\\\/www.baque.com\\\/es\\\/tienda\\\/mi-cuenta\\\/lista-compra-favorita\\\/\"]}]},{\"@type\":\"BreadcrumbList\",\"@id\":\"https:\\\/\\\/www.baque.com\\\/es\\\/tienda\\\/mi-cuenta\\\/lista-compra-favorita\\\/#breadcrumb\",\"itemListElement\":[{\"@type\":\"ListItem\",\"position\":1,\"name\":\"Portada\",\"item\":\"https:\\\/\\\/www.baque.com\\\/es\\\/\"},{\"@type\":\"ListItem\",\"position\":2,\"name\":\"Tienda\",\"item\":\"https:\\\/\\\/www.baque.com\\\/es\\\/tienda\\\/\"},{\"@type\":\"ListItem\",\"position\":3,\"name\":\"Mi cuenta\",\"item\":\"https:\\\/\\\/www.baque.com\\\/es\\\/tienda\\\/mi-cuenta\\\/\"},{\"@type\":\"ListItem\",\"position\":4,\"name\":\"Lista de la compra favorita\"}]},{\"@type\":\"WebSite\",\"@id\":\"https:\\\/\\\/www.baque.com\\\/es\\\/#website\",\"url\":\"https:\\\/\\\/www.baque.com\\\/es\\\/\",\"name\":\"Caf\u00e9s Baqu\u00e9\",\"description\":\"Somos l\u00edderes en hosteler\u00eda en Pa\u00eds Vasco y La Rioja y una de las marcas m\u00e1s reconocidas en el mercado nacional. Somos una empresa familiar en constante innovaci\u00f3n en el producto. Tostamos y distribuimos caf\u00e9 molido, en grano y c\u00e1psulas para disfrutar en casa, en el bar y en la oficina.\",\"potentialAction\":[{\"@type\":\"SearchAction\",\"target\":{\"@type\":\"EntryPoint\",\"urlTemplate\":\"https:\\\/\\\/www.baque.com\\\/es\\\/?s={search_term_string}\"},\"query-input\":{\"@type\":\"PropertyValueSpecification\",\"valueRequired\":true,\"valueName\":\"search_term_string\"}}],\"inLanguage\":\"es\"}]}<\/script>\n<!-- \/ Yoast SEO plugin. -->","yoast_head_json":{"title":"Lista de la compra favorita - Caf\u00e9s Baqu\u00e9","robots":{"index":"noindex","follow":"follow"},"og_locale":"es_ES","og_type":"article","og_title":"Lista de la compra favorita - Caf\u00e9s Baqu\u00e9","og_url":"https:\/\/www.baque.com\/es\/tienda\/mi-cuenta\/lista-compra-favorita\/","og_site_name":"Caf\u00e9s Baqu\u00e9","article_modified_time":"2018-07-06T07:25:01+00:00","twitter_card":"summary_large_image","schema":{"@context":"https:\/\/schema.org","@graph":[{"@type":"WebPage","@id":"https:\/\/www.baque.com\/es\/tienda\/mi-cuenta\/lista-compra-favorita\/","url":"https:\/\/www.baque.com\/es\/tienda\/mi-cuenta\/lista-compra-favorita\/","name":"Lista de la compra favorita - Caf\u00e9s Baqu\u00e9","isPartOf":{"@id":"https:\/\/www.baque.com\/es\/#website"},"datePublished":"2018-06-18T11:02:53+00:00","dateModified":"2018-07-06T07:25:01+00:00","breadcrumb":{"@id":"https:\/\/www.baque.com\/es\/tienda\/mi-cuenta\/lista-compra-favorita\/#breadcrumb"},"inLanguage":"es","potentialAction":[{"@type":"ReadAction","target":["https:\/\/www.baque.com\/es\/tienda\/mi-cuenta\/lista-compra-favorita\/"]}]},{"@type":"BreadcrumbList","@id":"https:\/\/www.baque.com\/es\/tienda\/mi-cuenta\/lista-compra-favorita\/#breadcrumb","itemListElement":[{"@type":"ListItem","position":1,"name":"Portada","item":"https:\/\/www.baque.com\/es\/"},{"@type":"ListItem","position":2,"name":"Tienda","item":"https:\/\/www.baque.com\/es\/tienda\/"},{"@type":"ListItem","position":3,"name":"Mi cuenta","item":"https:\/\/www.baque.com\/es\/tienda\/mi-cuenta\/"},{"@type":"ListItem","position":4,"name":"Lista de la compra favorita"}]},{"@type":"WebSite","@id":"https:\/\/www.baque.com\/es\/#website","url":"https:\/\/www.baque.com\/es\/","name":"Caf\u00e9s Baqu\u00e9","description":"Somos l\u00edderes en hosteler\u00eda en Pa\u00eds Vasco y La Rioja y una de las marcas m\u00e1s reconocidas en el mercado nacional. Somos una empresa familiar en constante innovaci\u00f3n en el producto. Tostamos y distribuimos caf\u00e9 molido, en grano y c\u00e1psulas para disfrutar en casa, en el bar y en la oficina.","potentialAction":[{"@type":"SearchAction","target":{"@type":"EntryPoint","urlTemplate":"https:\/\/www.baque.com\/es\/?s={search_term_string}"},"query-input":{"@type":"PropertyValueSpecification","valueRequired":true,"valueName":"search_term_string"}}],"inLanguage":"es"}]}},"_links":{"self":[{"href":"https:\/\/www.baque.com\/es\/wp-json\/wp\/v2\/pages\/3201","targetHints":{"allow":["GET"]}}],"collection":[{"href":"https:\/\/www.baque.com\/es\/wp-json\/wp\/v2\/pages"}],"about":[{"href":"https:\/\/www.baque.com\/es\/wp-json\/wp\/v2\/types\/page"}],"author":[{"embeddable":true,"href":"https:\/\/www.baque.com\/es\/wp-json\/wp\/v2\/users\/1"}],"replies":[{"embeddable":true,"href":"https:\/\/www.baque.com\/es\/wp-json\/wp\/v2\/comments?post=3201"}],"version-history":[{"count":3,"href":"https:\/\/www.baque.com\/es\/wp-json\/wp\/v2\/pages\/3201\/revisions"}],"predecessor-version":[{"id":4073,"href":"https:\/\/www.baque.com\/es\/wp-json\/wp\/v2\/pages\/3201\/revisions\/4073"}],"up":[{"embeddable":true,"href":"https:\/\/www.baque.com\/es\/wp-json\/wp\/v2\/pages\/3186"}],"wp:attachment":[{"href":"https:\/\/www.baque.com\/es\/wp-json\/wp\/v2\/media?parent=3201"}],"curies":[{"name":"wp","href":"https:\/\/api.w.org\/{rel}","templated":true}]}}