
{"id":337847,"date":"2021-02-15T14:52:15","date_gmt":"2021-02-15T12:52:15","guid":{"rendered":"https:\/\/www.baque.com\/?page_id=337847"},"modified":"2021-02-15T14:59:52","modified_gmt":"2021-02-15T12:59:52","slug":"bases-sorteo-delantales","status":"publish","type":"page","link":"https:\/\/www.baque.com\/es\/bases-sorteo-delantales\/","title":{"rendered":"Bases del Sorteo de 5 delantales"},"content":{"rendered":"\n<section  class='multicol'><div class='container'><\/p>\n\n\n\n<h2 class=\"wp-block-heading\">Sorteo en Instagram<\/h2>\n\n\n\n<p><strong>FECHAS DEL SORTEO. <\/strong>Del 17 al 24 de febrero de 2021. El 24 de febrero de 2021 se comunicar\u00e1n los 5 ganadores a lo largo de la ma\u00f1ana.<\/p>\n\n\n\n<p><strong>BASES DEL SORTEO.<\/strong><\/p>\n\n\n\n<ul class=\"wp-block-list\"><li>Concurso dirigido a usuarios de Instagram.<\/li><li>Se sortear\u00e1 un delantal.<\/li><li>5 ganadores en Instagram.<\/li><\/ul>\n\n\n\n<p><strong>C\u00d3MO PARTICIPAR EN EL SORTEO.<\/strong><\/p>\n\n\n\n<ul class=\"wp-block-list\"><li>Seguir nuestra&nbsp;<a href=\"https:\/\/www.instagram.com\/cafesbaque\/?hl=es&amp;fbclid=IwAR1e1rpfdooJgZvBpTtTrKYJu8g4BVaZCykzk5DxIIFFMsUAKf5klleFOWs\" target=\"_blank\" rel=\"noreferrer noopener\"><strong>cuenta de Instagram<\/strong><\/a>.<\/li><li>Dejar un comentario nombrando a dos amigxs a lxs que les gustar\u00eda este delantal tanto como a ti.<\/li><\/ul>\n\n\n\n<p><strong>FECHA SORTEO.<\/strong> El 24 de febrero de 2021 a las 10:00 h, hora hasta la que se podr\u00e1 participar.<\/p>\n\n\n\n<p><strong>NOTIFICACI\u00d3N A GANADORES DEL SORTEO.<\/strong> Los ganadores se seleccionar\u00e1n a trav\u00e9s de easypromos. Se les notificar\u00e1 a los ganadores a trav\u00e9s de un mensaje personal y a su vez se comunicar\u00e1 en el perfil de Facebook de Caf\u00e9s Baqu\u00e9.<\/p>\n\n\n\n<p><strong>C\u00d3MO RECOGER LOS PREMIOS. <\/strong>El premio se enviar\u00e1 a los ganadores por correo. Env\u00edos solo realizados a Pen\u00ednsula.<\/p>\n\n\n\n<p>&#8212;&#8212;&#8212;&#8212;&#8212;&#8212;&#8212;&#8211;<\/p>\n\n\n\n<h2 class=\"wp-block-heading\">Sorteo en Facebook<\/h2>\n\n\n\n<p><strong>FECHAS DEL SORTEO. <\/strong>Del 17 al 24 de febrero de 2021. El 24 de febrero de 2021 se comunicar\u00e1n los 5 ganadores a lo largo de la ma\u00f1ana.<\/p>\n\n\n\n<p><strong>BASES DEL SORTEO. <\/strong><\/p>\n\n\n\n<ul class=\"wp-block-list\"><li>Concurso dirigido a usuarios de Facebook.<\/li><li>Se sortear\u00e1 un delantal.<\/li><li>5 ganadores en Instagram.<\/li><\/ul>\n\n\n\n<p><strong>C\u00d3MO PARTICIPAR EN EL SORTEO.<\/strong><\/p>\n\n\n\n<ul class=\"wp-block-list\"><li>Seguir nuestra <strong><a href=\"https:\/\/www.facebook.com\/cafesbaque\" target=\"_blank\" rel=\"noreferrer noopener\" aria-label=\" (opens in a new tab)\">p\u00e1gina de Facebook<\/a><\/strong>.<\/li><li>Dejar un comentario nombrando a dos amigxs a lxs que les gustar\u00eda este delantal tanto como a ti.<\/li><\/ul>\n\n\n\n<p><strong>FECHA SORTEO. <\/strong>El 24 de febrero de 2021 a las 10:00 h, hora hasta la que se podr\u00e1 participar.<\/p>\n\n\n\n<p><strong>NOTIFICACI\u00d3N A GANADORES DEL SORTEO. <\/strong>Los ganadores se seleccionar\u00e1n a trav\u00e9s de easypromos. Se les notificar\u00e1 a los ganadores a trav\u00e9s de un mensaje personal y a su vez se comunicar\u00e1 en el perfil de Facebook de Caf\u00e9s Baqu\u00e9.<\/p>\n\n\n\n<p><strong>C\u00d3MO RECOGER LOS PREMIOS.<\/strong> El premio se enviar\u00e1 a los ganadores por correo. Env\u00edos solo realizados a Pen\u00ednsula.<\/p>\n\n\n\n<p><\/div><\/section>\n","protected":false},"excerpt":{"rendered":"","protected":false},"author":4013,"featured_media":0,"parent":0,"menu_order":0,"comment_status":"closed","ping_status":"closed","template":"","meta":{"_acf_changed":false,"footnotes":""},"class_list":["post-337847","page","type-page","status-publish","hentry"],"acf":[],"yoast_head":"<!-- This site is optimized with the Yoast SEO plugin v27.3 - https:\/\/yoast.com\/product\/yoast-seo-wordpress\/ -->\n<title>Bases del Sorteo de 5 delantales - Caf\u00e9s Baqu\u00e9<\/title>\n<meta name=\"robots\" content=\"index, follow, max-snippet:-1, max-image-preview:large, max-video-preview:-1\" \/>\n<meta property=\"og:locale\" content=\"es_ES\" \/>\n<meta property=\"og:type\" content=\"article\" \/>\n<meta property=\"og:title\" content=\"Bases del Sorteo de 5 delantales - Caf\u00e9s Baqu\u00e9\" \/>\n<meta property=\"og:url\" content=\"https:\/\/www.baque.com\/es\/bases-sorteo-delantales\/\" \/>\n<meta property=\"og:site_name\" content=\"Caf\u00e9s Baqu\u00e9\" \/>\n<meta property=\"article:modified_time\" content=\"2021-02-15T12:59:52+00:00\" \/>\n<meta name=\"twitter:card\" content=\"summary_large_image\" \/>\n<meta name=\"twitter:label1\" content=\"Tiempo de lectura\" \/>\n\t<meta name=\"twitter:data1\" content=\"2 minutos\" \/>\n<script type=\"application\/ld+json\" class=\"yoast-schema-graph\">{\"@context\":\"https:\\\/\\\/schema.org\",\"@graph\":[{\"@type\":\"WebPage\",\"@id\":\"https:\\\/\\\/www.baque.com\\\/es\\\/bases-sorteo-delantales\\\/\",\"url\":\"https:\\\/\\\/www.baque.com\\\/es\\\/bases-sorteo-delantales\\\/\",\"name\":\"Bases del Sorteo de 5 delantales - Caf\u00e9s Baqu\u00e9\",\"isPartOf\":{\"@id\":\"https:\\\/\\\/www.baque.com\\\/es\\\/#website\"},\"datePublished\":\"2021-02-15T12:52:15+00:00\",\"dateModified\":\"2021-02-15T12:59:52+00:00\",\"breadcrumb\":{\"@id\":\"https:\\\/\\\/www.baque.com\\\/es\\\/bases-sorteo-delantales\\\/#breadcrumb\"},\"inLanguage\":\"es\",\"potentialAction\":[{\"@type\":\"ReadAction\",\"target\":[\"https:\\\/\\\/www.baque.com\\\/es\\\/bases-sorteo-delantales\\\/\"]}]},{\"@type\":\"BreadcrumbList\",\"@id\":\"https:\\\/\\\/www.baque.com\\\/es\\\/bases-sorteo-delantales\\\/#breadcrumb\",\"itemListElement\":[{\"@type\":\"ListItem\",\"position\":1,\"name\":\"Portada\",\"item\":\"https:\\\/\\\/www.baque.com\\\/es\\\/\"},{\"@type\":\"ListItem\",\"position\":2,\"name\":\"Bases del Sorteo de 5 delantales\"}]},{\"@type\":\"WebSite\",\"@id\":\"https:\\\/\\\/www.baque.com\\\/es\\\/#website\",\"url\":\"https:\\\/\\\/www.baque.com\\\/es\\\/\",\"name\":\"Caf\u00e9s Baqu\u00e9\",\"description\":\"Somos l\u00edderes en hosteler\u00eda en Pa\u00eds Vasco y La Rioja y una de las marcas m\u00e1s reconocidas en el mercado nacional. Somos una empresa familiar en constante innovaci\u00f3n en el producto. Tostamos y distribuimos caf\u00e9 molido, en grano y c\u00e1psulas para disfrutar en casa, en el bar y en la oficina.\",\"potentialAction\":[{\"@type\":\"SearchAction\",\"target\":{\"@type\":\"EntryPoint\",\"urlTemplate\":\"https:\\\/\\\/www.baque.com\\\/es\\\/?s={search_term_string}\"},\"query-input\":{\"@type\":\"PropertyValueSpecification\",\"valueRequired\":true,\"valueName\":\"search_term_string\"}}],\"inLanguage\":\"es\"}]}<\/script>\n<!-- \/ Yoast SEO plugin. -->","yoast_head_json":{"title":"Bases del Sorteo de 5 delantales - Caf\u00e9s Baqu\u00e9","robots":{"index":"index","follow":"follow","max-snippet":"max-snippet:-1","max-image-preview":"max-image-preview:large","max-video-preview":"max-video-preview:-1"},"og_locale":"es_ES","og_type":"article","og_title":"Bases del Sorteo de 5 delantales - Caf\u00e9s Baqu\u00e9","og_url":"https:\/\/www.baque.com\/es\/bases-sorteo-delantales\/","og_site_name":"Caf\u00e9s Baqu\u00e9","article_modified_time":"2021-02-15T12:59:52+00:00","twitter_card":"summary_large_image","twitter_misc":{"Tiempo de lectura":"2 minutos"},"schema":{"@context":"https:\/\/schema.org","@graph":[{"@type":"WebPage","@id":"https:\/\/www.baque.com\/es\/bases-sorteo-delantales\/","url":"https:\/\/www.baque.com\/es\/bases-sorteo-delantales\/","name":"Bases del Sorteo de 5 delantales - Caf\u00e9s Baqu\u00e9","isPartOf":{"@id":"https:\/\/www.baque.com\/es\/#website"},"datePublished":"2021-02-15T12:52:15+00:00","dateModified":"2021-02-15T12:59:52+00:00","breadcrumb":{"@id":"https:\/\/www.baque.com\/es\/bases-sorteo-delantales\/#breadcrumb"},"inLanguage":"es","potentialAction":[{"@type":"ReadAction","target":["https:\/\/www.baque.com\/es\/bases-sorteo-delantales\/"]}]},{"@type":"BreadcrumbList","@id":"https:\/\/www.baque.com\/es\/bases-sorteo-delantales\/#breadcrumb","itemListElement":[{"@type":"ListItem","position":1,"name":"Portada","item":"https:\/\/www.baque.com\/es\/"},{"@type":"ListItem","position":2,"name":"Bases del Sorteo de 5 delantales"}]},{"@type":"WebSite","@id":"https:\/\/www.baque.com\/es\/#website","url":"https:\/\/www.baque.com\/es\/","name":"Caf\u00e9s Baqu\u00e9","description":"Somos l\u00edderes en hosteler\u00eda en Pa\u00eds Vasco y La Rioja y una de las marcas m\u00e1s reconocidas en el mercado nacional. Somos una empresa familiar en constante innovaci\u00f3n en el producto. Tostamos y distribuimos caf\u00e9 molido, en grano y c\u00e1psulas para disfrutar en casa, en el bar y en la oficina.","potentialAction":[{"@type":"SearchAction","target":{"@type":"EntryPoint","urlTemplate":"https:\/\/www.baque.com\/es\/?s={search_term_string}"},"query-input":{"@type":"PropertyValueSpecification","valueRequired":true,"valueName":"search_term_string"}}],"inLanguage":"es"}]}},"_links":{"self":[{"href":"https:\/\/www.baque.com\/es\/wp-json\/wp\/v2\/pages\/337847","targetHints":{"allow":["GET"]}}],"collection":[{"href":"https:\/\/www.baque.com\/es\/wp-json\/wp\/v2\/pages"}],"about":[{"href":"https:\/\/www.baque.com\/es\/wp-json\/wp\/v2\/types\/page"}],"author":[{"embeddable":true,"href":"https:\/\/www.baque.com\/es\/wp-json\/wp\/v2\/users\/4013"}],"replies":[{"embeddable":true,"href":"https:\/\/www.baque.com\/es\/wp-json\/wp\/v2\/comments?post=337847"}],"version-history":[{"count":4,"href":"https:\/\/www.baque.com\/es\/wp-json\/wp\/v2\/pages\/337847\/revisions"}],"predecessor-version":[{"id":337863,"href":"https:\/\/www.baque.com\/es\/wp-json\/wp\/v2\/pages\/337847\/revisions\/337863"}],"wp:attachment":[{"href":"https:\/\/www.baque.com\/es\/wp-json\/wp\/v2\/media?parent=337847"}],"curies":[{"name":"wp","href":"https:\/\/api.w.org\/{rel}","templated":true}]}}