
{"id":349,"date":"2018-01-30T12:54:36","date_gmt":"2018-01-30T12:54:36","guid":{"rendered":"http:\/\/www.baque.com\/?page_id=349"},"modified":"2026-01-21T13:28:35","modified_gmt":"2026-01-21T12:28:35","slug":"certificaciones","status":"publish","type":"page","link":"https:\/\/www.baque.com\/es\/conocenos\/certificaciones\/","title":{"rendered":"Certificaciones"},"content":{"rendered":"<p><section  id='certificaciones' class='multicol'><div class='container'><br \/>\n<div class='col1'><img src='\/wp-content\/themes\/baque\/img\/images\/certificaciones-baque.jpg' class='bg withoutbgresp' alt='' \/><\/div><br \/>\n<div class='col4'><\/p>\n<p class=\"entradilla\">Sometemos el producto a altos controles de calidad. Todo el caf\u00e9 en verde, el proceso de fabricaci\u00f3n y el producto terminado es <strong>analizado minuciosa y cuidadosamente en nuestro departamento de calidad<\/strong>, lleg\u00e1ndose a realizar catas en las que se prueban <strong>m\u00e1s de 20.000 tazas al a\u00f1o<\/strong>.<\/p>\n<p class=\"text-left\">Contamos con diversas certificaciones que avalan nuestro esfuerzo por ofrecer el mejor producto. Contamos con ISO 9001 desde 2001 y, desde 2011, <strong>somos la primera empresa torrefactora del Pa\u00eds Vasco en contar con ISO 14001<\/strong>.<\/p>\n<p class=\"text-left\"><img decoding=\"async\" style=\"max-width: 279px !important;\" src=\"\/wp-content\/uploads\/2024\/11\/certificaciones-calidad.png\" alt=\"\" \/><\/p>\n<h3>CERTIFICACIONES<\/h3>\n<p class=\"text-left\">\n  <a href=\"\/wp-content\/uploads\/2026\/01\/ISO-14001-ED-8-ES.pdf\" target=\"_blank\" rel=\"noopener noreferrer\"><br \/>\n    <img decoding=\"async\" class=\"alignnone\" style=\"max-width: 125px !important;\" src=\"\/wp-content\/uploads\/2022\/12\/CERTF.-ED-7-14001-CASTELLANO-14000-2015.jpg\" alt=\"\" width=\"125\" \/><br \/>\n  <\/a><br \/>\n  <a href=\"\/wp-content\/uploads\/2026\/01\/ISO-9001-ED-14-ES.pdf\" target=\"_blank\" rel=\"noopener noreferrer\"><br \/>\n    <img decoding=\"async\" class=\"alignnone\" style=\"max-width: 125px !important;\" src=\"\/wp-content\/uploads\/2022\/12\/CERTF.-ED-13-9001-CASTELLANO-14000-20151.jpg\" alt=\"\" width=\"125\" \/><br \/>\n  <\/a>\n<\/p>\n<p><\/div><br \/>\n<\/div><\/section><br \/>\n<section  id='certificaciones-1' class='squares videophoto cols3 borderwhite borderwhitefooter'><br \/>\n<div  class='square nocontainer'>\n\t\t\t<img src='\/wp-content\/themes\/baque\/img\/images\/certificaciones-baque-1.jpg' class='bg withoutbgresp' alt='' \/>\n\t\t\t\n\t\t\t<div class='container'>\n\t\t\t\t\n\t\t\t<\/div>\n\t\t<\/div><br \/>\n<div  class='square nocontainer'>\n\t\t\t<img src='\/wp-content\/uploads\/2026\/01\/ISO-14001-ED-8-ES.pdf' class='bg withoutbgresp' alt='' \/>\n\t\t\t\n\t\t\t<div class='container'>\n\t\t\t\t\n\t\t\t<\/div>\n\t\t<\/div><br \/>\n<div  class='square nocontainer'>\n\t\t\t<img src='\/wp-content\/uploads\/2026\/01\/ISO-9001-ED-14-ES.pdf' class='bg withoutbgresp' alt='' \/>\n\t\t\t\n\t\t\t<div class='container'>\n\t\t\t\t\n\t\t\t<\/div>\n\t\t<\/div><br \/>\n<\/section><\/p>\n","protected":false},"excerpt":{"rendered":"","protected":false},"author":1,"featured_media":0,"parent":338,"menu_order":50,"comment_status":"closed","ping_status":"closed","template":"","meta":{"_acf_changed":false,"footnotes":""},"class_list":["post-349","page","type-page","status-publish","hentry"],"acf":[],"yoast_head":"<!-- This site is optimized with the Yoast SEO plugin v27.3 - https:\/\/yoast.com\/product\/yoast-seo-wordpress\/ -->\n<title>Certificaciones | Proveedores de caf\u00e9 | Caf\u00e9s Baqu\u00e9<\/title>\n<meta name=\"description\" content=\"Todo el caf\u00e9 en verde, el proceso de fabricaci\u00f3n y el producto terminado es analizado minuciosa y cuidadosamente en nuestro departamento de calidad, lleg\u00e1ndose a realizar catas en las que se prueban m\u00e1s de 20.000 tazas al a\u00f1o.\" \/>\n<meta name=\"robots\" content=\"index, follow, max-snippet:-1, max-image-preview:large, max-video-preview:-1\" \/>\n<meta property=\"og:locale\" content=\"es_ES\" \/>\n<meta property=\"og:type\" content=\"article\" \/>\n<meta property=\"og:title\" content=\"Certificaciones | Proveedores de caf\u00e9 | Caf\u00e9s Baqu\u00e9\" \/>\n<meta property=\"og:description\" content=\"Todo el caf\u00e9 en verde, el proceso de fabricaci\u00f3n y el producto terminado es analizado minuciosa y cuidadosamente en nuestro departamento de calidad, lleg\u00e1ndose a realizar catas en las que se prueban m\u00e1s de 20.000 tazas al a\u00f1o.\" \/>\n<meta property=\"og:url\" content=\"https:\/\/www.baque.com\/es\/conocenos\/certificaciones\/\" \/>\n<meta property=\"og:site_name\" content=\"Caf\u00e9s Baqu\u00e9\" \/>\n<meta property=\"article:modified_time\" content=\"2026-01-21T12:28:35+00:00\" \/>\n<meta name=\"twitter:card\" content=\"summary_large_image\" \/>\n<meta name=\"twitter:label1\" content=\"Tiempo de lectura\" \/>\n\t<meta name=\"twitter:data1\" content=\"1 minuto\" \/>\n<script type=\"application\/ld+json\" class=\"yoast-schema-graph\">{\"@context\":\"https:\\\/\\\/schema.org\",\"@graph\":[{\"@type\":\"WebPage\",\"@id\":\"https:\\\/\\\/www.baque.com\\\/es\\\/conocenos\\\/certificaciones\\\/\",\"url\":\"https:\\\/\\\/www.baque.com\\\/es\\\/conocenos\\\/certificaciones\\\/\",\"name\":\"Certificaciones | Proveedores de caf\u00e9 | Caf\u00e9s Baqu\u00e9\",\"isPartOf\":{\"@id\":\"https:\\\/\\\/www.baque.com\\\/es\\\/#website\"},\"datePublished\":\"2018-01-30T12:54:36+00:00\",\"dateModified\":\"2026-01-21T12:28:35+00:00\",\"description\":\"Todo el caf\u00e9 en verde, el proceso de fabricaci\u00f3n y el producto terminado es analizado minuciosa y cuidadosamente en nuestro departamento de calidad, lleg\u00e1ndose a realizar catas en las que se prueban m\u00e1s de 20.000 tazas al a\u00f1o.\",\"breadcrumb\":{\"@id\":\"https:\\\/\\\/www.baque.com\\\/es\\\/conocenos\\\/certificaciones\\\/#breadcrumb\"},\"inLanguage\":\"es\",\"potentialAction\":[{\"@type\":\"ReadAction\",\"target\":[\"https:\\\/\\\/www.baque.com\\\/es\\\/conocenos\\\/certificaciones\\\/\"]}]},{\"@type\":\"BreadcrumbList\",\"@id\":\"https:\\\/\\\/www.baque.com\\\/es\\\/conocenos\\\/certificaciones\\\/#breadcrumb\",\"itemListElement\":[{\"@type\":\"ListItem\",\"position\":1,\"name\":\"Portada\",\"item\":\"https:\\\/\\\/www.baque.com\\\/es\\\/\"},{\"@type\":\"ListItem\",\"position\":2,\"name\":\"Con\u00f3cenos\",\"item\":\"https:\\\/\\\/www.baque.com\\\/es\\\/conocenos\\\/\"},{\"@type\":\"ListItem\",\"position\":3,\"name\":\"Certificaciones\"}]},{\"@type\":\"WebSite\",\"@id\":\"https:\\\/\\\/www.baque.com\\\/es\\\/#website\",\"url\":\"https:\\\/\\\/www.baque.com\\\/es\\\/\",\"name\":\"Caf\u00e9s Baqu\u00e9\",\"description\":\"Somos l\u00edderes en hosteler\u00eda en Pa\u00eds Vasco y La Rioja y una de las marcas m\u00e1s reconocidas en el mercado nacional. Somos una empresa familiar en constante innovaci\u00f3n en el producto. Tostamos y distribuimos caf\u00e9 molido, en grano y c\u00e1psulas para disfrutar en casa, en el bar y en la oficina.\",\"potentialAction\":[{\"@type\":\"SearchAction\",\"target\":{\"@type\":\"EntryPoint\",\"urlTemplate\":\"https:\\\/\\\/www.baque.com\\\/es\\\/?s={search_term_string}\"},\"query-input\":{\"@type\":\"PropertyValueSpecification\",\"valueRequired\":true,\"valueName\":\"search_term_string\"}}],\"inLanguage\":\"es\"}]}<\/script>\n<!-- \/ Yoast SEO plugin. -->","yoast_head_json":{"title":"Certificaciones | Proveedores de caf\u00e9 | Caf\u00e9s Baqu\u00e9","description":"Todo el caf\u00e9 en verde, el proceso de fabricaci\u00f3n y el producto terminado es analizado minuciosa y cuidadosamente en nuestro departamento de calidad, lleg\u00e1ndose a realizar catas en las que se prueban m\u00e1s de 20.000 tazas al a\u00f1o.","robots":{"index":"index","follow":"follow","max-snippet":"max-snippet:-1","max-image-preview":"max-image-preview:large","max-video-preview":"max-video-preview:-1"},"og_locale":"es_ES","og_type":"article","og_title":"Certificaciones | Proveedores de caf\u00e9 | Caf\u00e9s Baqu\u00e9","og_description":"Todo el caf\u00e9 en verde, el proceso de fabricaci\u00f3n y el producto terminado es analizado minuciosa y cuidadosamente en nuestro departamento de calidad, lleg\u00e1ndose a realizar catas en las que se prueban m\u00e1s de 20.000 tazas al a\u00f1o.","og_url":"https:\/\/www.baque.com\/es\/conocenos\/certificaciones\/","og_site_name":"Caf\u00e9s Baqu\u00e9","article_modified_time":"2026-01-21T12:28:35+00:00","twitter_card":"summary_large_image","twitter_misc":{"Tiempo de lectura":"1 minuto"},"schema":{"@context":"https:\/\/schema.org","@graph":[{"@type":"WebPage","@id":"https:\/\/www.baque.com\/es\/conocenos\/certificaciones\/","url":"https:\/\/www.baque.com\/es\/conocenos\/certificaciones\/","name":"Certificaciones | Proveedores de caf\u00e9 | Caf\u00e9s Baqu\u00e9","isPartOf":{"@id":"https:\/\/www.baque.com\/es\/#website"},"datePublished":"2018-01-30T12:54:36+00:00","dateModified":"2026-01-21T12:28:35+00:00","description":"Todo el caf\u00e9 en verde, el proceso de fabricaci\u00f3n y el producto terminado es analizado minuciosa y cuidadosamente en nuestro departamento de calidad, lleg\u00e1ndose a realizar catas en las que se prueban m\u00e1s de 20.000 tazas al a\u00f1o.","breadcrumb":{"@id":"https:\/\/www.baque.com\/es\/conocenos\/certificaciones\/#breadcrumb"},"inLanguage":"es","potentialAction":[{"@type":"ReadAction","target":["https:\/\/www.baque.com\/es\/conocenos\/certificaciones\/"]}]},{"@type":"BreadcrumbList","@id":"https:\/\/www.baque.com\/es\/conocenos\/certificaciones\/#breadcrumb","itemListElement":[{"@type":"ListItem","position":1,"name":"Portada","item":"https:\/\/www.baque.com\/es\/"},{"@type":"ListItem","position":2,"name":"Con\u00f3cenos","item":"https:\/\/www.baque.com\/es\/conocenos\/"},{"@type":"ListItem","position":3,"name":"Certificaciones"}]},{"@type":"WebSite","@id":"https:\/\/www.baque.com\/es\/#website","url":"https:\/\/www.baque.com\/es\/","name":"Caf\u00e9s Baqu\u00e9","description":"Somos l\u00edderes en hosteler\u00eda en Pa\u00eds Vasco y La Rioja y una de las marcas m\u00e1s reconocidas en el mercado nacional. Somos una empresa familiar en constante innovaci\u00f3n en el producto. Tostamos y distribuimos caf\u00e9 molido, en grano y c\u00e1psulas para disfrutar en casa, en el bar y en la oficina.","potentialAction":[{"@type":"SearchAction","target":{"@type":"EntryPoint","urlTemplate":"https:\/\/www.baque.com\/es\/?s={search_term_string}"},"query-input":{"@type":"PropertyValueSpecification","valueRequired":true,"valueName":"search_term_string"}}],"inLanguage":"es"}]}},"_links":{"self":[{"href":"https:\/\/www.baque.com\/es\/wp-json\/wp\/v2\/pages\/349","targetHints":{"allow":["GET"]}}],"collection":[{"href":"https:\/\/www.baque.com\/es\/wp-json\/wp\/v2\/pages"}],"about":[{"href":"https:\/\/www.baque.com\/es\/wp-json\/wp\/v2\/types\/page"}],"author":[{"embeddable":true,"href":"https:\/\/www.baque.com\/es\/wp-json\/wp\/v2\/users\/1"}],"replies":[{"embeddable":true,"href":"https:\/\/www.baque.com\/es\/wp-json\/wp\/v2\/comments?post=349"}],"version-history":[{"count":13,"href":"https:\/\/www.baque.com\/es\/wp-json\/wp\/v2\/pages\/349\/revisions"}],"predecessor-version":[{"id":3869312,"href":"https:\/\/www.baque.com\/es\/wp-json\/wp\/v2\/pages\/349\/revisions\/3869312"}],"up":[{"embeddable":true,"href":"https:\/\/www.baque.com\/es\/wp-json\/wp\/v2\/pages\/338"}],"wp:attachment":[{"href":"https:\/\/www.baque.com\/es\/wp-json\/wp\/v2\/media?parent=349"}],"curies":[{"name":"wp","href":"https:\/\/api.w.org\/{rel}","templated":true}]}}