
{"id":351,"date":"2018-01-30T12:54:53","date_gmt":"2018-01-30T12:54:53","guid":{"rendered":"http:\/\/www.baque.com\/?page_id=351"},"modified":"2023-04-12T09:40:40","modified_gmt":"2023-04-12T07:40:40","slug":"donde-estamos","status":"publish","type":"page","link":"https:\/\/www.baque.com\/es\/conocenos\/donde-estamos\/","title":{"rendered":"D\u00f3nde estamos"},"content":{"rendered":"<p><section  id='donde-encontrarnos' class='multicol'><div class='container'><br \/>\n<div class='col5'><\/p>\n<p class=\"text-right\"><strong>SEDE CENTRAL<\/strong><br \/>\nIurreta (Bizkaia)<\/p>\n<p class=\"text-right\"><strong>CAF\u00c9S BAQU\u00c9 S.L.U.<\/strong><br \/>\nPol\u00edgono Industrial Santa Apolonia<br \/>\nU.A.I. 2-2 48215<br \/>\nIurreta, Bizkaia<br \/>\nT \u00b7 94 621 56 10<\/p>\n<p><\/div><br \/>\n<div class='col5'><\/p>\n<p class=\"text-left\"><strong>DELEGACIONES<\/strong><\/p>\n<p class=\"text-left\"><strong>Delegaci\u00f3n de Gipuzkoa<\/strong><br \/>\nPol\u00edgono Ind. Erratzu 329C,<br \/>\n20130 Urnieta, Gipuzkoa<br \/>\nT \u00b7 943 49 28 18<\/p>\n<p class=\"text-left\"><strong>Delegaci\u00f3n de Madrid<\/strong><br \/>\nC\/ Bascu\u00f1uelos 13 Nave F.<br \/>\n28021 Madrid. T \u00b7 94 621 56 10<\/p>\n<p class=\"text-left\"><strong>Delegaci\u00f3n de M\u00e1laga<\/strong><br \/>\nPol\u00edgono Ind. San Pedro de Alc\u00e1ntara.<br \/>\nC\/ Finlandia n\u00ba 13.<br \/>\n29670 San Pedro de Alc\u00e1ntara, M\u00e1laga.<br \/>\nT \u00b7 600 902 324<\/p>\n<p class=\"text-left\"><strong>Delegaci\u00f3n de La Rioja<\/strong><br \/>\nPol\u00edgono La Variante.<br \/>\nLa Grajera, 10.<br \/>\n26140 Lardero, La Rioja. T \u00b7 673 493 750<\/p>\n<p class=\"text-left\"><strong>Delegaci\u00f3n de Sevilla<\/strong><br \/>\nParque empresarial Pisa<br \/>\nC\/ Br\u00fajula, 29.<br \/>\n41927 Mairena del Aljarafe, Sevilla. T \u00b7 600 902 324<\/p>\n<p><\/div><br \/>\n<\/div><\/section><br \/>\n<section  id='donde-encontrarnos-1' class='multicol'><div class='container'><br \/>\n<p class='entradilla'>\u00bfNecesitas contactar con Caf\u00e9s Baqu\u00e9?<\/p><br \/>\n<a href='https:\/\/www.baque.com\/es\/contacto\/' class='button '>CONTACTAR<\/a><br \/>\n<div class='separator height100' ><\/div><br \/>\n<\/div><\/section><br \/>\n<section  id='donde-encontrarnos-3'><div class='container'><br \/>\n<iframe loading=\"lazy\" style=\"border: 0;\" src=\"https:\/\/www.google.com\/maps\/embed?pb=!1m14!1m8!1m3!1d11638.841190300924!2d-2.6447653!3d43.1736049!3m2!1i1024!2i768!4f13.1!3m3!1m2!1s0x0%3A0xdde5015f306fc35b!2zQ2Fmw6lzIEJhcXXDqQ!5e0!3m2!1ses!2ses!4v1518435565835\" width=\"100%\" height=\"450\" frameborder=\"0\" allowfullscreen=\"allowfullscreen\"><\/iframe><br \/>\n<iframe loading=\"lazy\" style=\"border: 0;\" src=\"https:\/\/www.google.com\/maps\/embed?pb=!1m18!1m12!1m3!1d2903.7519868036848!2d-1.8847881845137227!3d43.29851527913505!2m3!1f0!2f0!3f0!3m2!1i1024!2i768!4f13.1!3m3!1m2!1s0x0%3A0x896c41cd0c8bac6e!2zQ2Fmw6lzIEJhcXXDqQ!5e0!3m2!1ses!2ses!4v1518453609858\" width=\"100%\" height=\"450\" frameborder=\"0\" allowfullscreen=\"allowfullscreen\"><\/iframe><br \/>\n<iframe loading=\"lazy\" style=\"border: 0;\" src=\"https:\/\/www.google.com\/maps\/embed?pb=!1m18!1m12!1m3!1d2944.848033377912!2d-2.4804793845414506!3d42.4309694791822!2m3!1f0!2f0!3f0!3m2!1i1024!2i768!4f13.1!3m3!1m2!1s0x0%3A0xd5c91f0386484fb!2zQ2Fmw6lzIEJhcXXDqQ!5e0!3m2!1ses!2ses!4v1518453539361\" width=\"100%\" height=\"450\" frameborder=\"0\" allowfullscreen=\"allowfullscreen\"><\/iframe><br \/>\n<\/div><\/section><br \/>\n<div class='separator height100' ><\/div><br \/>\n<section  id='donde-encontrarnos-2' class='videophoto expand'><img src='\/wp-content\/themes\/baque\/img\/images\/donde-encontrarnos.jpg' class='bg' alt='' \/><img src='\/wp-content\/themes\/baque\/img\/images\/donde-encontrarnos_resp.jpg' class='bgresp' alt='' \/><div class='container'><br \/>\n<\/div><\/section><\/p>\n","protected":false},"excerpt":{"rendered":"","protected":false},"author":1,"featured_media":0,"parent":338,"menu_order":60,"comment_status":"closed","ping_status":"closed","template":"","meta":{"_acf_changed":false,"footnotes":""},"class_list":["post-351","page","type-page","status-publish","hentry"],"acf":[],"yoast_head":"<!-- This site is optimized with the Yoast SEO plugin v27.3 - https:\/\/yoast.com\/product\/yoast-seo-wordpress\/ -->\n<title>D\u00f3nde estamos | Proveedores caf\u00e9 en Espa\u00f1a | Caf\u00e9s Baqu\u00e9<\/title>\n<meta name=\"description\" content=\"Conoce d\u00f3nde est\u00e1 Caf\u00e9s Baqu\u00e9, su sede principal y las delegaciones en todo el pa\u00eds para distribuir de forma eficaz el mejor caf\u00e9.\" \/>\n<meta name=\"robots\" content=\"index, follow, max-snippet:-1, max-image-preview:large, max-video-preview:-1\" \/>\n<meta property=\"og:locale\" content=\"es_ES\" \/>\n<meta property=\"og:type\" content=\"article\" \/>\n<meta property=\"og:title\" content=\"D\u00f3nde estamos | Proveedores caf\u00e9 en Espa\u00f1a | Caf\u00e9s Baqu\u00e9\" \/>\n<meta property=\"og:description\" content=\"Conoce d\u00f3nde est\u00e1 Caf\u00e9s Baqu\u00e9, su sede principal y las delegaciones en todo el pa\u00eds para distribuir de forma eficaz el mejor caf\u00e9.\" \/>\n<meta property=\"og:url\" content=\"https:\/\/www.baque.com\/es\/conocenos\/donde-estamos\/\" \/>\n<meta property=\"og:site_name\" content=\"Caf\u00e9s Baqu\u00e9\" \/>\n<meta property=\"article:modified_time\" content=\"2023-04-12T07:40:40+00:00\" \/>\n<meta name=\"twitter:card\" content=\"summary_large_image\" \/>\n<meta name=\"twitter:label1\" content=\"Tiempo de lectura\" \/>\n\t<meta name=\"twitter:data1\" content=\"1 minuto\" \/>\n<script type=\"application\/ld+json\" class=\"yoast-schema-graph\">{\"@context\":\"https:\\\/\\\/schema.org\",\"@graph\":[{\"@type\":\"WebPage\",\"@id\":\"https:\\\/\\\/www.baque.com\\\/es\\\/conocenos\\\/donde-estamos\\\/\",\"url\":\"https:\\\/\\\/www.baque.com\\\/es\\\/conocenos\\\/donde-estamos\\\/\",\"name\":\"D\u00f3nde estamos | Proveedores caf\u00e9 en Espa\u00f1a | Caf\u00e9s Baqu\u00e9\",\"isPartOf\":{\"@id\":\"https:\\\/\\\/www.baque.com\\\/es\\\/#website\"},\"datePublished\":\"2018-01-30T12:54:53+00:00\",\"dateModified\":\"2023-04-12T07:40:40+00:00\",\"description\":\"Conoce d\u00f3nde est\u00e1 Caf\u00e9s Baqu\u00e9, su sede principal y las delegaciones en todo el pa\u00eds para distribuir de forma eficaz el mejor caf\u00e9.\",\"breadcrumb\":{\"@id\":\"https:\\\/\\\/www.baque.com\\\/es\\\/conocenos\\\/donde-estamos\\\/#breadcrumb\"},\"inLanguage\":\"es\",\"potentialAction\":[{\"@type\":\"ReadAction\",\"target\":[\"https:\\\/\\\/www.baque.com\\\/es\\\/conocenos\\\/donde-estamos\\\/\"]}]},{\"@type\":\"BreadcrumbList\",\"@id\":\"https:\\\/\\\/www.baque.com\\\/es\\\/conocenos\\\/donde-estamos\\\/#breadcrumb\",\"itemListElement\":[{\"@type\":\"ListItem\",\"position\":1,\"name\":\"Portada\",\"item\":\"https:\\\/\\\/www.baque.com\\\/es\\\/\"},{\"@type\":\"ListItem\",\"position\":2,\"name\":\"Con\u00f3cenos\",\"item\":\"https:\\\/\\\/www.baque.com\\\/es\\\/conocenos\\\/\"},{\"@type\":\"ListItem\",\"position\":3,\"name\":\"D\u00f3nde estamos\"}]},{\"@type\":\"WebSite\",\"@id\":\"https:\\\/\\\/www.baque.com\\\/es\\\/#website\",\"url\":\"https:\\\/\\\/www.baque.com\\\/es\\\/\",\"name\":\"Caf\u00e9s Baqu\u00e9\",\"description\":\"Somos l\u00edderes en hosteler\u00eda en Pa\u00eds Vasco y La Rioja y una de las marcas m\u00e1s reconocidas en el mercado nacional. Somos una empresa familiar en constante innovaci\u00f3n en el producto. Tostamos y distribuimos caf\u00e9 molido, en grano y c\u00e1psulas para disfrutar en casa, en el bar y en la oficina.\",\"potentialAction\":[{\"@type\":\"SearchAction\",\"target\":{\"@type\":\"EntryPoint\",\"urlTemplate\":\"https:\\\/\\\/www.baque.com\\\/es\\\/?s={search_term_string}\"},\"query-input\":{\"@type\":\"PropertyValueSpecification\",\"valueRequired\":true,\"valueName\":\"search_term_string\"}}],\"inLanguage\":\"es\"}]}<\/script>\n<!-- \/ Yoast SEO plugin. -->","yoast_head_json":{"title":"D\u00f3nde estamos | Proveedores caf\u00e9 en Espa\u00f1a | Caf\u00e9s Baqu\u00e9","description":"Conoce d\u00f3nde est\u00e1 Caf\u00e9s Baqu\u00e9, su sede principal y las delegaciones en todo el pa\u00eds para distribuir de forma eficaz el mejor caf\u00e9.","robots":{"index":"index","follow":"follow","max-snippet":"max-snippet:-1","max-image-preview":"max-image-preview:large","max-video-preview":"max-video-preview:-1"},"og_locale":"es_ES","og_type":"article","og_title":"D\u00f3nde estamos | Proveedores caf\u00e9 en Espa\u00f1a | Caf\u00e9s Baqu\u00e9","og_description":"Conoce d\u00f3nde est\u00e1 Caf\u00e9s Baqu\u00e9, su sede principal y las delegaciones en todo el pa\u00eds para distribuir de forma eficaz el mejor caf\u00e9.","og_url":"https:\/\/www.baque.com\/es\/conocenos\/donde-estamos\/","og_site_name":"Caf\u00e9s Baqu\u00e9","article_modified_time":"2023-04-12T07:40:40+00:00","twitter_card":"summary_large_image","twitter_misc":{"Tiempo de lectura":"1 minuto"},"schema":{"@context":"https:\/\/schema.org","@graph":[{"@type":"WebPage","@id":"https:\/\/www.baque.com\/es\/conocenos\/donde-estamos\/","url":"https:\/\/www.baque.com\/es\/conocenos\/donde-estamos\/","name":"D\u00f3nde estamos | Proveedores caf\u00e9 en Espa\u00f1a | Caf\u00e9s Baqu\u00e9","isPartOf":{"@id":"https:\/\/www.baque.com\/es\/#website"},"datePublished":"2018-01-30T12:54:53+00:00","dateModified":"2023-04-12T07:40:40+00:00","description":"Conoce d\u00f3nde est\u00e1 Caf\u00e9s Baqu\u00e9, su sede principal y las delegaciones en todo el pa\u00eds para distribuir de forma eficaz el mejor caf\u00e9.","breadcrumb":{"@id":"https:\/\/www.baque.com\/es\/conocenos\/donde-estamos\/#breadcrumb"},"inLanguage":"es","potentialAction":[{"@type":"ReadAction","target":["https:\/\/www.baque.com\/es\/conocenos\/donde-estamos\/"]}]},{"@type":"BreadcrumbList","@id":"https:\/\/www.baque.com\/es\/conocenos\/donde-estamos\/#breadcrumb","itemListElement":[{"@type":"ListItem","position":1,"name":"Portada","item":"https:\/\/www.baque.com\/es\/"},{"@type":"ListItem","position":2,"name":"Con\u00f3cenos","item":"https:\/\/www.baque.com\/es\/conocenos\/"},{"@type":"ListItem","position":3,"name":"D\u00f3nde estamos"}]},{"@type":"WebSite","@id":"https:\/\/www.baque.com\/es\/#website","url":"https:\/\/www.baque.com\/es\/","name":"Caf\u00e9s Baqu\u00e9","description":"Somos l\u00edderes en hosteler\u00eda en Pa\u00eds Vasco y La Rioja y una de las marcas m\u00e1s reconocidas en el mercado nacional. Somos una empresa familiar en constante innovaci\u00f3n en el producto. Tostamos y distribuimos caf\u00e9 molido, en grano y c\u00e1psulas para disfrutar en casa, en el bar y en la oficina.","potentialAction":[{"@type":"SearchAction","target":{"@type":"EntryPoint","urlTemplate":"https:\/\/www.baque.com\/es\/?s={search_term_string}"},"query-input":{"@type":"PropertyValueSpecification","valueRequired":true,"valueName":"search_term_string"}}],"inLanguage":"es"}]}},"_links":{"self":[{"href":"https:\/\/www.baque.com\/es\/wp-json\/wp\/v2\/pages\/351","targetHints":{"allow":["GET"]}}],"collection":[{"href":"https:\/\/www.baque.com\/es\/wp-json\/wp\/v2\/pages"}],"about":[{"href":"https:\/\/www.baque.com\/es\/wp-json\/wp\/v2\/types\/page"}],"author":[{"embeddable":true,"href":"https:\/\/www.baque.com\/es\/wp-json\/wp\/v2\/users\/1"}],"replies":[{"embeddable":true,"href":"https:\/\/www.baque.com\/es\/wp-json\/wp\/v2\/comments?post=351"}],"version-history":[{"count":16,"href":"https:\/\/www.baque.com\/es\/wp-json\/wp\/v2\/pages\/351\/revisions"}],"predecessor-version":[{"id":1382065,"href":"https:\/\/www.baque.com\/es\/wp-json\/wp\/v2\/pages\/351\/revisions\/1382065"}],"up":[{"embeddable":true,"href":"https:\/\/www.baque.com\/es\/wp-json\/wp\/v2\/pages\/338"}],"wp:attachment":[{"href":"https:\/\/www.baque.com\/es\/wp-json\/wp\/v2\/media?parent=351"}],"curies":[{"name":"wp","href":"https:\/\/api.w.org\/{rel}","templated":true}]}}