
{"id":367757,"date":"2021-03-15T14:29:09","date_gmt":"2021-03-15T12:29:09","guid":{"rendered":"https:\/\/www.baque.com\/?page_id=367757"},"modified":"2021-03-15T14:41:51","modified_gmt":"2021-03-15T12:41:51","slug":"gracias","status":"publish","type":"page","link":"https:\/\/www.baque.com\/es\/gracias\/","title":{"rendered":"Muchas gracias por contactar con nosotros."},"content":{"rendered":"<h2>En breve nos pondremos en contacto contigo.<\/h2>\r\n<!-- \/wp:post-content --><!-- wp:shortcode -->\r\n\r\n<div class='separator height25' ><\/div>\r\n\r\n<!-- \/wp:shortcode --><!-- wp:paragraph -->\r\n\r\nDe mientras, puedes seguir navegando por nuestro blog.\r\n\r\n<!-- \/wp:paragraph --><!-- wp:shortcode -->\r\n\r\n<div class='separator height25' ><\/div>\r\n\r\n<!-- \/wp:shortcode --><!-- wp:paragraph -->\r\n\r\n<a href='\/es\/blog-cafes-baque\/' class='button ' target='_blank'>Ir al blog<\/a>","protected":false},"excerpt":{"rendered":"<p>En breve nos pondremos en contacto contigo. De mientras, puedes seguir navegando por nuestro blog.<\/p>\n","protected":false},"author":4013,"featured_media":0,"parent":0,"menu_order":0,"comment_status":"closed","ping_status":"closed","template":"page-typ.php","meta":{"_acf_changed":false,"footnotes":""},"class_list":["post-367757","page","type-page","status-publish","hentry"],"acf":[],"yoast_head":"<!-- This site is optimized with the Yoast SEO plugin v27.3 - https:\/\/yoast.com\/product\/yoast-seo-wordpress\/ -->\n<title>Muchas gracias por contactar con nosotros. - Caf\u00e9s Baqu\u00e9<\/title>\n<meta name=\"robots\" content=\"index, follow, max-snippet:-1, max-image-preview:large, max-video-preview:-1\" \/>\n<meta property=\"og:locale\" content=\"es_ES\" \/>\n<meta property=\"og:type\" content=\"article\" \/>\n<meta property=\"og:title\" content=\"Muchas gracias por contactar con nosotros. - Caf\u00e9s Baqu\u00e9\" \/>\n<meta property=\"og:description\" content=\"En breve nos pondremos en contacto contigo. De mientras, puedes seguir navegando por nuestro blog.\" \/>\n<meta property=\"og:url\" content=\"https:\/\/www.baque.com\/es\/gracias\/\" \/>\n<meta property=\"og:site_name\" content=\"Caf\u00e9s Baqu\u00e9\" \/>\n<meta property=\"article:modified_time\" content=\"2021-03-15T12:41:51+00:00\" \/>\n<meta name=\"twitter:card\" content=\"summary_large_image\" \/>\n<script type=\"application\/ld+json\" class=\"yoast-schema-graph\">{\"@context\":\"https:\\\/\\\/schema.org\",\"@graph\":[{\"@type\":\"WebPage\",\"@id\":\"https:\\\/\\\/www.baque.com\\\/es\\\/gracias\\\/\",\"url\":\"https:\\\/\\\/www.baque.com\\\/es\\\/gracias\\\/\",\"name\":\"Muchas gracias por contactar con nosotros. - Caf\u00e9s Baqu\u00e9\",\"isPartOf\":{\"@id\":\"https:\\\/\\\/www.baque.com\\\/es\\\/#website\"},\"datePublished\":\"2021-03-15T12:29:09+00:00\",\"dateModified\":\"2021-03-15T12:41:51+00:00\",\"breadcrumb\":{\"@id\":\"https:\\\/\\\/www.baque.com\\\/es\\\/gracias\\\/#breadcrumb\"},\"inLanguage\":\"es\",\"potentialAction\":[{\"@type\":\"ReadAction\",\"target\":[\"https:\\\/\\\/www.baque.com\\\/es\\\/gracias\\\/\"]}]},{\"@type\":\"BreadcrumbList\",\"@id\":\"https:\\\/\\\/www.baque.com\\\/es\\\/gracias\\\/#breadcrumb\",\"itemListElement\":[{\"@type\":\"ListItem\",\"position\":1,\"name\":\"Portada\",\"item\":\"https:\\\/\\\/www.baque.com\\\/es\\\/\"},{\"@type\":\"ListItem\",\"position\":2,\"name\":\"Muchas gracias por contactar con nosotros.\"}]},{\"@type\":\"WebSite\",\"@id\":\"https:\\\/\\\/www.baque.com\\\/es\\\/#website\",\"url\":\"https:\\\/\\\/www.baque.com\\\/es\\\/\",\"name\":\"Caf\u00e9s Baqu\u00e9\",\"description\":\"Somos l\u00edderes en hosteler\u00eda en Pa\u00eds Vasco y La Rioja y una de las marcas m\u00e1s reconocidas en el mercado nacional. Somos una empresa familiar en constante innovaci\u00f3n en el producto. Tostamos y distribuimos caf\u00e9 molido, en grano y c\u00e1psulas para disfrutar en casa, en el bar y en la oficina.\",\"potentialAction\":[{\"@type\":\"SearchAction\",\"target\":{\"@type\":\"EntryPoint\",\"urlTemplate\":\"https:\\\/\\\/www.baque.com\\\/es\\\/?s={search_term_string}\"},\"query-input\":{\"@type\":\"PropertyValueSpecification\",\"valueRequired\":true,\"valueName\":\"search_term_string\"}}],\"inLanguage\":\"es\"}]}<\/script>\n<!-- \/ Yoast SEO plugin. -->","yoast_head_json":{"title":"Muchas gracias por contactar con nosotros. - Caf\u00e9s Baqu\u00e9","robots":{"index":"index","follow":"follow","max-snippet":"max-snippet:-1","max-image-preview":"max-image-preview:large","max-video-preview":"max-video-preview:-1"},"og_locale":"es_ES","og_type":"article","og_title":"Muchas gracias por contactar con nosotros. - Caf\u00e9s Baqu\u00e9","og_description":"En breve nos pondremos en contacto contigo. De mientras, puedes seguir navegando por nuestro blog.","og_url":"https:\/\/www.baque.com\/es\/gracias\/","og_site_name":"Caf\u00e9s Baqu\u00e9","article_modified_time":"2021-03-15T12:41:51+00:00","twitter_card":"summary_large_image","schema":{"@context":"https:\/\/schema.org","@graph":[{"@type":"WebPage","@id":"https:\/\/www.baque.com\/es\/gracias\/","url":"https:\/\/www.baque.com\/es\/gracias\/","name":"Muchas gracias por contactar con nosotros. - Caf\u00e9s Baqu\u00e9","isPartOf":{"@id":"https:\/\/www.baque.com\/es\/#website"},"datePublished":"2021-03-15T12:29:09+00:00","dateModified":"2021-03-15T12:41:51+00:00","breadcrumb":{"@id":"https:\/\/www.baque.com\/es\/gracias\/#breadcrumb"},"inLanguage":"es","potentialAction":[{"@type":"ReadAction","target":["https:\/\/www.baque.com\/es\/gracias\/"]}]},{"@type":"BreadcrumbList","@id":"https:\/\/www.baque.com\/es\/gracias\/#breadcrumb","itemListElement":[{"@type":"ListItem","position":1,"name":"Portada","item":"https:\/\/www.baque.com\/es\/"},{"@type":"ListItem","position":2,"name":"Muchas gracias por contactar con nosotros."}]},{"@type":"WebSite","@id":"https:\/\/www.baque.com\/es\/#website","url":"https:\/\/www.baque.com\/es\/","name":"Caf\u00e9s Baqu\u00e9","description":"Somos l\u00edderes en hosteler\u00eda en Pa\u00eds Vasco y La Rioja y una de las marcas m\u00e1s reconocidas en el mercado nacional. Somos una empresa familiar en constante innovaci\u00f3n en el producto. Tostamos y distribuimos caf\u00e9 molido, en grano y c\u00e1psulas para disfrutar en casa, en el bar y en la oficina.","potentialAction":[{"@type":"SearchAction","target":{"@type":"EntryPoint","urlTemplate":"https:\/\/www.baque.com\/es\/?s={search_term_string}"},"query-input":{"@type":"PropertyValueSpecification","valueRequired":true,"valueName":"search_term_string"}}],"inLanguage":"es"}]}},"_links":{"self":[{"href":"https:\/\/www.baque.com\/es\/wp-json\/wp\/v2\/pages\/367757","targetHints":{"allow":["GET"]}}],"collection":[{"href":"https:\/\/www.baque.com\/es\/wp-json\/wp\/v2\/pages"}],"about":[{"href":"https:\/\/www.baque.com\/es\/wp-json\/wp\/v2\/types\/page"}],"author":[{"embeddable":true,"href":"https:\/\/www.baque.com\/es\/wp-json\/wp\/v2\/users\/4013"}],"replies":[{"embeddable":true,"href":"https:\/\/www.baque.com\/es\/wp-json\/wp\/v2\/comments?post=367757"}],"version-history":[{"count":3,"href":"https:\/\/www.baque.com\/es\/wp-json\/wp\/v2\/pages\/367757\/revisions"}],"predecessor-version":[{"id":367771,"href":"https:\/\/www.baque.com\/es\/wp-json\/wp\/v2\/pages\/367757\/revisions\/367771"}],"wp:attachment":[{"href":"https:\/\/www.baque.com\/es\/wp-json\/wp\/v2\/media?parent=367757"}],"curies":[{"name":"wp","href":"https:\/\/api.w.org\/{rel}","templated":true}]}}