
{"id":3983748,"date":"2026-03-03T11:16:30","date_gmt":"2026-03-03T10:16:30","guid":{"rendered":"https:\/\/www.baque.com\/?page_id=3983748"},"modified":"2026-03-04T16:02:48","modified_gmt":"2026-03-04T15:02:48","slug":"solubles","status":"publish","type":"page","link":"https:\/\/www.baque.com\/es\/para-casa\/tes-infusiones\/solubles\/","title":{"rendered":"T\u00e9s &#038; infusiones Solubles"},"content":{"rendered":"<section  id='basicas' class='introtext'><div class='container'>\n<h2>Eleva tu propuesta de bebidas con nuestra gama de Lattes Solubles.<\/h2>\n<p class=\"text-center\">Cambia tu rutina y dale a tu cuerpo la pureza que merece. Nuestros <b>Lattes Solubles<\/b> no son solo una bebida, son una explosi\u00f3n de nutrici\u00f3n y bienestar dise\u00f1ada para quienes buscan algo m\u00e1s que cafe\u00edna.<\/p>\n<p class=\"text-center\">Una f\u00f3rmula limpia y saludable que te ofrece ese empuj\u00f3n de energ\u00eda natural con una experiencia sensorial \u00fanica. <b>Date un capricho ex\u00f3tico<\/b> sin salir de casa y disfruta de una bebida visualmente espectacular que es tan buena para tu cuerpo como para tu<br \/>\nfeed de fotos.<\/p>\n<p><\/div><\/section><br \/>\n<section  id='basicas-1' class='videophoto expand nocontainer'><img src='\/wp-content\/themes\/baque\/img\/images\/solubles-family.webp' class='bg' alt='' \/><img src='\/wp-content\/themes\/baque\/img\/images\/solubles-family.webp' class='bgresp' alt='' \/><div class='container'><\/div><\/section><br \/>\n<section  id='basicas-2' class='products expand products1'><div class='container'><br \/>\n<div class='product' itemscope itemtype='http:\/\/schema.org\/Product'>\n\t\t\t<div><img itemprop='image' src='\/wp-content\/themes\/baque\/img\/images\/match_pink_baque.png' alt='SOLUBLES' \/><\/div>\n\t\t\t<h3 itemprop='name'>SOLUBLES<\/h3>\t<a href='\/es\/comprar\/tes-infusiones\/tes-solubles\/' class='button'>COMPRAR AHORA<\/a><\/div><br \/>\n<\/div><\/section><br \/>\n<section  id='basicas-3' class='squares videophoto cols3 borderwhite borderwhitefooter'><br \/>\n<div  class='square nocontainer'>\n\t\t\t<img src='\/wp-content\/themes\/baque\/img\/images\/solubles-1.webp' class='bg withoutbgresp' alt='' \/>\n\t\t\t\n\t\t\t<div class='container'>\n\t\t\t\t\n\t\t\t<\/div>\n\t\t<\/div><br \/>\n<div  class='square nocontainer'>\n\t\t\t<img src='\/wp-content\/themes\/baque\/img\/images\/solubles-2.webp' class='bg withoutbgresp' alt='' \/>\n\t\t\t\n\t\t\t<div class='container'>\n\t\t\t\t\n\t\t\t<\/div>\n\t\t<\/div><br \/>\n<div  class='square nocontainer'>\n\t\t\t<img src='\/wp-content\/themes\/baque\/img\/images\/solubles-3.webp' class='bg withoutbgresp' alt='' \/>\n\t\t\t\n\t\t\t<div class='container'>\n\t\t\t\t\n\t\t\t<\/div>\n\t\t<\/div><br \/>\n<\/section><\/p>\n","protected":false},"excerpt":{"rendered":"","protected":false},"author":4013,"featured_media":0,"parent":172,"menu_order":20,"comment_status":"closed","ping_status":"closed","template":"","meta":{"_acf_changed":false,"footnotes":""},"class_list":["post-3983748","page","type-page","status-publish","hentry"],"acf":[],"yoast_head":"<!-- This site is optimized with the Yoast SEO plugin v27.3 - https:\/\/yoast.com\/product\/yoast-seo-wordpress\/ -->\n<title>Lattes solubles | Comprar Infusiones para casa | Caf\u00e9s Baqu\u00e9<\/title>\n<meta name=\"description\" content=\"Cambia tu rutina y dale a tu cuerpo la pureza que merece. Nuestros Lattes Solubles no son solo una bebida, son una explosi\u00f3n de nutrici\u00f3n y bienestar dise\u00f1ada para quienes buscan algo m\u00e1s que cafe\u00edna.\" \/>\n<meta name=\"robots\" content=\"index, follow, max-snippet:-1, max-image-preview:large, max-video-preview:-1\" \/>\n<meta property=\"og:locale\" content=\"es_ES\" \/>\n<meta property=\"og:type\" content=\"article\" \/>\n<meta property=\"og:title\" content=\"Lattes solubles | Comprar Infusiones para casa | Caf\u00e9s Baqu\u00e9\" \/>\n<meta property=\"og:description\" content=\"Cambia tu rutina y dale a tu cuerpo la pureza que merece. Nuestros Lattes Solubles no son solo una bebida, son una explosi\u00f3n de nutrici\u00f3n y bienestar dise\u00f1ada para quienes buscan algo m\u00e1s que cafe\u00edna.\" \/>\n<meta property=\"og:url\" content=\"https:\/\/www.baque.com\/es\/para-casa\/tes-infusiones\/solubles\/\" \/>\n<meta property=\"og:site_name\" content=\"Caf\u00e9s Baqu\u00e9\" \/>\n<meta property=\"article:modified_time\" content=\"2026-03-04T15:02:48+00:00\" \/>\n<meta name=\"twitter:card\" content=\"summary_large_image\" \/>\n<meta name=\"twitter:label1\" content=\"Tiempo de lectura\" \/>\n\t<meta name=\"twitter:data1\" content=\"1 minuto\" \/>\n<script type=\"application\/ld+json\" class=\"yoast-schema-graph\">{\"@context\":\"https:\\\/\\\/schema.org\",\"@graph\":[{\"@type\":\"WebPage\",\"@id\":\"https:\\\/\\\/www.baque.com\\\/es\\\/para-casa\\\/tes-infusiones\\\/solubles\\\/\",\"url\":\"https:\\\/\\\/www.baque.com\\\/es\\\/para-casa\\\/tes-infusiones\\\/solubles\\\/\",\"name\":\"Lattes solubles | Comprar Infusiones para casa | Caf\u00e9s Baqu\u00e9\",\"isPartOf\":{\"@id\":\"https:\\\/\\\/www.baque.com\\\/es\\\/#website\"},\"datePublished\":\"2026-03-03T10:16:30+00:00\",\"dateModified\":\"2026-03-04T15:02:48+00:00\",\"description\":\"Cambia tu rutina y dale a tu cuerpo la pureza que merece. Nuestros Lattes Solubles no son solo una bebida, son una explosi\u00f3n de nutrici\u00f3n y bienestar dise\u00f1ada para quienes buscan algo m\u00e1s que cafe\u00edna.\",\"breadcrumb\":{\"@id\":\"https:\\\/\\\/www.baque.com\\\/es\\\/para-casa\\\/tes-infusiones\\\/solubles\\\/#breadcrumb\"},\"inLanguage\":\"es\",\"potentialAction\":[{\"@type\":\"ReadAction\",\"target\":[\"https:\\\/\\\/www.baque.com\\\/es\\\/para-casa\\\/tes-infusiones\\\/solubles\\\/\"]}]},{\"@type\":\"BreadcrumbList\",\"@id\":\"https:\\\/\\\/www.baque.com\\\/es\\\/para-casa\\\/tes-infusiones\\\/solubles\\\/#breadcrumb\",\"itemListElement\":[{\"@type\":\"ListItem\",\"position\":1,\"name\":\"Portada\",\"item\":\"https:\\\/\\\/www.baque.com\\\/es\\\/\"},{\"@type\":\"ListItem\",\"position\":2,\"name\":\"Para casa\",\"item\":\"https:\\\/\\\/www.baque.com\\\/es\\\/para-casa\\\/\"},{\"@type\":\"ListItem\",\"position\":3,\"name\":\"T\u00e9s &#038; Infusiones\",\"item\":\"https:\\\/\\\/www.baque.com\\\/es\\\/para-casa\\\/tes-infusiones\\\/\"},{\"@type\":\"ListItem\",\"position\":4,\"name\":\"T\u00e9s &#038; infusiones Solubles\"}]},{\"@type\":\"WebSite\",\"@id\":\"https:\\\/\\\/www.baque.com\\\/es\\\/#website\",\"url\":\"https:\\\/\\\/www.baque.com\\\/es\\\/\",\"name\":\"Caf\u00e9s Baqu\u00e9\",\"description\":\"Somos l\u00edderes en hosteler\u00eda en Pa\u00eds Vasco y La Rioja y una de las marcas m\u00e1s reconocidas en el mercado nacional. Somos una empresa familiar en constante innovaci\u00f3n en el producto. Tostamos y distribuimos caf\u00e9 molido, en grano y c\u00e1psulas para disfrutar en casa, en el bar y en la oficina.\",\"potentialAction\":[{\"@type\":\"SearchAction\",\"target\":{\"@type\":\"EntryPoint\",\"urlTemplate\":\"https:\\\/\\\/www.baque.com\\\/es\\\/?s={search_term_string}\"},\"query-input\":{\"@type\":\"PropertyValueSpecification\",\"valueRequired\":true,\"valueName\":\"search_term_string\"}}],\"inLanguage\":\"es\"}]}<\/script>\n<!-- \/ Yoast SEO plugin. -->","yoast_head_json":{"title":"Lattes solubles | Comprar Infusiones para casa | Caf\u00e9s Baqu\u00e9","description":"Cambia tu rutina y dale a tu cuerpo la pureza que merece. Nuestros Lattes Solubles no son solo una bebida, son una explosi\u00f3n de nutrici\u00f3n y bienestar dise\u00f1ada para quienes buscan algo m\u00e1s que cafe\u00edna.","robots":{"index":"index","follow":"follow","max-snippet":"max-snippet:-1","max-image-preview":"max-image-preview:large","max-video-preview":"max-video-preview:-1"},"og_locale":"es_ES","og_type":"article","og_title":"Lattes solubles | Comprar Infusiones para casa | Caf\u00e9s Baqu\u00e9","og_description":"Cambia tu rutina y dale a tu cuerpo la pureza que merece. Nuestros Lattes Solubles no son solo una bebida, son una explosi\u00f3n de nutrici\u00f3n y bienestar dise\u00f1ada para quienes buscan algo m\u00e1s que cafe\u00edna.","og_url":"https:\/\/www.baque.com\/es\/para-casa\/tes-infusiones\/solubles\/","og_site_name":"Caf\u00e9s Baqu\u00e9","article_modified_time":"2026-03-04T15:02:48+00:00","twitter_card":"summary_large_image","twitter_misc":{"Tiempo de lectura":"1 minuto"},"schema":{"@context":"https:\/\/schema.org","@graph":[{"@type":"WebPage","@id":"https:\/\/www.baque.com\/es\/para-casa\/tes-infusiones\/solubles\/","url":"https:\/\/www.baque.com\/es\/para-casa\/tes-infusiones\/solubles\/","name":"Lattes solubles | Comprar Infusiones para casa | Caf\u00e9s Baqu\u00e9","isPartOf":{"@id":"https:\/\/www.baque.com\/es\/#website"},"datePublished":"2026-03-03T10:16:30+00:00","dateModified":"2026-03-04T15:02:48+00:00","description":"Cambia tu rutina y dale a tu cuerpo la pureza que merece. Nuestros Lattes Solubles no son solo una bebida, son una explosi\u00f3n de nutrici\u00f3n y bienestar dise\u00f1ada para quienes buscan algo m\u00e1s que cafe\u00edna.","breadcrumb":{"@id":"https:\/\/www.baque.com\/es\/para-casa\/tes-infusiones\/solubles\/#breadcrumb"},"inLanguage":"es","potentialAction":[{"@type":"ReadAction","target":["https:\/\/www.baque.com\/es\/para-casa\/tes-infusiones\/solubles\/"]}]},{"@type":"BreadcrumbList","@id":"https:\/\/www.baque.com\/es\/para-casa\/tes-infusiones\/solubles\/#breadcrumb","itemListElement":[{"@type":"ListItem","position":1,"name":"Portada","item":"https:\/\/www.baque.com\/es\/"},{"@type":"ListItem","position":2,"name":"Para casa","item":"https:\/\/www.baque.com\/es\/para-casa\/"},{"@type":"ListItem","position":3,"name":"T\u00e9s &#038; Infusiones","item":"https:\/\/www.baque.com\/es\/para-casa\/tes-infusiones\/"},{"@type":"ListItem","position":4,"name":"T\u00e9s &#038; infusiones Solubles"}]},{"@type":"WebSite","@id":"https:\/\/www.baque.com\/es\/#website","url":"https:\/\/www.baque.com\/es\/","name":"Caf\u00e9s Baqu\u00e9","description":"Somos l\u00edderes en hosteler\u00eda en Pa\u00eds Vasco y La Rioja y una de las marcas m\u00e1s reconocidas en el mercado nacional. Somos una empresa familiar en constante innovaci\u00f3n en el producto. Tostamos y distribuimos caf\u00e9 molido, en grano y c\u00e1psulas para disfrutar en casa, en el bar y en la oficina.","potentialAction":[{"@type":"SearchAction","target":{"@type":"EntryPoint","urlTemplate":"https:\/\/www.baque.com\/es\/?s={search_term_string}"},"query-input":{"@type":"PropertyValueSpecification","valueRequired":true,"valueName":"search_term_string"}}],"inLanguage":"es"}]}},"_links":{"self":[{"href":"https:\/\/www.baque.com\/es\/wp-json\/wp\/v2\/pages\/3983748","targetHints":{"allow":["GET"]}}],"collection":[{"href":"https:\/\/www.baque.com\/es\/wp-json\/wp\/v2\/pages"}],"about":[{"href":"https:\/\/www.baque.com\/es\/wp-json\/wp\/v2\/types\/page"}],"author":[{"embeddable":true,"href":"https:\/\/www.baque.com\/es\/wp-json\/wp\/v2\/users\/4013"}],"replies":[{"embeddable":true,"href":"https:\/\/www.baque.com\/es\/wp-json\/wp\/v2\/comments?post=3983748"}],"version-history":[{"count":11,"href":"https:\/\/www.baque.com\/es\/wp-json\/wp\/v2\/pages\/3983748\/revisions"}],"predecessor-version":[{"id":3987139,"href":"https:\/\/www.baque.com\/es\/wp-json\/wp\/v2\/pages\/3983748\/revisions\/3987139"}],"up":[{"embeddable":true,"href":"https:\/\/www.baque.com\/es\/wp-json\/wp\/v2\/pages\/172"}],"wp:attachment":[{"href":"https:\/\/www.baque.com\/es\/wp-json\/wp\/v2\/media?parent=3983748"}],"curies":[{"name":"wp","href":"https:\/\/api.w.org\/{rel}","templated":true}]}}