
{"id":420434,"date":"2021-05-03T15:40:49","date_gmt":"2021-05-03T13:40:49","guid":{"rendered":"https:\/\/www.baque.com\/?page_id=420434"},"modified":"2021-05-04T10:42:22","modified_gmt":"2021-05-04T08:42:22","slug":"sorteo-capsulas-cacaolat-y-cafetera-dolce-gusto","status":"publish","type":"page","link":"https:\/\/www.baque.com\/es\/sorteo-capsulas-cacaolat-y-cafetera-dolce-gusto\/","title":{"rendered":"Bases sorteo c\u00e1psulas Cacaolat y cafetera Dolce Gusto"},"content":{"rendered":"\n<section  class='multicol'><div class='container'><\/p>\n\n\n\n<h2 class=\"wp-block-heading\">Sorteo en Instagram<\/h2>\n\n\n\n<p><strong>FECHAS DEL SORTEO. <\/strong>Del 4 al 11 de mayo de 2021. El 12 de mayo de 2021 se comunicar\u00e1 el ganador\/ra a lo largo de la ma\u00f1ana.<\/p>\n\n\n\n<p><p class=\"p1\"><strong>BASES DEL SORTEO.<\/strong> Concurso dirigido a usuarios de Instagram.<span style=\"font-size: inherit;\"> <\/span>Se sortear\u00e1n dos cajas de c\u00e1psulas y una cafetera Dolce Gusto, habr\u00e1 un ganador.<\/p><\/p>\n\n\n\n<p><strong>C\u00d3MO PARTICIPAR EN EL SORTEO.<\/strong><\/p>\n\n\n\n<ul class=\"wp-block-list\"><li>Seguir nuestra&nbsp;<a href=\"https:\/\/www.instagram.com\/cafesbaque\/?hl=es&amp;fbclid=IwAR1e1rpfdooJgZvBpTtTrKYJu8g4BVaZCykzk5DxIIFFMsUAKf5klleFOWs\" target=\"_blank\" rel=\"noreferrer noopener\"><strong>cuenta de Instagram<\/strong><\/a>.<\/li><li class=\"li1\"><span class=\"s1\">Dejar un comentario nombrando a un amigx&nbsp;que sabes que est\u00e1 deseando probarlas.<\/span><\/li><\/ul>\n\n\n\n<p><strong>FECHA SORTEO. <\/strong>El 12 de mayo de 2021 a las 10:00 h. La hora hasta la que se podr\u00e1 participar son las 23.59 del d\u00eda 11 de mayo de 2021.<\/p>\n\n\n\n<p><strong>NOTIFICACI\u00d3N A GANADORES DEL SORTEO.<\/strong> El ganador se seleccionar\u00e1 a trav\u00e9s de easypromos. Se le notificar\u00e1 al ganador o ganadora a trav\u00e9s de un mensaje personal y a su vez se comunicar\u00e1 en las stories de Instagram de Caf\u00e9s Baqu\u00e9.<\/p>\n\n\n\n<p><strong>C\u00d3MO RECOGER LOS PREMIOS. <\/strong>El premio se enviar\u00e1 al ganador por correo. Env\u00edos solo realizados a Pen\u00ednsula.<\/p>\n\n\n\n<p>&nbsp;\n\n<hr><\/p>\n\n\n\n<h2 class=\"wp-block-heading\">Sorteo en Facebook<\/h2>\n\n\n\n<p><strong>FECHAS DEL SORTEO. <\/strong>Del 4 al 11 de mayo de 2021. El 12 de mayo de 2021 se comunicar\u00e1 el ganador\/ra a lo largo de la ma\u00f1ana.<\/p>\n\n\n\n<p><p class=\"p1\"><strong>BASES DEL SORTEO.<\/strong> Concurso dirigido a usuarios de Facebook.<span style=\"font-size: inherit;\"> <\/span>Se sortear\u00e1n dos cajas de c\u00e1psulas y una cafetera Dolce Gusto, habr\u00e1 un ganador.<\/p><\/p>\n\n\n\n<p><strong>C\u00d3MO PARTICIPAR EN EL SORTEO.<\/strong><\/p>\n\n\n\n<ul class=\"wp-block-list\"><li>Seguir nuestra <strong><a href=\"https:\/\/www.facebook.com\/cafesbaque\" target=\"_blank\" rel=\"noreferrer noopener\" aria-label=\" (opens in a new tab)\">p\u00e1gina de Facebook<\/a><\/strong>.<\/li><li><span class=\"s1\">Dejar un comentario nombrando a un amigx&nbsp;que sabes que est\u00e1 deseando probarlas.<\/span><\/li><\/ul>\n\n\n\n<p><strong>FECHA SORTEO. <\/strong>El 12 de mayo de 2021 a las 10:00 h. La hora hasta la que se podr\u00e1 participar son las 23.59 del d\u00eda 11 de mayo de 2021.<\/p>\n\n\n\n<p><strong>NOTIFICACI\u00d3N A GANADORES DEL SORTEO. <\/strong>El ganador se seleccionar\u00e1 a trav\u00e9s de easypromos. Se le notificar\u00e1 al ganador o ganadora a trav\u00e9s de un mensaje personal y a su vez se comunicar\u00e1 en el perfil de Facebook de Caf\u00e9s Baqu\u00e9.<\/p>\n\n\n\n<p><strong>C\u00d3MO RECOGER LOS PREMIOS.<\/strong> El premio se enviar\u00e1 al ganador por correo. Env\u00edos solo realizados a Pen\u00ednsula.<\/p>\n\n\n\n<p><\/p>\n\n\n\n<p><\/div><\/section>\n","protected":false},"excerpt":{"rendered":"","protected":false},"author":4013,"featured_media":0,"parent":0,"menu_order":0,"comment_status":"closed","ping_status":"closed","template":"","meta":{"_acf_changed":false,"footnotes":""},"class_list":["post-420434","page","type-page","status-publish","hentry"],"acf":[],"yoast_head":"<!-- This site is optimized with the Yoast SEO plugin v27.3 - https:\/\/yoast.com\/product\/yoast-seo-wordpress\/ -->\n<title>Bases sorteo c\u00e1psulas Cacaolat y cafetera Dolce Gusto - Caf\u00e9s Baqu\u00e9<\/title>\n<meta name=\"robots\" content=\"index, follow, max-snippet:-1, max-image-preview:large, max-video-preview:-1\" \/>\n<meta property=\"og:locale\" content=\"es_ES\" \/>\n<meta property=\"og:type\" content=\"article\" \/>\n<meta property=\"og:title\" content=\"Bases sorteo c\u00e1psulas Cacaolat y cafetera Dolce Gusto - Caf\u00e9s Baqu\u00e9\" \/>\n<meta property=\"og:url\" content=\"https:\/\/www.baque.com\/es\/sorteo-capsulas-cacaolat-y-cafetera-dolce-gusto\/\" \/>\n<meta property=\"og:site_name\" content=\"Caf\u00e9s Baqu\u00e9\" \/>\n<meta property=\"article:modified_time\" content=\"2021-05-04T08:42:22+00:00\" \/>\n<meta name=\"twitter:card\" content=\"summary_large_image\" \/>\n<meta name=\"twitter:label1\" content=\"Tiempo de lectura\" \/>\n\t<meta name=\"twitter:data1\" content=\"2 minutos\" \/>\n<script type=\"application\/ld+json\" class=\"yoast-schema-graph\">{\"@context\":\"https:\\\/\\\/schema.org\",\"@graph\":[{\"@type\":\"WebPage\",\"@id\":\"https:\\\/\\\/www.baque.com\\\/es\\\/sorteo-capsulas-cacaolat-y-cafetera-dolce-gusto\\\/\",\"url\":\"https:\\\/\\\/www.baque.com\\\/es\\\/sorteo-capsulas-cacaolat-y-cafetera-dolce-gusto\\\/\",\"name\":\"Bases sorteo c\u00e1psulas Cacaolat y cafetera Dolce Gusto - Caf\u00e9s Baqu\u00e9\",\"isPartOf\":{\"@id\":\"https:\\\/\\\/www.baque.com\\\/es\\\/#website\"},\"datePublished\":\"2021-05-03T13:40:49+00:00\",\"dateModified\":\"2021-05-04T08:42:22+00:00\",\"breadcrumb\":{\"@id\":\"https:\\\/\\\/www.baque.com\\\/es\\\/sorteo-capsulas-cacaolat-y-cafetera-dolce-gusto\\\/#breadcrumb\"},\"inLanguage\":\"es\",\"potentialAction\":[{\"@type\":\"ReadAction\",\"target\":[\"https:\\\/\\\/www.baque.com\\\/es\\\/sorteo-capsulas-cacaolat-y-cafetera-dolce-gusto\\\/\"]}]},{\"@type\":\"BreadcrumbList\",\"@id\":\"https:\\\/\\\/www.baque.com\\\/es\\\/sorteo-capsulas-cacaolat-y-cafetera-dolce-gusto\\\/#breadcrumb\",\"itemListElement\":[{\"@type\":\"ListItem\",\"position\":1,\"name\":\"Portada\",\"item\":\"https:\\\/\\\/www.baque.com\\\/es\\\/\"},{\"@type\":\"ListItem\",\"position\":2,\"name\":\"Bases sorteo c\u00e1psulas Cacaolat y cafetera Dolce Gusto\"}]},{\"@type\":\"WebSite\",\"@id\":\"https:\\\/\\\/www.baque.com\\\/es\\\/#website\",\"url\":\"https:\\\/\\\/www.baque.com\\\/es\\\/\",\"name\":\"Caf\u00e9s Baqu\u00e9\",\"description\":\"Somos l\u00edderes en hosteler\u00eda en Pa\u00eds Vasco y La Rioja y una de las marcas m\u00e1s reconocidas en el mercado nacional. Somos una empresa familiar en constante innovaci\u00f3n en el producto. Tostamos y distribuimos caf\u00e9 molido, en grano y c\u00e1psulas para disfrutar en casa, en el bar y en la oficina.\",\"potentialAction\":[{\"@type\":\"SearchAction\",\"target\":{\"@type\":\"EntryPoint\",\"urlTemplate\":\"https:\\\/\\\/www.baque.com\\\/es\\\/?s={search_term_string}\"},\"query-input\":{\"@type\":\"PropertyValueSpecification\",\"valueRequired\":true,\"valueName\":\"search_term_string\"}}],\"inLanguage\":\"es\"}]}<\/script>\n<!-- \/ Yoast SEO plugin. -->","yoast_head_json":{"title":"Bases sorteo c\u00e1psulas Cacaolat y cafetera Dolce Gusto - Caf\u00e9s Baqu\u00e9","robots":{"index":"index","follow":"follow","max-snippet":"max-snippet:-1","max-image-preview":"max-image-preview:large","max-video-preview":"max-video-preview:-1"},"og_locale":"es_ES","og_type":"article","og_title":"Bases sorteo c\u00e1psulas Cacaolat y cafetera Dolce Gusto - Caf\u00e9s Baqu\u00e9","og_url":"https:\/\/www.baque.com\/es\/sorteo-capsulas-cacaolat-y-cafetera-dolce-gusto\/","og_site_name":"Caf\u00e9s Baqu\u00e9","article_modified_time":"2021-05-04T08:42:22+00:00","twitter_card":"summary_large_image","twitter_misc":{"Tiempo de lectura":"2 minutos"},"schema":{"@context":"https:\/\/schema.org","@graph":[{"@type":"WebPage","@id":"https:\/\/www.baque.com\/es\/sorteo-capsulas-cacaolat-y-cafetera-dolce-gusto\/","url":"https:\/\/www.baque.com\/es\/sorteo-capsulas-cacaolat-y-cafetera-dolce-gusto\/","name":"Bases sorteo c\u00e1psulas Cacaolat y cafetera Dolce Gusto - Caf\u00e9s Baqu\u00e9","isPartOf":{"@id":"https:\/\/www.baque.com\/es\/#website"},"datePublished":"2021-05-03T13:40:49+00:00","dateModified":"2021-05-04T08:42:22+00:00","breadcrumb":{"@id":"https:\/\/www.baque.com\/es\/sorteo-capsulas-cacaolat-y-cafetera-dolce-gusto\/#breadcrumb"},"inLanguage":"es","potentialAction":[{"@type":"ReadAction","target":["https:\/\/www.baque.com\/es\/sorteo-capsulas-cacaolat-y-cafetera-dolce-gusto\/"]}]},{"@type":"BreadcrumbList","@id":"https:\/\/www.baque.com\/es\/sorteo-capsulas-cacaolat-y-cafetera-dolce-gusto\/#breadcrumb","itemListElement":[{"@type":"ListItem","position":1,"name":"Portada","item":"https:\/\/www.baque.com\/es\/"},{"@type":"ListItem","position":2,"name":"Bases sorteo c\u00e1psulas Cacaolat y cafetera Dolce Gusto"}]},{"@type":"WebSite","@id":"https:\/\/www.baque.com\/es\/#website","url":"https:\/\/www.baque.com\/es\/","name":"Caf\u00e9s Baqu\u00e9","description":"Somos l\u00edderes en hosteler\u00eda en Pa\u00eds Vasco y La Rioja y una de las marcas m\u00e1s reconocidas en el mercado nacional. Somos una empresa familiar en constante innovaci\u00f3n en el producto. Tostamos y distribuimos caf\u00e9 molido, en grano y c\u00e1psulas para disfrutar en casa, en el bar y en la oficina.","potentialAction":[{"@type":"SearchAction","target":{"@type":"EntryPoint","urlTemplate":"https:\/\/www.baque.com\/es\/?s={search_term_string}"},"query-input":{"@type":"PropertyValueSpecification","valueRequired":true,"valueName":"search_term_string"}}],"inLanguage":"es"}]}},"_links":{"self":[{"href":"https:\/\/www.baque.com\/es\/wp-json\/wp\/v2\/pages\/420434","targetHints":{"allow":["GET"]}}],"collection":[{"href":"https:\/\/www.baque.com\/es\/wp-json\/wp\/v2\/pages"}],"about":[{"href":"https:\/\/www.baque.com\/es\/wp-json\/wp\/v2\/types\/page"}],"author":[{"embeddable":true,"href":"https:\/\/www.baque.com\/es\/wp-json\/wp\/v2\/users\/4013"}],"replies":[{"embeddable":true,"href":"https:\/\/www.baque.com\/es\/wp-json\/wp\/v2\/comments?post=420434"}],"version-history":[{"count":2,"href":"https:\/\/www.baque.com\/es\/wp-json\/wp\/v2\/pages\/420434\/revisions"}],"predecessor-version":[{"id":421277,"href":"https:\/\/www.baque.com\/es\/wp-json\/wp\/v2\/pages\/420434\/revisions\/421277"}],"wp:attachment":[{"href":"https:\/\/www.baque.com\/es\/wp-json\/wp\/v2\/media?parent=420434"}],"curies":[{"name":"wp","href":"https:\/\/api.w.org\/{rel}","templated":true}]}}