
{"id":4645,"date":"2018-10-16T15:47:01","date_gmt":"2018-10-16T13:47:01","guid":{"rendered":"http:\/\/www.baque.com\/?page_id=4645"},"modified":"2018-10-26T10:59:25","modified_gmt":"2018-10-26T08:59:25","slug":"organicas","status":"publish","type":"page","link":"https:\/\/www.baque.com\/es\/para-casa\/tes-infusiones\/organicas\/","title":{"rendered":"T\u00e9s &#038; infusiones org\u00e1nicas"},"content":{"rendered":"<section  id='organicas' class='introtext'><div class='container'>\n<h2>Grandes sabores y aromas de cultivo BIO.<\/h2>\n<p class=\"text-center\">Descubre nuestra gama de t\u00e9s e infusiones org\u00e1nicas, elaboradas con los mejores ingredientes seleccionados por todo el mundo y que no contienen fertilizantes sint\u00e9ticos, herbicidas, ni pesticidas. <\/p>\n<p class=\"text-center\">Una bebida 100% natural y respetuosa con el medio ambiente, ya que son infusiones envasadas en pir\u00e1mides compostables, que se degradan convirti\u00e9ndose en compost o abono.  <\/p>\n<p><\/div><\/section><br \/>\n<section  id='organicas-1' class='videophoto expand nocontainer'><img src='\/wp-content\/uploads\/2018\/10\/organicas.jpg' class='bg' alt='' \/><img src='\/wp-content\/uploads\/2018\/10\/para-tu-negocio-infusion-organica_resp.jpg' class='bgresp' alt='' \/><div class='container'><\/div><\/section><br \/>\n<section  id='organicas-2' class='products expand products1'><div class='container'><br \/>\n<div class='product' itemscope itemtype='http:\/\/schema.org\/Product'>\n\t\t\t<div><img itemprop='image' src='\/wp-content\/uploads\/2018\/10\/organicas-baque.png' alt='ORG\u00c1NICAS' \/><\/div>\n\t\t\t<h3 itemprop='name'>ORG\u00c1NICAS<\/h3>\t<a href='http:\/\/www.baque.com\/es\/comprar\/tes-infusiones-organicas\/' class='button'>COMPRAR AHORA<\/a><\/div><br \/>\n<\/div><\/section><br \/>\n<section  id='organicas-3' class='squares videophoto cols3 borderwhite borderwhitefooter'><br \/>\n<div  class='square nocontainer'>\n\t\t\t<img src='\/wp-content\/uploads\/2018\/10\/infusiones-organica-1.jpg' class='bg withoutbgresp' alt='' \/>\n\t\t\t\n\t\t\t<div class='container'>\n\t\t\t\t\n\t\t\t<\/div>\n\t\t<\/div><br \/>\n<div  class='square nocontainer'>\n\t\t\t<img src='\/wp-content\/uploads\/2018\/10\/infusiones-organica-2.jpg' class='bg withoutbgresp' alt='' \/>\n\t\t\t\n\t\t\t<div class='container'>\n\t\t\t\t\n\t\t\t<\/div>\n\t\t<\/div><br \/>\n<div  class='square nocontainer'>\n\t\t\t<img src='\/wp-content\/uploads\/2018\/10\/infusiones-organica-3.jpg' class='bg withoutbgresp' alt='' \/>\n\t\t\t\n\t\t\t<div class='container'>\n\t\t\t\t\n\t\t\t<\/div>\n\t\t<\/div><br \/>\n<\/section><\/p>\n","protected":false},"excerpt":{"rendered":"","protected":false},"author":1,"featured_media":0,"parent":172,"menu_order":30,"comment_status":"closed","ping_status":"closed","template":"","meta":{"_acf_changed":false,"footnotes":""},"class_list":["post-4645","page","type-page","status-publish","hentry"],"acf":[],"yoast_head":"<!-- This site is optimized with the Yoast SEO plugin v27.3 - https:\/\/yoast.com\/product\/yoast-seo-wordpress\/ -->\n<title>T\u00e9s org\u00e1nicos e infusiones org\u00e1nicas de cultivo biol\u00f3gico 100% natural<\/title>\n<meta name=\"description\" content=\"Descubre nuestra amplia gama de t\u00e9s org\u00e1nicos piramidales y de cultivo biol\u00f3gico, no contienen fertilizantes sint\u00e9ticos, herbicidas, ni pesticidas.\" \/>\n<meta name=\"robots\" content=\"index, follow, max-snippet:-1, max-image-preview:large, max-video-preview:-1\" \/>\n<meta property=\"og:locale\" content=\"es_ES\" \/>\n<meta property=\"og:type\" content=\"article\" \/>\n<meta property=\"og:title\" content=\"T\u00e9s org\u00e1nicos e infusiones org\u00e1nicas de cultivo biol\u00f3gico 100% natural\" \/>\n<meta property=\"og:description\" content=\"Descubre nuestra amplia gama de t\u00e9s org\u00e1nicos piramidales y de cultivo biol\u00f3gico, no contienen fertilizantes sint\u00e9ticos, herbicidas, ni pesticidas.\" \/>\n<meta property=\"og:url\" content=\"https:\/\/www.baque.com\/es\/para-casa\/tes-infusiones\/organicas\/\" \/>\n<meta property=\"og:site_name\" content=\"Caf\u00e9s Baqu\u00e9\" \/>\n<meta property=\"article:modified_time\" content=\"2018-10-26T08:59:25+00:00\" \/>\n<meta name=\"twitter:card\" content=\"summary_large_image\" \/>\n<meta name=\"twitter:label1\" content=\"Tiempo de lectura\" \/>\n\t<meta name=\"twitter:data1\" content=\"1 minuto\" \/>\n<script type=\"application\/ld+json\" class=\"yoast-schema-graph\">{\"@context\":\"https:\\\/\\\/schema.org\",\"@graph\":[{\"@type\":\"WebPage\",\"@id\":\"https:\\\/\\\/www.baque.com\\\/es\\\/para-casa\\\/tes-infusiones\\\/organicas\\\/\",\"url\":\"https:\\\/\\\/www.baque.com\\\/es\\\/para-casa\\\/tes-infusiones\\\/organicas\\\/\",\"name\":\"T\u00e9s org\u00e1nicos e infusiones org\u00e1nicas de cultivo biol\u00f3gico 100% natural\",\"isPartOf\":{\"@id\":\"https:\\\/\\\/www.baque.com\\\/es\\\/#website\"},\"datePublished\":\"2018-10-16T13:47:01+00:00\",\"dateModified\":\"2018-10-26T08:59:25+00:00\",\"description\":\"Descubre nuestra amplia gama de t\u00e9s org\u00e1nicos piramidales y de cultivo biol\u00f3gico, no contienen fertilizantes sint\u00e9ticos, herbicidas, ni pesticidas.\",\"breadcrumb\":{\"@id\":\"https:\\\/\\\/www.baque.com\\\/es\\\/para-casa\\\/tes-infusiones\\\/organicas\\\/#breadcrumb\"},\"inLanguage\":\"es\",\"potentialAction\":[{\"@type\":\"ReadAction\",\"target\":[\"https:\\\/\\\/www.baque.com\\\/es\\\/para-casa\\\/tes-infusiones\\\/organicas\\\/\"]}]},{\"@type\":\"BreadcrumbList\",\"@id\":\"https:\\\/\\\/www.baque.com\\\/es\\\/para-casa\\\/tes-infusiones\\\/organicas\\\/#breadcrumb\",\"itemListElement\":[{\"@type\":\"ListItem\",\"position\":1,\"name\":\"Portada\",\"item\":\"https:\\\/\\\/www.baque.com\\\/es\\\/\"},{\"@type\":\"ListItem\",\"position\":2,\"name\":\"Para casa\",\"item\":\"https:\\\/\\\/www.baque.com\\\/es\\\/para-casa\\\/\"},{\"@type\":\"ListItem\",\"position\":3,\"name\":\"T\u00e9s &#038; Infusiones\",\"item\":\"https:\\\/\\\/www.baque.com\\\/es\\\/para-casa\\\/tes-infusiones\\\/\"},{\"@type\":\"ListItem\",\"position\":4,\"name\":\"T\u00e9s &#038; infusiones org\u00e1nicas\"}]},{\"@type\":\"WebSite\",\"@id\":\"https:\\\/\\\/www.baque.com\\\/es\\\/#website\",\"url\":\"https:\\\/\\\/www.baque.com\\\/es\\\/\",\"name\":\"Caf\u00e9s Baqu\u00e9\",\"description\":\"Somos l\u00edderes en hosteler\u00eda en Pa\u00eds Vasco y La Rioja y una de las marcas m\u00e1s reconocidas en el mercado nacional. Somos una empresa familiar en constante innovaci\u00f3n en el producto. Tostamos y distribuimos caf\u00e9 molido, en grano y c\u00e1psulas para disfrutar en casa, en el bar y en la oficina.\",\"potentialAction\":[{\"@type\":\"SearchAction\",\"target\":{\"@type\":\"EntryPoint\",\"urlTemplate\":\"https:\\\/\\\/www.baque.com\\\/es\\\/?s={search_term_string}\"},\"query-input\":{\"@type\":\"PropertyValueSpecification\",\"valueRequired\":true,\"valueName\":\"search_term_string\"}}],\"inLanguage\":\"es\"}]}<\/script>\n<!-- \/ Yoast SEO plugin. -->","yoast_head_json":{"title":"T\u00e9s org\u00e1nicos e infusiones org\u00e1nicas de cultivo biol\u00f3gico 100% natural","description":"Descubre nuestra amplia gama de t\u00e9s org\u00e1nicos piramidales y de cultivo biol\u00f3gico, no contienen fertilizantes sint\u00e9ticos, herbicidas, ni pesticidas.","robots":{"index":"index","follow":"follow","max-snippet":"max-snippet:-1","max-image-preview":"max-image-preview:large","max-video-preview":"max-video-preview:-1"},"og_locale":"es_ES","og_type":"article","og_title":"T\u00e9s org\u00e1nicos e infusiones org\u00e1nicas de cultivo biol\u00f3gico 100% natural","og_description":"Descubre nuestra amplia gama de t\u00e9s org\u00e1nicos piramidales y de cultivo biol\u00f3gico, no contienen fertilizantes sint\u00e9ticos, herbicidas, ni pesticidas.","og_url":"https:\/\/www.baque.com\/es\/para-casa\/tes-infusiones\/organicas\/","og_site_name":"Caf\u00e9s Baqu\u00e9","article_modified_time":"2018-10-26T08:59:25+00:00","twitter_card":"summary_large_image","twitter_misc":{"Tiempo de lectura":"1 minuto"},"schema":{"@context":"https:\/\/schema.org","@graph":[{"@type":"WebPage","@id":"https:\/\/www.baque.com\/es\/para-casa\/tes-infusiones\/organicas\/","url":"https:\/\/www.baque.com\/es\/para-casa\/tes-infusiones\/organicas\/","name":"T\u00e9s org\u00e1nicos e infusiones org\u00e1nicas de cultivo biol\u00f3gico 100% natural","isPartOf":{"@id":"https:\/\/www.baque.com\/es\/#website"},"datePublished":"2018-10-16T13:47:01+00:00","dateModified":"2018-10-26T08:59:25+00:00","description":"Descubre nuestra amplia gama de t\u00e9s org\u00e1nicos piramidales y de cultivo biol\u00f3gico, no contienen fertilizantes sint\u00e9ticos, herbicidas, ni pesticidas.","breadcrumb":{"@id":"https:\/\/www.baque.com\/es\/para-casa\/tes-infusiones\/organicas\/#breadcrumb"},"inLanguage":"es","potentialAction":[{"@type":"ReadAction","target":["https:\/\/www.baque.com\/es\/para-casa\/tes-infusiones\/organicas\/"]}]},{"@type":"BreadcrumbList","@id":"https:\/\/www.baque.com\/es\/para-casa\/tes-infusiones\/organicas\/#breadcrumb","itemListElement":[{"@type":"ListItem","position":1,"name":"Portada","item":"https:\/\/www.baque.com\/es\/"},{"@type":"ListItem","position":2,"name":"Para casa","item":"https:\/\/www.baque.com\/es\/para-casa\/"},{"@type":"ListItem","position":3,"name":"T\u00e9s &#038; Infusiones","item":"https:\/\/www.baque.com\/es\/para-casa\/tes-infusiones\/"},{"@type":"ListItem","position":4,"name":"T\u00e9s &#038; infusiones org\u00e1nicas"}]},{"@type":"WebSite","@id":"https:\/\/www.baque.com\/es\/#website","url":"https:\/\/www.baque.com\/es\/","name":"Caf\u00e9s Baqu\u00e9","description":"Somos l\u00edderes en hosteler\u00eda en Pa\u00eds Vasco y La Rioja y una de las marcas m\u00e1s reconocidas en el mercado nacional. Somos una empresa familiar en constante innovaci\u00f3n en el producto. Tostamos y distribuimos caf\u00e9 molido, en grano y c\u00e1psulas para disfrutar en casa, en el bar y en la oficina.","potentialAction":[{"@type":"SearchAction","target":{"@type":"EntryPoint","urlTemplate":"https:\/\/www.baque.com\/es\/?s={search_term_string}"},"query-input":{"@type":"PropertyValueSpecification","valueRequired":true,"valueName":"search_term_string"}}],"inLanguage":"es"}]}},"_links":{"self":[{"href":"https:\/\/www.baque.com\/es\/wp-json\/wp\/v2\/pages\/4645","targetHints":{"allow":["GET"]}}],"collection":[{"href":"https:\/\/www.baque.com\/es\/wp-json\/wp\/v2\/pages"}],"about":[{"href":"https:\/\/www.baque.com\/es\/wp-json\/wp\/v2\/types\/page"}],"author":[{"embeddable":true,"href":"https:\/\/www.baque.com\/es\/wp-json\/wp\/v2\/users\/1"}],"replies":[{"embeddable":true,"href":"https:\/\/www.baque.com\/es\/wp-json\/wp\/v2\/comments?post=4645"}],"version-history":[{"count":13,"href":"https:\/\/www.baque.com\/es\/wp-json\/wp\/v2\/pages\/4645\/revisions"}],"predecessor-version":[{"id":4657,"href":"https:\/\/www.baque.com\/es\/wp-json\/wp\/v2\/pages\/4645\/revisions\/4657"}],"up":[{"embeddable":true,"href":"https:\/\/www.baque.com\/es\/wp-json\/wp\/v2\/pages\/172"}],"wp:attachment":[{"href":"https:\/\/www.baque.com\/es\/wp-json\/wp\/v2\/media?parent=4645"}],"curies":[{"name":"wp","href":"https:\/\/api.w.org\/{rel}","templated":true}]}}