
{"id":530712,"date":"2021-08-13T09:00:12","date_gmt":"2021-08-13T07:00:12","guid":{"rendered":"https:\/\/www.baque.com\/?page_id=530712"},"modified":"2021-08-13T09:33:22","modified_gmt":"2021-08-13T07:33:22","slug":"bases-sorteo-cafetera-athletic-real-sociedad","status":"publish","type":"page","link":"https:\/\/www.baque.com\/es\/bases-sorteo-cafetera-athletic-real-sociedad\/","title":{"rendered":"Bases Sorteo Cafetera &#8211; Athletic \/ Real Sociedad"},"content":{"rendered":"<section  class='multicol'><div class='container'>\r\n\r\n<!-- \/wp:post-content --><!-- wp:heading -->\r\n<h2>Sorteo en Instagram<\/h2>\r\n<!-- \/wp:heading --><!-- wp:paragraph -->\r\n\r\n<strong>FECHAS DEL SORTEO. <\/strong>Del 13 al 23 de agosto de 2021. El 23 de agosto de 2021 se comunicar\u00e1 el ganador\/ra a lo largo de la ma\u00f1ana.\r\n\r\n<!-- \/wp:paragraph --><!-- wp:paragraph -->\r\n<p class=\"p1\"><strong>BASES DEL SORTEO.<\/strong> Concurso dirigido a usuarios de Instagram.<\/p>\r\n<p class=\"p1\">Se sortear\u00e1 entre lxs participantes del sorteo de Instagram y Facebook una <a href=\"https:\/\/www.baque.com\/es\/blog\/nueva-cafetera-de-capsulas-xiaomi-scishare\/\">cafetera de c\u00e1psulas Xiaomi Scichare<\/a> vinilada exclusiva del Athletic Club o de la Real Sociedad (una por equipo)<\/p>\r\n<!-- \/wp:paragraph --><!-- wp:paragraph -->\r\n\r\n<strong>C\u00d3MO PARTICIPAR EN EL SORTEO.<\/strong>\r\n\r\n<!-- \/wp:paragraph --><!-- wp:list -->\r\n<ul>\r\n \t<li>Seguir nuestra\u00a0<a href=\"https:\/\/www.instagram.com\/cafesbaque\/?hl=es&amp;fbclid=IwAR1e1rpfdooJgZvBpTtTrKYJu8g4BVaZCykzk5DxIIFFMsUAKf5klleFOWs\" target=\"_blank\" rel=\"noreferrer noopener\"><strong>cuenta de Instagram<\/strong><\/a>.<\/li>\r\n \t<li>Cu\u00e9ntanos porqu\u00e9 debes ganar.<\/li>\r\n \t<li>Etiqueta a esa persona con qui\u00e9n compartes los goles y victorias de tu equipo favorito.<\/li>\r\n \t<li>No te olvides decirnos si eres m\u00e1s de la <a class=\" xil3i\" tabindex=\"0\" href=\"https:\/\/www.instagram.com\/explore\/tags\/realsociedad\/\">#RealSociedad<\/a>\u00a0o del\u00a0<a class=\" xil3i\" tabindex=\"0\" href=\"https:\/\/www.instagram.com\/explore\/tags\/athleticclub\/\">#AthleticClub<\/a><\/li>\r\n<\/ul>\r\n<!-- \/wp:list --><!-- wp:paragraph -->\r\n\r\n<strong>FECHA SORTEO. <\/strong>El 23 de agosto de 2021 a las 10:00 h, hora hasta la que se podr\u00e1 participar.\r\n\r\n<!-- \/wp:paragraph --><!-- wp:paragraph -->\r\n\r\n<strong>NOTIFICACI\u00d3N A GANADORES DEL SORTEO.<\/strong> El ganador se seleccionar\u00e1 a trav\u00e9s de easypromos. Se le notificar\u00e1 al ganador o ganadora a trav\u00e9s de un mensaje personal y a su vez se comunicar\u00e1 en las stories de Instagram de Caf\u00e9s Baqu\u00e9.\r\n\r\n<!-- \/wp:paragraph --><!-- wp:paragraph -->\r\n\r\n<strong>C\u00d3MO RECOGER LOS PREMIOS. <\/strong>El premio se enviar\u00e1 al ganador por correo. Env\u00edos solo realizados a Pen\u00ednsula.\r\n\r\n<!-- \/wp:paragraph --><!-- wp:paragraph -->\r\n\r\n&nbsp;\r\n\r\n<hr \/>\r\n\r\n<!-- \/wp:paragraph --><!-- wp:heading -->\r\n<h2>Sorteo en Facebook<\/h2>\r\n<!-- \/wp:heading --><!-- wp:paragraph -->\r\n\r\n<strong>FECHAS DEL SORTEO. <\/strong>Del 13 al 23 de agosto de 2021. El 23 de agosto de 2021 se comunicar\u00e1 el ganador\/ra a lo largo de la ma\u00f1ana.\r\n\r\n<!-- \/wp:paragraph --><!-- wp:paragraph -->\r\n<p class=\"p1\"><strong>BASES DEL SORTEO.<\/strong> Concurso dirigido a usuarios de Instagram.<\/p>\r\n<p class=\"p1\">Se sortear\u00e1 entre lxs participantes del sorteo de Instagram y Facebook una <a href=\"https:\/\/www.baque.com\/es\/blog\/nueva-cafetera-de-capsulas-xiaomi-scishare\/\">cafetera de c\u00e1psulas Xiaomi Scichare<\/a> vinilada exclusiva del Athletic Club o de la Real Sociedad (una por equipo)<\/p>\r\n<!-- \/wp:paragraph --><!-- wp:paragraph -->\r\n\r\n<strong>C\u00d3MO PARTICIPAR EN EL SORTEO.<\/strong>\r\n\r\n<!-- \/wp:paragraph --><!-- wp:list -->\r\n<ul>\r\n \t<li>Seguir nuestra\u00a0<a href=\"https:\/\/www.instagram.com\/cafesbaque\/?hl=es&amp;fbclid=IwAR1e1rpfdooJgZvBpTtTrKYJu8g4BVaZCykzk5DxIIFFMsUAKf5klleFOWs\" target=\"_blank\" rel=\"noreferrer noopener\"><strong>cuenta de Instagram<\/strong><\/a>.<\/li>\r\n \t<li>Cu\u00e9ntanos porqu\u00e9 debes ganar.<\/li>\r\n \t<li>Etiqueta a esa persona con qui\u00e9n compartes los goles y victorias de tu equipo favorito.<\/li>\r\n \t<li>No te olvides decirnos si eres m\u00e1s de la <a class=\" xil3i\" tabindex=\"0\" href=\"https:\/\/www.instagram.com\/explore\/tags\/realsociedad\/\">#RealSociedad<\/a>\u00a0o del\u00a0<a class=\" xil3i\" tabindex=\"0\" href=\"https:\/\/www.instagram.com\/explore\/tags\/athleticclub\/\">#AthleticClub<\/a><\/li>\r\n<\/ul>\r\n<!-- \/wp:list --><!-- wp:paragraph -->\r\n\r\n<strong>FECHA SORTEO. <\/strong>El 23 de agosto de 2021 a las 10:00 h, hora hasta la que se podr\u00e1 participar.\r\n\r\n<!-- \/wp:paragraph --><!-- wp:paragraph -->\r\n\r\n<strong>NOTIFICACI\u00d3N A GANADORES DEL SORTEO.<\/strong> El ganador se seleccionar\u00e1 a trav\u00e9s de easypromos. Se le notificar\u00e1 al ganador o ganadora a trav\u00e9s de un mensaje personal y a su vez se comunicar\u00e1 en las stories de Instagram de Caf\u00e9s Baqu\u00e9.\r\n\r\n<!-- \/wp:paragraph --><!-- wp:paragraph -->\r\n\r\n<strong>C\u00d3MO RECOGER LOS PREMIOS. <\/strong>El premio se enviar\u00e1 al ganador por correo. Env\u00edos solo realizados a Pen\u00ednsula.\r\n\r\n<!-- \/wp:paragraph --><!-- wp:paragraph \/--><!-- wp:paragraph -->\r\n\r\n<\/div><\/section>","protected":false},"excerpt":{"rendered":"","protected":false},"author":5116,"featured_media":0,"parent":0,"menu_order":0,"comment_status":"closed","ping_status":"closed","template":"","meta":{"_acf_changed":false,"footnotes":""},"class_list":["post-530712","page","type-page","status-publish","hentry"],"acf":[],"yoast_head":"<!-- This site is optimized with the Yoast SEO plugin v27.3 - https:\/\/yoast.com\/product\/yoast-seo-wordpress\/ -->\n<title>Bases Sorteo Cafetera - Athletic \/ Real Sociedad - Caf\u00e9s Baqu\u00e9<\/title>\n<meta name=\"robots\" content=\"index, follow, max-snippet:-1, max-image-preview:large, max-video-preview:-1\" \/>\n<meta property=\"og:locale\" content=\"es_ES\" \/>\n<meta property=\"og:type\" content=\"article\" \/>\n<meta property=\"og:title\" content=\"Bases Sorteo Cafetera - Athletic \/ Real Sociedad - Caf\u00e9s Baqu\u00e9\" \/>\n<meta property=\"og:url\" content=\"https:\/\/www.baque.com\/es\/bases-sorteo-cafetera-athletic-real-sociedad\/\" \/>\n<meta property=\"og:site_name\" content=\"Caf\u00e9s Baqu\u00e9\" \/>\n<meta property=\"article:modified_time\" content=\"2021-08-13T07:33:22+00:00\" \/>\n<meta name=\"twitter:card\" content=\"summary_large_image\" \/>\n<meta name=\"twitter:label1\" content=\"Tiempo de lectura\" \/>\n\t<meta name=\"twitter:data1\" content=\"2 minutos\" \/>\n<script type=\"application\/ld+json\" class=\"yoast-schema-graph\">{\"@context\":\"https:\\\/\\\/schema.org\",\"@graph\":[{\"@type\":\"WebPage\",\"@id\":\"https:\\\/\\\/www.baque.com\\\/es\\\/bases-sorteo-cafetera-athletic-real-sociedad\\\/\",\"url\":\"https:\\\/\\\/www.baque.com\\\/es\\\/bases-sorteo-cafetera-athletic-real-sociedad\\\/\",\"name\":\"Bases Sorteo Cafetera - Athletic \\\/ Real Sociedad - Caf\u00e9s Baqu\u00e9\",\"isPartOf\":{\"@id\":\"https:\\\/\\\/www.baque.com\\\/es\\\/#website\"},\"datePublished\":\"2021-08-13T07:00:12+00:00\",\"dateModified\":\"2021-08-13T07:33:22+00:00\",\"breadcrumb\":{\"@id\":\"https:\\\/\\\/www.baque.com\\\/es\\\/bases-sorteo-cafetera-athletic-real-sociedad\\\/#breadcrumb\"},\"inLanguage\":\"es\",\"potentialAction\":[{\"@type\":\"ReadAction\",\"target\":[\"https:\\\/\\\/www.baque.com\\\/es\\\/bases-sorteo-cafetera-athletic-real-sociedad\\\/\"]}]},{\"@type\":\"BreadcrumbList\",\"@id\":\"https:\\\/\\\/www.baque.com\\\/es\\\/bases-sorteo-cafetera-athletic-real-sociedad\\\/#breadcrumb\",\"itemListElement\":[{\"@type\":\"ListItem\",\"position\":1,\"name\":\"Portada\",\"item\":\"https:\\\/\\\/www.baque.com\\\/es\\\/\"},{\"@type\":\"ListItem\",\"position\":2,\"name\":\"Bases Sorteo Cafetera &#8211; Athletic \\\/ Real Sociedad\"}]},{\"@type\":\"WebSite\",\"@id\":\"https:\\\/\\\/www.baque.com\\\/es\\\/#website\",\"url\":\"https:\\\/\\\/www.baque.com\\\/es\\\/\",\"name\":\"Caf\u00e9s Baqu\u00e9\",\"description\":\"Somos l\u00edderes en hosteler\u00eda en Pa\u00eds Vasco y La Rioja y una de las marcas m\u00e1s reconocidas en el mercado nacional. Somos una empresa familiar en constante innovaci\u00f3n en el producto. Tostamos y distribuimos caf\u00e9 molido, en grano y c\u00e1psulas para disfrutar en casa, en el bar y en la oficina.\",\"potentialAction\":[{\"@type\":\"SearchAction\",\"target\":{\"@type\":\"EntryPoint\",\"urlTemplate\":\"https:\\\/\\\/www.baque.com\\\/es\\\/?s={search_term_string}\"},\"query-input\":{\"@type\":\"PropertyValueSpecification\",\"valueRequired\":true,\"valueName\":\"search_term_string\"}}],\"inLanguage\":\"es\"}]}<\/script>\n<!-- \/ Yoast SEO plugin. -->","yoast_head_json":{"title":"Bases Sorteo Cafetera - Athletic \/ Real Sociedad - Caf\u00e9s Baqu\u00e9","robots":{"index":"index","follow":"follow","max-snippet":"max-snippet:-1","max-image-preview":"max-image-preview:large","max-video-preview":"max-video-preview:-1"},"og_locale":"es_ES","og_type":"article","og_title":"Bases Sorteo Cafetera - Athletic \/ Real Sociedad - Caf\u00e9s Baqu\u00e9","og_url":"https:\/\/www.baque.com\/es\/bases-sorteo-cafetera-athletic-real-sociedad\/","og_site_name":"Caf\u00e9s Baqu\u00e9","article_modified_time":"2021-08-13T07:33:22+00:00","twitter_card":"summary_large_image","twitter_misc":{"Tiempo de lectura":"2 minutos"},"schema":{"@context":"https:\/\/schema.org","@graph":[{"@type":"WebPage","@id":"https:\/\/www.baque.com\/es\/bases-sorteo-cafetera-athletic-real-sociedad\/","url":"https:\/\/www.baque.com\/es\/bases-sorteo-cafetera-athletic-real-sociedad\/","name":"Bases Sorteo Cafetera - Athletic \/ Real Sociedad - Caf\u00e9s Baqu\u00e9","isPartOf":{"@id":"https:\/\/www.baque.com\/es\/#website"},"datePublished":"2021-08-13T07:00:12+00:00","dateModified":"2021-08-13T07:33:22+00:00","breadcrumb":{"@id":"https:\/\/www.baque.com\/es\/bases-sorteo-cafetera-athletic-real-sociedad\/#breadcrumb"},"inLanguage":"es","potentialAction":[{"@type":"ReadAction","target":["https:\/\/www.baque.com\/es\/bases-sorteo-cafetera-athletic-real-sociedad\/"]}]},{"@type":"BreadcrumbList","@id":"https:\/\/www.baque.com\/es\/bases-sorteo-cafetera-athletic-real-sociedad\/#breadcrumb","itemListElement":[{"@type":"ListItem","position":1,"name":"Portada","item":"https:\/\/www.baque.com\/es\/"},{"@type":"ListItem","position":2,"name":"Bases Sorteo Cafetera &#8211; Athletic \/ Real Sociedad"}]},{"@type":"WebSite","@id":"https:\/\/www.baque.com\/es\/#website","url":"https:\/\/www.baque.com\/es\/","name":"Caf\u00e9s Baqu\u00e9","description":"Somos l\u00edderes en hosteler\u00eda en Pa\u00eds Vasco y La Rioja y una de las marcas m\u00e1s reconocidas en el mercado nacional. Somos una empresa familiar en constante innovaci\u00f3n en el producto. Tostamos y distribuimos caf\u00e9 molido, en grano y c\u00e1psulas para disfrutar en casa, en el bar y en la oficina.","potentialAction":[{"@type":"SearchAction","target":{"@type":"EntryPoint","urlTemplate":"https:\/\/www.baque.com\/es\/?s={search_term_string}"},"query-input":{"@type":"PropertyValueSpecification","valueRequired":true,"valueName":"search_term_string"}}],"inLanguage":"es"}]}},"_links":{"self":[{"href":"https:\/\/www.baque.com\/es\/wp-json\/wp\/v2\/pages\/530712","targetHints":{"allow":["GET"]}}],"collection":[{"href":"https:\/\/www.baque.com\/es\/wp-json\/wp\/v2\/pages"}],"about":[{"href":"https:\/\/www.baque.com\/es\/wp-json\/wp\/v2\/types\/page"}],"author":[{"embeddable":true,"href":"https:\/\/www.baque.com\/es\/wp-json\/wp\/v2\/users\/5116"}],"replies":[{"embeddable":true,"href":"https:\/\/www.baque.com\/es\/wp-json\/wp\/v2\/comments?post=530712"}],"version-history":[{"count":1,"href":"https:\/\/www.baque.com\/es\/wp-json\/wp\/v2\/pages\/530712\/revisions"}],"predecessor-version":[{"id":530713,"href":"https:\/\/www.baque.com\/es\/wp-json\/wp\/v2\/pages\/530712\/revisions\/530713"}],"wp:attachment":[{"href":"https:\/\/www.baque.com\/es\/wp-json\/wp\/v2\/media?parent=530712"}],"curies":[{"name":"wp","href":"https:\/\/api.w.org\/{rel}","templated":true}]}}