
{"id":5701,"date":"2018-12-14T14:45:21","date_gmt":"2018-12-14T12:45:21","guid":{"rendered":"https:\/\/www.baque.com\/?page_id=5701"},"modified":"2023-11-16T11:25:16","modified_gmt":"2023-11-16T10:25:16","slug":"capsulas-compostables","status":"publish","type":"page","link":"https:\/\/www.baque.com\/es\/para-casa\/cafe\/capsulas-compostables\/","title":{"rendered":"C\u00e1psulas Compostables"},"content":{"rendered":"<section  id='capsulas-organicas' class='introtext'><div class='container'>\n<h2>Compatibles con el Medio Ambiente.<\/h2>\n<p class=\"text-center\">Disfruta de tu caf\u00e9 Baqu\u00e9 de siempre cuidando del Medio Ambiente<br \/>\ncon las nuevas c\u00e1psulas <strong>100% COMPOSTABLES<\/strong>.<\/p>\n<p class=\"text-center\">\u00danete t\u00fa tambi\u00e9n al movimiento #ecofriendly con las c\u00e1psulas COMPOSTABLES de Caf\u00e9s Baqu\u00e9. Ahora las c\u00e1psulas compatilbles con las cafeteres Nespresso<sup>\u00ae<\/sup>* son 100% compostables y se degradan completamente en tan solo 3 meses. Una soluci\u00f3n innovadora que contribuye a eliminar el impacto del pl\u00e1stico y del aluminio sobre nuestro planeta.<\/p>\n<div style=\"text-align: center;\"><a class=\"button\" style=\"display: inline-block;\" href=\"https:\/\/www.capsulascompostables.es\/?utm_source=web&amp;utm_medium=referral&amp;utm_campaign=compostables\" target=\"_blank\" rel=\"noopener\">CONOCER M\u00c1S<\/a><\/div>\n<p><\/div><\/section><br \/>\n<section  id='capsulas-compostables-1' class='videophoto expand nocontainer'><img src='\/wp-content\/themes\/baque\/img\/images\/capsulas-compostables.jpg' class='bg' alt='' \/><img src='\/wp-content\/themes\/baque\/img\/images\/capsulas-compostables_resp.jpg' class='bgresp' alt='' \/><div class='container'><\/div><\/section><br \/>\n<section  id='capsulas-compostables-2' class='products expand products1'><div class='container'><br \/>\n<div class='product' itemscope itemtype='http:\/\/schema.org\/Product'>\n\t\t\t<div><img itemprop='image' src='\/wp-content\/uploads\/2023\/11\/baque-capsulas-compostables-medio-ambiente.png' alt='C\u00c1PSULAS COMPOSTABLES COMPATIBLES CON NESPRESSO<sup>\u00ae<\/sup>*' \/><\/div>\n\t\t\t<h3 itemprop='name'>C\u00c1PSULAS COMPOSTABLES COMPATIBLES CON NESPRESSO<sup>\u00ae<\/sup>*<\/h3>\t<a href='\/es\/comprar\/cafe-capsulas\/compostables-nespresso\/' class='button'>COMPRAR AHORA<\/a><\/div><\/p>\n<div class=\"clear\"><\/div>\n<p class=\"text-center small\">*Marca de una compa\u00f1\u00eda no relacionada con Caf\u00e9s Baqu\u00e9 S.L.U.<\/p>\n<p><\/div><\/section><\/p>\n<section  id='capsulas-compostables-4' class='introtext step'><div class='container'><\/p>\n<h2>100% COMPOSTABLE<\/h2>\n<p class=\"text-center\">C\u00e1psulas que se convierten en compost o abono. Las nuevas c\u00e1psulas adem\u00e1s de biodegradables son 100% compostables. Desaparecen completamente en 3 meses sin dejar ning\u00fan residuo, en condiciones \u00f3ptimas de humedad, temperatura y ox\u00edgeno.<\/p>\n<h2>MATERIALES BARRERA<\/h2>\n<p class=\"text-center\">La tecnolog\u00eda implementada en su composici\u00f3n, genera un efecto barrera que mantiene el caf\u00e9 en las mejores condiciones, evitando generar residuos innecesarios como el pl\u00e1stico para su conservaci\u00f3n.<\/p>\n<h2>NUEVAS C\u00c1PSULAS, MISMO CAF\u00c9<\/h2>\n<p class=\"text-center\">Disfruta de tu Caf\u00e9 Baqu\u00e9 de siempre en estas nuevas c\u00e1psulas compatibles con cafeteras Nespresso<sup>\u00ae<\/sup>* y \u00fanete al movimiento #ecofriendly contribuyendo al cuidado del Medio Ambiente.<\/p>\n<p><\/div><\/section>\n<section  id='capsulas-organicas-3' class='squares videophoto cols3 borderwhite borderwhitefooter'><br \/>\n<div  class='square nocontainer'>\n\t\t\t<img src='\/wp-content\/themes\/baque\/img\/images\/capsulas-compostables-1.jpg' class='bg withoutbgresp' alt='' \/>\n\t\t\t\n\t\t\t<div class='container'>\n\t\t\t\t\n\t\t\t<\/div>\n\t\t<\/div><br \/>\n<div  class='square nocontainer'>\n\t\t\t<img src='\/wp-content\/themes\/baque\/img\/images\/capsulas-compostables-2.jpg' class='bg withoutbgresp' alt='' \/>\n\t\t\t\n\t\t\t<div class='container'>\n\t\t\t\t\n\t\t\t<\/div>\n\t\t<\/div><br \/>\n<div  class='square nocontainer'>\n\t\t\t<img src='\/wp-content\/themes\/baque\/img\/images\/capsulas-compostables-3.jpg' class='bg withoutbgresp' alt='' \/>\n\t\t\t\n\t\t\t<div class='container'>\n\t\t\t\t\n\t\t\t<\/div>\n\t\t<\/div><br \/>\n<\/section>\n","protected":false},"excerpt":{"rendered":"","protected":false},"author":1,"featured_media":0,"parent":150,"menu_order":0,"comment_status":"closed","ping_status":"closed","template":"","meta":{"_acf_changed":false,"footnotes":""},"class_list":["post-5701","page","type-page","status-publish","hentry"],"acf":[],"yoast_head":"<!-- This site is optimized with the Yoast SEO plugin v27.3 - https:\/\/yoast.com\/product\/yoast-seo-wordpress\/ -->\n<title>C\u00e1psulas Compostables Compatibles Nespresso | Caf\u00e9s Baqu\u00e9<\/title>\n<meta name=\"description\" content=\"Las primeras C\u00e1psulas 100% Compostables del mercado compatibles con cafeteras Nespresso. C\u00e1psulas con el mejor sabor para cada paladar. % %\" \/>\n<meta name=\"robots\" content=\"index, follow, max-snippet:-1, max-image-preview:large, max-video-preview:-1\" \/>\n<meta property=\"og:locale\" content=\"es_ES\" \/>\n<meta property=\"og:type\" content=\"article\" \/>\n<meta property=\"og:title\" content=\"C\u00e1psulas Compostables Compatibles Nespresso | Caf\u00e9s Baqu\u00e9\" \/>\n<meta property=\"og:description\" content=\"Las primeras C\u00e1psulas 100% Compostables del mercado compatibles con cafeteras Nespresso. C\u00e1psulas con el mejor sabor para cada paladar. % %\" \/>\n<meta property=\"og:url\" content=\"https:\/\/www.baque.com\/es\/para-casa\/cafe\/capsulas-compostables\/\" \/>\n<meta property=\"og:site_name\" content=\"Caf\u00e9s Baqu\u00e9\" \/>\n<meta property=\"article:modified_time\" content=\"2023-11-16T10:25:16+00:00\" \/>\n<meta name=\"twitter:card\" content=\"summary_large_image\" \/>\n<meta name=\"twitter:label1\" content=\"Tiempo de lectura\" \/>\n\t<meta name=\"twitter:data1\" content=\"2 minutos\" \/>\n<script type=\"application\/ld+json\" class=\"yoast-schema-graph\">{\"@context\":\"https:\\\/\\\/schema.org\",\"@graph\":[{\"@type\":\"WebPage\",\"@id\":\"https:\\\/\\\/www.baque.com\\\/es\\\/para-casa\\\/cafe\\\/capsulas-compostables\\\/\",\"url\":\"https:\\\/\\\/www.baque.com\\\/es\\\/para-casa\\\/cafe\\\/capsulas-compostables\\\/\",\"name\":\"C\u00e1psulas Compostables Compatibles Nespresso | Caf\u00e9s Baqu\u00e9\",\"isPartOf\":{\"@id\":\"https:\\\/\\\/www.baque.com\\\/es\\\/#website\"},\"datePublished\":\"2018-12-14T12:45:21+00:00\",\"dateModified\":\"2023-11-16T10:25:16+00:00\",\"description\":\"Las primeras C\u00e1psulas 100% Compostables del mercado compatibles con cafeteras Nespresso. C\u00e1psulas con el mejor sabor para cada paladar. % %\",\"breadcrumb\":{\"@id\":\"https:\\\/\\\/www.baque.com\\\/es\\\/para-casa\\\/cafe\\\/capsulas-compostables\\\/#breadcrumb\"},\"inLanguage\":\"es\",\"potentialAction\":[{\"@type\":\"ReadAction\",\"target\":[\"https:\\\/\\\/www.baque.com\\\/es\\\/para-casa\\\/cafe\\\/capsulas-compostables\\\/\"]}]},{\"@type\":\"BreadcrumbList\",\"@id\":\"https:\\\/\\\/www.baque.com\\\/es\\\/para-casa\\\/cafe\\\/capsulas-compostables\\\/#breadcrumb\",\"itemListElement\":[{\"@type\":\"ListItem\",\"position\":1,\"name\":\"Portada\",\"item\":\"https:\\\/\\\/www.baque.com\\\/es\\\/\"},{\"@type\":\"ListItem\",\"position\":2,\"name\":\"Para casa\",\"item\":\"https:\\\/\\\/www.baque.com\\\/es\\\/para-casa\\\/\"},{\"@type\":\"ListItem\",\"position\":3,\"name\":\"Caf\u00e9\",\"item\":\"https:\\\/\\\/www.baque.com\\\/es\\\/para-casa\\\/cafe\\\/\"},{\"@type\":\"ListItem\",\"position\":4,\"name\":\"C\u00e1psulas Compostables\"}]},{\"@type\":\"WebSite\",\"@id\":\"https:\\\/\\\/www.baque.com\\\/es\\\/#website\",\"url\":\"https:\\\/\\\/www.baque.com\\\/es\\\/\",\"name\":\"Caf\u00e9s Baqu\u00e9\",\"description\":\"Somos l\u00edderes en hosteler\u00eda en Pa\u00eds Vasco y La Rioja y una de las marcas m\u00e1s reconocidas en el mercado nacional. Somos una empresa familiar en constante innovaci\u00f3n en el producto. Tostamos y distribuimos caf\u00e9 molido, en grano y c\u00e1psulas para disfrutar en casa, en el bar y en la oficina.\",\"potentialAction\":[{\"@type\":\"SearchAction\",\"target\":{\"@type\":\"EntryPoint\",\"urlTemplate\":\"https:\\\/\\\/www.baque.com\\\/es\\\/?s={search_term_string}\"},\"query-input\":{\"@type\":\"PropertyValueSpecification\",\"valueRequired\":true,\"valueName\":\"search_term_string\"}}],\"inLanguage\":\"es\"}]}<\/script>\n<!-- \/ Yoast SEO plugin. -->","yoast_head_json":{"title":"C\u00e1psulas Compostables Compatibles Nespresso | Caf\u00e9s Baqu\u00e9","description":"Las primeras C\u00e1psulas 100% Compostables del mercado compatibles con cafeteras Nespresso. C\u00e1psulas con el mejor sabor para cada paladar. % %","robots":{"index":"index","follow":"follow","max-snippet":"max-snippet:-1","max-image-preview":"max-image-preview:large","max-video-preview":"max-video-preview:-1"},"og_locale":"es_ES","og_type":"article","og_title":"C\u00e1psulas Compostables Compatibles Nespresso | Caf\u00e9s Baqu\u00e9","og_description":"Las primeras C\u00e1psulas 100% Compostables del mercado compatibles con cafeteras Nespresso. C\u00e1psulas con el mejor sabor para cada paladar. % %","og_url":"https:\/\/www.baque.com\/es\/para-casa\/cafe\/capsulas-compostables\/","og_site_name":"Caf\u00e9s Baqu\u00e9","article_modified_time":"2023-11-16T10:25:16+00:00","twitter_card":"summary_large_image","twitter_misc":{"Tiempo de lectura":"2 minutos"},"schema":{"@context":"https:\/\/schema.org","@graph":[{"@type":"WebPage","@id":"https:\/\/www.baque.com\/es\/para-casa\/cafe\/capsulas-compostables\/","url":"https:\/\/www.baque.com\/es\/para-casa\/cafe\/capsulas-compostables\/","name":"C\u00e1psulas Compostables Compatibles Nespresso | Caf\u00e9s Baqu\u00e9","isPartOf":{"@id":"https:\/\/www.baque.com\/es\/#website"},"datePublished":"2018-12-14T12:45:21+00:00","dateModified":"2023-11-16T10:25:16+00:00","description":"Las primeras C\u00e1psulas 100% Compostables del mercado compatibles con cafeteras Nespresso. C\u00e1psulas con el mejor sabor para cada paladar. % %","breadcrumb":{"@id":"https:\/\/www.baque.com\/es\/para-casa\/cafe\/capsulas-compostables\/#breadcrumb"},"inLanguage":"es","potentialAction":[{"@type":"ReadAction","target":["https:\/\/www.baque.com\/es\/para-casa\/cafe\/capsulas-compostables\/"]}]},{"@type":"BreadcrumbList","@id":"https:\/\/www.baque.com\/es\/para-casa\/cafe\/capsulas-compostables\/#breadcrumb","itemListElement":[{"@type":"ListItem","position":1,"name":"Portada","item":"https:\/\/www.baque.com\/es\/"},{"@type":"ListItem","position":2,"name":"Para casa","item":"https:\/\/www.baque.com\/es\/para-casa\/"},{"@type":"ListItem","position":3,"name":"Caf\u00e9","item":"https:\/\/www.baque.com\/es\/para-casa\/cafe\/"},{"@type":"ListItem","position":4,"name":"C\u00e1psulas Compostables"}]},{"@type":"WebSite","@id":"https:\/\/www.baque.com\/es\/#website","url":"https:\/\/www.baque.com\/es\/","name":"Caf\u00e9s Baqu\u00e9","description":"Somos l\u00edderes en hosteler\u00eda en Pa\u00eds Vasco y La Rioja y una de las marcas m\u00e1s reconocidas en el mercado nacional. Somos una empresa familiar en constante innovaci\u00f3n en el producto. Tostamos y distribuimos caf\u00e9 molido, en grano y c\u00e1psulas para disfrutar en casa, en el bar y en la oficina.","potentialAction":[{"@type":"SearchAction","target":{"@type":"EntryPoint","urlTemplate":"https:\/\/www.baque.com\/es\/?s={search_term_string}"},"query-input":{"@type":"PropertyValueSpecification","valueRequired":true,"valueName":"search_term_string"}}],"inLanguage":"es"}]}},"_links":{"self":[{"href":"https:\/\/www.baque.com\/es\/wp-json\/wp\/v2\/pages\/5701","targetHints":{"allow":["GET"]}}],"collection":[{"href":"https:\/\/www.baque.com\/es\/wp-json\/wp\/v2\/pages"}],"about":[{"href":"https:\/\/www.baque.com\/es\/wp-json\/wp\/v2\/types\/page"}],"author":[{"embeddable":true,"href":"https:\/\/www.baque.com\/es\/wp-json\/wp\/v2\/users\/1"}],"replies":[{"embeddable":true,"href":"https:\/\/www.baque.com\/es\/wp-json\/wp\/v2\/comments?post=5701"}],"version-history":[{"count":22,"href":"https:\/\/www.baque.com\/es\/wp-json\/wp\/v2\/pages\/5701\/revisions"}],"predecessor-version":[{"id":1865715,"href":"https:\/\/www.baque.com\/es\/wp-json\/wp\/v2\/pages\/5701\/revisions\/1865715"}],"up":[{"embeddable":true,"href":"https:\/\/www.baque.com\/es\/wp-json\/wp\/v2\/pages\/150"}],"wp:attachment":[{"href":"https:\/\/www.baque.com\/es\/wp-json\/wp\/v2\/media?parent=5701"}],"curies":[{"name":"wp","href":"https:\/\/api.w.org\/{rel}","templated":true}]}}