
{"id":612103,"date":"2021-10-25T10:08:08","date_gmt":"2021-10-25T08:08:08","guid":{"rendered":"https:\/\/www.baque.com\/?page_id=612103"},"modified":"2022-05-26T15:05:37","modified_gmt":"2022-05-26T13:05:37","slug":"xiaomi-y-compostables","status":"publish","type":"page","link":"https:\/\/www.baque.com\/es\/xiaomi-y-compostables\/","title":{"rendered":"Bases del Sorteo Xiaomi y Compostables"},"content":{"rendered":"\r\n<section  class='multicol'><div class='container'><\/p>\r\n<h1><!-- \/wp:post-content -->\r\n\r\n<!-- wp:heading --><\/h1>\r\n<h1><strong>BASES y <\/strong><strong>T\u00c9RMINOS Y CONDICIONES DEL SORTEO:<\/strong><\/h1>\r\n<p>&nbsp;<\/p>\r\n<h1><strong>\u201cBases del Sorteo Xiaomi y Compostables<\/strong><strong>\u201d<\/strong><\/h1>\r\n<h1>\u00a0<\/h1>\r\n<p>&nbsp;<\/p>\r\n<p><strong>CL\u00c1USULA 1.- Entidad organizadora<\/strong><\/p>\r\n<p>Entidad organizadora Caf\u00e9 Baqu\u00e9 S.L.U. con CIF B-95445508 y direcci\u00f3n en Pol\u00edgono Apolonia U.A.I., 2-2- Iurreta (Bizkaia) organiza, en las fechas indicadas a continuaci\u00f3n, el sorteo \u2018\u2019Xiaomi y Compostables\u2019\u2019 (en adelante \u2018el sorteo\u2019), de acuerdo con los t\u00e9rminos y condiciones que se recogen en estas Bases Legales.<\/p>\r\n<p>&nbsp;<\/p>\r\n<p><strong>CL\u00c1USULA 2.- Aceptaci\u00f3n de las Bases<\/strong><\/p>\r\n<p>Las presentes bases est\u00e1n a disposici\u00f3n de lxs interesadxs en la p\u00e1gina web www.baque.com. La participaci\u00f3n en el Sorteo implica que lxs participantes: <br \/>1 \u2013 Cumplen con todos y cada uno de los requisitos establecidos en estas Bases. <br \/>2 \u2013 Aceptan todos los t\u00e9rminos y condiciones de las Bases, incluyendo la pol\u00edtica de privacidad y protecci\u00f3n de datos. <br \/>3 \u2013 Aceptan el criterio de la Organizaci\u00f3n en cuanto a la resoluci\u00f3n de cualquier cuesti\u00f3n derivada del sorteo. \u00a0<\/p>\r\n<p>&nbsp;<\/p>\r\n<p><strong>CL\u00c1USULA 3.- Requisitos de los participantes <\/strong><\/p>\r\n<p>Requisitos para poder participar en el Sorteo: <br \/>1 &#8211; Ser mayor de 18 a\u00f1os, y poseer DNI o Tarjeta de Residencia en vigor \u00a0<\/p>\r\n<p>&nbsp;<\/p>\r\n<p><strong>CL\u00c1USULA 4.- Plazo para participar <\/strong><\/p>\r\n<p>El plazo para participar en los sorteos ser\u00e1 desde las 10.00h del d\u00eda en que se publique cada sorteo hasta las 09:59h del lunes siguiente. El plazo podr\u00e1 ser modificado (ampliado o reducido) en cualquier momento anterior a su celebraci\u00f3n por parte de Baqu\u00e9, comunic\u00e1ndose el nuevo plazo a trav\u00e9s de los medios oportunos. \u00a0<\/p>\r\n<p>&nbsp;<\/p>\r\n<p><strong>CL\u00c1USULA 5.- Modo de presentar la solicitud de participaci\u00f3n<\/strong><\/p>\r\n<p>Participaci\u00f3n a trav\u00e9s de las siguientes redes sociales: instagram, facebook o twitter. Seguirnos en la red social. Dar &#8216;Me gusta&#8217; a la publicaci\u00f3n. Dejar un comentario etiquetando a una persona.\u00a0 Se sortear\u00e1 un premio en conjunto para el total de participaciones en todas las redes sociales.\u00a0<\/p>\r\n<p>&nbsp;<\/p>\r\n<p><strong>CL\u00c1USULA 6.- Premio<\/strong><\/p>\r\n<p>Se sortear\u00e1 un premio descrito en la promoci\u00f3n. En caso de haber condiciones especiales se describir\u00e1n espec\u00edficamente a trav\u00e9s de esta p\u00e1gina. \u00danicamente se har\u00e1n env\u00edos en Espa\u00f1a y dentro de la pen\u00ednsula y si resultara ganador o ganadora una persona de Islas Baleares o Canarias deber\u00e1n asignar qui\u00e9n reciba el premio en la pen\u00ednsula, cederlo o renunciar al mismo en favor de otra persona ganadora. El premio incluye el importe de su entrega en la direcci\u00f3n designada por el ganador.<\/p>\r\n<p>&nbsp;<\/p>\r\n<p><strong>CL\u00c1USULA 7.- Entrega del premio<\/strong><\/p>\r\n<p>Se notificar\u00e1 el resultado al ganador envi\u00e1ndole una notificaci\u00f3n. El ganador deber\u00e1 aceptar el premio. Para ello, deber\u00e1 enviar un mail de aceptaci\u00f3n de premio a baque@baque.com, donde se recoger\u00e1n las condiciones de su otorgamiento y de su disfrute. Deber\u00e1 enviar el mail de aceptaci\u00f3n del premio en el plazo m\u00e1ximo de diez (10) d\u00edas naturales. El plazo de diez (10) d\u00edas naturales comenzar\u00e1 a contar a partir del d\u00eda siguiente a la recepci\u00f3n del mail en el que se le notifica que ha resultado ganador del sorteo. En el caso de que no responda en el plazo indicado, o bien rechace el premio, perder\u00e1 su condici\u00f3n de ganador y el premio quedar\u00e1 a disposici\u00f3n de BAQU\u00c9, que acudir\u00e1 a los registros de reserva (suplentes), por orden de extracci\u00f3n. La Organizaci\u00f3n queda exenta de cualquier responsabilidad con respecto a las incidencias que ajenas a su voluntad, pudieran ocasionarse en el env\u00edo del premio. El importe del premio est\u00e1 sujeto a la vigente legislaci\u00f3n fiscal aplicable. \u00a0<\/p>\r\n<p>&nbsp;<\/p>\r\n<p><strong>CL\u00c1USULA 8.- Obligaciones para el ganador del premio<\/strong><\/p>\r\n<p>Todos los participantes en la promoci\u00f3n, por el simple hecho de participar, aceptan las bases de esta promoci\u00f3n, las normas que rigen su participaci\u00f3n as\u00ed como los t\u00e9rminos y condiciones, y la pol\u00edtica de privacidad y protecci\u00f3n de datos. Las bases de la promoci\u00f3n estar\u00e1n a disposici\u00f3n de cualquier interesado en la p\u00e1gina web www.baque.com. Mediante la aceptaci\u00f3n del premio el ganador autoriza a BAQU\u00c9 a publicar y utilizar los datos facilitados (nombre y apellidos y otros datos), en cualquier actividad publi-promocional relacionada con la promoci\u00f3n en la que ha resultado ganador, sin que dicha utilizaci\u00f3n le confiera derecho a remuneraci\u00f3n o beneficio alguno, a excepci\u00f3n del premio ganado. En caso de negativa, perder\u00e1 el derecho a disfrutar del premio. \u00a0<\/p>\r\n<p>&nbsp;<\/p>\r\n<p><strong>CL\u00c1USULA 9.- Protecci\u00f3n de datos personales<\/strong><\/p>\r\n<p>De conformidad con lo establecido en la normativa vigente en Protecci\u00f3n de Datos de Car\u00e1cter Personal (RGPD) y la Ley 34\/2002, de 11 de julio, de Servicios de la Sociedad de la Informaci\u00f3n y de Comercio Electr\u00f3nico (LSSI-CE), CAF\u00c9S BAQU\u00c9, S.L.U. informa a los usuarios, que ha procedido a crear un perfil en las Redes Sociales Facebook, Twitter, Instagram, Youtube, Linkedin, Google +, con la finalidad principal de publicitar sus productos y servicios.<\/p>\r\n<p>Datos de CAF\u00c9S BAQU\u00c9, S.L.U CIF: B-95445508 DIRECCI\u00d3N: Pol\u00edgono Santa Apolonia U.A.I., 2-2- Iurreta (Bizkaia), CORREO ELECTR\u00d3NICO: baque@baque.com DOMINIO WEB: baque.com<\/p>\r\n<p>El usuario dispone de un perfil en la misma Red Social y ha decidido unirse a la p\u00e1gina creada por CAF\u00c9S BAQU\u00c9, S.L.U., mostrando as\u00ed inter\u00e9s en la informaci\u00f3n que se publicite en la Red. Al unirse al sorteo, nos facilitas tu consentimiento para el tratamiento de aquellos datos personales publicados en tu perfil. Puedes acceder en todo momento a las pol\u00edticas de privacidad de la propia Red Social, as\u00ed como configurar tu perfil para garantizar tu privacidad. Baque.com tiene acceso y trata aquella informaci\u00f3n p\u00fablica del usuario, en especial, su nombre de contacto. Estos datos, s\u00f3lo son utilizados dentro de la propia Red Social. No son incorporados a ning\u00fan fichero. En relaci\u00f3n a los derechos de acceso, rectificaci\u00f3n, cancelaci\u00f3n y oposici\u00f3n, de los que dispones y que pueden ser ejercitados ante CAF\u00c9S BAQU\u00c9, S.L.U. de acuerdo con el RGPD, debes tener en cuenta los siguientes matices: Acceso: Vendr\u00e1 definido por la funcionalidad de la Red Social y la capacidad de acceso a la informaci\u00f3n de los perfiles de los usuarios. Rectificaci\u00f3n: S\u00f3lo podr\u00e1 satisfacerse en relaci\u00f3n a aquella informaci\u00f3n que se encuentre bajo el control de baque.com, por ejemplo, eliminar comentarios publicados en la propia p\u00e1gina. Normalmente, este derecho deber\u00e1s ejercerlo ante la Red Social. Cancelaci\u00f3n y\/u Oposici\u00f3n: Como en el caso anterior, s\u00f3lo podr\u00e1 satisfacerse en relaci\u00f3n a aquella informaci\u00f3n que se encuentre bajo el control de baque.com, por ejemplo, dejar de estar unido al perfil. CAF\u00c9S BAQU\u00c9, S.L.U. realizar\u00e1 las siguientes actuaciones: Acceso a la informaci\u00f3n p\u00fablica del perfil. Publicaci\u00f3n en el perfil del usuario de toda aquella informaci\u00f3n ya publicada en la p\u00e1gina de baque.com Enviar mensajes personales e individuales a trav\u00e9s de los canales de la Red Social. Actualizaciones del estado de la p\u00e1gina que se publicar\u00e1n en el perfil del usuario. Siempre puedes controlar tus conexiones, eliminar los contenidos que dejen de interesarte y restringir con qui\u00e9n compartes tus conexiones, para ello deber\u00e1s acceder a tu configuraci\u00f3n de privacidad. \u00a0 Publicaciones Una vez unido a la p\u00e1gina de baque.com podr\u00e1s publicar en \u00e9sta \u00faltima comentarios, enlaces, im\u00e1genes o fotograf\u00edas o cualquier otro tipo de contenido multimedia soportado por la Red Social. En todos los casos, debes ser el titular de los mismos, gozar de los derechos de autor y de propiedad intelectual o contar con el consentimiento de los terceros afectados. Se proh\u00edbe expresamente cualquier publicaci\u00f3n en la p\u00e1gina, ya sean textos, gr\u00e1ficos, fotograf\u00edas, v\u00eddeos, etc. que atenten o sean susceptibles de atentar contra la moral, la \u00e9tica, el buen gusto o el decoro, y\/o que infrinjan, violen o quebranten los derechos de propiedad intelectual o industrial, el derecho a la imagen o la Ley. En estos casos, CAF\u00c9S BAQU\u00c9, S.L.U. se reserva el derecho a retirar de inmediato el contenido, pudiendo solicitar el bloqueo permanente del usuario. CAF\u00c9S BAQU\u00c9, S.L.U. no se har\u00e1 responsable de los contenidos que libremente ha publicado un usuario. Debes tener presente que tus publicaciones ser\u00e1n conocidas por los otros usuarios, por lo que t\u00fa mismo eres el principal responsable de tu privacidad. Las im\u00e1genes que puedan publicarse en la p\u00e1gina no ser\u00e1n almacenadas en ning\u00fan fichero por parte de CAF\u00c9S BAQU\u00c9, S.L.U. pero s\u00ed que permanecer\u00e1n en la Red Social. \u00a0 Concursos y promociones CAF\u00c9S BAQU\u00c9, S.L.U. se reserva el derecho a realizar concursos y promociones, en los que podr\u00e1s participar como usuario unido a su p\u00e1gina. Las bases de cada uno de ellos, cuando se utilice para ello la plataforma de la Red Social, ser\u00e1n publicadas en la misma. Cumpliendo siempre con la LSSI-CE y con cualquier otra norma que le sea de aplicaci\u00f3n. La Red Social no patrocina, avala ni administra, de modo alguno, ninguna de nuestras promociones, ni est\u00e1 asociada a ninguna de ellas. \u00a0<\/p>\r\n<p>&nbsp;<\/p>\r\n<p><strong>CL\u00c1USULA 10.- Aceptaci\u00f3n de las Bases. Responsabilidad.<\/strong><\/p>\r\n<ol>\r\n<li>El mero hecho de participar en el Sorteo implica la aceptaci\u00f3n \u00edntegra de las presentes Bases.<\/li>\r\n<li>BAQU\u00c9 se reserva el derecho a modificar las Bases del Sorteo, parcial o totalmente, en cualquier momento. Asimismo, se reserva el derecho a anularlo o dejar el premio desierto, en caso de detectarse alguna irregularidad. Realizada cualquier modificaci\u00f3n, \u00e9sta ser\u00e1 debidamente puesta en conocimiento de los participantes en la p\u00e1gina Web de www.baque.com.<\/li>\r\n<li>BAQUE se reserva el derecho de excluir de la participaci\u00f3n en el Sorteo a todos aquellos participantes que estime est\u00e1n incumpliendo cualesquiera de los t\u00e9rminos y condiciones de participaci\u00f3n incluida en las presentes Bases. La exclusi\u00f3n de un participante, cualquiera que sea la causa, conlleva la p\u00e9rdida de todos los derechos derivados de su condici\u00f3n de participante.<\/li>\r\n<li>Cualquier utilizaci\u00f3n abusiva o fraudulenta de estas Bases dar\u00e1 lugar a la consiguiente descalificaci\u00f3n del participante en el Sorteo.<\/li>\r\n<li>BAQU\u00c9 queda eximido de cualquier responsabilidad en el caso de que exista alg\u00fan error en los datos facilitados por los participantes y que impidieran su identificaci\u00f3n.<\/li>\r\n<li>La organizaci\u00f3n se reserva el derecho a modificar o cancelar las condiciones del sorteo durante el desarrollo del mismo por circunstancias ajenas al control de la organizaci\u00f3n que lo hagan aconsejables.<\/li>\r\n<\/ol>\r\n<p>&nbsp;<\/p>\r\n<p><strong>CL\u00c1USULA 11.- Ley aplicable<\/strong><\/p>\r\n<p>Estas Bases est\u00e1n sujetas a la legislaci\u00f3n espa\u00f1ola. BAQU\u00c9 y los participantes en la promoci\u00f3n se someten, con renuncia expresa a cualquier otro fuero, a los juzgados y tribunales de la ciudad de Bilbao para cualquier controversia que pudiera generarse entre ambos.<\/p>\r\n<h1><!-- \/wp:heading -->\r\n\r\n<!-- wp:paragraph \/-->\r\n\r\n<!-- wp:paragraph --><\/h1>\r\n<p><\/div><\/section>","protected":false},"excerpt":{"rendered":"<p>\u00a0<\/p>\n","protected":false},"author":5116,"featured_media":0,"parent":0,"menu_order":0,"comment_status":"closed","ping_status":"closed","template":"","meta":{"_acf_changed":false,"footnotes":""},"class_list":["post-612103","page","type-page","status-publish","hentry"],"acf":[],"yoast_head":"<!-- This site is optimized with the Yoast SEO plugin v27.3 - https:\/\/yoast.com\/product\/yoast-seo-wordpress\/ -->\n<title>Bases del Sorteo Xiaomi y Compostables - Caf\u00e9s Baqu\u00e9<\/title>\n<meta name=\"robots\" content=\"index, follow, max-snippet:-1, max-image-preview:large, max-video-preview:-1\" \/>\n<meta property=\"og:locale\" content=\"es_ES\" \/>\n<meta property=\"og:type\" content=\"article\" \/>\n<meta property=\"og:title\" content=\"Bases del Sorteo Xiaomi y Compostables - Caf\u00e9s Baqu\u00e9\" \/>\n<meta property=\"og:description\" content=\"\u00a0\" \/>\n<meta property=\"og:url\" content=\"https:\/\/www.baque.com\/es\/xiaomi-y-compostables\/\" \/>\n<meta property=\"og:site_name\" content=\"Caf\u00e9s Baqu\u00e9\" \/>\n<meta property=\"article:modified_time\" content=\"2022-05-26T13:05:37+00:00\" \/>\n<meta name=\"twitter:card\" content=\"summary_large_image\" \/>\n<meta name=\"twitter:label1\" content=\"Tiempo de lectura\" \/>\n\t<meta name=\"twitter:data1\" content=\"8 minutos\" \/>\n<script type=\"application\/ld+json\" class=\"yoast-schema-graph\">{\"@context\":\"https:\\\/\\\/schema.org\",\"@graph\":[{\"@type\":\"WebPage\",\"@id\":\"https:\\\/\\\/www.baque.com\\\/es\\\/xiaomi-y-compostables\\\/\",\"url\":\"https:\\\/\\\/www.baque.com\\\/es\\\/xiaomi-y-compostables\\\/\",\"name\":\"Bases del Sorteo Xiaomi y Compostables - Caf\u00e9s Baqu\u00e9\",\"isPartOf\":{\"@id\":\"https:\\\/\\\/www.baque.com\\\/es\\\/#website\"},\"datePublished\":\"2021-10-25T08:08:08+00:00\",\"dateModified\":\"2022-05-26T13:05:37+00:00\",\"breadcrumb\":{\"@id\":\"https:\\\/\\\/www.baque.com\\\/es\\\/xiaomi-y-compostables\\\/#breadcrumb\"},\"inLanguage\":\"es\",\"potentialAction\":[{\"@type\":\"ReadAction\",\"target\":[\"https:\\\/\\\/www.baque.com\\\/es\\\/xiaomi-y-compostables\\\/\"]}]},{\"@type\":\"BreadcrumbList\",\"@id\":\"https:\\\/\\\/www.baque.com\\\/es\\\/xiaomi-y-compostables\\\/#breadcrumb\",\"itemListElement\":[{\"@type\":\"ListItem\",\"position\":1,\"name\":\"Portada\",\"item\":\"https:\\\/\\\/www.baque.com\\\/es\\\/\"},{\"@type\":\"ListItem\",\"position\":2,\"name\":\"Bases del Sorteo Xiaomi y Compostables\"}]},{\"@type\":\"WebSite\",\"@id\":\"https:\\\/\\\/www.baque.com\\\/es\\\/#website\",\"url\":\"https:\\\/\\\/www.baque.com\\\/es\\\/\",\"name\":\"Caf\u00e9s Baqu\u00e9\",\"description\":\"Somos l\u00edderes en hosteler\u00eda en Pa\u00eds Vasco y La Rioja y una de las marcas m\u00e1s reconocidas en el mercado nacional. Somos una empresa familiar en constante innovaci\u00f3n en el producto. Tostamos y distribuimos caf\u00e9 molido, en grano y c\u00e1psulas para disfrutar en casa, en el bar y en la oficina.\",\"potentialAction\":[{\"@type\":\"SearchAction\",\"target\":{\"@type\":\"EntryPoint\",\"urlTemplate\":\"https:\\\/\\\/www.baque.com\\\/es\\\/?s={search_term_string}\"},\"query-input\":{\"@type\":\"PropertyValueSpecification\",\"valueRequired\":true,\"valueName\":\"search_term_string\"}}],\"inLanguage\":\"es\"}]}<\/script>\n<!-- \/ Yoast SEO plugin. -->","yoast_head_json":{"title":"Bases del Sorteo Xiaomi y Compostables - Caf\u00e9s Baqu\u00e9","robots":{"index":"index","follow":"follow","max-snippet":"max-snippet:-1","max-image-preview":"max-image-preview:large","max-video-preview":"max-video-preview:-1"},"og_locale":"es_ES","og_type":"article","og_title":"Bases del Sorteo Xiaomi y Compostables - Caf\u00e9s Baqu\u00e9","og_description":"\u00a0","og_url":"https:\/\/www.baque.com\/es\/xiaomi-y-compostables\/","og_site_name":"Caf\u00e9s Baqu\u00e9","article_modified_time":"2022-05-26T13:05:37+00:00","twitter_card":"summary_large_image","twitter_misc":{"Tiempo de lectura":"8 minutos"},"schema":{"@context":"https:\/\/schema.org","@graph":[{"@type":"WebPage","@id":"https:\/\/www.baque.com\/es\/xiaomi-y-compostables\/","url":"https:\/\/www.baque.com\/es\/xiaomi-y-compostables\/","name":"Bases del Sorteo Xiaomi y Compostables - Caf\u00e9s Baqu\u00e9","isPartOf":{"@id":"https:\/\/www.baque.com\/es\/#website"},"datePublished":"2021-10-25T08:08:08+00:00","dateModified":"2022-05-26T13:05:37+00:00","breadcrumb":{"@id":"https:\/\/www.baque.com\/es\/xiaomi-y-compostables\/#breadcrumb"},"inLanguage":"es","potentialAction":[{"@type":"ReadAction","target":["https:\/\/www.baque.com\/es\/xiaomi-y-compostables\/"]}]},{"@type":"BreadcrumbList","@id":"https:\/\/www.baque.com\/es\/xiaomi-y-compostables\/#breadcrumb","itemListElement":[{"@type":"ListItem","position":1,"name":"Portada","item":"https:\/\/www.baque.com\/es\/"},{"@type":"ListItem","position":2,"name":"Bases del Sorteo Xiaomi y Compostables"}]},{"@type":"WebSite","@id":"https:\/\/www.baque.com\/es\/#website","url":"https:\/\/www.baque.com\/es\/","name":"Caf\u00e9s Baqu\u00e9","description":"Somos l\u00edderes en hosteler\u00eda en Pa\u00eds Vasco y La Rioja y una de las marcas m\u00e1s reconocidas en el mercado nacional. Somos una empresa familiar en constante innovaci\u00f3n en el producto. Tostamos y distribuimos caf\u00e9 molido, en grano y c\u00e1psulas para disfrutar en casa, en el bar y en la oficina.","potentialAction":[{"@type":"SearchAction","target":{"@type":"EntryPoint","urlTemplate":"https:\/\/www.baque.com\/es\/?s={search_term_string}"},"query-input":{"@type":"PropertyValueSpecification","valueRequired":true,"valueName":"search_term_string"}}],"inLanguage":"es"}]}},"_links":{"self":[{"href":"https:\/\/www.baque.com\/es\/wp-json\/wp\/v2\/pages\/612103","targetHints":{"allow":["GET"]}}],"collection":[{"href":"https:\/\/www.baque.com\/es\/wp-json\/wp\/v2\/pages"}],"about":[{"href":"https:\/\/www.baque.com\/es\/wp-json\/wp\/v2\/types\/page"}],"author":[{"embeddable":true,"href":"https:\/\/www.baque.com\/es\/wp-json\/wp\/v2\/users\/5116"}],"replies":[{"embeddable":true,"href":"https:\/\/www.baque.com\/es\/wp-json\/wp\/v2\/comments?post=612103"}],"version-history":[{"count":14,"href":"https:\/\/www.baque.com\/es\/wp-json\/wp\/v2\/pages\/612103\/revisions"}],"predecessor-version":[{"id":630964,"href":"https:\/\/www.baque.com\/es\/wp-json\/wp\/v2\/pages\/612103\/revisions\/630964"}],"wp:attachment":[{"href":"https:\/\/www.baque.com\/es\/wp-json\/wp\/v2\/media?parent=612103"}],"curies":[{"name":"wp","href":"https:\/\/api.w.org\/{rel}","templated":true}]}}