
{"id":639,"date":"2018-02-05T10:20:57","date_gmt":"2018-02-05T10:20:57","guid":{"rendered":"http:\/\/www.baque.com\/?page_id=639"},"modified":"2023-03-27T14:39:50","modified_gmt":"2023-03-27T12:39:50","slug":"para-hosteleria","status":"publish","type":"page","link":"https:\/\/www.baque.com\/es\/para-hosteleria\/","title":{"rendered":"Soluciones para tu negocio"},"content":{"rendered":"<section  id='soluciones-para-tu-negocio' class='introtext'><div class='container'>\n<h2>Somos especialistas en caf\u00e9 para hosteler\u00eda.<\/h2>\n<p class=\"text-center\">En Caf\u00e9s Baqu\u00e9 somos conscientes de las necesidades del sector de la hosteler\u00eda, por ello, invertimos a\u00f1o tras a\u00f1o en conocerles para ofrecer distintas soluciones que se adaptan a cada negocio y momento de consumo. As\u00ed, nos convertimos en un proveedor integral y de gran valor para el sector.<\/p>\n<p class=\"text-center\">Descubre nuestra gama de productos para hosteler\u00eda y el servicio de atenci\u00f3n al cliente 7 d\u00edas de la semana los 365 d\u00edas del a\u00f1o.<\/p>\n<p><\/div><\/section><br \/>\n<section  id='soluciones-para-tu-negocio-1' class='videophoto expand'><img src='\/wp-content\/themes\/baque\/img\/images\/para-tu-negocio-nuestro-cafe.jpg' class='bg' alt='' \/><img src='\/wp-content\/themes\/baque\/img\/images\/para-tu-negocio-nuestro-cafe_resp.jpg' class='bgresp' alt='' \/><div class='container'>\n\t\t\t<h2 class=\"likeh1\">NUESTRO<br\/>CAF\u00c9<\/h2>\n\t\t\t<h3 class=\"likeh2\">UN CAF\u00c9 \u00daNICO<br\/>PARA LOS PALADARES<br\/>M\u00c1S EXIGENTES.<\/h3>\n\t\t\t<a href='https:\/\/www.baque.com\/es\/para-hosteleria\/cafe\/' class='button  white'>VER CAF\u00c9<\/a>\n\t\t<\/div><\/section><br \/>\n<section  id='soluciones-para-tu-negocio-3' class='squares squares videophoto expand cols3 borderwhite'><br \/>\n<div  class='square'>\n\t\t\t<img src='\/wp-content\/uploads\/2018\/03\/soluciones-para-tu-negocio-te-e-infusiones.jpg' class='bg withoutbgresp' alt='' \/>\n\t\t\t\n\t\t\t<div class='container'>\n\t\t\t\t\n\t\t\t<h2 class=\"likeh1\">T\u00c9S &#038; <br\/>INFUSIONES<\/h2>\n\t\t\t<h3 class=\"likeh2\">LA INFUSI\u00d3N PERFECTA,<br\/>ADAPTADA A TODOS LOS<\/br>GUSTOS Y FORMATOS.<\/h3>\n\t\t\t<a href='https:\/\/www.baque.com\/es\/para-hosteleria\/tes-infusiones\/' class='button  white'>VER T\u00c9S & INFUSIONES<\/a>\n\t\t\n\t\t\t<\/div>\n\t\t<\/div><br \/>\n<br \/>\n<div  class='square'>\n\t\t\t<img src='\/wp-content\/uploads\/2018\/10\/soluciones-para-tu-negocio-nuestro-servicio-baque.jpg' class='bg withoutbgresp' alt='' \/>\n\t\t\t\n\t\t\t<div class='container'>\n\t\t\t\t<\/p>\n<h2 class=\"likeh1\">NUESTRO<br \/>\nSERVICIO<\/h2>\n<h3 class=\"likeh2\">SERVICIO \u00daNICO<br \/>\nPARA PERSONAS<br \/>\nCOMO T\u00da.<\/h3>\n<p><a href='https:\/\/www.baque.com\/es\/para-hosteleria\/servicio-asesoramiento\/' class='button  white'>VER SERVICIOS<\/a><br \/>\n\n\t\t\t<\/div>\n\t\t<\/div><br \/>\n<div  class='square'>\n\t\t\t<img src='\/wp-content\/uploads\/2018\/10\/soluciones-para-tu-negocio-referencia.jpg' class='bg withoutbgresp' alt='' \/>\n\t\t\t\n\t\t\t<div class='container'>\n\t\t\t\t<\/p>\n<h2 class=\"likeh1\">PROVEEDORES<br \/>\nDE REFERENCIA<\/h2>\n<h3 class=\"likeh2\">L\u00cdDERES EN HOSTELER\u00cdA Y<br \/>\nUNA MARCA ESCOGIDA<br \/>\nPOR LOS RESTAURANTES M\u00c1S PRESTIGIOSOS.<\/h3>\n<p><a href='https:\/\/www.baque.com\/es\/para-hosteleria\/proveedores-referencia\/' class='button  white'>DESCUBRE LA EXCELENCIA<\/a><br \/>\n\n\t\t\t<\/div>\n\t\t<\/div><br \/>\n<\/section><br \/>\n<div class='separator height25' ><\/div><br \/>\n<section  id='soluciones-para-tu-negocio-5' class='multicol'><div class='container'><br \/>\n<div class='productbox'><div><img src='\/wp-content\/themes\/baque\/img\/images\/para-tu-negocio-milk-shakes-cacaos.jpg' alt='' \/><\/div><\/p>\n<h3 class=\"likeh2\">MILK SHAKES Y CACAOS<\/h3>\n<p><a href='https:\/\/www.baque.com\/es\/para-hosteleria\/cacaos-leche-solubles\/' class='button  white'>CONOCER PRODUCTOS<\/a><br \/>\n<\/div><br \/>\n<div class='productbox'><div><img src='\/wp-content\/themes\/baque\/img\/images\/para-tu-negocio-bebidas-verano.jpg' alt='' \/><\/div><\/p>\n<h3 class=\"likeh2\">BEBIDAS DE VERANO<\/h3>\n<p><a href='https:\/\/www.baque.com\/es\/para-hosteleria\/bebidas-verano\/' class='button  white'>CONOCER PRODUCTOS<\/a><br \/>\n<\/div><br \/>\n<div class='productbox'><div><img src='\/wp-content\/themes\/baque\/img\/images\/para-tu-negocio-endulzantes.jpg' alt='' \/><\/div><\/p>\n<h3 class=\"likeh2\">ENDULZANTES<\/h3>\n<p><a href='https:\/\/www.baque.com\/es\/para-hosteleria\/endulzantes\/' class='button  white'>CONOCER PRODUCTOS<\/a><br \/>\n<\/div><br \/>\n<div class='productbox'><div><img src='\/wp-content\/themes\/baque\/img\/images\/para-tu-negocio-dulces.jpg' alt='' \/><\/div><\/p>\n<h3 class=\"likeh2\">DULCES<\/h3>\n<p><a href='https:\/\/www.baque.com\/es\/para-hosteleria\/dulces\/' class='button  white'>CONOCER PRODUCTOS<\/a><br \/>\n<\/div><br \/>\n<div class='productbox'><div><img src='\/wp-content\/themes\/baque\/img\/images\/para-tu-negocio-accesorios.jpg' alt='' \/><\/div><\/p>\n<h3 class=\"likeh2\">ACCESORIOS<\/h3>\n<p><a href='https:\/\/www.baque.com\/es\/para-hosteleria\/accesorios\/' class='button  white'>CONOCER PRODUCTOS<\/a><br \/>\n<\/div><br \/>\n<\/div><\/section><br \/>\n<div class='separator height100' ><\/div><br \/>\n<section  id='soluciones-para-tu-negocio-6' class='multicol'><div class='container'><br \/>\n<div class='col1'><img src='\/wp-content\/themes\/baque\/img\/images\/soluciones-apara-tu-negocio-apuesta-tecnologia-baque.jpg' class='bg withoutbgresp' alt='' \/><\/div><br \/>\n<div class='col2'>\n\t\t<p class='text-left'>Apostamos por la tecnolog\u00eda y calidad para ofrecerte soluciones en tu negocio.<\/p>\n\t\t\n\t<\/div><br \/>\n<div class='col3'><\/p>\n<p class=\"text-left\">Utilizamos <strong>la m\u00e1s avanzada tecnolog\u00eda<\/strong> para garantizar el mejor producto. Asimismo, nuestro equipo comercial y t\u00e9cnico ofrece la mejor atenci\u00f3n personalizada. Estos factores, unidos a nuestra <strong>constante apuesta por la calidad<\/strong>, nuestro proceso productivo en el que tostamos por origen y envasamos con materiales nobles y nuestros estrictos controles de calidad, dan como resultado un <strong>caf\u00e9 l\u00edder en la hosteler\u00eda<\/strong>.<\/p>\n<p><\/div><br \/>\n<\/div><\/section><\/p>\n","protected":false},"excerpt":{"rendered":"","protected":false},"author":1,"featured_media":0,"parent":0,"menu_order":40,"comment_status":"closed","ping_status":"closed","template":"","meta":{"_acf_changed":false,"footnotes":""},"class_list":["post-639","page","type-page","status-publish","hentry"],"acf":[],"yoast_head":"<!-- This site is optimized with the Yoast SEO plugin v27.3 - https:\/\/yoast.com\/product\/yoast-seo-wordpress\/ -->\n<title>Caf\u00e9 para hosteler\u00eda y negocios | Proveedores de Caf\u00e9 para hosteler\u00eda<\/title>\n<meta name=\"description\" content=\"En Caf\u00e9s Baqu\u00e9 somos especialistas en caf\u00e9 para hosteler\u00eda. Conscientes de las necesidades de nuestros clientes y consumidores, ofrecemos distintas soluciones que se adaptan a cada negocio y momento de consumo. As\u00ed, nos convertimos en un proveedor integral y de gran valor para el hostelero.\" \/>\n<meta name=\"robots\" content=\"index, follow, max-snippet:-1, max-image-preview:large, max-video-preview:-1\" \/>\n<meta property=\"og:locale\" content=\"es_ES\" \/>\n<meta property=\"og:type\" content=\"article\" \/>\n<meta property=\"og:title\" content=\"Caf\u00e9 para hosteler\u00eda y negocios | Proveedores de Caf\u00e9 para hosteler\u00eda\" \/>\n<meta property=\"og:description\" content=\"En Caf\u00e9s Baqu\u00e9 somos especialistas en caf\u00e9 para hosteler\u00eda. Conscientes de las necesidades de nuestros clientes y consumidores, ofrecemos distintas soluciones que se adaptan a cada negocio y momento de consumo. As\u00ed, nos convertimos en un proveedor integral y de gran valor para el hostelero.\" \/>\n<meta property=\"og:url\" content=\"https:\/\/www.baque.com\/es\/para-hosteleria\/\" \/>\n<meta property=\"og:site_name\" content=\"Caf\u00e9s Baqu\u00e9\" \/>\n<meta property=\"article:modified_time\" content=\"2023-03-27T12:39:50+00:00\" \/>\n<meta name=\"twitter:card\" content=\"summary_large_image\" \/>\n<meta name=\"twitter:label1\" content=\"Tiempo de lectura\" \/>\n\t<meta name=\"twitter:data1\" content=\"2 minutos\" \/>\n<script type=\"application\/ld+json\" class=\"yoast-schema-graph\">{\"@context\":\"https:\\\/\\\/schema.org\",\"@graph\":[{\"@type\":\"WebPage\",\"@id\":\"https:\\\/\\\/www.baque.com\\\/es\\\/para-hosteleria\\\/\",\"url\":\"https:\\\/\\\/www.baque.com\\\/es\\\/para-hosteleria\\\/\",\"name\":\"Caf\u00e9 para hosteler\u00eda y negocios | Proveedores de Caf\u00e9 para hosteler\u00eda\",\"isPartOf\":{\"@id\":\"https:\\\/\\\/www.baque.com\\\/es\\\/#website\"},\"datePublished\":\"2018-02-05T10:20:57+00:00\",\"dateModified\":\"2023-03-27T12:39:50+00:00\",\"description\":\"En Caf\u00e9s Baqu\u00e9 somos especialistas en caf\u00e9 para hosteler\u00eda. Conscientes de las necesidades de nuestros clientes y consumidores, ofrecemos distintas soluciones que se adaptan a cada negocio y momento de consumo. As\u00ed, nos convertimos en un proveedor integral y de gran valor para el hostelero.\",\"breadcrumb\":{\"@id\":\"https:\\\/\\\/www.baque.com\\\/es\\\/para-hosteleria\\\/#breadcrumb\"},\"inLanguage\":\"es\",\"potentialAction\":[{\"@type\":\"ReadAction\",\"target\":[\"https:\\\/\\\/www.baque.com\\\/es\\\/para-hosteleria\\\/\"]}]},{\"@type\":\"BreadcrumbList\",\"@id\":\"https:\\\/\\\/www.baque.com\\\/es\\\/para-hosteleria\\\/#breadcrumb\",\"itemListElement\":[{\"@type\":\"ListItem\",\"position\":1,\"name\":\"Portada\",\"item\":\"https:\\\/\\\/www.baque.com\\\/es\\\/\"},{\"@type\":\"ListItem\",\"position\":2,\"name\":\"Soluciones para tu negocio\"}]},{\"@type\":\"WebSite\",\"@id\":\"https:\\\/\\\/www.baque.com\\\/es\\\/#website\",\"url\":\"https:\\\/\\\/www.baque.com\\\/es\\\/\",\"name\":\"Caf\u00e9s Baqu\u00e9\",\"description\":\"Somos l\u00edderes en hosteler\u00eda en Pa\u00eds Vasco y La Rioja y una de las marcas m\u00e1s reconocidas en el mercado nacional. Somos una empresa familiar en constante innovaci\u00f3n en el producto. Tostamos y distribuimos caf\u00e9 molido, en grano y c\u00e1psulas para disfrutar en casa, en el bar y en la oficina.\",\"potentialAction\":[{\"@type\":\"SearchAction\",\"target\":{\"@type\":\"EntryPoint\",\"urlTemplate\":\"https:\\\/\\\/www.baque.com\\\/es\\\/?s={search_term_string}\"},\"query-input\":{\"@type\":\"PropertyValueSpecification\",\"valueRequired\":true,\"valueName\":\"search_term_string\"}}],\"inLanguage\":\"es\"}]}<\/script>\n<!-- \/ Yoast SEO plugin. -->","yoast_head_json":{"title":"Caf\u00e9 para hosteler\u00eda y negocios | Proveedores de Caf\u00e9 para hosteler\u00eda","description":"En Caf\u00e9s Baqu\u00e9 somos especialistas en caf\u00e9 para hosteler\u00eda. Conscientes de las necesidades de nuestros clientes y consumidores, ofrecemos distintas soluciones que se adaptan a cada negocio y momento de consumo. As\u00ed, nos convertimos en un proveedor integral y de gran valor para el hostelero.","robots":{"index":"index","follow":"follow","max-snippet":"max-snippet:-1","max-image-preview":"max-image-preview:large","max-video-preview":"max-video-preview:-1"},"og_locale":"es_ES","og_type":"article","og_title":"Caf\u00e9 para hosteler\u00eda y negocios | Proveedores de Caf\u00e9 para hosteler\u00eda","og_description":"En Caf\u00e9s Baqu\u00e9 somos especialistas en caf\u00e9 para hosteler\u00eda. Conscientes de las necesidades de nuestros clientes y consumidores, ofrecemos distintas soluciones que se adaptan a cada negocio y momento de consumo. As\u00ed, nos convertimos en un proveedor integral y de gran valor para el hostelero.","og_url":"https:\/\/www.baque.com\/es\/para-hosteleria\/","og_site_name":"Caf\u00e9s Baqu\u00e9","article_modified_time":"2023-03-27T12:39:50+00:00","twitter_card":"summary_large_image","twitter_misc":{"Tiempo de lectura":"2 minutos"},"schema":{"@context":"https:\/\/schema.org","@graph":[{"@type":"WebPage","@id":"https:\/\/www.baque.com\/es\/para-hosteleria\/","url":"https:\/\/www.baque.com\/es\/para-hosteleria\/","name":"Caf\u00e9 para hosteler\u00eda y negocios | Proveedores de Caf\u00e9 para hosteler\u00eda","isPartOf":{"@id":"https:\/\/www.baque.com\/es\/#website"},"datePublished":"2018-02-05T10:20:57+00:00","dateModified":"2023-03-27T12:39:50+00:00","description":"En Caf\u00e9s Baqu\u00e9 somos especialistas en caf\u00e9 para hosteler\u00eda. Conscientes de las necesidades de nuestros clientes y consumidores, ofrecemos distintas soluciones que se adaptan a cada negocio y momento de consumo. As\u00ed, nos convertimos en un proveedor integral y de gran valor para el hostelero.","breadcrumb":{"@id":"https:\/\/www.baque.com\/es\/para-hosteleria\/#breadcrumb"},"inLanguage":"es","potentialAction":[{"@type":"ReadAction","target":["https:\/\/www.baque.com\/es\/para-hosteleria\/"]}]},{"@type":"BreadcrumbList","@id":"https:\/\/www.baque.com\/es\/para-hosteleria\/#breadcrumb","itemListElement":[{"@type":"ListItem","position":1,"name":"Portada","item":"https:\/\/www.baque.com\/es\/"},{"@type":"ListItem","position":2,"name":"Soluciones para tu negocio"}]},{"@type":"WebSite","@id":"https:\/\/www.baque.com\/es\/#website","url":"https:\/\/www.baque.com\/es\/","name":"Caf\u00e9s Baqu\u00e9","description":"Somos l\u00edderes en hosteler\u00eda en Pa\u00eds Vasco y La Rioja y una de las marcas m\u00e1s reconocidas en el mercado nacional. Somos una empresa familiar en constante innovaci\u00f3n en el producto. Tostamos y distribuimos caf\u00e9 molido, en grano y c\u00e1psulas para disfrutar en casa, en el bar y en la oficina.","potentialAction":[{"@type":"SearchAction","target":{"@type":"EntryPoint","urlTemplate":"https:\/\/www.baque.com\/es\/?s={search_term_string}"},"query-input":{"@type":"PropertyValueSpecification","valueRequired":true,"valueName":"search_term_string"}}],"inLanguage":"es"}]}},"_links":{"self":[{"href":"https:\/\/www.baque.com\/es\/wp-json\/wp\/v2\/pages\/639","targetHints":{"allow":["GET"]}}],"collection":[{"href":"https:\/\/www.baque.com\/es\/wp-json\/wp\/v2\/pages"}],"about":[{"href":"https:\/\/www.baque.com\/es\/wp-json\/wp\/v2\/types\/page"}],"author":[{"embeddable":true,"href":"https:\/\/www.baque.com\/es\/wp-json\/wp\/v2\/users\/1"}],"replies":[{"embeddable":true,"href":"https:\/\/www.baque.com\/es\/wp-json\/wp\/v2\/comments?post=639"}],"version-history":[{"count":10,"href":"https:\/\/www.baque.com\/es\/wp-json\/wp\/v2\/pages\/639\/revisions"}],"predecessor-version":[{"id":1346981,"href":"https:\/\/www.baque.com\/es\/wp-json\/wp\/v2\/pages\/639\/revisions\/1346981"}],"wp:attachment":[{"href":"https:\/\/www.baque.com\/es\/wp-json\/wp\/v2\/media?parent=639"}],"curies":[{"name":"wp","href":"https:\/\/api.w.org\/{rel}","templated":true}]}}