
{"id":724210,"date":"2022-01-27T10:49:21","date_gmt":"2022-01-27T09:49:21","guid":{"rendered":"https:\/\/www.baque.com\/?page_id=724210"},"modified":"2024-12-13T09:17:44","modified_gmt":"2024-12-13T08:17:44","slug":"oficina-delonghi","status":"publish","type":"page","link":"https:\/\/www.baque.com\/es\/oficina-delonghi\/","title":{"rendered":"Oficina Delonghi"},"content":{"rendered":"","protected":false},"excerpt":{"rendered":"","protected":false},"author":1,"featured_media":0,"parent":0,"menu_order":0,"comment_status":"closed","ping_status":"closed","template":"page-oficina-xiaomi.php","meta":{"_acf_changed":false,"footnotes":""},"class_list":["post-724210","page","type-page","status-publish","hentry"],"acf":[],"yoast_head":"<!-- This site is optimized with the Yoast SEO plugin v27.3 - https:\/\/yoast.com\/product\/yoast-seo-wordpress\/ -->\n<title>Oficina Delonghi - Caf\u00e9s Baqu\u00e9<\/title>\n<meta name=\"robots\" content=\"index, follow, max-snippet:-1, max-image-preview:large, max-video-preview:-1\" \/>\n<meta property=\"og:locale\" content=\"es_ES\" \/>\n<meta property=\"og:type\" content=\"article\" \/>\n<meta property=\"og:title\" content=\"Caf\u00e9s Baqu\u00e9 - El mejor caf\u00e9 para oficinas hecho a tu medida\" \/>\n<meta property=\"og:description\" content=\"En Caf\u00e9s Baqu\u00e9 tenemos la soluci\u00f3n perfecta y a medida para que los empleados disfruten del momento de descanso en el trabajo: nuestro caf\u00e9 para oficina.\" \/>\n<meta property=\"og:url\" content=\"https:\/\/www.baque.com\/es\/oficina-delonghi\/\" \/>\n<meta property=\"og:site_name\" content=\"Caf\u00e9s Baqu\u00e9\" \/>\n<meta property=\"article:modified_time\" content=\"2024-12-13T08:17:44+00:00\" \/>\n<meta name=\"twitter:card\" content=\"summary_large_image\" \/>\n<meta name=\"twitter:title\" content=\"Caf\u00e9s Baqu\u00e9 - El mejor caf\u00e9 para oficinas hecho a tu medida\" \/>\n<meta name=\"twitter:description\" content=\"En Caf\u00e9s Baqu\u00e9 tenemos la soluci\u00f3n perfecta y a medida para que los empleados disfruten del momento de descanso en el trabajo: nuestro caf\u00e9 para oficina.\" \/>\n<script type=\"application\/ld+json\" class=\"yoast-schema-graph\">{\"@context\":\"https:\\\/\\\/schema.org\",\"@graph\":[{\"@type\":\"WebPage\",\"@id\":\"https:\\\/\\\/www.baque.com\\\/es\\\/oficina-delonghi\\\/\",\"url\":\"https:\\\/\\\/www.baque.com\\\/es\\\/oficina-delonghi\\\/\",\"name\":\"Oficina Delonghi - Caf\u00e9s Baqu\u00e9\",\"isPartOf\":{\"@id\":\"https:\\\/\\\/www.baque.com\\\/es\\\/#website\"},\"datePublished\":\"2022-01-27T09:49:21+00:00\",\"dateModified\":\"2024-12-13T08:17:44+00:00\",\"breadcrumb\":{\"@id\":\"https:\\\/\\\/www.baque.com\\\/es\\\/oficina-delonghi\\\/#breadcrumb\"},\"inLanguage\":\"es\",\"potentialAction\":[{\"@type\":\"ReadAction\",\"target\":[\"https:\\\/\\\/www.baque.com\\\/es\\\/oficina-delonghi\\\/\"]}]},{\"@type\":\"BreadcrumbList\",\"@id\":\"https:\\\/\\\/www.baque.com\\\/es\\\/oficina-delonghi\\\/#breadcrumb\",\"itemListElement\":[{\"@type\":\"ListItem\",\"position\":1,\"name\":\"Portada\",\"item\":\"https:\\\/\\\/www.baque.com\\\/es\\\/\"},{\"@type\":\"ListItem\",\"position\":2,\"name\":\"Oficina Delonghi\"}]},{\"@type\":\"WebSite\",\"@id\":\"https:\\\/\\\/www.baque.com\\\/es\\\/#website\",\"url\":\"https:\\\/\\\/www.baque.com\\\/es\\\/\",\"name\":\"Caf\u00e9s Baqu\u00e9\",\"description\":\"Somos l\u00edderes en hosteler\u00eda en Pa\u00eds Vasco y La Rioja y una de las marcas m\u00e1s reconocidas en el mercado nacional. Somos una empresa familiar en constante innovaci\u00f3n en el producto. Tostamos y distribuimos caf\u00e9 molido, en grano y c\u00e1psulas para disfrutar en casa, en el bar y en la oficina.\",\"potentialAction\":[{\"@type\":\"SearchAction\",\"target\":{\"@type\":\"EntryPoint\",\"urlTemplate\":\"https:\\\/\\\/www.baque.com\\\/es\\\/?s={search_term_string}\"},\"query-input\":{\"@type\":\"PropertyValueSpecification\",\"valueRequired\":true,\"valueName\":\"search_term_string\"}}],\"inLanguage\":\"es\"}]}<\/script>\n<!-- \/ Yoast SEO plugin. -->","yoast_head_json":{"title":"Oficina Delonghi - Caf\u00e9s Baqu\u00e9","robots":{"index":"index","follow":"follow","max-snippet":"max-snippet:-1","max-image-preview":"max-image-preview:large","max-video-preview":"max-video-preview:-1"},"og_locale":"es_ES","og_type":"article","og_title":"Caf\u00e9s Baqu\u00e9 - El mejor caf\u00e9 para oficinas hecho a tu medida","og_description":"En Caf\u00e9s Baqu\u00e9 tenemos la soluci\u00f3n perfecta y a medida para que los empleados disfruten del momento de descanso en el trabajo: nuestro caf\u00e9 para oficina.","og_url":"https:\/\/www.baque.com\/es\/oficina-delonghi\/","og_site_name":"Caf\u00e9s Baqu\u00e9","article_modified_time":"2024-12-13T08:17:44+00:00","twitter_card":"summary_large_image","twitter_title":"Caf\u00e9s Baqu\u00e9 - El mejor caf\u00e9 para oficinas hecho a tu medida","twitter_description":"En Caf\u00e9s Baqu\u00e9 tenemos la soluci\u00f3n perfecta y a medida para que los empleados disfruten del momento de descanso en el trabajo: nuestro caf\u00e9 para oficina.","schema":{"@context":"https:\/\/schema.org","@graph":[{"@type":"WebPage","@id":"https:\/\/www.baque.com\/es\/oficina-delonghi\/","url":"https:\/\/www.baque.com\/es\/oficina-delonghi\/","name":"Oficina Delonghi - Caf\u00e9s Baqu\u00e9","isPartOf":{"@id":"https:\/\/www.baque.com\/es\/#website"},"datePublished":"2022-01-27T09:49:21+00:00","dateModified":"2024-12-13T08:17:44+00:00","breadcrumb":{"@id":"https:\/\/www.baque.com\/es\/oficina-delonghi\/#breadcrumb"},"inLanguage":"es","potentialAction":[{"@type":"ReadAction","target":["https:\/\/www.baque.com\/es\/oficina-delonghi\/"]}]},{"@type":"BreadcrumbList","@id":"https:\/\/www.baque.com\/es\/oficina-delonghi\/#breadcrumb","itemListElement":[{"@type":"ListItem","position":1,"name":"Portada","item":"https:\/\/www.baque.com\/es\/"},{"@type":"ListItem","position":2,"name":"Oficina Delonghi"}]},{"@type":"WebSite","@id":"https:\/\/www.baque.com\/es\/#website","url":"https:\/\/www.baque.com\/es\/","name":"Caf\u00e9s Baqu\u00e9","description":"Somos l\u00edderes en hosteler\u00eda en Pa\u00eds Vasco y La Rioja y una de las marcas m\u00e1s reconocidas en el mercado nacional. Somos una empresa familiar en constante innovaci\u00f3n en el producto. Tostamos y distribuimos caf\u00e9 molido, en grano y c\u00e1psulas para disfrutar en casa, en el bar y en la oficina.","potentialAction":[{"@type":"SearchAction","target":{"@type":"EntryPoint","urlTemplate":"https:\/\/www.baque.com\/es\/?s={search_term_string}"},"query-input":{"@type":"PropertyValueSpecification","valueRequired":true,"valueName":"search_term_string"}}],"inLanguage":"es"}]}},"_links":{"self":[{"href":"https:\/\/www.baque.com\/es\/wp-json\/wp\/v2\/pages\/724210","targetHints":{"allow":["GET"]}}],"collection":[{"href":"https:\/\/www.baque.com\/es\/wp-json\/wp\/v2\/pages"}],"about":[{"href":"https:\/\/www.baque.com\/es\/wp-json\/wp\/v2\/types\/page"}],"author":[{"embeddable":true,"href":"https:\/\/www.baque.com\/es\/wp-json\/wp\/v2\/users\/1"}],"replies":[{"embeddable":true,"href":"https:\/\/www.baque.com\/es\/wp-json\/wp\/v2\/comments?post=724210"}],"version-history":[{"count":4,"href":"https:\/\/www.baque.com\/es\/wp-json\/wp\/v2\/pages\/724210\/revisions"}],"predecessor-version":[{"id":2752462,"href":"https:\/\/www.baque.com\/es\/wp-json\/wp\/v2\/pages\/724210\/revisions\/2752462"}],"wp:attachment":[{"href":"https:\/\/www.baque.com\/es\/wp-json\/wp\/v2\/media?parent=724210"}],"curies":[{"name":"wp","href":"https:\/\/api.w.org\/{rel}","templated":true}]}}